{"id":1369,"date":"2024-02-29T12:42:25","date_gmt":"2024-02-29T12:42:25","guid":{"rendered":"https:\/\/cest-pharma.com\/?page_id=1369"},"modified":"2025-03-31T07:17:39","modified_gmt":"2025-03-31T07:17:39","slug":"trichonatura-100","status":"publish","type":"page","link":"https:\/\/cest-pharma.com\/pl\/trichonatura-100\/","title":{"rendered":"TRICHONATURA 100"},"content":{"rendered":"<section class=\"fw-main-row\"  >\n\t<div class=\"fw-container-fluid\">\n\t\t<div class=\"fw-row\">\n\t<div class=\"fw-col-xs-12\">\n\t\n<section id=\"product\" class=\"p-0\">\n\t<div class=\"section-inner\">\n\t\t<div class=\"row\">\n\t\t\t<div class=\"col-md-6 d-flex justify-content-center align-items-center\">\n\t\t\t\t<div class=\"product-image gallerys\">\n\t\t\t\t\t<img width=\"1920\" height=\"1920\" src=\"https:\/\/cest-pharma.com\/wp-content\/uploads\/2025\/03\/4.-Poza-Trichonatura-100gr.jpg\" class=\"attachment-full size-full wp-post-image\" alt=\"\" decoding=\"async\" loading=\"lazy\" srcset=\"https:\/\/cest-pharma.com\/wp-content\/uploads\/2025\/03\/4.-Poza-Trichonatura-100gr.jpg 1920w, https:\/\/cest-pharma.com\/wp-content\/uploads\/2025\/03\/4.-Poza-Trichonatura-100gr-300x300.jpg 300w, https:\/\/cest-pharma.com\/wp-content\/uploads\/2025\/03\/4.-Poza-Trichonatura-100gr-1024x1024.jpg 1024w, https:\/\/cest-pharma.com\/wp-content\/uploads\/2025\/03\/4.-Poza-Trichonatura-100gr-150x150.jpg 150w, https:\/\/cest-pharma.com\/wp-content\/uploads\/2025\/03\/4.-Poza-Trichonatura-100gr-768x768.jpg 768w, https:\/\/cest-pharma.com\/wp-content\/uploads\/2025\/03\/4.-Poza-Trichonatura-100gr-1536x1536.jpg 1536w, https:\/\/cest-pharma.com\/wp-content\/uploads\/2025\/03\/4.-Poza-Trichonatura-100gr-12x12.jpg 12w, https:\/\/cest-pharma.com\/wp-content\/uploads\/2025\/03\/4.-Poza-Trichonatura-100gr-1200x1200.jpg 1200w\" sizes=\"(max-width: 1920px) 100vw, 1920px\" \/>\t\t\t\t\t<img width=\"1920\" height=\"1920\" src=\"https:\/\/cest-pharma.com\/wp-content\/uploads\/2025\/03\/4.-Poza-Trichonatura-100gr.jpg\" class=\"attachment- size-\" alt=\"\" decoding=\"async\" loading=\"lazy\" srcset=\"https:\/\/cest-pharma.com\/wp-content\/uploads\/2025\/03\/4.-Poza-Trichonatura-100gr.jpg 1920w, https:\/\/cest-pharma.com\/wp-content\/uploads\/2025\/03\/4.-Poza-Trichonatura-100gr-300x300.jpg 300w, https:\/\/cest-pharma.com\/wp-content\/uploads\/2025\/03\/4.-Poza-Trichonatura-100gr-1024x1024.jpg 1024w, https:\/\/cest-pharma.com\/wp-content\/uploads\/2025\/03\/4.-Poza-Trichonatura-100gr-150x150.jpg 150w, https:\/\/cest-pharma.com\/wp-content\/uploads\/2025\/03\/4.-Poza-Trichonatura-100gr-768x768.jpg 768w, https:\/\/cest-pharma.com\/wp-content\/uploads\/2025\/03\/4.-Poza-Trichonatura-100gr-1536x1536.jpg 1536w, https:\/\/cest-pharma.com\/wp-content\/uploads\/2025\/03\/4.-Poza-Trichonatura-100gr-12x12.jpg 12w, https:\/\/cest-pharma.com\/wp-content\/uploads\/2025\/03\/4.-Poza-Trichonatura-100gr-1200x1200.jpg 1200w\" sizes=\"(max-width: 1920px) 100vw, 1920px\" \/>\t\t\t\t<\/div>\n \t\t\t    <div class=\"socials\">\n\t\t\t      <div class=\"sticky\">\n\t\t\t\t  <ul>\n\t\t\t\t\t<li>\n\t\t\t\t\t\t<a href=\"\/\/www.facebook.com\/sharer.php?u=https:\/\/cest-pharma.com\/pl\/trichonatura-100\/\" class=\"social-sharing-item-block facebook\" title=\"Facebook\" onclick=\"event.preventDefault(); javascript:window.open(this.href, '', 'menubar=no,toolbar=no,resizable=yes,scrollbars=yes,height=220,width=600');return false;\">\n\t\t\t\t\t\t    <!-- <i class=\"fa fa-facebook social-sharing-icon\"><\/i> -->\n\t\t\t\t\t\t    <img src=\"\/wp-content\/uploads\/2022\/12\/facebook-1.png\">\n\t\t\t\t\t\t<\/a>\n\t\t\t\t\t<\/li>\n\t\t\t\t\t<li>\n\t\t\t\t\t\t<a href=\"\/\/linkedin.com\/share?url=https:\/\/cest-pharma.com\/pl\/trichonatura-100\/&amp;text=TRICHONATURA+100\" class=\"social-sharing-item-block twitter\" title=\"linkedin\" onclick=\"javascript:window.open(this.href, '', 'menubar=no,toolbar=no,resizable=yes,scrollbars=yes,height=260,width=600');return false;\">\n\t\t\t\t\t\t    <!-- <i class=\"fa fa-twitter social-sharing-icon\"><\/i> -->\n\t\t\t\t\t\t\t<img src=\"\/wp-content\/uploads\/2022\/12\/linkedin.png\">\n\t\t\t\t\t\t<\/a>\n\t\t\t\t\t<\/li>\n\t\t\t\t\t<li>\n\t\t\t\t\t\t<a href=\"\/\/twitter.com\/share?url=https:\/\/cest-pharma.com\/pl\/trichonatura-100\/&amp;text=TRICHONATURA+100\" class=\"social-sharing-item-block twitter\" title=\"linkedin\" onclick=\"javascript:window.open(this.href, '', 'menubar=no,toolbar=no,resizable=yes,scrollbars=yes,height=260,width=600');return false;\">\n\t\t\t\t\t\t    <!-- <i class=\"fa fa-twitter social-sharing-icon\"><\/i> -->\n\t\t\t\t\t\t\t<img src=\"\/wp-content\/uploads\/2022\/12\/twitter.png\">\n\t\t\t\t\t\t<\/a>\n\t\t\t\t\t<\/li>\n\t\t\t\t<\/ul>\n\t\t\t<\/div>\n\t\t<\/div>\n\t\t\t<\/div>\n\t\t\t<div class=\"col-md-6\">\n\t\t\t\t<div class=\"title-product\">\n\t\t\t\t\tTRICHONATURA 100g\t\t\t\t<\/div>\n\t\t\t\t\t\t\t\t\t<div class=\"box-desc-title\">\n\t\t\t\t\t\tWSKAZANIA:\t\t\t\t\t<\/div>\n\t\t\t\t\t<div class=\"box-desc\">\n\t\t\t\t\t\t<p>Formu\u0142a uzupe\u0142niaj\u0105ca w terapii lekowej w leczeniu patogen\u00f3w, kt\u00f3re uodporni\u0142y si\u0119, przyczynia si\u0119 do zahamowania rozwoju i rozprzestrzeniania si\u0119 pierwotniak\u00f3w wywo\u0142uj\u0105cych rz\u0119sistkowic\u0119, heksamityzacj\u0119 czy kokcydioz\u0119. Zachowuje r\u00f3\u017cnorodne sk\u0142adniki bioaktywne, takie jak antybakteryjne, przeciwzapalne, przeciwpaso\u017cytnicze, przeciwutleniaj\u0105ce i przeciwgrzybicze.<\/p>\t\t\t\t\t<\/div>\n\t\t\t\t\t\t\t\t\t<div class=\"box-desc-title\">\n\t\t\t\t\t\tKOMPOZYCJA:\t\t\t\t\t<\/div>\n\t\t\t\t\t<div class=\"box-desc\">\n\t\t\t\t\t\t<p>Ulei de arbore de ceai, ekstrakt uscat de propolis, pudr\u0103 de scor\u021bi\u0219oar\u0103, ekstrakt de semin\u021be de chimen negru, pudr\u0103 de Artemisia sieberi, ulei de neem, pudr\u0103 de origan, pudr\u0103 de kurkuma<\/p>\t\t\t\t\t<\/div>\n\t\t\t\t\t\t\t\t\t<div class=\"box-desc-title\">\n\t\t\t\t\t\tPODAWANIE:\t\t\t\t\t<\/div>\n\t\t\t\t\t<div class=\"box-desc\">\n\t\t\t\t\t\t<p>5g\/kg karmy przez 5-7 dni<\/p><p>Polecane: Se administreaz\u0103 \u00eempreun\u0103 cu Tricogo pe furaj.<\/p>\t\t\t\t\t<\/div>\n\t\t\t\t\t\t\t\t\t<div class=\"box-desc-title\">\n\t\t\t\t\t\tPRZECHOWYWANIE:\t\t\t\t\t<\/div>\n\t\t\t\t\t<div class=\"box-desc\">\n\t\t\t\t\t\t<p>Przechowywa\u0107 w suchym miejscu w temperaturze nie przekraczaj\u0105cej 25 \u00b0 C. Przechowywa\u0107 w oryginalnym opakowaniu, z dala od wilgoci i bezpo\u015bredniego \u015bwiat\u0142a s\u0142onecznego. Nie u\u017cywa\u0107 po up\u0142ywie terminu wa\u017cno\u015bci. Trzyma\u0107 poza zasi\u0119giem dzieci.<\/p>\t\t\t\t\t<\/div>\n\t\t\t\t\t\t\t\t\t<div class=\"box-desc-title\">\n\t\t\t\t\t\tMASA NETTO:\t\t\t\t\t<\/div>\n\t\t\t\t\t<div class=\"box-desc\">\n\t\t\t\t\t\t<p>100 g<\/p>\t\t\t\t\t<\/div>\n\t\t\t\t\t\t\t<\/div>\n\t\t\t<div class=\"button-resellers d-flex justify-content-center align-items-center\">\n\t\t\t\t<a href=\"https:\/\/cest-pharma.com\/pl\/o-nas\/\" target=\"_self\" class=\"fw-btn fw-btn-1\">\n\t\t\t\t\t<span><img src=\"\/wp-content\/uploads\/2022\/11\/Cart.png\" class=\"d-inline\"> Kup teraz<\/span>\n\t\t\t\t<\/a>\n\t\t\t<\/div>\n\t\t<\/div>\n\t\t<div class=\"row related\">\n\t\t\t<div class=\"category-related\">\n\t\t\t\tProdukty powi\u0105zane\t\t\t<\/div>\n\t\t\t<div class=\"swiper-related\">\n\t\t\t\t<!-- Swiper -->\n\t\t\t\t<div class=\"swiper mySwiper\">\n\t\t\t\t\t<div class=\"swiper-wrapper\">\n\t\t\t\t\t\t\t\t\t\t\t<div class=\"swiper-slide gallerys\">\n\t\t\t\t\t\t\t<a href=\"\/pl\/energy-plus-300g\/\" target=\"_self\" class=\"fw-btn fw-btn-1\">\n\t\t\t\t\t\t\t\t<div class=\"image_related\">\n\t\t\t\t\t\t\t\t\t<img width=\"1920\" height=\"1920\" src=\"https:\/\/cest-pharma.com\/wp-content\/uploads\/2025\/03\/4.-Poza-Trichonatura-100gr.jpg\" class=\"attachment-full size-full wp-post-image\" alt=\"\" decoding=\"async\" loading=\"lazy\" srcset=\"https:\/\/cest-pharma.com\/wp-content\/uploads\/2025\/03\/4.-Poza-Trichonatura-100gr.jpg 1920w, https:\/\/cest-pharma.com\/wp-content\/uploads\/2025\/03\/4.-Poza-Trichonatura-100gr-300x300.jpg 300w, https:\/\/cest-pharma.com\/wp-content\/uploads\/2025\/03\/4.-Poza-Trichonatura-100gr-1024x1024.jpg 1024w, https:\/\/cest-pharma.com\/wp-content\/uploads\/2025\/03\/4.-Poza-Trichonatura-100gr-150x150.jpg 150w, https:\/\/cest-pharma.com\/wp-content\/uploads\/2025\/03\/4.-Poza-Trichonatura-100gr-768x768.jpg 768w, https:\/\/cest-pharma.com\/wp-content\/uploads\/2025\/03\/4.-Poza-Trichonatura-100gr-1536x1536.jpg 1536w, https:\/\/cest-pharma.com\/wp-content\/uploads\/2025\/03\/4.-Poza-Trichonatura-100gr-12x12.jpg 12w, https:\/\/cest-pharma.com\/wp-content\/uploads\/2025\/03\/4.-Poza-Trichonatura-100gr-1200x1200.jpg 1200w\" sizes=\"(max-width: 1920px) 100vw, 1920px\" \/>\t\t\t\t\t\t\t\t\t<img width=\"1920\" height=\"1920\" src=\"https:\/\/cest-pharma.com\/wp-content\/uploads\/2022\/12\/06.07.2021-Columbovet-15.png\" class=\"attachment- size-\" alt=\"\" decoding=\"async\" loading=\"lazy\" srcset=\"https:\/\/cest-pharma.com\/wp-content\/uploads\/2022\/12\/06.07.2021-Columbovet-15.png 1920w, https:\/\/cest-pharma.com\/wp-content\/uploads\/2022\/12\/06.07.2021-Columbovet-15-300x300.png 300w, https:\/\/cest-pharma.com\/wp-content\/uploads\/2022\/12\/06.07.2021-Columbovet-15-1024x1024.png 1024w, https:\/\/cest-pharma.com\/wp-content\/uploads\/2022\/12\/06.07.2021-Columbovet-15-150x150.png 150w, https:\/\/cest-pharma.com\/wp-content\/uploads\/2022\/12\/06.07.2021-Columbovet-15-768x768.png 768w, https:\/\/cest-pharma.com\/wp-content\/uploads\/2022\/12\/06.07.2021-Columbovet-15-1536x1536.png 1536w, https:\/\/cest-pharma.com\/wp-content\/uploads\/2022\/12\/06.07.2021-Columbovet-15-12x12.png 12w, https:\/\/cest-pharma.com\/wp-content\/uploads\/2022\/12\/06.07.2021-Columbovet-15-1200x1200.png 1200w\" sizes=\"(max-width: 1920px) 100vw, 1920px\" \/>\t\t\t\t\t\t\t\t<\/div>\n\t\t\t\t\t\t\t\t<div class=\"name_related\">\n\t\t\t\t\t\t\t\t\tENERGY PLUS 300g\t\t\t\t\t\t\t\t<\/div>\n\t\t\t\t\t\t\t<\/a>\n\t\t\t\t\t\t<\/div>\n\t\t\t\t\t\t\t\t\t\t\t<div class=\"swiper-slide gallerys\">\n\t\t\t\t\t\t\t<a href=\"https:\/\/cest-pharma.com\/pl\/yellow-drops-100ml\/\" target=\"_self\" class=\"fw-btn fw-btn-1\">\n\t\t\t\t\t\t\t\t<div class=\"image_related\">\n\t\t\t\t\t\t\t\t\t<img width=\"1920\" height=\"1920\" src=\"https:\/\/cest-pharma.com\/wp-content\/uploads\/2025\/03\/4.-Poza-Trichonatura-100gr.jpg\" class=\"attachment-full size-full wp-post-image\" alt=\"\" decoding=\"async\" loading=\"lazy\" srcset=\"https:\/\/cest-pharma.com\/wp-content\/uploads\/2025\/03\/4.-Poza-Trichonatura-100gr.jpg 1920w, https:\/\/cest-pharma.com\/wp-content\/uploads\/2025\/03\/4.-Poza-Trichonatura-100gr-300x300.jpg 300w, https:\/\/cest-pharma.com\/wp-content\/uploads\/2025\/03\/4.-Poza-Trichonatura-100gr-1024x1024.jpg 1024w, https:\/\/cest-pharma.com\/wp-content\/uploads\/2025\/03\/4.-Poza-Trichonatura-100gr-150x150.jpg 150w, https:\/\/cest-pharma.com\/wp-content\/uploads\/2025\/03\/4.-Poza-Trichonatura-100gr-768x768.jpg 768w, https:\/\/cest-pharma.com\/wp-content\/uploads\/2025\/03\/4.-Poza-Trichonatura-100gr-1536x1536.jpg 1536w, https:\/\/cest-pharma.com\/wp-content\/uploads\/2025\/03\/4.-Poza-Trichonatura-100gr-12x12.jpg 12w, https:\/\/cest-pharma.com\/wp-content\/uploads\/2025\/03\/4.-Poza-Trichonatura-100gr-1200x1200.jpg 1200w\" sizes=\"(max-width: 1920px) 100vw, 1920px\" \/>\t\t\t\t\t\t\t\t\t<img width=\"1920\" height=\"1920\" src=\"https:\/\/cest-pharma.com\/wp-content\/uploads\/2022\/12\/06.07.2021-Columbovet-34.png\" class=\"attachment- size-\" alt=\"\" decoding=\"async\" loading=\"lazy\" srcset=\"https:\/\/cest-pharma.com\/wp-content\/uploads\/2022\/12\/06.07.2021-Columbovet-34.png 1920w, https:\/\/cest-pharma.com\/wp-content\/uploads\/2022\/12\/06.07.2021-Columbovet-34-300x300.png 300w, https:\/\/cest-pharma.com\/wp-content\/uploads\/2022\/12\/06.07.2021-Columbovet-34-1024x1024.png 1024w, https:\/\/cest-pharma.com\/wp-content\/uploads\/2022\/12\/06.07.2021-Columbovet-34-150x150.png 150w, https:\/\/cest-pharma.com\/wp-content\/uploads\/2022\/12\/06.07.2021-Columbovet-34-768x768.png 768w, https:\/\/cest-pharma.com\/wp-content\/uploads\/2022\/12\/06.07.2021-Columbovet-34-1536x1536.png 1536w, https:\/\/cest-pharma.com\/wp-content\/uploads\/2022\/12\/06.07.2021-Columbovet-34-12x12.png 12w, https:\/\/cest-pharma.com\/wp-content\/uploads\/2022\/12\/06.07.2021-Columbovet-34-1200x1200.png 1200w\" sizes=\"(max-width: 1920px) 100vw, 1920px\" \/>\t\t\t\t\t\t\t\t<\/div>\n\t\t\t\t\t\t\t\t<div class=\"name_related\">\n\t\t\t\t\t\t\t\t\tYELLOW DROPS 100ml\t\t\t\t\t\t\t\t<\/div>\n\t\t\t\t\t\t\t<\/a>\n\t\t\t\t\t\t<\/div>\n\t\t\t\t\t\t\t\t\t\t\t<div class=\"swiper-slide gallerys\">\n\t\t\t\t\t\t\t<a href=\"\/pl\/vit-amino-250ml\/\" target=\"_self\" class=\"fw-btn fw-btn-1\">\n\t\t\t\t\t\t\t\t<div class=\"image_related\">\n\t\t\t\t\t\t\t\t\t<img width=\"1920\" height=\"1920\" src=\"https:\/\/cest-pharma.com\/wp-content\/uploads\/2025\/03\/4.-Poza-Trichonatura-100gr.jpg\" class=\"attachment-full size-full wp-post-image\" alt=\"\" decoding=\"async\" loading=\"lazy\" srcset=\"https:\/\/cest-pharma.com\/wp-content\/uploads\/2025\/03\/4.-Poza-Trichonatura-100gr.jpg 1920w, https:\/\/cest-pharma.com\/wp-content\/uploads\/2025\/03\/4.-Poza-Trichonatura-100gr-300x300.jpg 300w, https:\/\/cest-pharma.com\/wp-content\/uploads\/2025\/03\/4.-Poza-Trichonatura-100gr-1024x1024.jpg 1024w, https:\/\/cest-pharma.com\/wp-content\/uploads\/2025\/03\/4.-Poza-Trichonatura-100gr-150x150.jpg 150w, https:\/\/cest-pharma.com\/wp-content\/uploads\/2025\/03\/4.-Poza-Trichonatura-100gr-768x768.jpg 768w, https:\/\/cest-pharma.com\/wp-content\/uploads\/2025\/03\/4.-Poza-Trichonatura-100gr-1536x1536.jpg 1536w, https:\/\/cest-pharma.com\/wp-content\/uploads\/2025\/03\/4.-Poza-Trichonatura-100gr-12x12.jpg 12w, https:\/\/cest-pharma.com\/wp-content\/uploads\/2025\/03\/4.-Poza-Trichonatura-100gr-1200x1200.jpg 1200w\" sizes=\"(max-width: 1920px) 100vw, 1920px\" \/>\t\t\t\t\t\t\t\t\t<img width=\"1920\" height=\"1920\" src=\"https:\/\/cest-pharma.com\/wp-content\/uploads\/2022\/12\/vit_amino_web2-4-2.png\" class=\"attachment- size-\" alt=\"\" decoding=\"async\" loading=\"lazy\" srcset=\"https:\/\/cest-pharma.com\/wp-content\/uploads\/2022\/12\/vit_amino_web2-4-2.png 1920w, https:\/\/cest-pharma.com\/wp-content\/uploads\/2022\/12\/vit_amino_web2-4-2-300x300.png 300w, https:\/\/cest-pharma.com\/wp-content\/uploads\/2022\/12\/vit_amino_web2-4-2-1024x1024.png 1024w, https:\/\/cest-pharma.com\/wp-content\/uploads\/2022\/12\/vit_amino_web2-4-2-150x150.png 150w, https:\/\/cest-pharma.com\/wp-content\/uploads\/2022\/12\/vit_amino_web2-4-2-768x768.png 768w, https:\/\/cest-pharma.com\/wp-content\/uploads\/2022\/12\/vit_amino_web2-4-2-1536x1536.png 1536w, https:\/\/cest-pharma.com\/wp-content\/uploads\/2022\/12\/vit_amino_web2-4-2-12x12.png 12w, https:\/\/cest-pharma.com\/wp-content\/uploads\/2022\/12\/vit_amino_web2-4-2-1200x1200.png 1200w\" sizes=\"(max-width: 1920px) 100vw, 1920px\" \/>\t\t\t\t\t\t\t\t<\/div>\n\t\t\t\t\t\t\t\t<div class=\"name_related\">\n\t\t\t\t\t\t\t\t\tVIT AMINO 250ml\t\t\t\t\t\t\t\t<\/div>\n\t\t\t\t\t\t\t<\/a>\n\t\t\t\t\t\t<\/div>\n\t\t\t\t\t\t\t\t\t\t\t<div class=\"swiper-slide gallerys\">\n\t\t\t\t\t\t\t<a href=\"https:\/\/cest-pharma.com\/pl\/tricogo-500ml-1000ml\/\" target=\"_self\" class=\"fw-btn fw-btn-1\">\n\t\t\t\t\t\t\t\t<div class=\"image_related\">\n\t\t\t\t\t\t\t\t\t<img width=\"1920\" height=\"1920\" src=\"https:\/\/cest-pharma.com\/wp-content\/uploads\/2025\/03\/4.-Poza-Trichonatura-100gr.jpg\" class=\"attachment-full size-full wp-post-image\" alt=\"\" decoding=\"async\" loading=\"lazy\" srcset=\"https:\/\/cest-pharma.com\/wp-content\/uploads\/2025\/03\/4.-Poza-Trichonatura-100gr.jpg 1920w, https:\/\/cest-pharma.com\/wp-content\/uploads\/2025\/03\/4.-Poza-Trichonatura-100gr-300x300.jpg 300w, https:\/\/cest-pharma.com\/wp-content\/uploads\/2025\/03\/4.-Poza-Trichonatura-100gr-1024x1024.jpg 1024w, https:\/\/cest-pharma.com\/wp-content\/uploads\/2025\/03\/4.-Poza-Trichonatura-100gr-150x150.jpg 150w, https:\/\/cest-pharma.com\/wp-content\/uploads\/2025\/03\/4.-Poza-Trichonatura-100gr-768x768.jpg 768w, https:\/\/cest-pharma.com\/wp-content\/uploads\/2025\/03\/4.-Poza-Trichonatura-100gr-1536x1536.jpg 1536w, https:\/\/cest-pharma.com\/wp-content\/uploads\/2025\/03\/4.-Poza-Trichonatura-100gr-12x12.jpg 12w, https:\/\/cest-pharma.com\/wp-content\/uploads\/2025\/03\/4.-Poza-Trichonatura-100gr-1200x1200.jpg 1200w\" sizes=\"(max-width: 1920px) 100vw, 1920px\" \/>\t\t\t\t\t\t\t\t\t<img width=\"1920\" height=\"1920\" src=\"https:\/\/cest-pharma.com\/wp-content\/uploads\/2022\/12\/EW1A2891-1.png\" class=\"attachment- size-\" alt=\"\" decoding=\"async\" loading=\"lazy\" srcset=\"https:\/\/cest-pharma.com\/wp-content\/uploads\/2022\/12\/EW1A2891-1.png 1920w, https:\/\/cest-pharma.com\/wp-content\/uploads\/2022\/12\/EW1A2891-1-300x300.png 300w, https:\/\/cest-pharma.com\/wp-content\/uploads\/2022\/12\/EW1A2891-1-1024x1024.png 1024w, https:\/\/cest-pharma.com\/wp-content\/uploads\/2022\/12\/EW1A2891-1-150x150.png 150w, https:\/\/cest-pharma.com\/wp-content\/uploads\/2022\/12\/EW1A2891-1-768x768.png 768w, https:\/\/cest-pharma.com\/wp-content\/uploads\/2022\/12\/EW1A2891-1-1536x1536.png 1536w, https:\/\/cest-pharma.com\/wp-content\/uploads\/2022\/12\/EW1A2891-1-12x12.png 12w, https:\/\/cest-pharma.com\/wp-content\/uploads\/2022\/12\/EW1A2891-1-1200x1200.png 1200w\" sizes=\"(max-width: 1920px) 100vw, 1920px\" \/>\t\t\t\t\t\t\t\t<\/div>\n\t\t\t\t\t\t\t\t<div class=\"name_related\">\n\t\t\t\t\t\t\t\t\tTRICOGO 500ml\/1000ml\t\t\t\t\t\t\t\t<\/div>\n\t\t\t\t\t\t\t<\/a>\n\t\t\t\t\t\t<\/div>\n\t\t\t\t\t\t\t\t\t\t<\/div>\n\t\t\t\t\t<div class=\"swiper-button-next\"><\/div>\n\t\t\t\t\t<div class=\"swiper-button-prev\"><\/div>\n\t\t\t\t<\/div>\n\t\t\t<\/div>\n\t\t<\/div>\n\t<\/div>\n<\/section>\n\n<!-- Swiper JS -->\n<script src=\"https:\/\/cdn.jsdelivr.net\/npm\/swiper\/swiper-bundle.min.js\"><\/script>\n\n<!-- Initialize Swiper -->\n<script>\n\tvar swiper = new Swiper(\".mySwiper\", {\n\tslidesPerView: 1,\n\tspaceBetween: 30,\n\tloop: true,\n    autoplay: {\n      delay: 2500,\n      disableOnInteraction: false,\n    },\n\tnavigation: {\n\t\tnextEl: \".swiper-button-next\",\n\t\tprevEl: \".swiper-button-prev\",\n\t},\n\tbreakpoints: {\n          640: {\n            slidesPerView: 2,\n            spaceBetween: 10,\n          },\n          768: {\n            slidesPerView: 3,\n            spaceBetween: 30,\n          },\n          1024: {\n            slidesPerView: 4,\n            spaceBetween: 30,\n          },\n        },\n\t});\n<\/script>\n<\/div>\n<\/div>\n\n\t<\/div>\n<\/section>","protected":false},"excerpt":{"rendered":"<p>TRICHONATURA 100g INDICATIONS: Complementary formula in drug therapy in the care of pathological agents that have become resistant, contributes to the inhibition of the development and spread of protozoa that cause trichomonosis, hexamitization or coccidiosis. It maintains a variety of bioactive ingredients such as antibacterial, anti-inflammatory, anti-parasitic, antioxidant, antifungal. COMPOSITION: Tea tree oil, Propolis dry [&hellip;]<\/p>","protected":false},"author":1,"featured_media":1741,"parent":0,"menu_order":0,"comment_status":"closed","ping_status":"closed","template":"","meta":[],"yoast_head":"<!-- This site is optimized with the Yoast SEO plugin v19.11 - https:\/\/yoast.com\/wordpress\/plugins\/seo\/ -->\n<title>Trichonatura - Natural treatment for trichomonosis<\/title>\n<meta name=\"description\" content=\"Natural treatment and prevention powder against trichomonosis, hexamitization or coccidiosis of racing pigeons\" \/>\n<meta name=\"robots\" content=\"index, follow, max-snippet:-1, max-image-preview:large, max-video-preview:-1\" \/>\n<link rel=\"canonical\" href=\"https:\/\/cest-pharma.com\/pl\/trichonatura-100\/\" \/>\n<meta property=\"og:locale\" content=\"pl_PL\" \/>\n<meta property=\"og:type\" content=\"article\" \/>\n<meta property=\"og:title\" content=\"Trichonatura - Natural treatment for trichomonosis\" \/>\n<meta property=\"og:description\" content=\"Natural treatment and prevention powder against trichomonosis, hexamitization or coccidiosis of racing pigeons\" \/>\n<meta property=\"og:url\" content=\"https:\/\/cest-pharma.com\/pl\/trichonatura-100\/\" \/>\n<meta property=\"og:site_name\" content=\"Cest Pharma\" \/>\n<meta property=\"article:modified_time\" content=\"2025-03-31T07:17:39+00:00\" \/>\n<meta property=\"og:image\" content=\"https:\/\/cest-pharma.com\/wp-content\/uploads\/2025\/03\/4.-Poza-Trichonatura-100gr.jpg\" \/>\n\t<meta property=\"og:image:width\" content=\"1920\" \/>\n\t<meta property=\"og:image:height\" content=\"1920\" \/>\n\t<meta property=\"og:image:type\" content=\"image\/jpeg\" \/>\n<meta name=\"twitter:card\" content=\"summary_large_image\" \/>\n<meta name=\"twitter:label1\" content=\"Szacowany czas czytania\" \/>\n\t<meta name=\"twitter:data1\" content=\"4 minuty\" \/>\n<script type=\"application\/ld+json\" class=\"yoast-schema-graph\">{\"@context\":\"https:\/\/schema.org\",\"@graph\":[{\"@type\":\"WebPage\",\"@id\":\"https:\/\/cest-pharma.com\/trichonatura-100\/\",\"url\":\"https:\/\/cest-pharma.com\/trichonatura-100\/\",\"name\":\"Trichonatura - Natural treatment for trichomonosis\",\"isPartOf\":{\"@id\":\"https:\/\/cest-pharma.com\/#website\"},\"datePublished\":\"2024-02-29T12:42:25+00:00\",\"dateModified\":\"2025-03-31T07:17:39+00:00\",\"description\":\"Natural treatment and prevention powder against trichomonosis, hexamitization or coccidiosis of racing pigeons\",\"breadcrumb\":{\"@id\":\"https:\/\/cest-pharma.com\/trichonatura-100\/#breadcrumb\"},\"inLanguage\":\"pl-PL\",\"potentialAction\":[{\"@type\":\"ReadAction\",\"target\":[\"https:\/\/cest-pharma.com\/trichonatura-100\/\"]}]},{\"@type\":\"BreadcrumbList\",\"@id\":\"https:\/\/cest-pharma.com\/trichonatura-100\/#breadcrumb\",\"itemListElement\":[{\"@type\":\"ListItem\",\"position\":1,\"name\":\"Home\",\"item\":\"https:\/\/cest-pharma.com\/\"},{\"@type\":\"ListItem\",\"position\":2,\"name\":\"TRICHONATURA 100\"}]},{\"@type\":\"WebSite\",\"@id\":\"https:\/\/cest-pharma.com\/#website\",\"url\":\"https:\/\/cest-pharma.com\/\",\"name\":\"Cest Pharma\",\"description\":\"\",\"publisher\":{\"@id\":\"https:\/\/cest-pharma.com\/#organization\"},\"potentialAction\":[{\"@type\":\"SearchAction\",\"target\":{\"@type\":\"EntryPoint\",\"urlTemplate\":\"https:\/\/cest-pharma.com\/?s={search_term_string}\"},\"query-input\":\"required name=search_term_string\"}],\"inLanguage\":\"pl-PL\"},{\"@type\":\"Organization\",\"@id\":\"https:\/\/cest-pharma.com\/#organization\",\"name\":\"Cest Pharma\",\"url\":\"https:\/\/cest-pharma.com\/\",\"logo\":{\"@type\":\"ImageObject\",\"inLanguage\":\"pl-PL\",\"@id\":\"https:\/\/cest-pharma.com\/#\/schema\/logo\/image\/\",\"url\":\"https:\/\/cest-pharma.com\/wp-content\/uploads\/2023\/01\/cropped-Cest-Pharma-logo-font-corectat.png\",\"contentUrl\":\"https:\/\/cest-pharma.com\/wp-content\/uploads\/2023\/01\/cropped-Cest-Pharma-logo-font-corectat.png\",\"width\":1003,\"height\":777,\"caption\":\"Cest Pharma\"},\"image\":{\"@id\":\"https:\/\/cest-pharma.com\/#\/schema\/logo\/image\/\"}}]}<\/script>\n<!-- \/ Yoast SEO plugin. -->","yoast_head_json":{"title":"Trichonatura - Natural treatment for trichomonosis","description":"Natural treatment and prevention powder against trichomonosis, hexamitization or coccidiosis of racing pigeons","robots":{"index":"index","follow":"follow","max-snippet":"max-snippet:-1","max-image-preview":"max-image-preview:large","max-video-preview":"max-video-preview:-1"},"canonical":"https:\/\/cest-pharma.com\/pl\/trichonatura-100\/","og_locale":"pl_PL","og_type":"article","og_title":"Trichonatura - Natural treatment for trichomonosis","og_description":"Natural treatment and prevention powder against trichomonosis, hexamitization or coccidiosis of racing pigeons","og_url":"https:\/\/cest-pharma.com\/pl\/trichonatura-100\/","og_site_name":"Cest Pharma","article_modified_time":"2025-03-31T07:17:39+00:00","og_image":[{"width":1920,"height":1920,"url":"https:\/\/cest-pharma.com\/wp-content\/uploads\/2025\/03\/4.-Poza-Trichonatura-100gr.jpg","type":"image\/jpeg"}],"twitter_card":"summary_large_image","twitter_misc":{"Szacowany czas czytania":"4 minuty"},"schema":{"@context":"https:\/\/schema.org","@graph":[{"@type":"WebPage","@id":"https:\/\/cest-pharma.com\/trichonatura-100\/","url":"https:\/\/cest-pharma.com\/trichonatura-100\/","name":"Trichonatura - Natural treatment for trichomonosis","isPartOf":{"@id":"https:\/\/cest-pharma.com\/#website"},"datePublished":"2024-02-29T12:42:25+00:00","dateModified":"2025-03-31T07:17:39+00:00","description":"Natural treatment and prevention powder against trichomonosis, hexamitization or coccidiosis of racing pigeons","breadcrumb":{"@id":"https:\/\/cest-pharma.com\/trichonatura-100\/#breadcrumb"},"inLanguage":"pl-PL","potentialAction":[{"@type":"ReadAction","target":["https:\/\/cest-pharma.com\/trichonatura-100\/"]}]},{"@type":"BreadcrumbList","@id":"https:\/\/cest-pharma.com\/trichonatura-100\/#breadcrumb","itemListElement":[{"@type":"ListItem","position":1,"name":"Home","item":"https:\/\/cest-pharma.com\/"},{"@type":"ListItem","position":2,"name":"TRICHONATURA 100"}]},{"@type":"WebSite","@id":"https:\/\/cest-pharma.com\/#website","url":"https:\/\/cest-pharma.com\/","name":"Cest Pharma","description":"","publisher":{"@id":"https:\/\/cest-pharma.com\/#organization"},"potentialAction":[{"@type":"SearchAction","target":{"@type":"EntryPoint","urlTemplate":"https:\/\/cest-pharma.com\/?s={search_term_string}"},"query-input":"required name=search_term_string"}],"inLanguage":"pl-PL"},{"@type":"Organization","@id":"https:\/\/cest-pharma.com\/#organization","name":"Cest Pharma","url":"https:\/\/cest-pharma.com\/","logo":{"@type":"ImageObject","inLanguage":"pl-PL","@id":"https:\/\/cest-pharma.com\/#\/schema\/logo\/image\/","url":"https:\/\/cest-pharma.com\/wp-content\/uploads\/2023\/01\/cropped-Cest-Pharma-logo-font-corectat.png","contentUrl":"https:\/\/cest-pharma.com\/wp-content\/uploads\/2023\/01\/cropped-Cest-Pharma-logo-font-corectat.png","width":1003,"height":777,"caption":"Cest Pharma"},"image":{"@id":"https:\/\/cest-pharma.com\/#\/schema\/logo\/image\/"}}]}},"_links":{"self":[{"href":"https:\/\/cest-pharma.com\/pl\/wp-json\/wp\/v2\/pages\/1369"}],"collection":[{"href":"https:\/\/cest-pharma.com\/pl\/wp-json\/wp\/v2\/pages"}],"about":[{"href":"https:\/\/cest-pharma.com\/pl\/wp-json\/wp\/v2\/types\/page"}],"author":[{"embeddable":true,"href":"https:\/\/cest-pharma.com\/pl\/wp-json\/wp\/v2\/users\/1"}],"replies":[{"embeddable":true,"href":"https:\/\/cest-pharma.com\/pl\/wp-json\/wp\/v2\/comments?post=1369"}],"version-history":[{"count":5,"href":"https:\/\/cest-pharma.com\/pl\/wp-json\/wp\/v2\/pages\/1369\/revisions"}],"predecessor-version":[{"id":1742,"href":"https:\/\/cest-pharma.com\/pl\/wp-json\/wp\/v2\/pages\/1369\/revisions\/1742"}],"wp:featuredmedia":[{"embeddable":true,"href":"https:\/\/cest-pharma.com\/pl\/wp-json\/wp\/v2\/media\/1741"}],"wp:attachment":[{"href":"https:\/\/cest-pharma.com\/pl\/wp-json\/wp\/v2\/media?parent=1369"}],"curies":[{"name":"wp","href":"https:\/\/api.w.org\/{rel}","templated":true}]}}