{"id":1678,"date":"2025-02-17T11:36:29","date_gmt":"2025-02-17T11:36:29","guid":{"rendered":"https:\/\/cest-pharma.com\/?page_id=1678"},"modified":"2025-02-17T13:25:25","modified_gmt":"2025-02-17T13:25:25","slug":"dimidovan-100g","status":"publish","type":"page","link":"https:\/\/cest-pharma.com\/pl\/dimidovan-100g\/","title":{"rendered":"DIMIDOVAN 100G"},"content":{"rendered":"<section class=\"fw-main-row\"  >\n\t<div class=\"fw-container-fluid\">\n\t\t<div class=\"fw-row\">\n\t<div class=\"fw-col-xs-12\">\n\t\n<section id=\"product\" class=\"p-0\">\n\t<div class=\"section-inner\">\n\t\t<div class=\"row\">\n\t\t\t<div class=\"col-md-6 d-flex justify-content-center align-items-center\">\n\t\t\t\t<div class=\"product-image gallerys\">\n\t\t\t\t\t<img width=\"1920\" height=\"1920\" src=\"https:\/\/cest-pharma.com\/wp-content\/uploads\/2025\/02\/4.-Poza-Dimidovan-100gr.jpg\" class=\"attachment-full size-full wp-post-image\" alt=\"\" decoding=\"async\" loading=\"lazy\" srcset=\"https:\/\/cest-pharma.com\/wp-content\/uploads\/2025\/02\/4.-Poza-Dimidovan-100gr.jpg 1920w, https:\/\/cest-pharma.com\/wp-content\/uploads\/2025\/02\/4.-Poza-Dimidovan-100gr-300x300.jpg 300w, https:\/\/cest-pharma.com\/wp-content\/uploads\/2025\/02\/4.-Poza-Dimidovan-100gr-1024x1024.jpg 1024w, https:\/\/cest-pharma.com\/wp-content\/uploads\/2025\/02\/4.-Poza-Dimidovan-100gr-150x150.jpg 150w, https:\/\/cest-pharma.com\/wp-content\/uploads\/2025\/02\/4.-Poza-Dimidovan-100gr-768x768.jpg 768w, https:\/\/cest-pharma.com\/wp-content\/uploads\/2025\/02\/4.-Poza-Dimidovan-100gr-1536x1536.jpg 1536w, https:\/\/cest-pharma.com\/wp-content\/uploads\/2025\/02\/4.-Poza-Dimidovan-100gr-12x12.jpg 12w, https:\/\/cest-pharma.com\/wp-content\/uploads\/2025\/02\/4.-Poza-Dimidovan-100gr-1200x1200.jpg 1200w\" sizes=\"(max-width: 1920px) 100vw, 1920px\" \/>\t\t\t\t\t<img width=\"1920\" height=\"1920\" src=\"https:\/\/cest-pharma.com\/wp-content\/uploads\/2025\/02\/4.-Poza-Dimidovan-100gr.jpg\" class=\"attachment- size-\" alt=\"\" decoding=\"async\" loading=\"lazy\" srcset=\"https:\/\/cest-pharma.com\/wp-content\/uploads\/2025\/02\/4.-Poza-Dimidovan-100gr.jpg 1920w, https:\/\/cest-pharma.com\/wp-content\/uploads\/2025\/02\/4.-Poza-Dimidovan-100gr-300x300.jpg 300w, https:\/\/cest-pharma.com\/wp-content\/uploads\/2025\/02\/4.-Poza-Dimidovan-100gr-1024x1024.jpg 1024w, https:\/\/cest-pharma.com\/wp-content\/uploads\/2025\/02\/4.-Poza-Dimidovan-100gr-150x150.jpg 150w, https:\/\/cest-pharma.com\/wp-content\/uploads\/2025\/02\/4.-Poza-Dimidovan-100gr-768x768.jpg 768w, https:\/\/cest-pharma.com\/wp-content\/uploads\/2025\/02\/4.-Poza-Dimidovan-100gr-1536x1536.jpg 1536w, https:\/\/cest-pharma.com\/wp-content\/uploads\/2025\/02\/4.-Poza-Dimidovan-100gr-12x12.jpg 12w, https:\/\/cest-pharma.com\/wp-content\/uploads\/2025\/02\/4.-Poza-Dimidovan-100gr-1200x1200.jpg 1200w\" sizes=\"(max-width: 1920px) 100vw, 1920px\" \/>\t\t\t\t<\/div>\n \t\t\t    <div class=\"socials\">\n\t\t\t      <div class=\"sticky\">\n\t\t\t\t  <ul>\n\t\t\t\t\t<li>\n\t\t\t\t\t\t<a href=\"\/\/www.facebook.com\/sharer.php?u=https:\/\/cest-pharma.com\/pl\/dimidovan-100g\/\" class=\"social-sharing-item-block facebook\" title=\"Facebook\" onclick=\"event.preventDefault(); javascript:window.open(this.href, '', 'menubar=no,toolbar=no,resizable=yes,scrollbars=yes,height=220,width=600');return false;\">\n\t\t\t\t\t\t    <!-- <i class=\"fa fa-facebook social-sharing-icon\"><\/i> -->\n\t\t\t\t\t\t    <img src=\"\/wp-content\/uploads\/2022\/12\/facebook-1.png\">\n\t\t\t\t\t\t<\/a>\n\t\t\t\t\t<\/li>\n\t\t\t\t\t<li>\n\t\t\t\t\t\t<a href=\"\/\/linkedin.com\/share?url=https:\/\/cest-pharma.com\/pl\/dimidovan-100g\/&amp;text=DIMIDOVAN+100G\" class=\"social-sharing-item-block twitter\" title=\"linkedin\" onclick=\"javascript:window.open(this.href, '', 'menubar=no,toolbar=no,resizable=yes,scrollbars=yes,height=260,width=600');return false;\">\n\t\t\t\t\t\t    <!-- <i class=\"fa fa-twitter social-sharing-icon\"><\/i> -->\n\t\t\t\t\t\t\t<img src=\"\/wp-content\/uploads\/2022\/12\/linkedin.png\">\n\t\t\t\t\t\t<\/a>\n\t\t\t\t\t<\/li>\n\t\t\t\t\t<li>\n\t\t\t\t\t\t<a href=\"\/\/twitter.com\/share?url=https:\/\/cest-pharma.com\/pl\/dimidovan-100g\/&amp;text=DIMIDOVAN+100G\" class=\"social-sharing-item-block twitter\" title=\"linkedin\" onclick=\"javascript:window.open(this.href, '', 'menubar=no,toolbar=no,resizable=yes,scrollbars=yes,height=260,width=600');return false;\">\n\t\t\t\t\t\t    <!-- <i class=\"fa fa-twitter social-sharing-icon\"><\/i> -->\n\t\t\t\t\t\t\t<img src=\"\/wp-content\/uploads\/2022\/12\/twitter.png\">\n\t\t\t\t\t\t<\/a>\n\t\t\t\t\t<\/li>\n\t\t\t\t<\/ul>\n\t\t\t<\/div>\n\t\t<\/div>\n\t\t\t<\/div>\n\t\t\t<div class=\"col-md-6\">\n\t\t\t\t<div class=\"title-product\">\n\t\t\t\t\tDIMIDOVAN 100G\t\t\t\t<\/div>\n\t\t\t\t\t\t\t\t\t<div class=\"box-desc-title\">\n\t\t\t\t\t\tWSKAZANIA:\t\t\t\t\t<\/div>\n\t\t\t\t\t<div class=\"box-desc\">\n\t\t\t\t\t\t<p>Proszek do zapobiegania (w stadzie, w kt\u00f3rym potwierdzono diagnoz\u0119) i leczenia inwazji pierwotniak\u00f3w wiciowc\u00f3w, w tym Trichomonas spp. i Hexamita spp. u go\u0142\u0119bi w\u0119drownych i wystawowych <em>Trichomonas spp.<\/em> i <em>Hexamita spp<\/em>., in racing and show pigeons.<\/p>\t\t\t\t\t<\/div>\n\t\t\t\t\t\t\t\t\t<div class=\"box-desc-title\">\n\t\t\t\t\t\tKOMPOZYCJA:\t\t\t\t\t<\/div>\n\t\t\t\t\t<div class=\"box-desc\">\n\t\t\t\t\t\t<p>Dimetridazol 400 mg\/g&nbsp; <u>Substancje pomocnicze:<\/u>glukoza jednowodna<\/p>\t\t\t\t\t<\/div>\n\t\t\t\t\t\t\t\t\t<div class=\"box-desc-title\">\n\t\t\t\t\t\tPODAWANIE:\t\t\t\t\t<\/div>\n\t\t\t\t\t<div class=\"box-desc\">\n\t\t\t\t\t\t<p><u>Zapobiegawczo:<\/u>3 g produktu na 2 litry wody pitnej przez 3-5 kolejnych dni.<\/p><p><u>Leczenie: <\/u>3 g produktu na 2 litry wody pitnej przez 3-5 kolejnych dni.<\/p>\t\t\t\t\t<\/div>\n\t\t\t\t\t\t\t\t\t<div class=\"box-desc-title\">\n\t\t\t\t\t\tPRZECHOWYWANIE:\t\t\t\t\t<\/div>\n\t\t\t\t\t<div class=\"box-desc\">\n\t\t\t\t\t\t<p>Przechowywa\u0107 w suchym miejscu w temperaturze nieprzekraczaj\u0105cej 25\u00b0C. Przechowywa\u0107 w oryginalnym opakowaniu z dala od wilgoci i bezpo\u015bredniego \u015bwiat\u0142a s\u0142onecznego. Przechowywa\u0107 w miejscu niedost\u0119pnym dla dzieci. Nie stosowa\u0107 po up\u0142ywie terminu wa\u017cno\u015bci.<\/p>\t\t\t\t\t<\/div>\n\t\t\t\t\t\t\t\t\t<div class=\"box-desc-title\">\n\t\t\t\t\t\tMASA NETTO:\t\t\t\t\t<\/div>\n\t\t\t\t\t<div class=\"box-desc\">\n\t\t\t\t\t\t<p>100 G<\/p>\t\t\t\t\t<\/div>\n\t\t\t\t\t\t\t<\/div>\n\t\t\t<div class=\"button-resellers d-flex justify-content-center align-items-center\">\n\t\t\t\t<a href=\"https:\/\/cest-pharma.com\/pl\/o-nas\/\" target=\"_self\" class=\"fw-btn fw-btn-1\">\n\t\t\t\t\t<span><img src=\"\/wp-content\/uploads\/2022\/11\/Cart.png\" class=\"d-inline\"> Kup teraz<\/span>\n\t\t\t\t<\/a>\n\t\t\t<\/div>\n\t\t<\/div>\n\t\t<div class=\"row related\">\n\t\t\t<div class=\"category-related\">\n\t\t\t\tProdukty powi\u0105zane\t\t\t<\/div>\n\t\t\t<div class=\"swiper-related\">\n\t\t\t\t<!-- Swiper -->\n\t\t\t\t<div class=\"swiper mySwiper\">\n\t\t\t\t\t<div class=\"swiper-wrapper\">\n\t\t\t\t\t\t\t\t\t\t\t<div class=\"swiper-slide gallerys\">\n\t\t\t\t\t\t\t<a href=\"https:\/\/cest-pharma.com\/pl\/yellow-drops-100ml\/\" target=\"_self\" class=\"fw-btn fw-btn-1\">\n\t\t\t\t\t\t\t\t<div class=\"image_related\">\n\t\t\t\t\t\t\t\t\t<img width=\"1920\" height=\"1920\" src=\"https:\/\/cest-pharma.com\/wp-content\/uploads\/2025\/02\/4.-Poza-Dimidovan-100gr.jpg\" class=\"attachment-full size-full wp-post-image\" alt=\"\" decoding=\"async\" loading=\"lazy\" srcset=\"https:\/\/cest-pharma.com\/wp-content\/uploads\/2025\/02\/4.-Poza-Dimidovan-100gr.jpg 1920w, https:\/\/cest-pharma.com\/wp-content\/uploads\/2025\/02\/4.-Poza-Dimidovan-100gr-300x300.jpg 300w, https:\/\/cest-pharma.com\/wp-content\/uploads\/2025\/02\/4.-Poza-Dimidovan-100gr-1024x1024.jpg 1024w, https:\/\/cest-pharma.com\/wp-content\/uploads\/2025\/02\/4.-Poza-Dimidovan-100gr-150x150.jpg 150w, https:\/\/cest-pharma.com\/wp-content\/uploads\/2025\/02\/4.-Poza-Dimidovan-100gr-768x768.jpg 768w, https:\/\/cest-pharma.com\/wp-content\/uploads\/2025\/02\/4.-Poza-Dimidovan-100gr-1536x1536.jpg 1536w, https:\/\/cest-pharma.com\/wp-content\/uploads\/2025\/02\/4.-Poza-Dimidovan-100gr-12x12.jpg 12w, https:\/\/cest-pharma.com\/wp-content\/uploads\/2025\/02\/4.-Poza-Dimidovan-100gr-1200x1200.jpg 1200w\" sizes=\"(max-width: 1920px) 100vw, 1920px\" \/>\t\t\t\t\t\t\t\t\t<img width=\"1920\" height=\"1920\" src=\"https:\/\/cest-pharma.com\/wp-content\/uploads\/2022\/12\/06.07.2021-Columbovet-34.png\" class=\"attachment- size-\" alt=\"\" decoding=\"async\" loading=\"lazy\" srcset=\"https:\/\/cest-pharma.com\/wp-content\/uploads\/2022\/12\/06.07.2021-Columbovet-34.png 1920w, https:\/\/cest-pharma.com\/wp-content\/uploads\/2022\/12\/06.07.2021-Columbovet-34-300x300.png 300w, https:\/\/cest-pharma.com\/wp-content\/uploads\/2022\/12\/06.07.2021-Columbovet-34-1024x1024.png 1024w, https:\/\/cest-pharma.com\/wp-content\/uploads\/2022\/12\/06.07.2021-Columbovet-34-150x150.png 150w, https:\/\/cest-pharma.com\/wp-content\/uploads\/2022\/12\/06.07.2021-Columbovet-34-768x768.png 768w, https:\/\/cest-pharma.com\/wp-content\/uploads\/2022\/12\/06.07.2021-Columbovet-34-1536x1536.png 1536w, https:\/\/cest-pharma.com\/wp-content\/uploads\/2022\/12\/06.07.2021-Columbovet-34-12x12.png 12w, https:\/\/cest-pharma.com\/wp-content\/uploads\/2022\/12\/06.07.2021-Columbovet-34-1200x1200.png 1200w\" sizes=\"(max-width: 1920px) 100vw, 1920px\" \/>\t\t\t\t\t\t\t\t<\/div>\n\t\t\t\t\t\t\t\t<div class=\"name_related\">\n\t\t\t\t\t\t\t\t\tYELLOW DROPS 100ml\t\t\t\t\t\t\t\t<\/div>\n\t\t\t\t\t\t\t<\/a>\n\t\t\t\t\t\t<\/div>\n\t\t\t\t\t\t\t\t\t\t\t<div class=\"swiper-slide gallerys\">\n\t\t\t\t\t\t\t<a href=\"https:\/\/cest-pharma.com\/pl\/tricogo-500ml-1000ml\/\" target=\"_self\" class=\"fw-btn fw-btn-1\">\n\t\t\t\t\t\t\t\t<div class=\"image_related\">\n\t\t\t\t\t\t\t\t\t<img width=\"1920\" height=\"1920\" src=\"https:\/\/cest-pharma.com\/wp-content\/uploads\/2025\/02\/4.-Poza-Dimidovan-100gr.jpg\" class=\"attachment-full size-full wp-post-image\" alt=\"\" decoding=\"async\" loading=\"lazy\" srcset=\"https:\/\/cest-pharma.com\/wp-content\/uploads\/2025\/02\/4.-Poza-Dimidovan-100gr.jpg 1920w, https:\/\/cest-pharma.com\/wp-content\/uploads\/2025\/02\/4.-Poza-Dimidovan-100gr-300x300.jpg 300w, https:\/\/cest-pharma.com\/wp-content\/uploads\/2025\/02\/4.-Poza-Dimidovan-100gr-1024x1024.jpg 1024w, https:\/\/cest-pharma.com\/wp-content\/uploads\/2025\/02\/4.-Poza-Dimidovan-100gr-150x150.jpg 150w, https:\/\/cest-pharma.com\/wp-content\/uploads\/2025\/02\/4.-Poza-Dimidovan-100gr-768x768.jpg 768w, https:\/\/cest-pharma.com\/wp-content\/uploads\/2025\/02\/4.-Poza-Dimidovan-100gr-1536x1536.jpg 1536w, https:\/\/cest-pharma.com\/wp-content\/uploads\/2025\/02\/4.-Poza-Dimidovan-100gr-12x12.jpg 12w, https:\/\/cest-pharma.com\/wp-content\/uploads\/2025\/02\/4.-Poza-Dimidovan-100gr-1200x1200.jpg 1200w\" sizes=\"(max-width: 1920px) 100vw, 1920px\" \/>\t\t\t\t\t\t\t\t\t<img width=\"1920\" height=\"1920\" src=\"https:\/\/cest-pharma.com\/wp-content\/uploads\/2022\/12\/EW1A2891-1.png\" class=\"attachment- size-\" alt=\"\" decoding=\"async\" loading=\"lazy\" srcset=\"https:\/\/cest-pharma.com\/wp-content\/uploads\/2022\/12\/EW1A2891-1.png 1920w, https:\/\/cest-pharma.com\/wp-content\/uploads\/2022\/12\/EW1A2891-1-300x300.png 300w, https:\/\/cest-pharma.com\/wp-content\/uploads\/2022\/12\/EW1A2891-1-1024x1024.png 1024w, https:\/\/cest-pharma.com\/wp-content\/uploads\/2022\/12\/EW1A2891-1-150x150.png 150w, https:\/\/cest-pharma.com\/wp-content\/uploads\/2022\/12\/EW1A2891-1-768x768.png 768w, https:\/\/cest-pharma.com\/wp-content\/uploads\/2022\/12\/EW1A2891-1-1536x1536.png 1536w, https:\/\/cest-pharma.com\/wp-content\/uploads\/2022\/12\/EW1A2891-1-12x12.png 12w, https:\/\/cest-pharma.com\/wp-content\/uploads\/2022\/12\/EW1A2891-1-1200x1200.png 1200w\" sizes=\"(max-width: 1920px) 100vw, 1920px\" \/>\t\t\t\t\t\t\t\t<\/div>\n\t\t\t\t\t\t\t\t<div class=\"name_related\">\n\t\t\t\t\t\t\t\t\tTRICOGO 500ml\/1000ml\t\t\t\t\t\t\t\t<\/div>\n\t\t\t\t\t\t\t<\/a>\n\t\t\t\t\t\t<\/div>\n\t\t\t\t\t\t\t\t\t\t\t<div class=\"swiper-slide gallerys\">\n\t\t\t\t\t\t\t<a href=\"https:\/\/cest-pharma.com\/ro\/tricoplus-100g\/\" target=\"_self\" class=\"fw-btn fw-btn-1\">\n\t\t\t\t\t\t\t\t<div class=\"image_related\">\n\t\t\t\t\t\t\t\t\t<img width=\"1920\" height=\"1920\" src=\"https:\/\/cest-pharma.com\/wp-content\/uploads\/2025\/02\/4.-Poza-Dimidovan-100gr.jpg\" class=\"attachment-full size-full wp-post-image\" alt=\"\" decoding=\"async\" loading=\"lazy\" srcset=\"https:\/\/cest-pharma.com\/wp-content\/uploads\/2025\/02\/4.-Poza-Dimidovan-100gr.jpg 1920w, https:\/\/cest-pharma.com\/wp-content\/uploads\/2025\/02\/4.-Poza-Dimidovan-100gr-300x300.jpg 300w, https:\/\/cest-pharma.com\/wp-content\/uploads\/2025\/02\/4.-Poza-Dimidovan-100gr-1024x1024.jpg 1024w, https:\/\/cest-pharma.com\/wp-content\/uploads\/2025\/02\/4.-Poza-Dimidovan-100gr-150x150.jpg 150w, https:\/\/cest-pharma.com\/wp-content\/uploads\/2025\/02\/4.-Poza-Dimidovan-100gr-768x768.jpg 768w, https:\/\/cest-pharma.com\/wp-content\/uploads\/2025\/02\/4.-Poza-Dimidovan-100gr-1536x1536.jpg 1536w, https:\/\/cest-pharma.com\/wp-content\/uploads\/2025\/02\/4.-Poza-Dimidovan-100gr-12x12.jpg 12w, https:\/\/cest-pharma.com\/wp-content\/uploads\/2025\/02\/4.-Poza-Dimidovan-100gr-1200x1200.jpg 1200w\" sizes=\"(max-width: 1920px) 100vw, 1920px\" \/>\t\t\t\t\t\t\t\t\t\t\t\t\t\t\t\t\t<\/div>\n\t\t\t\t\t\t\t\t<div class=\"name_related\">\n\t\t\t\t\t\t\t\t\tTrico plus\t\t\t\t\t\t\t\t<\/div>\n\t\t\t\t\t\t\t<\/a>\n\t\t\t\t\t\t<\/div>\n\t\t\t\t\t\t\t\t\t\t<\/div>\n\t\t\t\t\t<div class=\"swiper-button-next\"><\/div>\n\t\t\t\t\t<div class=\"swiper-button-prev\"><\/div>\n\t\t\t\t<\/div>\n\t\t\t<\/div>\n\t\t<\/div>\n\t<\/div>\n<\/section>\n\n<!-- Swiper JS -->\n<script src=\"https:\/\/cdn.jsdelivr.net\/npm\/swiper\/swiper-bundle.min.js\"><\/script>\n\n<!-- Initialize Swiper -->\n<script>\n\tvar swiper = new Swiper(\".mySwiper\", {\n\tslidesPerView: 1,\n\tspaceBetween: 30,\n\tloop: true,\n    autoplay: {\n      delay: 2500,\n      disableOnInteraction: false,\n    },\n\tnavigation: {\n\t\tnextEl: \".swiper-button-next\",\n\t\tprevEl: \".swiper-button-prev\",\n\t},\n\tbreakpoints: {\n          640: {\n            slidesPerView: 2,\n            spaceBetween: 10,\n          },\n          768: {\n            slidesPerView: 3,\n            spaceBetween: 30,\n          },\n          1024: {\n            slidesPerView: 4,\n            spaceBetween: 30,\n          },\n        },\n\t});\n<\/script>\n<\/div>\n<\/div>\n\n\t<\/div>\n<\/section>","protected":false},"excerpt":{"rendered":"<p>DIMIDOVAN 100G INDICATIONS: Powder for the prevention (in the herd where the diagnosis has been confirmed) and treatment of flagellar protozoal infestations, including Trichomonas spp. and Hexamita spp., in racing and show pigeons. COMPOSITION: Dimetridazole 400 mg\/g.&nbsp; Excipients: glucose monohydrate. ADMINISTRATION: Prevention: 3 gr. per 2 liters of drinking water for 3-5 consecutive days.Treatment: 3 [&hellip;]<\/p>","protected":false},"author":1,"featured_media":1681,"parent":0,"menu_order":0,"comment_status":"closed","ping_status":"closed","template":"","meta":[],"yoast_head":"<!-- This site is optimized with the Yoast SEO plugin v19.11 - https:\/\/yoast.com\/wordpress\/plugins\/seo\/ -->\n<title>DIMIDOVAN 100grTrichomonas &amp; Hexamita spp.For Pigeons<\/title>\n<meta name=\"description\" content=\"Powder for the prevention and treatment of flagellar protozoal infestations, including Trichomonas spp. and Hexamita spp., in racing and show pigeons\" \/>\n<meta name=\"robots\" content=\"index, follow, max-snippet:-1, max-image-preview:large, max-video-preview:-1\" \/>\n<link rel=\"canonical\" href=\"https:\/\/cest-pharma.com\/pl\/dimidovan-100g\/\" \/>\n<meta property=\"og:locale\" content=\"pl_PL\" \/>\n<meta property=\"og:type\" content=\"article\" \/>\n<meta property=\"og:title\" content=\"DIMIDOVAN 100grTrichomonas &amp; Hexamita spp.For Pigeons\" \/>\n<meta property=\"og:description\" content=\"Powder for the prevention and treatment of flagellar protozoal infestations, including Trichomonas spp. and Hexamita spp., in racing and show pigeons\" \/>\n<meta property=\"og:url\" content=\"https:\/\/cest-pharma.com\/pl\/dimidovan-100g\/\" \/>\n<meta property=\"og:site_name\" content=\"Cest Pharma\" \/>\n<meta property=\"article:modified_time\" content=\"2025-02-17T13:25:25+00:00\" \/>\n<meta property=\"og:image\" content=\"https:\/\/cest-pharma.com\/wp-content\/uploads\/2025\/02\/4.-Poza-Dimidovan-100gr.jpg\" \/>\n\t<meta property=\"og:image:width\" content=\"1920\" \/>\n\t<meta property=\"og:image:height\" content=\"1920\" \/>\n\t<meta property=\"og:image:type\" content=\"image\/jpeg\" \/>\n<meta name=\"twitter:card\" content=\"summary_large_image\" \/>\n<meta name=\"twitter:label1\" content=\"Szacowany czas czytania\" \/>\n\t<meta name=\"twitter:data1\" content=\"3 minuty\" \/>\n<script type=\"application\/ld+json\" class=\"yoast-schema-graph\">{\"@context\":\"https:\/\/schema.org\",\"@graph\":[{\"@type\":\"WebPage\",\"@id\":\"https:\/\/cest-pharma.com\/dimidovan-100g\/\",\"url\":\"https:\/\/cest-pharma.com\/dimidovan-100g\/\",\"name\":\"DIMIDOVAN 100grTrichomonas & Hexamita spp.For Pigeons\",\"isPartOf\":{\"@id\":\"https:\/\/cest-pharma.com\/#website\"},\"datePublished\":\"2025-02-17T11:36:29+00:00\",\"dateModified\":\"2025-02-17T13:25:25+00:00\",\"description\":\"Powder for the prevention and treatment of flagellar protozoal infestations, including Trichomonas spp. and Hexamita spp., in racing and show pigeons\",\"breadcrumb\":{\"@id\":\"https:\/\/cest-pharma.com\/dimidovan-100g\/#breadcrumb\"},\"inLanguage\":\"pl-PL\",\"potentialAction\":[{\"@type\":\"ReadAction\",\"target\":[\"https:\/\/cest-pharma.com\/dimidovan-100g\/\"]}]},{\"@type\":\"BreadcrumbList\",\"@id\":\"https:\/\/cest-pharma.com\/dimidovan-100g\/#breadcrumb\",\"itemListElement\":[{\"@type\":\"ListItem\",\"position\":1,\"name\":\"Home\",\"item\":\"https:\/\/cest-pharma.com\/\"},{\"@type\":\"ListItem\",\"position\":2,\"name\":\"DIMIDOVAN 100G\"}]},{\"@type\":\"WebSite\",\"@id\":\"https:\/\/cest-pharma.com\/#website\",\"url\":\"https:\/\/cest-pharma.com\/\",\"name\":\"Cest Pharma\",\"description\":\"\",\"publisher\":{\"@id\":\"https:\/\/cest-pharma.com\/#organization\"},\"potentialAction\":[{\"@type\":\"SearchAction\",\"target\":{\"@type\":\"EntryPoint\",\"urlTemplate\":\"https:\/\/cest-pharma.com\/?s={search_term_string}\"},\"query-input\":\"required name=search_term_string\"}],\"inLanguage\":\"pl-PL\"},{\"@type\":\"Organization\",\"@id\":\"https:\/\/cest-pharma.com\/#organization\",\"name\":\"Cest Pharma\",\"url\":\"https:\/\/cest-pharma.com\/\",\"logo\":{\"@type\":\"ImageObject\",\"inLanguage\":\"pl-PL\",\"@id\":\"https:\/\/cest-pharma.com\/#\/schema\/logo\/image\/\",\"url\":\"https:\/\/cest-pharma.com\/wp-content\/uploads\/2023\/01\/cropped-Cest-Pharma-logo-font-corectat.png\",\"contentUrl\":\"https:\/\/cest-pharma.com\/wp-content\/uploads\/2023\/01\/cropped-Cest-Pharma-logo-font-corectat.png\",\"width\":1003,\"height\":777,\"caption\":\"Cest Pharma\"},\"image\":{\"@id\":\"https:\/\/cest-pharma.com\/#\/schema\/logo\/image\/\"}}]}<\/script>\n<!-- \/ Yoast SEO plugin. -->","yoast_head_json":{"title":"DIMIDOVAN 100grTrichomonas & Hexamita spp.For Pigeons","description":"Powder for the prevention and treatment of flagellar protozoal infestations, including Trichomonas spp. and Hexamita spp., in racing and show pigeons","robots":{"index":"index","follow":"follow","max-snippet":"max-snippet:-1","max-image-preview":"max-image-preview:large","max-video-preview":"max-video-preview:-1"},"canonical":"https:\/\/cest-pharma.com\/pl\/dimidovan-100g\/","og_locale":"pl_PL","og_type":"article","og_title":"DIMIDOVAN 100grTrichomonas & Hexamita spp.For Pigeons","og_description":"Powder for the prevention and treatment of flagellar protozoal infestations, including Trichomonas spp. and Hexamita spp., in racing and show pigeons","og_url":"https:\/\/cest-pharma.com\/pl\/dimidovan-100g\/","og_site_name":"Cest Pharma","article_modified_time":"2025-02-17T13:25:25+00:00","og_image":[{"width":1920,"height":1920,"url":"https:\/\/cest-pharma.com\/wp-content\/uploads\/2025\/02\/4.-Poza-Dimidovan-100gr.jpg","type":"image\/jpeg"}],"twitter_card":"summary_large_image","twitter_misc":{"Szacowany czas czytania":"3 minuty"},"schema":{"@context":"https:\/\/schema.org","@graph":[{"@type":"WebPage","@id":"https:\/\/cest-pharma.com\/dimidovan-100g\/","url":"https:\/\/cest-pharma.com\/dimidovan-100g\/","name":"DIMIDOVAN 100grTrichomonas & Hexamita spp.For Pigeons","isPartOf":{"@id":"https:\/\/cest-pharma.com\/#website"},"datePublished":"2025-02-17T11:36:29+00:00","dateModified":"2025-02-17T13:25:25+00:00","description":"Powder for the prevention and treatment of flagellar protozoal infestations, including Trichomonas spp. and Hexamita spp., in racing and show pigeons","breadcrumb":{"@id":"https:\/\/cest-pharma.com\/dimidovan-100g\/#breadcrumb"},"inLanguage":"pl-PL","potentialAction":[{"@type":"ReadAction","target":["https:\/\/cest-pharma.com\/dimidovan-100g\/"]}]},{"@type":"BreadcrumbList","@id":"https:\/\/cest-pharma.com\/dimidovan-100g\/#breadcrumb","itemListElement":[{"@type":"ListItem","position":1,"name":"Home","item":"https:\/\/cest-pharma.com\/"},{"@type":"ListItem","position":2,"name":"DIMIDOVAN 100G"}]},{"@type":"WebSite","@id":"https:\/\/cest-pharma.com\/#website","url":"https:\/\/cest-pharma.com\/","name":"Cest Pharma","description":"","publisher":{"@id":"https:\/\/cest-pharma.com\/#organization"},"potentialAction":[{"@type":"SearchAction","target":{"@type":"EntryPoint","urlTemplate":"https:\/\/cest-pharma.com\/?s={search_term_string}"},"query-input":"required name=search_term_string"}],"inLanguage":"pl-PL"},{"@type":"Organization","@id":"https:\/\/cest-pharma.com\/#organization","name":"Cest Pharma","url":"https:\/\/cest-pharma.com\/","logo":{"@type":"ImageObject","inLanguage":"pl-PL","@id":"https:\/\/cest-pharma.com\/#\/schema\/logo\/image\/","url":"https:\/\/cest-pharma.com\/wp-content\/uploads\/2023\/01\/cropped-Cest-Pharma-logo-font-corectat.png","contentUrl":"https:\/\/cest-pharma.com\/wp-content\/uploads\/2023\/01\/cropped-Cest-Pharma-logo-font-corectat.png","width":1003,"height":777,"caption":"Cest Pharma"},"image":{"@id":"https:\/\/cest-pharma.com\/#\/schema\/logo\/image\/"}}]}},"_links":{"self":[{"href":"https:\/\/cest-pharma.com\/pl\/wp-json\/wp\/v2\/pages\/1678"}],"collection":[{"href":"https:\/\/cest-pharma.com\/pl\/wp-json\/wp\/v2\/pages"}],"about":[{"href":"https:\/\/cest-pharma.com\/pl\/wp-json\/wp\/v2\/types\/page"}],"author":[{"embeddable":true,"href":"https:\/\/cest-pharma.com\/pl\/wp-json\/wp\/v2\/users\/1"}],"replies":[{"embeddable":true,"href":"https:\/\/cest-pharma.com\/pl\/wp-json\/wp\/v2\/comments?post=1678"}],"version-history":[{"count":3,"href":"https:\/\/cest-pharma.com\/pl\/wp-json\/wp\/v2\/pages\/1678\/revisions"}],"predecessor-version":[{"id":1684,"href":"https:\/\/cest-pharma.com\/pl\/wp-json\/wp\/v2\/pages\/1678\/revisions\/1684"}],"wp:featuredmedia":[{"embeddable":true,"href":"https:\/\/cest-pharma.com\/pl\/wp-json\/wp\/v2\/media\/1681"}],"wp:attachment":[{"href":"https:\/\/cest-pharma.com\/pl\/wp-json\/wp\/v2\/media?parent=1678"}],"curies":[{"name":"wp","href":"https:\/\/api.w.org\/{rel}","templated":true}]}}