{"id":336,"date":"2022-12-12T10:43:33","date_gmt":"2022-12-12T10:43:33","guid":{"rendered":"https:\/\/cest-pharma.com\/?page_id=336"},"modified":"2023-05-16T11:34:36","modified_gmt":"2023-05-16T11:34:36","slug":"energy-plus-600g","status":"publish","type":"page","link":"https:\/\/cest-pharma.com\/pl\/energy-plus-600g\/","title":{"rendered":"ENERGY PLUS 600g"},"content":{"rendered":"<section class=\"fw-main-row\"  >\n\t<div class=\"fw-container-fluid\">\n\t\t<div class=\"fw-row\">\n\t<div class=\"fw-col-xs-12\">\n\t\n<section id=\"product\" class=\"p-0\">\n\t<div class=\"section-inner\">\n\t\t<div class=\"row\">\n\t\t\t<div class=\"col-md-6 d-flex justify-content-center align-items-center\">\n\t\t\t\t<div class=\"product-image gallerys\">\n\t\t\t\t\t<img width=\"2560\" height=\"2560\" src=\"https:\/\/cest-pharma.com\/wp-content\/uploads\/2023\/05\/EW1A1359-scaled.jpg\" class=\"attachment-full size-full wp-post-image\" alt=\"\" decoding=\"async\" loading=\"lazy\" srcset=\"https:\/\/cest-pharma.com\/wp-content\/uploads\/2023\/05\/EW1A1359-scaled.jpg 2560w, https:\/\/cest-pharma.com\/wp-content\/uploads\/2023\/05\/EW1A1359-300x300.jpg 300w, https:\/\/cest-pharma.com\/wp-content\/uploads\/2023\/05\/EW1A1359-1024x1024.jpg 1024w, https:\/\/cest-pharma.com\/wp-content\/uploads\/2023\/05\/EW1A1359-150x150.jpg 150w, https:\/\/cest-pharma.com\/wp-content\/uploads\/2023\/05\/EW1A1359-768x768.jpg 768w, https:\/\/cest-pharma.com\/wp-content\/uploads\/2023\/05\/EW1A1359-1536x1536.jpg 1536w, https:\/\/cest-pharma.com\/wp-content\/uploads\/2023\/05\/EW1A1359-2048x2048.jpg 2048w, https:\/\/cest-pharma.com\/wp-content\/uploads\/2023\/05\/EW1A1359-12x12.jpg 12w, https:\/\/cest-pharma.com\/wp-content\/uploads\/2023\/05\/EW1A1359-1200x1200.jpg 1200w, https:\/\/cest-pharma.com\/wp-content\/uploads\/2023\/05\/EW1A1359-1980x1980.jpg 1980w\" sizes=\"(max-width: 2560px) 100vw, 2560px\" \/>\t\t\t\t\t<img width=\"2560\" height=\"2560\" src=\"https:\/\/cest-pharma.com\/wp-content\/uploads\/2023\/05\/EW1A1359-scaled.jpg\" class=\"attachment- size-\" alt=\"\" decoding=\"async\" loading=\"lazy\" srcset=\"https:\/\/cest-pharma.com\/wp-content\/uploads\/2023\/05\/EW1A1359-scaled.jpg 2560w, https:\/\/cest-pharma.com\/wp-content\/uploads\/2023\/05\/EW1A1359-300x300.jpg 300w, https:\/\/cest-pharma.com\/wp-content\/uploads\/2023\/05\/EW1A1359-1024x1024.jpg 1024w, https:\/\/cest-pharma.com\/wp-content\/uploads\/2023\/05\/EW1A1359-150x150.jpg 150w, https:\/\/cest-pharma.com\/wp-content\/uploads\/2023\/05\/EW1A1359-768x768.jpg 768w, https:\/\/cest-pharma.com\/wp-content\/uploads\/2023\/05\/EW1A1359-1536x1536.jpg 1536w, https:\/\/cest-pharma.com\/wp-content\/uploads\/2023\/05\/EW1A1359-2048x2048.jpg 2048w, https:\/\/cest-pharma.com\/wp-content\/uploads\/2023\/05\/EW1A1359-12x12.jpg 12w, https:\/\/cest-pharma.com\/wp-content\/uploads\/2023\/05\/EW1A1359-1200x1200.jpg 1200w, https:\/\/cest-pharma.com\/wp-content\/uploads\/2023\/05\/EW1A1359-1980x1980.jpg 1980w\" sizes=\"(max-width: 2560px) 100vw, 2560px\" \/>\t\t\t\t<\/div>\n \t\t\t    <div class=\"socials\">\n\t\t\t      <div class=\"sticky\">\n\t\t\t\t  <ul>\n\t\t\t\t\t<li>\n\t\t\t\t\t\t<a href=\"\/\/www.facebook.com\/sharer.php?u=https:\/\/cest-pharma.com\/pl\/energy-plus-600g\/\" class=\"social-sharing-item-block facebook\" title=\"Facebook\" onclick=\"event.preventDefault(); javascript:window.open(this.href, '', 'menubar=no,toolbar=no,resizable=yes,scrollbars=yes,height=220,width=600');return false;\">\n\t\t\t\t\t\t    <!-- <i class=\"fa fa-facebook social-sharing-icon\"><\/i> -->\n\t\t\t\t\t\t    <img src=\"\/wp-content\/uploads\/2022\/12\/facebook-1.png\">\n\t\t\t\t\t\t<\/a>\n\t\t\t\t\t<\/li>\n\t\t\t\t\t<li>\n\t\t\t\t\t\t<a href=\"\/\/linkedin.com\/share?url=https:\/\/cest-pharma.com\/pl\/energy-plus-600g\/&amp;text=ENERGY+PLUS+600g\" class=\"social-sharing-item-block twitter\" title=\"linkedin\" onclick=\"javascript:window.open(this.href, '', 'menubar=no,toolbar=no,resizable=yes,scrollbars=yes,height=260,width=600');return false;\">\n\t\t\t\t\t\t    <!-- <i class=\"fa fa-twitter social-sharing-icon\"><\/i> -->\n\t\t\t\t\t\t\t<img src=\"\/wp-content\/uploads\/2022\/12\/linkedin.png\">\n\t\t\t\t\t\t<\/a>\n\t\t\t\t\t<\/li>\n\t\t\t\t\t<li>\n\t\t\t\t\t\t<a href=\"\/\/twitter.com\/share?url=https:\/\/cest-pharma.com\/pl\/energy-plus-600g\/&amp;text=ENERGY+PLUS+600g\" class=\"social-sharing-item-block twitter\" title=\"linkedin\" onclick=\"javascript:window.open(this.href, '', 'menubar=no,toolbar=no,resizable=yes,scrollbars=yes,height=260,width=600');return false;\">\n\t\t\t\t\t\t    <!-- <i class=\"fa fa-twitter social-sharing-icon\"><\/i> -->\n\t\t\t\t\t\t\t<img src=\"\/wp-content\/uploads\/2022\/12\/twitter.png\">\n\t\t\t\t\t\t<\/a>\n\t\t\t\t\t<\/li>\n\t\t\t\t<\/ul>\n\t\t\t<\/div>\n\t\t<\/div>\n\t\t\t<\/div>\n\t\t\t<div class=\"col-md-6\">\n\t\t\t\t<div class=\"title-product\">\n\t\t\t\t\tENERGY PLUS 600g\t\t\t\t<\/div>\n\t\t\t\t\t\t\t\t\t<div class=\"box-desc-title\">\n\t\t\t\t\t\tWSKAZANIA:\t\t\t\t\t<\/div>\n\t\t\t\t\t<div class=\"box-desc\">\n\t\t\t\t\t\t<p>W\u0119glowodany o szybkim i powolnym wch\u0142anianiu dostarczaj\u0105 du\u017cej ilo\u015bci energii w kr\u00f3tkim i d\u0142ugim czasie. Witamina C jest silnym antyoksydantem, kt\u00f3ry usuwa zm\u0119czenie i wspomaga regeneracj\u0119 tkanek. MSM to naturalny produkt przeciwzapalny. Zawiera probiotyki i prebiotyki, kt\u00f3re wspomagaj\u0105 regeneracj\u0119 flory jelitowej.<\/p>\t\t\t\t\t<\/div>\n\t\t\t\t\t\t\t\t\t<div class=\"box-desc-title\">\n\t\t\t\t\t\tKOMPOZYCJA:\t\t\t\t\t<\/div>\n\t\t\t\t\t<div class=\"box-desc\">\n\t\t\t\t\t\t<p>Maltodekstryna, fruktoza, glukoza, niezb\u0119dne w\u0119glowodany, witamina C, MSM, kalsporyna<br \/>WARTO\u015a\u0106 OD\u017bYWCZA: W\u0119glowodany 92,30%, Witamina C<br \/>SK\u0141ADNIKI ANALITYCZNE: Wilgotno\u015b\u0107 4,70%, Popi\u00f3\u0142 0,40%<\/p>\t\t\t\t\t<\/div>\n\t\t\t\t\t\t\t\t\t<div class=\"box-desc-title\">\n\t\t\t\t\t\tPODAWANIE:\t\t\t\t\t<\/div>\n\t\t\t\t\t<div class=\"box-desc\">\n\t\t\t\t\t\t<p>10g (2 \u0142y\u017ceczki) na 1 litr wody pitnej po powrocie z lotu, po intensywnym treningu i 1-3 dni przed koszowaniem (w zale\u017cno\u015bci od dystansu).<\/p>\t\t\t\t\t<\/div>\n\t\t\t\t\t\t\t\t\t<div class=\"box-desc-title\">\n\t\t\t\t\t\tPRZECHOWYWANIE:\t\t\t\t\t<\/div>\n\t\t\t\t\t<div class=\"box-desc\">\n\t\t\t\t\t\t<p>Przechowywa\u0107 w suchym miejscu w temperaturze nie przekraczaj\u0105cej 25 \u00b0 C. Przechowywa\u0107 w oryginalnym opakowaniu, z dala od wilgoci i bezpo\u015bredniego \u015bwiat\u0142a s\u0142onecznego. Nie u\u017cywa\u0107 po up\u0142ywie terminu wa\u017cno\u015bci. Trzyma\u0107 poza zasi\u0119giem dzieci.<\/p>\t\t\t\t\t<\/div>\n\t\t\t\t\t\t\t<\/div>\n\t\t\t<div class=\"button-resellers d-flex justify-content-center align-items-center\">\n\t\t\t\t<a href=\"https:\/\/cest-pharma.com\/pl\/o-nas\/\" target=\"_self\" class=\"fw-btn fw-btn-1\">\n\t\t\t\t\t<span><img src=\"\/wp-content\/uploads\/2022\/11\/Cart.png\" class=\"d-inline\"> Kup teraz<\/span>\n\t\t\t\t<\/a>\n\t\t\t<\/div>\n\t\t<\/div>\n\t\t<div class=\"row related\">\n\t\t\t<div class=\"category-related\">\n\t\t\t\tProdukty powi\u0105zane\t\t\t<\/div>\n\t\t\t<div class=\"swiper-related\">\n\t\t\t\t<!-- Swiper -->\n\t\t\t\t<div class=\"swiper mySwiper\">\n\t\t\t\t\t<div class=\"swiper-wrapper\">\n\t\t\t\t\t\t\t\t\t\t\t<div class=\"swiper-slide gallerys\">\n\t\t\t\t\t\t\t<a href=\"\/pl\/energy-plus-300g\/\" target=\"_self\" class=\"fw-btn fw-btn-1\">\n\t\t\t\t\t\t\t\t<div class=\"image_related\">\n\t\t\t\t\t\t\t\t\t<img width=\"2560\" height=\"2560\" src=\"https:\/\/cest-pharma.com\/wp-content\/uploads\/2023\/05\/EW1A1359-scaled.jpg\" class=\"attachment-full size-full wp-post-image\" alt=\"\" decoding=\"async\" loading=\"lazy\" srcset=\"https:\/\/cest-pharma.com\/wp-content\/uploads\/2023\/05\/EW1A1359-scaled.jpg 2560w, https:\/\/cest-pharma.com\/wp-content\/uploads\/2023\/05\/EW1A1359-300x300.jpg 300w, https:\/\/cest-pharma.com\/wp-content\/uploads\/2023\/05\/EW1A1359-1024x1024.jpg 1024w, https:\/\/cest-pharma.com\/wp-content\/uploads\/2023\/05\/EW1A1359-150x150.jpg 150w, https:\/\/cest-pharma.com\/wp-content\/uploads\/2023\/05\/EW1A1359-768x768.jpg 768w, https:\/\/cest-pharma.com\/wp-content\/uploads\/2023\/05\/EW1A1359-1536x1536.jpg 1536w, https:\/\/cest-pharma.com\/wp-content\/uploads\/2023\/05\/EW1A1359-2048x2048.jpg 2048w, https:\/\/cest-pharma.com\/wp-content\/uploads\/2023\/05\/EW1A1359-12x12.jpg 12w, https:\/\/cest-pharma.com\/wp-content\/uploads\/2023\/05\/EW1A1359-1200x1200.jpg 1200w, https:\/\/cest-pharma.com\/wp-content\/uploads\/2023\/05\/EW1A1359-1980x1980.jpg 1980w\" sizes=\"(max-width: 2560px) 100vw, 2560px\" \/>\t\t\t\t\t\t\t\t\t<img width=\"1920\" height=\"1920\" src=\"https:\/\/cest-pharma.com\/wp-content\/uploads\/2022\/12\/06.07.2021-Columbovet-15.png\" class=\"attachment- size-\" alt=\"\" decoding=\"async\" loading=\"lazy\" srcset=\"https:\/\/cest-pharma.com\/wp-content\/uploads\/2022\/12\/06.07.2021-Columbovet-15.png 1920w, https:\/\/cest-pharma.com\/wp-content\/uploads\/2022\/12\/06.07.2021-Columbovet-15-300x300.png 300w, https:\/\/cest-pharma.com\/wp-content\/uploads\/2022\/12\/06.07.2021-Columbovet-15-1024x1024.png 1024w, https:\/\/cest-pharma.com\/wp-content\/uploads\/2022\/12\/06.07.2021-Columbovet-15-150x150.png 150w, https:\/\/cest-pharma.com\/wp-content\/uploads\/2022\/12\/06.07.2021-Columbovet-15-768x768.png 768w, https:\/\/cest-pharma.com\/wp-content\/uploads\/2022\/12\/06.07.2021-Columbovet-15-1536x1536.png 1536w, https:\/\/cest-pharma.com\/wp-content\/uploads\/2022\/12\/06.07.2021-Columbovet-15-12x12.png 12w, https:\/\/cest-pharma.com\/wp-content\/uploads\/2022\/12\/06.07.2021-Columbovet-15-1200x1200.png 1200w\" sizes=\"(max-width: 1920px) 100vw, 1920px\" \/>\t\t\t\t\t\t\t\t<\/div>\n\t\t\t\t\t\t\t\t<div class=\"name_related\">\n\t\t\t\t\t\t\t\t\tENERGY PLUS 300g\t\t\t\t\t\t\t\t<\/div>\n\t\t\t\t\t\t\t<\/a>\n\t\t\t\t\t\t<\/div>\n\t\t\t\t\t\t\t\t\t\t\t<div class=\"swiper-slide gallerys\">\n\t\t\t\t\t\t\t<a href=\"https:\/\/cest-pharma.com\/pl\/yellow-drops-100ml\/\" target=\"_self\" class=\"fw-btn fw-btn-1\">\n\t\t\t\t\t\t\t\t<div class=\"image_related\">\n\t\t\t\t\t\t\t\t\t<img width=\"2560\" height=\"2560\" src=\"https:\/\/cest-pharma.com\/wp-content\/uploads\/2023\/05\/EW1A1359-scaled.jpg\" class=\"attachment-full size-full wp-post-image\" alt=\"\" decoding=\"async\" loading=\"lazy\" srcset=\"https:\/\/cest-pharma.com\/wp-content\/uploads\/2023\/05\/EW1A1359-scaled.jpg 2560w, https:\/\/cest-pharma.com\/wp-content\/uploads\/2023\/05\/EW1A1359-300x300.jpg 300w, https:\/\/cest-pharma.com\/wp-content\/uploads\/2023\/05\/EW1A1359-1024x1024.jpg 1024w, https:\/\/cest-pharma.com\/wp-content\/uploads\/2023\/05\/EW1A1359-150x150.jpg 150w, https:\/\/cest-pharma.com\/wp-content\/uploads\/2023\/05\/EW1A1359-768x768.jpg 768w, https:\/\/cest-pharma.com\/wp-content\/uploads\/2023\/05\/EW1A1359-1536x1536.jpg 1536w, https:\/\/cest-pharma.com\/wp-content\/uploads\/2023\/05\/EW1A1359-2048x2048.jpg 2048w, https:\/\/cest-pharma.com\/wp-content\/uploads\/2023\/05\/EW1A1359-12x12.jpg 12w, https:\/\/cest-pharma.com\/wp-content\/uploads\/2023\/05\/EW1A1359-1200x1200.jpg 1200w, https:\/\/cest-pharma.com\/wp-content\/uploads\/2023\/05\/EW1A1359-1980x1980.jpg 1980w\" sizes=\"(max-width: 2560px) 100vw, 2560px\" \/>\t\t\t\t\t\t\t\t\t<img width=\"1920\" height=\"1920\" src=\"https:\/\/cest-pharma.com\/wp-content\/uploads\/2022\/12\/06.07.2021-Columbovet-34.png\" class=\"attachment- size-\" alt=\"\" decoding=\"async\" loading=\"lazy\" srcset=\"https:\/\/cest-pharma.com\/wp-content\/uploads\/2022\/12\/06.07.2021-Columbovet-34.png 1920w, https:\/\/cest-pharma.com\/wp-content\/uploads\/2022\/12\/06.07.2021-Columbovet-34-300x300.png 300w, https:\/\/cest-pharma.com\/wp-content\/uploads\/2022\/12\/06.07.2021-Columbovet-34-1024x1024.png 1024w, https:\/\/cest-pharma.com\/wp-content\/uploads\/2022\/12\/06.07.2021-Columbovet-34-150x150.png 150w, https:\/\/cest-pharma.com\/wp-content\/uploads\/2022\/12\/06.07.2021-Columbovet-34-768x768.png 768w, https:\/\/cest-pharma.com\/wp-content\/uploads\/2022\/12\/06.07.2021-Columbovet-34-1536x1536.png 1536w, https:\/\/cest-pharma.com\/wp-content\/uploads\/2022\/12\/06.07.2021-Columbovet-34-12x12.png 12w, https:\/\/cest-pharma.com\/wp-content\/uploads\/2022\/12\/06.07.2021-Columbovet-34-1200x1200.png 1200w\" sizes=\"(max-width: 1920px) 100vw, 1920px\" \/>\t\t\t\t\t\t\t\t<\/div>\n\t\t\t\t\t\t\t\t<div class=\"name_related\">\n\t\t\t\t\t\t\t\t\tYELLOW DROPS 100ml\t\t\t\t\t\t\t\t<\/div>\n\t\t\t\t\t\t\t<\/a>\n\t\t\t\t\t\t<\/div>\n\t\t\t\t\t\t\t\t\t\t\t<div class=\"swiper-slide gallerys\">\n\t\t\t\t\t\t\t<a href=\"\/pl\/vit-amino-250ml\/\" target=\"_self\" class=\"fw-btn fw-btn-1\">\n\t\t\t\t\t\t\t\t<div class=\"image_related\">\n\t\t\t\t\t\t\t\t\t<img width=\"2560\" height=\"2560\" src=\"https:\/\/cest-pharma.com\/wp-content\/uploads\/2023\/05\/EW1A1359-scaled.jpg\" class=\"attachment-full size-full wp-post-image\" alt=\"\" decoding=\"async\" loading=\"lazy\" srcset=\"https:\/\/cest-pharma.com\/wp-content\/uploads\/2023\/05\/EW1A1359-scaled.jpg 2560w, https:\/\/cest-pharma.com\/wp-content\/uploads\/2023\/05\/EW1A1359-300x300.jpg 300w, https:\/\/cest-pharma.com\/wp-content\/uploads\/2023\/05\/EW1A1359-1024x1024.jpg 1024w, https:\/\/cest-pharma.com\/wp-content\/uploads\/2023\/05\/EW1A1359-150x150.jpg 150w, https:\/\/cest-pharma.com\/wp-content\/uploads\/2023\/05\/EW1A1359-768x768.jpg 768w, https:\/\/cest-pharma.com\/wp-content\/uploads\/2023\/05\/EW1A1359-1536x1536.jpg 1536w, https:\/\/cest-pharma.com\/wp-content\/uploads\/2023\/05\/EW1A1359-2048x2048.jpg 2048w, https:\/\/cest-pharma.com\/wp-content\/uploads\/2023\/05\/EW1A1359-12x12.jpg 12w, https:\/\/cest-pharma.com\/wp-content\/uploads\/2023\/05\/EW1A1359-1200x1200.jpg 1200w, https:\/\/cest-pharma.com\/wp-content\/uploads\/2023\/05\/EW1A1359-1980x1980.jpg 1980w\" sizes=\"(max-width: 2560px) 100vw, 2560px\" \/>\t\t\t\t\t\t\t\t\t<img width=\"1920\" height=\"1920\" src=\"https:\/\/cest-pharma.com\/wp-content\/uploads\/2022\/12\/vit_amino_web2-4-2.png\" class=\"attachment- size-\" alt=\"\" decoding=\"async\" loading=\"lazy\" srcset=\"https:\/\/cest-pharma.com\/wp-content\/uploads\/2022\/12\/vit_amino_web2-4-2.png 1920w, https:\/\/cest-pharma.com\/wp-content\/uploads\/2022\/12\/vit_amino_web2-4-2-300x300.png 300w, https:\/\/cest-pharma.com\/wp-content\/uploads\/2022\/12\/vit_amino_web2-4-2-1024x1024.png 1024w, https:\/\/cest-pharma.com\/wp-content\/uploads\/2022\/12\/vit_amino_web2-4-2-150x150.png 150w, https:\/\/cest-pharma.com\/wp-content\/uploads\/2022\/12\/vit_amino_web2-4-2-768x768.png 768w, https:\/\/cest-pharma.com\/wp-content\/uploads\/2022\/12\/vit_amino_web2-4-2-1536x1536.png 1536w, https:\/\/cest-pharma.com\/wp-content\/uploads\/2022\/12\/vit_amino_web2-4-2-12x12.png 12w, https:\/\/cest-pharma.com\/wp-content\/uploads\/2022\/12\/vit_amino_web2-4-2-1200x1200.png 1200w\" sizes=\"(max-width: 1920px) 100vw, 1920px\" \/>\t\t\t\t\t\t\t\t<\/div>\n\t\t\t\t\t\t\t\t<div class=\"name_related\">\n\t\t\t\t\t\t\t\t\tVIT AMINO 250ml\t\t\t\t\t\t\t\t<\/div>\n\t\t\t\t\t\t\t<\/a>\n\t\t\t\t\t\t<\/div>\n\t\t\t\t\t\t\t\t\t\t\t<div class=\"swiper-slide gallerys\">\n\t\t\t\t\t\t\t<a href=\"https:\/\/cest-pharma.com\/pl\/tricogo-500ml-1000ml\/\" target=\"_self\" class=\"fw-btn fw-btn-1\">\n\t\t\t\t\t\t\t\t<div class=\"image_related\">\n\t\t\t\t\t\t\t\t\t<img width=\"2560\" height=\"2560\" src=\"https:\/\/cest-pharma.com\/wp-content\/uploads\/2023\/05\/EW1A1359-scaled.jpg\" class=\"attachment-full size-full wp-post-image\" alt=\"\" decoding=\"async\" loading=\"lazy\" srcset=\"https:\/\/cest-pharma.com\/wp-content\/uploads\/2023\/05\/EW1A1359-scaled.jpg 2560w, https:\/\/cest-pharma.com\/wp-content\/uploads\/2023\/05\/EW1A1359-300x300.jpg 300w, https:\/\/cest-pharma.com\/wp-content\/uploads\/2023\/05\/EW1A1359-1024x1024.jpg 1024w, https:\/\/cest-pharma.com\/wp-content\/uploads\/2023\/05\/EW1A1359-150x150.jpg 150w, https:\/\/cest-pharma.com\/wp-content\/uploads\/2023\/05\/EW1A1359-768x768.jpg 768w, https:\/\/cest-pharma.com\/wp-content\/uploads\/2023\/05\/EW1A1359-1536x1536.jpg 1536w, https:\/\/cest-pharma.com\/wp-content\/uploads\/2023\/05\/EW1A1359-2048x2048.jpg 2048w, https:\/\/cest-pharma.com\/wp-content\/uploads\/2023\/05\/EW1A1359-12x12.jpg 12w, https:\/\/cest-pharma.com\/wp-content\/uploads\/2023\/05\/EW1A1359-1200x1200.jpg 1200w, https:\/\/cest-pharma.com\/wp-content\/uploads\/2023\/05\/EW1A1359-1980x1980.jpg 1980w\" sizes=\"(max-width: 2560px) 100vw, 2560px\" \/>\t\t\t\t\t\t\t\t\t<img width=\"1920\" height=\"1920\" src=\"https:\/\/cest-pharma.com\/wp-content\/uploads\/2022\/12\/EW1A2891-1.png\" class=\"attachment- size-\" alt=\"\" decoding=\"async\" loading=\"lazy\" srcset=\"https:\/\/cest-pharma.com\/wp-content\/uploads\/2022\/12\/EW1A2891-1.png 1920w, https:\/\/cest-pharma.com\/wp-content\/uploads\/2022\/12\/EW1A2891-1-300x300.png 300w, https:\/\/cest-pharma.com\/wp-content\/uploads\/2022\/12\/EW1A2891-1-1024x1024.png 1024w, https:\/\/cest-pharma.com\/wp-content\/uploads\/2022\/12\/EW1A2891-1-150x150.png 150w, https:\/\/cest-pharma.com\/wp-content\/uploads\/2022\/12\/EW1A2891-1-768x768.png 768w, https:\/\/cest-pharma.com\/wp-content\/uploads\/2022\/12\/EW1A2891-1-1536x1536.png 1536w, https:\/\/cest-pharma.com\/wp-content\/uploads\/2022\/12\/EW1A2891-1-12x12.png 12w, https:\/\/cest-pharma.com\/wp-content\/uploads\/2022\/12\/EW1A2891-1-1200x1200.png 1200w\" sizes=\"(max-width: 1920px) 100vw, 1920px\" \/>\t\t\t\t\t\t\t\t<\/div>\n\t\t\t\t\t\t\t\t<div class=\"name_related\">\n\t\t\t\t\t\t\t\t\tTRICOGO 500ml\/1000ml\t\t\t\t\t\t\t\t<\/div>\n\t\t\t\t\t\t\t<\/a>\n\t\t\t\t\t\t<\/div>\n\t\t\t\t\t\t\t\t\t\t<\/div>\n\t\t\t\t\t<div class=\"swiper-button-next\"><\/div>\n\t\t\t\t\t<div class=\"swiper-button-prev\"><\/div>\n\t\t\t\t<\/div>\n\t\t\t<\/div>\n\t\t<\/div>\n\t<\/div>\n<\/section>\n\n<!-- Swiper JS -->\n<script src=\"https:\/\/cdn.jsdelivr.net\/npm\/swiper\/swiper-bundle.min.js\"><\/script>\n\n<!-- Initialize Swiper -->\n<script>\n\tvar swiper = new Swiper(\".mySwiper\", {\n\tslidesPerView: 1,\n\tspaceBetween: 30,\n\tloop: true,\n    autoplay: {\n      delay: 2500,\n      disableOnInteraction: false,\n    },\n\tnavigation: {\n\t\tnextEl: \".swiper-button-next\",\n\t\tprevEl: \".swiper-button-prev\",\n\t},\n\tbreakpoints: {\n          640: {\n            slidesPerView: 2,\n            spaceBetween: 10,\n          },\n          768: {\n            slidesPerView: 3,\n            spaceBetween: 30,\n          },\n          1024: {\n            slidesPerView: 4,\n            spaceBetween: 30,\n          },\n        },\n\t});\n<\/script>\n<\/div>\n<\/div>\n\n\t<\/div>\n<\/section>","protected":false},"excerpt":{"rendered":"<p>ENERGY PLUS 600g INDICATIONS: Carbohydrates with fast and slow absorption provide substantial energy for short and long term. Vitamin C is a strong antioxidant which removes fatigue and supports tissue regeneration. MSM is a natural anti-inflammatory product. Contains probiotics and prebiotics that helps regenerate the intestinal flora. COMPOSITION: Maltodextrin, fructose, glucose, essential carbohydrates, vitamin C, [&hellip;]<\/p>","protected":false},"author":1,"featured_media":1163,"parent":0,"menu_order":0,"comment_status":"closed","ping_status":"closed","template":"","meta":[],"yoast_head":"<!-- This site is optimized with the Yoast SEO plugin v19.11 - https:\/\/yoast.com\/wordpress\/plugins\/seo\/ -->\n<title>ENERGY PLUS 600G - Energising powder for racing pigeons<\/title>\n<meta name=\"description\" content=\"Energize with fast and slow-absorbing carbs. Vitamin C fights fatigue, MSM reduces inflammation. Probiotics and prebiotics support gut health\" \/>\n<meta name=\"robots\" content=\"index, follow, max-snippet:-1, max-image-preview:large, max-video-preview:-1\" \/>\n<link rel=\"canonical\" href=\"https:\/\/cest-pharma.com\/pl\/energy-plus-600g\/\" \/>\n<meta property=\"og:locale\" content=\"pl_PL\" \/>\n<meta property=\"og:type\" content=\"article\" \/>\n<meta property=\"og:title\" content=\"ENERGY PLUS 600G - Energising powder for racing pigeons\" \/>\n<meta property=\"og:description\" content=\"Energize with fast and slow-absorbing carbs. Vitamin C fights fatigue, MSM reduces inflammation. Probiotics and prebiotics support gut health\" \/>\n<meta property=\"og:url\" content=\"https:\/\/cest-pharma.com\/pl\/energy-plus-600g\/\" \/>\n<meta property=\"og:site_name\" content=\"Cest Pharma\" \/>\n<meta property=\"article:modified_time\" content=\"2023-05-16T11:34:36+00:00\" \/>\n<meta property=\"og:image\" content=\"https:\/\/cest-pharma.com\/wp-content\/uploads\/2023\/05\/EW1A1359-scaled.jpg\" \/>\n\t<meta property=\"og:image:width\" content=\"2560\" \/>\n\t<meta property=\"og:image:height\" content=\"2560\" \/>\n\t<meta property=\"og:image:type\" content=\"image\/jpeg\" \/>\n<meta name=\"twitter:card\" content=\"summary_large_image\" \/>\n<meta name=\"twitter:label1\" content=\"Szacowany czas czytania\" \/>\n\t<meta name=\"twitter:data1\" content=\"4 minuty\" \/>\n<script type=\"application\/ld+json\" class=\"yoast-schema-graph\">{\"@context\":\"https:\/\/schema.org\",\"@graph\":[{\"@type\":\"WebPage\",\"@id\":\"https:\/\/cest-pharma.com\/energy-plus-600g\/\",\"url\":\"https:\/\/cest-pharma.com\/energy-plus-600g\/\",\"name\":\"ENERGY PLUS 600G - Energising powder for racing pigeons\",\"isPartOf\":{\"@id\":\"https:\/\/cest-pharma.com\/#website\"},\"datePublished\":\"2022-12-12T10:43:33+00:00\",\"dateModified\":\"2023-05-16T11:34:36+00:00\",\"description\":\"Energize with fast and slow-absorbing carbs. Vitamin C fights fatigue, MSM reduces inflammation. Probiotics and prebiotics support gut health\",\"breadcrumb\":{\"@id\":\"https:\/\/cest-pharma.com\/energy-plus-600g\/#breadcrumb\"},\"inLanguage\":\"pl-PL\",\"potentialAction\":[{\"@type\":\"ReadAction\",\"target\":[\"https:\/\/cest-pharma.com\/energy-plus-600g\/\"]}]},{\"@type\":\"BreadcrumbList\",\"@id\":\"https:\/\/cest-pharma.com\/energy-plus-600g\/#breadcrumb\",\"itemListElement\":[{\"@type\":\"ListItem\",\"position\":1,\"name\":\"Home\",\"item\":\"https:\/\/cest-pharma.com\/\"},{\"@type\":\"ListItem\",\"position\":2,\"name\":\"ENERGY PLUS 600g\"}]},{\"@type\":\"WebSite\",\"@id\":\"https:\/\/cest-pharma.com\/#website\",\"url\":\"https:\/\/cest-pharma.com\/\",\"name\":\"Cest Pharma\",\"description\":\"\",\"publisher\":{\"@id\":\"https:\/\/cest-pharma.com\/#organization\"},\"potentialAction\":[{\"@type\":\"SearchAction\",\"target\":{\"@type\":\"EntryPoint\",\"urlTemplate\":\"https:\/\/cest-pharma.com\/?s={search_term_string}\"},\"query-input\":\"required name=search_term_string\"}],\"inLanguage\":\"pl-PL\"},{\"@type\":\"Organization\",\"@id\":\"https:\/\/cest-pharma.com\/#organization\",\"name\":\"Cest Pharma\",\"url\":\"https:\/\/cest-pharma.com\/\",\"logo\":{\"@type\":\"ImageObject\",\"inLanguage\":\"pl-PL\",\"@id\":\"https:\/\/cest-pharma.com\/#\/schema\/logo\/image\/\",\"url\":\"https:\/\/cest-pharma.com\/wp-content\/uploads\/2023\/01\/cropped-Cest-Pharma-logo-font-corectat.png\",\"contentUrl\":\"https:\/\/cest-pharma.com\/wp-content\/uploads\/2023\/01\/cropped-Cest-Pharma-logo-font-corectat.png\",\"width\":1003,\"height\":777,\"caption\":\"Cest Pharma\"},\"image\":{\"@id\":\"https:\/\/cest-pharma.com\/#\/schema\/logo\/image\/\"}}]}<\/script>\n<!-- \/ Yoast SEO plugin. -->","yoast_head_json":{"title":"ENERGY PLUS 600G - Energising powder for racing pigeons","description":"Energize with fast and slow-absorbing carbs. Vitamin C fights fatigue, MSM reduces inflammation. Probiotics and prebiotics support gut health","robots":{"index":"index","follow":"follow","max-snippet":"max-snippet:-1","max-image-preview":"max-image-preview:large","max-video-preview":"max-video-preview:-1"},"canonical":"https:\/\/cest-pharma.com\/pl\/energy-plus-600g\/","og_locale":"pl_PL","og_type":"article","og_title":"ENERGY PLUS 600G - Energising powder for racing pigeons","og_description":"Energize with fast and slow-absorbing carbs. Vitamin C fights fatigue, MSM reduces inflammation. Probiotics and prebiotics support gut health","og_url":"https:\/\/cest-pharma.com\/pl\/energy-plus-600g\/","og_site_name":"Cest Pharma","article_modified_time":"2023-05-16T11:34:36+00:00","og_image":[{"width":2560,"height":2560,"url":"https:\/\/cest-pharma.com\/wp-content\/uploads\/2023\/05\/EW1A1359-scaled.jpg","type":"image\/jpeg"}],"twitter_card":"summary_large_image","twitter_misc":{"Szacowany czas czytania":"4 minuty"},"schema":{"@context":"https:\/\/schema.org","@graph":[{"@type":"WebPage","@id":"https:\/\/cest-pharma.com\/energy-plus-600g\/","url":"https:\/\/cest-pharma.com\/energy-plus-600g\/","name":"ENERGY PLUS 600G - Energising powder for racing pigeons","isPartOf":{"@id":"https:\/\/cest-pharma.com\/#website"},"datePublished":"2022-12-12T10:43:33+00:00","dateModified":"2023-05-16T11:34:36+00:00","description":"Energize with fast and slow-absorbing carbs. Vitamin C fights fatigue, MSM reduces inflammation. Probiotics and prebiotics support gut health","breadcrumb":{"@id":"https:\/\/cest-pharma.com\/energy-plus-600g\/#breadcrumb"},"inLanguage":"pl-PL","potentialAction":[{"@type":"ReadAction","target":["https:\/\/cest-pharma.com\/energy-plus-600g\/"]}]},{"@type":"BreadcrumbList","@id":"https:\/\/cest-pharma.com\/energy-plus-600g\/#breadcrumb","itemListElement":[{"@type":"ListItem","position":1,"name":"Home","item":"https:\/\/cest-pharma.com\/"},{"@type":"ListItem","position":2,"name":"ENERGY PLUS 600g"}]},{"@type":"WebSite","@id":"https:\/\/cest-pharma.com\/#website","url":"https:\/\/cest-pharma.com\/","name":"Cest Pharma","description":"","publisher":{"@id":"https:\/\/cest-pharma.com\/#organization"},"potentialAction":[{"@type":"SearchAction","target":{"@type":"EntryPoint","urlTemplate":"https:\/\/cest-pharma.com\/?s={search_term_string}"},"query-input":"required name=search_term_string"}],"inLanguage":"pl-PL"},{"@type":"Organization","@id":"https:\/\/cest-pharma.com\/#organization","name":"Cest Pharma","url":"https:\/\/cest-pharma.com\/","logo":{"@type":"ImageObject","inLanguage":"pl-PL","@id":"https:\/\/cest-pharma.com\/#\/schema\/logo\/image\/","url":"https:\/\/cest-pharma.com\/wp-content\/uploads\/2023\/01\/cropped-Cest-Pharma-logo-font-corectat.png","contentUrl":"https:\/\/cest-pharma.com\/wp-content\/uploads\/2023\/01\/cropped-Cest-Pharma-logo-font-corectat.png","width":1003,"height":777,"caption":"Cest Pharma"},"image":{"@id":"https:\/\/cest-pharma.com\/#\/schema\/logo\/image\/"}}]}},"_links":{"self":[{"href":"https:\/\/cest-pharma.com\/pl\/wp-json\/wp\/v2\/pages\/336"}],"collection":[{"href":"https:\/\/cest-pharma.com\/pl\/wp-json\/wp\/v2\/pages"}],"about":[{"href":"https:\/\/cest-pharma.com\/pl\/wp-json\/wp\/v2\/types\/page"}],"author":[{"embeddable":true,"href":"https:\/\/cest-pharma.com\/pl\/wp-json\/wp\/v2\/users\/1"}],"replies":[{"embeddable":true,"href":"https:\/\/cest-pharma.com\/pl\/wp-json\/wp\/v2\/comments?post=336"}],"version-history":[{"count":7,"href":"https:\/\/cest-pharma.com\/pl\/wp-json\/wp\/v2\/pages\/336\/revisions"}],"predecessor-version":[{"id":1166,"href":"https:\/\/cest-pharma.com\/pl\/wp-json\/wp\/v2\/pages\/336\/revisions\/1166"}],"wp:featuredmedia":[{"embeddable":true,"href":"https:\/\/cest-pharma.com\/pl\/wp-json\/wp\/v2\/media\/1163"}],"wp:attachment":[{"href":"https:\/\/cest-pharma.com\/pl\/wp-json\/wp\/v2\/media?parent=336"}],"curies":[{"name":"wp","href":"https:\/\/api.w.org\/{rel}","templated":true}]}}