{"id":891,"date":"2023-01-26T10:30:52","date_gmt":"2023-01-26T10:30:52","guid":{"rendered":"https:\/\/cest-pharma.com\/?page_id=891"},"modified":"2023-05-16T11:32:26","modified_gmt":"2023-05-16T11:32:26","slug":"fly-power-tab","status":"publish","type":"page","link":"https:\/\/cest-pharma.com\/pl\/fly-power-tab\/","title":{"rendered":"FLY POWER TAB"},"content":{"rendered":"<section class=\"fw-main-row\"  >\n\t<div class=\"fw-container-fluid\">\n\t\t<div class=\"fw-row\">\n\t<div class=\"fw-col-xs-12\">\n\t\n<section id=\"product\" class=\"p-0\">\n\t<div class=\"section-inner\">\n\t\t<div class=\"row\">\n\t\t\t<div class=\"col-md-6 d-flex justify-content-center align-items-center\">\n\t\t\t\t<div class=\"product-image gallerys\">\n\t\t\t\t\t<img width=\"1920\" height=\"1920\" src=\"https:\/\/cest-pharma.com\/wp-content\/uploads\/2023\/01\/fly-power-tab.png\" class=\"attachment-full size-full wp-post-image\" alt=\"\" decoding=\"async\" loading=\"lazy\" srcset=\"https:\/\/cest-pharma.com\/wp-content\/uploads\/2023\/01\/fly-power-tab.png 1920w, https:\/\/cest-pharma.com\/wp-content\/uploads\/2023\/01\/fly-power-tab-300x300.png 300w, https:\/\/cest-pharma.com\/wp-content\/uploads\/2023\/01\/fly-power-tab-1024x1024.png 1024w, https:\/\/cest-pharma.com\/wp-content\/uploads\/2023\/01\/fly-power-tab-150x150.png 150w, https:\/\/cest-pharma.com\/wp-content\/uploads\/2023\/01\/fly-power-tab-768x768.png 768w, https:\/\/cest-pharma.com\/wp-content\/uploads\/2023\/01\/fly-power-tab-1536x1536.png 1536w, https:\/\/cest-pharma.com\/wp-content\/uploads\/2023\/01\/fly-power-tab-12x12.png 12w, https:\/\/cest-pharma.com\/wp-content\/uploads\/2023\/01\/fly-power-tab-1200x1200.png 1200w\" sizes=\"(max-width: 1920px) 100vw, 1920px\" \/>\t\t\t\t\t<img width=\"1920\" height=\"1920\" src=\"https:\/\/cest-pharma.com\/wp-content\/uploads\/2023\/01\/fly-power-tab.png\" class=\"attachment- size-\" alt=\"\" decoding=\"async\" loading=\"lazy\" srcset=\"https:\/\/cest-pharma.com\/wp-content\/uploads\/2023\/01\/fly-power-tab.png 1920w, https:\/\/cest-pharma.com\/wp-content\/uploads\/2023\/01\/fly-power-tab-300x300.png 300w, https:\/\/cest-pharma.com\/wp-content\/uploads\/2023\/01\/fly-power-tab-1024x1024.png 1024w, https:\/\/cest-pharma.com\/wp-content\/uploads\/2023\/01\/fly-power-tab-150x150.png 150w, https:\/\/cest-pharma.com\/wp-content\/uploads\/2023\/01\/fly-power-tab-768x768.png 768w, https:\/\/cest-pharma.com\/wp-content\/uploads\/2023\/01\/fly-power-tab-1536x1536.png 1536w, https:\/\/cest-pharma.com\/wp-content\/uploads\/2023\/01\/fly-power-tab-12x12.png 12w, https:\/\/cest-pharma.com\/wp-content\/uploads\/2023\/01\/fly-power-tab-1200x1200.png 1200w\" sizes=\"(max-width: 1920px) 100vw, 1920px\" \/>\t\t\t\t<\/div>\n \t\t\t    <div class=\"socials\">\n\t\t\t      <div class=\"sticky\">\n\t\t\t\t  <ul>\n\t\t\t\t\t<li>\n\t\t\t\t\t\t<a href=\"\/\/www.facebook.com\/sharer.php?u=https:\/\/cest-pharma.com\/pl\/fly-power-tab\/\" class=\"social-sharing-item-block facebook\" title=\"Facebook\" onclick=\"event.preventDefault(); javascript:window.open(this.href, '', 'menubar=no,toolbar=no,resizable=yes,scrollbars=yes,height=220,width=600');return false;\">\n\t\t\t\t\t\t    <!-- <i class=\"fa fa-facebook social-sharing-icon\"><\/i> -->\n\t\t\t\t\t\t    <img src=\"\/wp-content\/uploads\/2022\/12\/facebook-1.png\">\n\t\t\t\t\t\t<\/a>\n\t\t\t\t\t<\/li>\n\t\t\t\t\t<li>\n\t\t\t\t\t\t<a href=\"\/\/linkedin.com\/share?url=https:\/\/cest-pharma.com\/pl\/fly-power-tab\/&amp;text=FLY+POWER+TAB\" class=\"social-sharing-item-block twitter\" title=\"linkedin\" onclick=\"javascript:window.open(this.href, '', 'menubar=no,toolbar=no,resizable=yes,scrollbars=yes,height=260,width=600');return false;\">\n\t\t\t\t\t\t    <!-- <i class=\"fa fa-twitter social-sharing-icon\"><\/i> -->\n\t\t\t\t\t\t\t<img src=\"\/wp-content\/uploads\/2022\/12\/linkedin.png\">\n\t\t\t\t\t\t<\/a>\n\t\t\t\t\t<\/li>\n\t\t\t\t\t<li>\n\t\t\t\t\t\t<a href=\"\/\/twitter.com\/share?url=https:\/\/cest-pharma.com\/pl\/fly-power-tab\/&amp;text=FLY+POWER+TAB\" class=\"social-sharing-item-block twitter\" title=\"linkedin\" onclick=\"javascript:window.open(this.href, '', 'menubar=no,toolbar=no,resizable=yes,scrollbars=yes,height=260,width=600');return false;\">\n\t\t\t\t\t\t    <!-- <i class=\"fa fa-twitter social-sharing-icon\"><\/i> -->\n\t\t\t\t\t\t\t<img src=\"\/wp-content\/uploads\/2022\/12\/twitter.png\">\n\t\t\t\t\t\t<\/a>\n\t\t\t\t\t<\/li>\n\t\t\t\t<\/ul>\n\t\t\t<\/div>\n\t\t<\/div>\n\t\t\t<\/div>\n\t\t\t<div class=\"col-md-6\">\n\t\t\t\t<div class=\"title-product\">\n\t\t\t\t\tFLY POWER TAB\t\t\t\t<\/div>\n\t\t\t\t\t\t\t\t\t<div class=\"box-desc-title\">\n\t\t\t\t\t\tWSKAZANIA:\t\t\t\t\t<\/div>\n\t\t\t\t\t<div class=\"box-desc\">\n\t\t\t\t\t\t<p>To koncentrat fizjologicznych sk\u0142adnik\u00f3w od\u017cywczych, kt\u00f3re buduj\u0105 i wzmacniaj\u0105 zdrowy organizm, odporny na wysi\u0142ek fizyczny, przem\u0119czenie, stres i choroby. FLY POWER zosta\u0142 r\u00f3wnie\u017c zaprojektowany w postaci tabletek jako indywidualny spos\u00f3b podawania, aby zapewni\u0107, \u017ce ka\u017cdy go\u0142\u0105b otrzyma\u0142 odpowiedni\u0105 dawk\u0119. W ten spos\u00f3b szanse na wykorzystanie przez produkt potencja\u0142u, dla kt\u00f3rego zosta\u0142 stworzony, wzrastaj\u0105 wyk\u0142adniczo: poprawiaj\u0105c wydolno\u015b\u0107 fizyczn\u0105 w okresach wysi\u0142ku i zwi\u0119kszaj\u0105c \u017cywotno\u015b\u0107 sportow\u0105 go\u0142\u0119bi.<\/p>\t\t\t\t\t<\/div>\n\t\t\t\t\t\t\t\t\t<div class=\"box-desc-title\">\n\t\t\t\t\t\tKOMPOZYCJA:\t\t\t\t\t<\/div>\n\t\t\t\t\t<div class=\"box-desc\">\n\t\t\t\t\t\t<p>Maltodekstryna, dekstroza, fruktoza, dro\u017cd\u017ce i ich cz\u0119\u015bci (Saccharomyces cerevisiae), MSM (Metilsulfonilmetan), glukan, ekstrakt z pancerza (80% sylimaryny), propolis.<\/p>\t\t\t\t\t<\/div>\n\t\t\t\t\t\t\t\t\t<div class=\"box-desc-title\">\n\t\t\t\t\t\tPODAWANIE:\t\t\t\t\t<\/div>\n\t\t\t\t\t<div class=\"box-desc\">\n\t\t\t\t\t\t<p>1 tabletka na go\u0142\u0119bia<br \/>od 2 do 6 dni podawania przed lotem<\/p>\t\t\t\t\t<\/div>\n\t\t\t\t\t\t\t<\/div>\n\t\t\t<div class=\"button-resellers d-flex justify-content-center align-items-center\">\n\t\t\t\t<a href=\"https:\/\/cest-pharma.com\/pl\/o-nas\/\" target=\"_self\" class=\"fw-btn fw-btn-1\">\n\t\t\t\t\t<span><img src=\"\/wp-content\/uploads\/2022\/11\/Cart.png\" class=\"d-inline\"> Kup teraz<\/span>\n\t\t\t\t<\/a>\n\t\t\t<\/div>\n\t\t<\/div>\n\t\t<div class=\"row related\">\n\t\t\t<div class=\"category-related\">\n\t\t\t\tProdukty powi\u0105zane\t\t\t<\/div>\n\t\t\t<div class=\"swiper-related\">\n\t\t\t\t<!-- Swiper -->\n\t\t\t\t<div class=\"swiper mySwiper\">\n\t\t\t\t\t<div class=\"swiper-wrapper\">\n\t\t\t\t\t\t\t\t\t\t\t<div class=\"swiper-slide gallerys\">\n\t\t\t\t\t\t\t<a href=\"\/pl\/energy-plus-300g\/\" target=\"_self\" class=\"fw-btn fw-btn-1\">\n\t\t\t\t\t\t\t\t<div class=\"image_related\">\n\t\t\t\t\t\t\t\t\t<img width=\"1920\" height=\"1920\" src=\"https:\/\/cest-pharma.com\/wp-content\/uploads\/2023\/01\/fly-power-tab.png\" class=\"attachment-full size-full wp-post-image\" alt=\"\" decoding=\"async\" loading=\"lazy\" srcset=\"https:\/\/cest-pharma.com\/wp-content\/uploads\/2023\/01\/fly-power-tab.png 1920w, https:\/\/cest-pharma.com\/wp-content\/uploads\/2023\/01\/fly-power-tab-300x300.png 300w, https:\/\/cest-pharma.com\/wp-content\/uploads\/2023\/01\/fly-power-tab-1024x1024.png 1024w, https:\/\/cest-pharma.com\/wp-content\/uploads\/2023\/01\/fly-power-tab-150x150.png 150w, https:\/\/cest-pharma.com\/wp-content\/uploads\/2023\/01\/fly-power-tab-768x768.png 768w, https:\/\/cest-pharma.com\/wp-content\/uploads\/2023\/01\/fly-power-tab-1536x1536.png 1536w, https:\/\/cest-pharma.com\/wp-content\/uploads\/2023\/01\/fly-power-tab-12x12.png 12w, https:\/\/cest-pharma.com\/wp-content\/uploads\/2023\/01\/fly-power-tab-1200x1200.png 1200w\" sizes=\"(max-width: 1920px) 100vw, 1920px\" \/>\t\t\t\t\t\t\t\t\t<img width=\"1920\" height=\"1920\" src=\"https:\/\/cest-pharma.com\/wp-content\/uploads\/2022\/12\/06.07.2021-Columbovet-15.png\" class=\"attachment- size-\" alt=\"\" decoding=\"async\" loading=\"lazy\" srcset=\"https:\/\/cest-pharma.com\/wp-content\/uploads\/2022\/12\/06.07.2021-Columbovet-15.png 1920w, https:\/\/cest-pharma.com\/wp-content\/uploads\/2022\/12\/06.07.2021-Columbovet-15-300x300.png 300w, https:\/\/cest-pharma.com\/wp-content\/uploads\/2022\/12\/06.07.2021-Columbovet-15-1024x1024.png 1024w, https:\/\/cest-pharma.com\/wp-content\/uploads\/2022\/12\/06.07.2021-Columbovet-15-150x150.png 150w, https:\/\/cest-pharma.com\/wp-content\/uploads\/2022\/12\/06.07.2021-Columbovet-15-768x768.png 768w, https:\/\/cest-pharma.com\/wp-content\/uploads\/2022\/12\/06.07.2021-Columbovet-15-1536x1536.png 1536w, https:\/\/cest-pharma.com\/wp-content\/uploads\/2022\/12\/06.07.2021-Columbovet-15-12x12.png 12w, https:\/\/cest-pharma.com\/wp-content\/uploads\/2022\/12\/06.07.2021-Columbovet-15-1200x1200.png 1200w\" sizes=\"(max-width: 1920px) 100vw, 1920px\" \/>\t\t\t\t\t\t\t\t<\/div>\n\t\t\t\t\t\t\t\t<div class=\"name_related\">\n\t\t\t\t\t\t\t\t\tENERGY PLUS 300g\t\t\t\t\t\t\t\t<\/div>\n\t\t\t\t\t\t\t<\/a>\n\t\t\t\t\t\t<\/div>\n\t\t\t\t\t\t\t\t\t\t\t<div class=\"swiper-slide gallerys\">\n\t\t\t\t\t\t\t<a href=\"https:\/\/cest-pharma.com\/pl\/yellow-drops-100ml\/\" target=\"_self\" class=\"fw-btn fw-btn-1\">\n\t\t\t\t\t\t\t\t<div class=\"image_related\">\n\t\t\t\t\t\t\t\t\t<img width=\"1920\" height=\"1920\" src=\"https:\/\/cest-pharma.com\/wp-content\/uploads\/2023\/01\/fly-power-tab.png\" class=\"attachment-full size-full wp-post-image\" alt=\"\" decoding=\"async\" loading=\"lazy\" srcset=\"https:\/\/cest-pharma.com\/wp-content\/uploads\/2023\/01\/fly-power-tab.png 1920w, https:\/\/cest-pharma.com\/wp-content\/uploads\/2023\/01\/fly-power-tab-300x300.png 300w, https:\/\/cest-pharma.com\/wp-content\/uploads\/2023\/01\/fly-power-tab-1024x1024.png 1024w, https:\/\/cest-pharma.com\/wp-content\/uploads\/2023\/01\/fly-power-tab-150x150.png 150w, https:\/\/cest-pharma.com\/wp-content\/uploads\/2023\/01\/fly-power-tab-768x768.png 768w, https:\/\/cest-pharma.com\/wp-content\/uploads\/2023\/01\/fly-power-tab-1536x1536.png 1536w, https:\/\/cest-pharma.com\/wp-content\/uploads\/2023\/01\/fly-power-tab-12x12.png 12w, https:\/\/cest-pharma.com\/wp-content\/uploads\/2023\/01\/fly-power-tab-1200x1200.png 1200w\" sizes=\"(max-width: 1920px) 100vw, 1920px\" \/>\t\t\t\t\t\t\t\t\t<img width=\"1920\" height=\"1920\" src=\"https:\/\/cest-pharma.com\/wp-content\/uploads\/2022\/12\/06.07.2021-Columbovet-34.png\" class=\"attachment- size-\" alt=\"\" decoding=\"async\" loading=\"lazy\" srcset=\"https:\/\/cest-pharma.com\/wp-content\/uploads\/2022\/12\/06.07.2021-Columbovet-34.png 1920w, https:\/\/cest-pharma.com\/wp-content\/uploads\/2022\/12\/06.07.2021-Columbovet-34-300x300.png 300w, https:\/\/cest-pharma.com\/wp-content\/uploads\/2022\/12\/06.07.2021-Columbovet-34-1024x1024.png 1024w, https:\/\/cest-pharma.com\/wp-content\/uploads\/2022\/12\/06.07.2021-Columbovet-34-150x150.png 150w, https:\/\/cest-pharma.com\/wp-content\/uploads\/2022\/12\/06.07.2021-Columbovet-34-768x768.png 768w, https:\/\/cest-pharma.com\/wp-content\/uploads\/2022\/12\/06.07.2021-Columbovet-34-1536x1536.png 1536w, https:\/\/cest-pharma.com\/wp-content\/uploads\/2022\/12\/06.07.2021-Columbovet-34-12x12.png 12w, https:\/\/cest-pharma.com\/wp-content\/uploads\/2022\/12\/06.07.2021-Columbovet-34-1200x1200.png 1200w\" sizes=\"(max-width: 1920px) 100vw, 1920px\" \/>\t\t\t\t\t\t\t\t<\/div>\n\t\t\t\t\t\t\t\t<div class=\"name_related\">\n\t\t\t\t\t\t\t\t\tYELLOW DROPS 100ml\t\t\t\t\t\t\t\t<\/div>\n\t\t\t\t\t\t\t<\/a>\n\t\t\t\t\t\t<\/div>\n\t\t\t\t\t\t\t\t\t\t\t<div class=\"swiper-slide gallerys\">\n\t\t\t\t\t\t\t<a href=\"\/pl\/vit-amino-250ml\/\" target=\"_self\" class=\"fw-btn fw-btn-1\">\n\t\t\t\t\t\t\t\t<div class=\"image_related\">\n\t\t\t\t\t\t\t\t\t<img width=\"1920\" height=\"1920\" src=\"https:\/\/cest-pharma.com\/wp-content\/uploads\/2023\/01\/fly-power-tab.png\" class=\"attachment-full size-full wp-post-image\" alt=\"\" decoding=\"async\" loading=\"lazy\" srcset=\"https:\/\/cest-pharma.com\/wp-content\/uploads\/2023\/01\/fly-power-tab.png 1920w, https:\/\/cest-pharma.com\/wp-content\/uploads\/2023\/01\/fly-power-tab-300x300.png 300w, https:\/\/cest-pharma.com\/wp-content\/uploads\/2023\/01\/fly-power-tab-1024x1024.png 1024w, https:\/\/cest-pharma.com\/wp-content\/uploads\/2023\/01\/fly-power-tab-150x150.png 150w, https:\/\/cest-pharma.com\/wp-content\/uploads\/2023\/01\/fly-power-tab-768x768.png 768w, https:\/\/cest-pharma.com\/wp-content\/uploads\/2023\/01\/fly-power-tab-1536x1536.png 1536w, https:\/\/cest-pharma.com\/wp-content\/uploads\/2023\/01\/fly-power-tab-12x12.png 12w, https:\/\/cest-pharma.com\/wp-content\/uploads\/2023\/01\/fly-power-tab-1200x1200.png 1200w\" sizes=\"(max-width: 1920px) 100vw, 1920px\" \/>\t\t\t\t\t\t\t\t\t<img width=\"1920\" height=\"1920\" src=\"https:\/\/cest-pharma.com\/wp-content\/uploads\/2022\/12\/vit_amino_web2-4-2.png\" class=\"attachment- size-\" alt=\"\" decoding=\"async\" loading=\"lazy\" srcset=\"https:\/\/cest-pharma.com\/wp-content\/uploads\/2022\/12\/vit_amino_web2-4-2.png 1920w, https:\/\/cest-pharma.com\/wp-content\/uploads\/2022\/12\/vit_amino_web2-4-2-300x300.png 300w, https:\/\/cest-pharma.com\/wp-content\/uploads\/2022\/12\/vit_amino_web2-4-2-1024x1024.png 1024w, https:\/\/cest-pharma.com\/wp-content\/uploads\/2022\/12\/vit_amino_web2-4-2-150x150.png 150w, https:\/\/cest-pharma.com\/wp-content\/uploads\/2022\/12\/vit_amino_web2-4-2-768x768.png 768w, https:\/\/cest-pharma.com\/wp-content\/uploads\/2022\/12\/vit_amino_web2-4-2-1536x1536.png 1536w, https:\/\/cest-pharma.com\/wp-content\/uploads\/2022\/12\/vit_amino_web2-4-2-12x12.png 12w, https:\/\/cest-pharma.com\/wp-content\/uploads\/2022\/12\/vit_amino_web2-4-2-1200x1200.png 1200w\" sizes=\"(max-width: 1920px) 100vw, 1920px\" \/>\t\t\t\t\t\t\t\t<\/div>\n\t\t\t\t\t\t\t\t<div class=\"name_related\">\n\t\t\t\t\t\t\t\t\tVIT AMINO 250ml\t\t\t\t\t\t\t\t<\/div>\n\t\t\t\t\t\t\t<\/a>\n\t\t\t\t\t\t<\/div>\n\t\t\t\t\t\t\t\t\t\t\t<div class=\"swiper-slide gallerys\">\n\t\t\t\t\t\t\t<a href=\"https:\/\/cest-pharma.com\/pl\/tricogo-500ml-1000ml\/\" target=\"_self\" class=\"fw-btn fw-btn-1\">\n\t\t\t\t\t\t\t\t<div class=\"image_related\">\n\t\t\t\t\t\t\t\t\t<img width=\"1920\" height=\"1920\" src=\"https:\/\/cest-pharma.com\/wp-content\/uploads\/2023\/01\/fly-power-tab.png\" class=\"attachment-full size-full wp-post-image\" alt=\"\" decoding=\"async\" loading=\"lazy\" srcset=\"https:\/\/cest-pharma.com\/wp-content\/uploads\/2023\/01\/fly-power-tab.png 1920w, https:\/\/cest-pharma.com\/wp-content\/uploads\/2023\/01\/fly-power-tab-300x300.png 300w, https:\/\/cest-pharma.com\/wp-content\/uploads\/2023\/01\/fly-power-tab-1024x1024.png 1024w, https:\/\/cest-pharma.com\/wp-content\/uploads\/2023\/01\/fly-power-tab-150x150.png 150w, https:\/\/cest-pharma.com\/wp-content\/uploads\/2023\/01\/fly-power-tab-768x768.png 768w, https:\/\/cest-pharma.com\/wp-content\/uploads\/2023\/01\/fly-power-tab-1536x1536.png 1536w, https:\/\/cest-pharma.com\/wp-content\/uploads\/2023\/01\/fly-power-tab-12x12.png 12w, https:\/\/cest-pharma.com\/wp-content\/uploads\/2023\/01\/fly-power-tab-1200x1200.png 1200w\" sizes=\"(max-width: 1920px) 100vw, 1920px\" \/>\t\t\t\t\t\t\t\t\t<img width=\"1920\" height=\"1920\" src=\"https:\/\/cest-pharma.com\/wp-content\/uploads\/2022\/12\/EW1A2891-1.png\" class=\"attachment- size-\" alt=\"\" decoding=\"async\" loading=\"lazy\" srcset=\"https:\/\/cest-pharma.com\/wp-content\/uploads\/2022\/12\/EW1A2891-1.png 1920w, https:\/\/cest-pharma.com\/wp-content\/uploads\/2022\/12\/EW1A2891-1-300x300.png 300w, https:\/\/cest-pharma.com\/wp-content\/uploads\/2022\/12\/EW1A2891-1-1024x1024.png 1024w, https:\/\/cest-pharma.com\/wp-content\/uploads\/2022\/12\/EW1A2891-1-150x150.png 150w, https:\/\/cest-pharma.com\/wp-content\/uploads\/2022\/12\/EW1A2891-1-768x768.png 768w, https:\/\/cest-pharma.com\/wp-content\/uploads\/2022\/12\/EW1A2891-1-1536x1536.png 1536w, https:\/\/cest-pharma.com\/wp-content\/uploads\/2022\/12\/EW1A2891-1-12x12.png 12w, https:\/\/cest-pharma.com\/wp-content\/uploads\/2022\/12\/EW1A2891-1-1200x1200.png 1200w\" sizes=\"(max-width: 1920px) 100vw, 1920px\" \/>\t\t\t\t\t\t\t\t<\/div>\n\t\t\t\t\t\t\t\t<div class=\"name_related\">\n\t\t\t\t\t\t\t\t\tTRICOGO 500ml\/1000ml\t\t\t\t\t\t\t\t<\/div>\n\t\t\t\t\t\t\t<\/a>\n\t\t\t\t\t\t<\/div>\n\t\t\t\t\t\t\t\t\t\t<\/div>\n\t\t\t\t\t<div class=\"swiper-button-next\"><\/div>\n\t\t\t\t\t<div class=\"swiper-button-prev\"><\/div>\n\t\t\t\t<\/div>\n\t\t\t<\/div>\n\t\t<\/div>\n\t<\/div>\n<\/section>\n\n<!-- Swiper JS -->\n<script src=\"https:\/\/cdn.jsdelivr.net\/npm\/swiper\/swiper-bundle.min.js\"><\/script>\n\n<!-- Initialize Swiper -->\n<script>\n\tvar swiper = new Swiper(\".mySwiper\", {\n\tslidesPerView: 1,\n\tspaceBetween: 30,\n\tloop: true,\n    autoplay: {\n      delay: 2500,\n      disableOnInteraction: false,\n    },\n\tnavigation: {\n\t\tnextEl: \".swiper-button-next\",\n\t\tprevEl: \".swiper-button-prev\",\n\t},\n\tbreakpoints: {\n          640: {\n            slidesPerView: 2,\n            spaceBetween: 10,\n          },\n          768: {\n            slidesPerView: 3,\n            spaceBetween: 30,\n          },\n          1024: {\n            slidesPerView: 4,\n            spaceBetween: 30,\n          },\n        },\n\t});\n<\/script>\n<\/div>\n<\/div>\n\n\t<\/div>\n<\/section>","protected":false},"excerpt":{"rendered":"<p>FLY POWER TAB INDICATIONS: It is a concentrate of nutritional physiological elements that build and strengthen a healthy organism, resistant to physical effort, fatigue, stress and illness. FLY POWER was also designed in the form of tablets as an individual administration measure, to ensure that each pigeon was treated with the appropriate dose. In this [&hellip;]<\/p>","protected":false},"author":1,"featured_media":893,"parent":0,"menu_order":0,"comment_status":"closed","ping_status":"closed","template":"","meta":[],"yoast_head":"<!-- This site is optimized with the Yoast SEO plugin v19.11 - https:\/\/yoast.com\/wordpress\/plugins\/seo\/ -->\n<title>FLY POWER - Increase the performance of your racing pigeons<\/title>\n<meta name=\"description\" content=\"&quot;Strengthen and boost pigeon health with FLY POWER. Improve physical performance, resilience, and sporting longevity.\" \/>\n<meta name=\"robots\" content=\"index, follow, max-snippet:-1, max-image-preview:large, max-video-preview:-1\" \/>\n<link rel=\"canonical\" href=\"https:\/\/cest-pharma.com\/pl\/fly-power-tab\/\" \/>\n<meta property=\"og:locale\" content=\"pl_PL\" \/>\n<meta property=\"og:type\" content=\"article\" \/>\n<meta property=\"og:title\" content=\"FLY POWER - Increase the performance of your racing pigeons\" \/>\n<meta property=\"og:description\" content=\"&quot;Strengthen and boost pigeon health with FLY POWER. Improve physical performance, resilience, and sporting longevity.\" \/>\n<meta property=\"og:url\" content=\"https:\/\/cest-pharma.com\/pl\/fly-power-tab\/\" \/>\n<meta property=\"og:site_name\" content=\"Cest Pharma\" \/>\n<meta property=\"article:modified_time\" content=\"2023-05-16T11:32:26+00:00\" \/>\n<meta property=\"og:image\" content=\"https:\/\/cest-pharma.com\/wp-content\/uploads\/2023\/01\/fly-power-tab.png\" \/>\n\t<meta property=\"og:image:width\" content=\"1920\" \/>\n\t<meta property=\"og:image:height\" content=\"1920\" \/>\n\t<meta property=\"og:image:type\" content=\"image\/png\" \/>\n<meta name=\"twitter:card\" content=\"summary_large_image\" \/>\n<meta name=\"twitter:label1\" content=\"Szacowany czas czytania\" \/>\n\t<meta name=\"twitter:data1\" content=\"4 minuty\" \/>\n<script type=\"application\/ld+json\" class=\"yoast-schema-graph\">{\"@context\":\"https:\/\/schema.org\",\"@graph\":[{\"@type\":\"WebPage\",\"@id\":\"https:\/\/cest-pharma.com\/fly-power-tab\/\",\"url\":\"https:\/\/cest-pharma.com\/fly-power-tab\/\",\"name\":\"FLY POWER - Increase the performance of your racing pigeons\",\"isPartOf\":{\"@id\":\"https:\/\/cest-pharma.com\/#website\"},\"datePublished\":\"2023-01-26T10:30:52+00:00\",\"dateModified\":\"2023-05-16T11:32:26+00:00\",\"description\":\"\\\"Strengthen and boost pigeon health with FLY POWER. Improve physical performance, resilience, and sporting longevity.\",\"breadcrumb\":{\"@id\":\"https:\/\/cest-pharma.com\/fly-power-tab\/#breadcrumb\"},\"inLanguage\":\"pl-PL\",\"potentialAction\":[{\"@type\":\"ReadAction\",\"target\":[\"https:\/\/cest-pharma.com\/fly-power-tab\/\"]}]},{\"@type\":\"BreadcrumbList\",\"@id\":\"https:\/\/cest-pharma.com\/fly-power-tab\/#breadcrumb\",\"itemListElement\":[{\"@type\":\"ListItem\",\"position\":1,\"name\":\"Home\",\"item\":\"https:\/\/cest-pharma.com\/\"},{\"@type\":\"ListItem\",\"position\":2,\"name\":\"FLY POWER TAB\"}]},{\"@type\":\"WebSite\",\"@id\":\"https:\/\/cest-pharma.com\/#website\",\"url\":\"https:\/\/cest-pharma.com\/\",\"name\":\"Cest Pharma\",\"description\":\"\",\"publisher\":{\"@id\":\"https:\/\/cest-pharma.com\/#organization\"},\"potentialAction\":[{\"@type\":\"SearchAction\",\"target\":{\"@type\":\"EntryPoint\",\"urlTemplate\":\"https:\/\/cest-pharma.com\/?s={search_term_string}\"},\"query-input\":\"required name=search_term_string\"}],\"inLanguage\":\"pl-PL\"},{\"@type\":\"Organization\",\"@id\":\"https:\/\/cest-pharma.com\/#organization\",\"name\":\"Cest Pharma\",\"url\":\"https:\/\/cest-pharma.com\/\",\"logo\":{\"@type\":\"ImageObject\",\"inLanguage\":\"pl-PL\",\"@id\":\"https:\/\/cest-pharma.com\/#\/schema\/logo\/image\/\",\"url\":\"https:\/\/cest-pharma.com\/wp-content\/uploads\/2023\/01\/cropped-Cest-Pharma-logo-font-corectat.png\",\"contentUrl\":\"https:\/\/cest-pharma.com\/wp-content\/uploads\/2023\/01\/cropped-Cest-Pharma-logo-font-corectat.png\",\"width\":1003,\"height\":777,\"caption\":\"Cest Pharma\"},\"image\":{\"@id\":\"https:\/\/cest-pharma.com\/#\/schema\/logo\/image\/\"}}]}<\/script>\n<!-- \/ Yoast SEO plugin. -->","yoast_head_json":{"title":"FLY POWER - Increase the performance of your racing pigeons","description":"\"Strengthen and boost pigeon health with FLY POWER. Improve physical performance, resilience, and sporting longevity.","robots":{"index":"index","follow":"follow","max-snippet":"max-snippet:-1","max-image-preview":"max-image-preview:large","max-video-preview":"max-video-preview:-1"},"canonical":"https:\/\/cest-pharma.com\/pl\/fly-power-tab\/","og_locale":"pl_PL","og_type":"article","og_title":"FLY POWER - Increase the performance of your racing pigeons","og_description":"\"Strengthen and boost pigeon health with FLY POWER. Improve physical performance, resilience, and sporting longevity.","og_url":"https:\/\/cest-pharma.com\/pl\/fly-power-tab\/","og_site_name":"Cest Pharma","article_modified_time":"2023-05-16T11:32:26+00:00","og_image":[{"width":1920,"height":1920,"url":"https:\/\/cest-pharma.com\/wp-content\/uploads\/2023\/01\/fly-power-tab.png","type":"image\/png"}],"twitter_card":"summary_large_image","twitter_misc":{"Szacowany czas czytania":"4 minuty"},"schema":{"@context":"https:\/\/schema.org","@graph":[{"@type":"WebPage","@id":"https:\/\/cest-pharma.com\/fly-power-tab\/","url":"https:\/\/cest-pharma.com\/fly-power-tab\/","name":"FLY POWER - Increase the performance of your racing pigeons","isPartOf":{"@id":"https:\/\/cest-pharma.com\/#website"},"datePublished":"2023-01-26T10:30:52+00:00","dateModified":"2023-05-16T11:32:26+00:00","description":"\"Strengthen and boost pigeon health with FLY POWER. Improve physical performance, resilience, and sporting longevity.","breadcrumb":{"@id":"https:\/\/cest-pharma.com\/fly-power-tab\/#breadcrumb"},"inLanguage":"pl-PL","potentialAction":[{"@type":"ReadAction","target":["https:\/\/cest-pharma.com\/fly-power-tab\/"]}]},{"@type":"BreadcrumbList","@id":"https:\/\/cest-pharma.com\/fly-power-tab\/#breadcrumb","itemListElement":[{"@type":"ListItem","position":1,"name":"Home","item":"https:\/\/cest-pharma.com\/"},{"@type":"ListItem","position":2,"name":"FLY POWER TAB"}]},{"@type":"WebSite","@id":"https:\/\/cest-pharma.com\/#website","url":"https:\/\/cest-pharma.com\/","name":"Cest Pharma","description":"","publisher":{"@id":"https:\/\/cest-pharma.com\/#organization"},"potentialAction":[{"@type":"SearchAction","target":{"@type":"EntryPoint","urlTemplate":"https:\/\/cest-pharma.com\/?s={search_term_string}"},"query-input":"required name=search_term_string"}],"inLanguage":"pl-PL"},{"@type":"Organization","@id":"https:\/\/cest-pharma.com\/#organization","name":"Cest Pharma","url":"https:\/\/cest-pharma.com\/","logo":{"@type":"ImageObject","inLanguage":"pl-PL","@id":"https:\/\/cest-pharma.com\/#\/schema\/logo\/image\/","url":"https:\/\/cest-pharma.com\/wp-content\/uploads\/2023\/01\/cropped-Cest-Pharma-logo-font-corectat.png","contentUrl":"https:\/\/cest-pharma.com\/wp-content\/uploads\/2023\/01\/cropped-Cest-Pharma-logo-font-corectat.png","width":1003,"height":777,"caption":"Cest Pharma"},"image":{"@id":"https:\/\/cest-pharma.com\/#\/schema\/logo\/image\/"}}]}},"_links":{"self":[{"href":"https:\/\/cest-pharma.com\/pl\/wp-json\/wp\/v2\/pages\/891"}],"collection":[{"href":"https:\/\/cest-pharma.com\/pl\/wp-json\/wp\/v2\/pages"}],"about":[{"href":"https:\/\/cest-pharma.com\/pl\/wp-json\/wp\/v2\/types\/page"}],"author":[{"embeddable":true,"href":"https:\/\/cest-pharma.com\/pl\/wp-json\/wp\/v2\/users\/1"}],"replies":[{"embeddable":true,"href":"https:\/\/cest-pharma.com\/pl\/wp-json\/wp\/v2\/comments?post=891"}],"version-history":[{"count":2,"href":"https:\/\/cest-pharma.com\/pl\/wp-json\/wp\/v2\/pages\/891\/revisions"}],"predecessor-version":[{"id":894,"href":"https:\/\/cest-pharma.com\/pl\/wp-json\/wp\/v2\/pages\/891\/revisions\/894"}],"wp:featuredmedia":[{"embeddable":true,"href":"https:\/\/cest-pharma.com\/pl\/wp-json\/wp\/v2\/media\/893"}],"wp:attachment":[{"href":"https:\/\/cest-pharma.com\/pl\/wp-json\/wp\/v2\/media?parent=891"}],"curies":[{"name":"wp","href":"https:\/\/api.w.org\/{rel}","templated":true}]}}