{"id":111,"date":"2022-11-30T15:37:50","date_gmt":"2022-11-30T15:37:50","guid":{"rendered":"http:\/\/cest-pharma\/?page_id=111"},"modified":"2022-12-19T14:20:34","modified_gmt":"2022-12-19T14:20:34","slug":"privacy-policy","status":"publish","type":"page","link":"https:\/\/cest-pharma.com\/pt\/politica-de-privacidade\/","title":{"rendered":"Pol\u00edtica de Privacidade"},"content":{"rendered":"<section class=\"fw-main-row\"  >\n\t<div class=\"fw-container\">\n\t\t<div class=\"fw-row\">\n\t<div class=\"fw-col-xs-12\">\n\t<h4>Quem somos n\u00f3s:<\/h4><p>O endere\u00e7o do nosso site \u00e9: https:\/\/www.cest-pharma.com.<\/p><h4>Quais dados pessoais coletamos e por que os coletamos:<\/h4><h5>Coment\u00e1rios<\/h5><p>Quando os visitantes deixam coment\u00e1rios no site, coletamos os dados exibidos no formul\u00e1rio de coment\u00e1rios, bem como o endere\u00e7o IP do visitante e a string do agente do usu\u00e1rio do navegador para ajudar a detectar spam.<\/p><p>Uma string an\u00f4nima criada a partir do seu endere\u00e7o de e-mail (tamb\u00e9m chamado de hash) pode ser fornecida ao servi\u00e7o Gravatar para ver se voc\u00ea a usa. A pol\u00edtica de privacidade do servi\u00e7o Gravatar est\u00e1 dispon\u00edvel aqui: https:\/\/automattic.com\/privacy\/. Depois que seu coment\u00e1rio for aprovado, sua foto de perfil ficar\u00e1 vis\u00edvel para o p\u00fablico no contexto de seu coment\u00e1rio.<\/p><h5>Mass-media<\/h5><p>Se voc\u00ea fizer upload de imagens para o site, evite fazer upload de imagens com dados de localiza\u00e7\u00e3o integrados (GPS EXIF) inclu\u00eddos. Os visitantes do site podem baixar e extrair quaisquer dados de localiza\u00e7\u00e3o das imagens no site.<\/p><h5>Formul\u00e1rios de contato<\/h5><h5>Cookies<\/h5><p>Se voc\u00ea deixar um coment\u00e1rio em nosso site, poder\u00e1 optar por salvar seu nome, endere\u00e7o de e-mail e site em cookies. Estes s\u00e3o para sua conveni\u00eancia, para que n\u00e3o tenha de voltar a preencher os seus dados quando deixar outro coment\u00e1rio. Esses cookies v\u00e3o durar um ano.<\/p><p>Se voc\u00ea tiver uma conta e entrar neste site, definiremos um cookie tempor\u00e1rio para determinar se o seu navegador aceita cookies. Este cookie n\u00e3o cont\u00e9m dados pessoais e \u00e9 exclu\u00eddo quando voc\u00ea fecha o navegador.<\/p><p>Quando voc\u00ea faz login, n\u00f3s tamb\u00e9m configuramos v\u00e1rios cookies para salvar suas informa\u00e7\u00f5es de login e op\u00e7\u00f5es de exibi\u00e7\u00e3o na tela. Os cookies de login duram dois dias e os cookies com op\u00e7\u00f5es de exibi\u00e7\u00e3o duram um ano. Se voc\u00ea selecionar \u2018Hold me back\u2019, seu login persistir\u00e1 por duas semanas. Se voc\u00ea sair da sua conta, os cookies de login ser\u00e3o removidos.<\/p><p>Se voc\u00ea editar ou publicar um artigo, um cookie adicional ser\u00e1 salvo em seu navegador.Este cookie n\u00e3o inclui dados pessoais e simplesmente indica o post ID do artigo que voc\u00ea acabou de editar. Expira ap\u00f3s 1 dia.<\/p><h5>Conte\u00fado incorporado de outros sites<\/h5><p>Os artigos neste site podem incluir conte\u00fado incorporado (por exemplo, v\u00eddeos, imagens, artigos, etc.). O conte\u00fado incorporado em outros sites se comporta exatamente da mesma maneira como se o visitante visitasse o outro site.<\/p><p>Esses sites podem coletar dados sobre voc\u00ea, usar cookies, incorporar rastreamento de terceiros adicional e monitorar sua intera\u00e7\u00e3o com esse conte\u00fado incorporado, incluindo o rastreamento de sua intera\u00e7\u00e3o com o conte\u00fado incorporado, se voc\u00ea tiver uma conta e estiver conectado a esse site.<\/p><h5>An\u00e1lise<\/h5><h4>Com quem compartilhamos seus dados:<\/h4><h4>Contanto que mantenhamos seus dados:<\/h4><p>Se voc\u00ea deixar um coment\u00e1rio, seu coment\u00e1rio e metadados ser\u00e3o mantidos indefinidamente. Isso \u00e9 para que possamos reconhecer e aprovar automaticamente quaisquer coment\u00e1rios subsequentes, em vez de mant\u00ea-los em uma fila de modera\u00e7\u00e3o.<\/p><p>Para usu\u00e1rios que se cadastram em nosso site (se houver), tamb\u00e9m armazenamos as informa\u00e7\u00f5es pessoais que eles fornecem em seu perfil de usu\u00e1rio. Todos os usu\u00e1rios podem visualizar, editar ou excluir suas informa\u00e7\u00f5es pessoais a qualquer momento (exceto que eles n\u00e3o podem alterar seu nome de usu\u00e1rio). Os administradores do site tamb\u00e9m podem visualizar e editar essas informa\u00e7\u00f5es.<\/p><h4>Que direitos voc\u00ea tem sobre seus dados:<\/h4><p>Se voc\u00ea possui uma conta neste site ou deixou coment\u00e1rios, pode solicitar o recebimento de um arquivo exportado com os dados pessoais que mantemos sobre voc\u00ea, incluindo quaisquer dados que voc\u00ea nos forneceu. Voc\u00ea tamb\u00e9m pode solicitar a exclus\u00e3o de quaisquer dados pessoais que tenhamos sobre voc\u00ea. Isso n\u00e3o inclui dados que somos obrigados a manter para fins administrativos, jur\u00eddicos ou de seguran\u00e7a.<\/p><h4>Para onde lhe enviamos os dados:<\/h4><p>Os coment\u00e1rios dos visitantes podem ser verificados por meio de um servi\u00e7o de detec\u00e7\u00e3o autom\u00e1tica de spam.<\/p><h5>Sua informa\u00e7\u00e3o de contato:<\/h5><h5>Informa\u00e7\u00e3o adicional:<\/h5><h5>Como protegemos seus dados<\/h5><h5>Quais procedimentos de viola\u00e7\u00e3o de dados est\u00e3o dispon\u00edveis para n\u00f3s<\/h5><h5>De quais terceiros recebemos dados<\/h5><h5>Que processo autom\u00e1tico de tomada de decis\u00e3o e \/ ou cria\u00e7\u00e3o de perfil fazemos com os dados do usu\u00e1rio<\/h5><h5>Requisitos de divulga\u00e7\u00e3o regulat\u00f3ria do setor<\/h5><\/div>\n<\/div>\n\n\t<\/div>\n<\/section>","protected":false},"excerpt":{"rendered":"<p>Who we are:Our website address is: https:\/\/www.cest-pharma.com.What personal data we collect and why we collect it:CommentsWhen visitors leave comments on the site we collect the data shown in the comments form, and also the visitor\u2019s IP address and browser user agent string to help spam detection.An anonymized string created from your email address (also called [&hellip;]<\/p>","protected":false},"author":1,"featured_media":0,"parent":0,"menu_order":0,"comment_status":"closed","ping_status":"closed","template":"","meta":[],"yoast_head":"<!-- This site is optimized with the Yoast SEO plugin v19.11 - https:\/\/yoast.com\/wordpress\/plugins\/seo\/ -->\n<title>Privacy Policy - Cest Pharma<\/title>\n<meta name=\"description\" content=\"Who we are Our website address is: https:\/\/www.cest-pharma.com. What personal data we collect and why we collect it Comments When visitors leave comments on the site we collect the data shown in the comments form, and also the visitor\u2019s IP address and browser user agent string to help spam detection. An anonymized string created from\" \/>\n<meta name=\"robots\" content=\"index, follow, max-snippet:-1, max-image-preview:large, max-video-preview:-1\" \/>\n<link rel=\"canonical\" href=\"https:\/\/cest-pharma.com\/pt\/politica-de-privacidade\/\" \/>\n<meta property=\"og:locale\" content=\"pt_PT\" \/>\n<meta property=\"og:type\" content=\"article\" \/>\n<meta property=\"og:title\" content=\"Privacy Policy - Cest Pharma\" \/>\n<meta property=\"og:description\" content=\"Who we are Our website address is: https:\/\/www.cest-pharma.com. What personal data we collect and why we collect it Comments When visitors leave comments on the site we collect the data shown in the comments form, and also the visitor\u2019s IP address and browser user agent string to help spam detection. An anonymized string created from\" \/>\n<meta property=\"og:url\" content=\"https:\/\/cest-pharma.com\/pt\/politica-de-privacidade\/\" \/>\n<meta property=\"og:site_name\" content=\"Cest Pharma\" \/>\n<meta property=\"article:modified_time\" content=\"2022-12-19T14:20:34+00:00\" \/>\n<meta name=\"twitter:card\" content=\"summary_large_image\" \/>\n<meta name=\"twitter:label1\" content=\"Est. reading time\" \/>\n\t<meta name=\"twitter:data1\" content=\"3 minutos\" \/>\n<script type=\"application\/ld+json\" class=\"yoast-schema-graph\">{\"@context\":\"https:\/\/schema.org\",\"@graph\":[{\"@type\":\"WebPage\",\"@id\":\"https:\/\/cest-pharma.com\/privacy-policy\/\",\"url\":\"https:\/\/cest-pharma.com\/privacy-policy\/\",\"name\":\"Privacy Policy - Cest Pharma\",\"isPartOf\":{\"@id\":\"https:\/\/cest-pharma.com\/#website\"},\"datePublished\":\"2022-11-30T15:37:50+00:00\",\"dateModified\":\"2022-12-19T14:20:34+00:00\",\"description\":\"Who we are Our website address is: https:\/\/www.cest-pharma.com. What personal data we collect and why we collect it Comments When visitors leave comments on the site we collect the data shown in the comments form, and also the visitor\u2019s IP address and browser user agent string to help spam detection. An anonymized string created from\",\"breadcrumb\":{\"@id\":\"https:\/\/cest-pharma.com\/privacy-policy\/#breadcrumb\"},\"inLanguage\":\"pt-PT\",\"potentialAction\":[{\"@type\":\"ReadAction\",\"target\":[\"https:\/\/cest-pharma.com\/privacy-policy\/\"]}]},{\"@type\":\"BreadcrumbList\",\"@id\":\"https:\/\/cest-pharma.com\/privacy-policy\/#breadcrumb\",\"itemListElement\":[{\"@type\":\"ListItem\",\"position\":1,\"name\":\"Home\",\"item\":\"https:\/\/cest-pharma.com\/\"},{\"@type\":\"ListItem\",\"position\":2,\"name\":\"Privacy Policy\"}]},{\"@type\":\"WebSite\",\"@id\":\"https:\/\/cest-pharma.com\/#website\",\"url\":\"https:\/\/cest-pharma.com\/\",\"name\":\"Cest Pharma\",\"description\":\"\",\"publisher\":{\"@id\":\"https:\/\/cest-pharma.com\/#organization\"},\"potentialAction\":[{\"@type\":\"SearchAction\",\"target\":{\"@type\":\"EntryPoint\",\"urlTemplate\":\"https:\/\/cest-pharma.com\/?s={search_term_string}\"},\"query-input\":\"required name=search_term_string\"}],\"inLanguage\":\"pt-PT\"},{\"@type\":\"Organization\",\"@id\":\"https:\/\/cest-pharma.com\/#organization\",\"name\":\"Cest Pharma\",\"url\":\"https:\/\/cest-pharma.com\/\",\"logo\":{\"@type\":\"ImageObject\",\"inLanguage\":\"pt-PT\",\"@id\":\"https:\/\/cest-pharma.com\/#\/schema\/logo\/image\/\",\"url\":\"https:\/\/cest-pharma.com\/wp-content\/uploads\/2023\/01\/cropped-Cest-Pharma-logo-font-corectat.png\",\"contentUrl\":\"https:\/\/cest-pharma.com\/wp-content\/uploads\/2023\/01\/cropped-Cest-Pharma-logo-font-corectat.png\",\"width\":1003,\"height\":777,\"caption\":\"Cest Pharma\"},\"image\":{\"@id\":\"https:\/\/cest-pharma.com\/#\/schema\/logo\/image\/\"}}]}<\/script>\n<!-- \/ Yoast SEO plugin. -->","yoast_head_json":{"title":"Privacy Policy - Cest Pharma","description":"Who we are Our website address is: https:\/\/www.cest-pharma.com. What personal data we collect and why we collect it Comments When visitors leave comments on the site we collect the data shown in the comments form, and also the visitor\u2019s IP address and browser user agent string to help spam detection. An anonymized string created from","robots":{"index":"index","follow":"follow","max-snippet":"max-snippet:-1","max-image-preview":"max-image-preview:large","max-video-preview":"max-video-preview:-1"},"canonical":"https:\/\/cest-pharma.com\/pt\/politica-de-privacidade\/","og_locale":"pt_PT","og_type":"article","og_title":"Privacy Policy - Cest Pharma","og_description":"Who we are Our website address is: https:\/\/www.cest-pharma.com. What personal data we collect and why we collect it Comments When visitors leave comments on the site we collect the data shown in the comments form, and also the visitor\u2019s IP address and browser user agent string to help spam detection. An anonymized string created from","og_url":"https:\/\/cest-pharma.com\/pt\/politica-de-privacidade\/","og_site_name":"Cest Pharma","article_modified_time":"2022-12-19T14:20:34+00:00","twitter_card":"summary_large_image","twitter_misc":{"Est. reading time":"3 minutos"},"schema":{"@context":"https:\/\/schema.org","@graph":[{"@type":"WebPage","@id":"https:\/\/cest-pharma.com\/privacy-policy\/","url":"https:\/\/cest-pharma.com\/privacy-policy\/","name":"Privacy Policy - Cest Pharma","isPartOf":{"@id":"https:\/\/cest-pharma.com\/#website"},"datePublished":"2022-11-30T15:37:50+00:00","dateModified":"2022-12-19T14:20:34+00:00","description":"Who we are Our website address is: https:\/\/www.cest-pharma.com. What personal data we collect and why we collect it Comments When visitors leave comments on the site we collect the data shown in the comments form, and also the visitor\u2019s IP address and browser user agent string to help spam detection. An anonymized string created from","breadcrumb":{"@id":"https:\/\/cest-pharma.com\/privacy-policy\/#breadcrumb"},"inLanguage":"pt-PT","potentialAction":[{"@type":"ReadAction","target":["https:\/\/cest-pharma.com\/privacy-policy\/"]}]},{"@type":"BreadcrumbList","@id":"https:\/\/cest-pharma.com\/privacy-policy\/#breadcrumb","itemListElement":[{"@type":"ListItem","position":1,"name":"Home","item":"https:\/\/cest-pharma.com\/"},{"@type":"ListItem","position":2,"name":"Privacy Policy"}]},{"@type":"WebSite","@id":"https:\/\/cest-pharma.com\/#website","url":"https:\/\/cest-pharma.com\/","name":"Cest Pharma","description":"","publisher":{"@id":"https:\/\/cest-pharma.com\/#organization"},"potentialAction":[{"@type":"SearchAction","target":{"@type":"EntryPoint","urlTemplate":"https:\/\/cest-pharma.com\/?s={search_term_string}"},"query-input":"required name=search_term_string"}],"inLanguage":"pt-PT"},{"@type":"Organization","@id":"https:\/\/cest-pharma.com\/#organization","name":"Cest Pharma","url":"https:\/\/cest-pharma.com\/","logo":{"@type":"ImageObject","inLanguage":"pt-PT","@id":"https:\/\/cest-pharma.com\/#\/schema\/logo\/image\/","url":"https:\/\/cest-pharma.com\/wp-content\/uploads\/2023\/01\/cropped-Cest-Pharma-logo-font-corectat.png","contentUrl":"https:\/\/cest-pharma.com\/wp-content\/uploads\/2023\/01\/cropped-Cest-Pharma-logo-font-corectat.png","width":1003,"height":777,"caption":"Cest Pharma"},"image":{"@id":"https:\/\/cest-pharma.com\/#\/schema\/logo\/image\/"}}]}},"_links":{"self":[{"href":"https:\/\/cest-pharma.com\/pt\/wp-json\/wp\/v2\/pages\/111"}],"collection":[{"href":"https:\/\/cest-pharma.com\/pt\/wp-json\/wp\/v2\/pages"}],"about":[{"href":"https:\/\/cest-pharma.com\/pt\/wp-json\/wp\/v2\/types\/page"}],"author":[{"embeddable":true,"href":"https:\/\/cest-pharma.com\/pt\/wp-json\/wp\/v2\/users\/1"}],"replies":[{"embeddable":true,"href":"https:\/\/cest-pharma.com\/pt\/wp-json\/wp\/v2\/comments?post=111"}],"version-history":[{"count":8,"href":"https:\/\/cest-pharma.com\/pt\/wp-json\/wp\/v2\/pages\/111\/revisions"}],"predecessor-version":[{"id":671,"href":"https:\/\/cest-pharma.com\/pt\/wp-json\/wp\/v2\/pages\/111\/revisions\/671"}],"wp:attachment":[{"href":"https:\/\/cest-pharma.com\/pt\/wp-json\/wp\/v2\/media?parent=111"}],"curies":[{"name":"wp","href":"https:\/\/api.w.org\/{rel}","templated":true}]}}