{"id":116,"date":"2022-12-05T06:14:08","date_gmt":"2022-12-05T06:14:08","guid":{"rendered":"http:\/\/cest-pharma\/?page_id=116"},"modified":"2023-12-19T15:53:41","modified_gmt":"2023-12-19T15:53:41","slug":"about-us","status":"publish","type":"page","link":"https:\/\/cest-pharma.com\/pt\/sobre-nos\/","title":{"rendered":"About Us"},"content":{"rendered":"<p><section class=\"fw-main-row\"  >\n\t<div class=\"fw-container-fluid\">\n\t\t<div class=\"fw-row\">\n\t<div class=\"fw-col-xs-12\">\n\t\r\n<section id=\"header-about-us-top\" class=\"p-0\">\r\n\t<div class=\"header-inner section-inner\">\r\n\t\t<div class=\"row\">\r\n\t\t\t<div class=\"col-md-6\">\r\n\t\t\t\t<div class=\"title\" data-aos=\"fade-up\"\r\n     data-aos-anchor-placement=\"top-bottom\">\r\n\t\t\t\t\t Sobre n\u00f3s\t\t\t\t<\/div>\r\n\t\t\t\t<div class=\"description\" data-aos=\"fade-right\"\r\n     data-aos-offset=\"300\"\r\n     data-aos-easing=\"ease-in-sine\">\r\n\t\t\t\t\t<p>Tudo come\u00e7ou em um dia claro de ver\u00e3o, com os pombos abrindo as asas ao sol e as crian\u00e7as rindo. Que ben\u00e7\u00e3o! Olhando para tanta beleza, descobrimos que somos respons\u00e1veis \u200b\u200bpor criar um mundo melhor ao nosso redor, um mundo de qualidade cheio de alegria. Assim nasceu a marca CEST PHARMA.<\/p><p>Por que escolhi o nome CEST? Porque as quatro iniciais dos nossos filhos se combinam: Claudiu, Eduard, Sofia e Tania. S\u00e3o os nossos presentes mais preciosos e \u00e9 assim que queremos que sejam os nossos produtos. Queremos que cada criador escolha estes produtos para que os seus queridos pombos fiquem satisfeitos e felizes.<\/p><p>Queremos ser como uma fam\u00edlia: A FAM\u00cdLIA CEST PHARMA para irmos juntos no caminho do sucesso e desfrutar dos bons resultados dos nossos pombos.<\/p><p>Cest Pharma<\/p><p>Pombos saud\u00e1veis! Fanciers felizes!<\/p><p>Brand manager:<br \/>Mihaela Tunduc<\/p>\t\t\t\t<\/div>\r\n\t\t\t<\/div>\r\n\t\t\t<div class=\"col-md-6 anner-about-us-top\">\r\n\t\t\t\t<div class=\"image\">\r\n\t\t\t\t\t\t\t\t\t\t<img width=\"770\" height=\"728\" src=\"https:\/\/cest-pharma.com\/wp-content\/uploads\/2023\/01\/599073-20-RO.png\" class=\"attachment- size-\" alt=\"\" decoding=\"async\" loading=\"lazy\" srcset=\"https:\/\/cest-pharma.com\/wp-content\/uploads\/2023\/01\/599073-20-RO.png 770w, https:\/\/cest-pharma.com\/wp-content\/uploads\/2023\/01\/599073-20-RO-300x284.png 300w, https:\/\/cest-pharma.com\/wp-content\/uploads\/2023\/01\/599073-20-RO-768x726.png 768w, https:\/\/cest-pharma.com\/wp-content\/uploads\/2023\/01\/599073-20-RO-13x12.png 13w\" sizes=\"(max-width: 770px) 100vw, 770px\" \/>\t\t\t\t<\/div>\r\n\t\t\t<\/div>\r\n\t\t<\/div>\r\n\t<\/div>\r\n<\/section><\/div>\n<\/div>\n\n\t<\/div>\n<\/section>\n<section class=\"fw-main-row\"  >\n\t<div class=\"fw-container-fluid\">\n\t\t<div class=\"fw-row\">\n\t<div class=\"fw-col-xs-12\">\n\t\r\n<section id=\"header-about-us-bottom\" class=\"p-0\">\r\n\t<div class=\"header-inner section-inner\">\r\n\t\t<div class=\"row\">\r\n\t\t\t<div class=\"titleAbout\" data-aos=\"fade-up\"\r\n     data-aos-anchor-placement=\"top-bottom\">\r\n\t\t\t\tPor que a Cest Pharma \u00e9 t\u00e3o diferente?\t\t\t<\/div>\r\n\t\t\t<div class=\"col-md-6\">\r\n\t\t\t\t<div class=\"image\">\r\n\t\t\t\t\t\t\t\t\t\t<img width=\"649\" height=\"624\" src=\"https:\/\/cest-pharma.com\/wp-content\/uploads\/2023\/01\/Group-346-1.png\" class=\"attachment- size-\" alt=\"\" decoding=\"async\" loading=\"lazy\" srcset=\"https:\/\/cest-pharma.com\/wp-content\/uploads\/2023\/01\/Group-346-1.png 649w, https:\/\/cest-pharma.com\/wp-content\/uploads\/2023\/01\/Group-346-1-300x288.png 300w, https:\/\/cest-pharma.com\/wp-content\/uploads\/2023\/01\/Group-346-1-12x12.png 12w\" sizes=\"(max-width: 649px) 100vw, 649px\" \/>\t\t\t\t<\/div>\r\n\t\t\t<\/div>\r\n\t\t\t<div class=\"col-md-6 about-us-bottom\" data-aos=\"fade-left\"\r\n     data-aos-anchor=\"#example-anchor\"\r\n     data-aos-offset=\"500\"\r\n     data-aos-duration=\"500\">\r\n\t\t\t\t\t\t\t\t\t<div class=\"title-box-aboutUs align-center\">\r\n\t\t\t\t\t\tUsamos ingredientes de alta qualidade\t\t\t\t\t<\/div>\r\n\t\t\t\t\t<div class=\"desc-aboutUs\">\r\n\t\t\t\t\t\t<p>Usamos ingredientes de alta qualidade para criar composi\u00e7\u00f5es baseadas nos estudos mais recentes. Temos parceria com um especialista veterin\u00e1rio para garantir que nossos \u201catletas\u201d estejam bem equipados para ter excelentes resultados.<\/p>\t\t\t\t\t<\/div>\r\n\t\t\t\t\t\t\t\t\t<div class=\"title-box-aboutUs align-center\">\r\n\t\t\t\t\t\tN\u00f3s nos preocupamos com nossos clientes\t\t\t\t\t<\/div>\r\n\t\t\t\t\t<div class=\"desc-aboutUs\">\r\n\t\t\t\t\t\t<p>Seus pombos s\u00e3o importantes para n\u00f3s! Cada passo que damos foca na sa\u00fade do seu pombo, nos seus resultados, para que possamos recompensar o seu investimento neles e torn\u00e1-los campe\u00f5es.<\/p>\t\t\t\t\t<\/div>\r\n\t\t\t\t\t\t\t\t\t<div class=\"title-box-aboutUs align-center\">\r\n\t\t\t\t\t\tSeus ganhos tamb\u00e9m s\u00e3o nossos\t\t\t\t\t<\/div>\r\n\t\t\t\t\t<div class=\"desc-aboutUs\">\r\n\t\t\t\t\t\t<p>O seu sucesso \u00e9 o nosso sucesso, a sua alegria \u00e9 a nossa alegria e, por isso, investimos tudo o que podemos para que tenha tudo de melhor!<\/p>\t\t\t\t\t<\/div>\r\n\t\t\t\t\t\t\t<\/div>\r\n\t\t<\/div>\r\n\t<\/div>\r\n<\/section><\/div>\n<\/div>\n\n\t<\/div>\n<\/section>\n<section class=\"fw-main-row\"  >\n\t<div class=\"fw-container-fluid\">\n\t\t<div class=\"fw-row\">\n\t<div class=\"fw-col-xs-12\">\n\t<\/div>\n<\/div>\n\n\t<\/div>\n<\/section>\n<section class=\"fw-main-row\"  >\n\t<div class=\"fw-container-fluid\">\n\t\t<div class=\"fw-row\">\n\t<div class=\"fw-col-xs-12\">\n\t\n<section id=\"contact\" class=\"p-0\">\n\t<div class=\"section-inner\">\n\t\t<div class=\"row\">\n\t\t\t<div class=\"title-contact\">\n\t\t\t\t<p>Contacto<\/p>\n\t\t\t<\/div>\n\t\t\t<div class=\"col-md-6\">\n\t\t\t\t<div class=\"title-contact-box\">\n\t\t\t\t\tCest Pharma\t\t\t\t<\/div>\n\t\t\t\t<div class=\"adress-contact\">\n\t\t\t\t\t<a href=\"\" target=\"\" class=\"fw-btn fw-btn-1\">\n\t\t\t\t\t\t<span>Endere\u00e7o: Rua Corneliu Baba Nr. 9, Oradea 410606<\/span>\n\t\t\t\t\t<\/a>\n\t\t\t\t<\/div>\n\t\t\t\t<div class=\"email-contact\">\n\t\t\t\t\t<a href=\"mailto:\" target=\"\" class=\"fw-btn fw-btn-1\">\n\t\t\t\t\t\t<span>E-mail: info@cest-pharma.com<\/span>\n\t\t\t\t\t<\/a>\n\t\t\t\t<\/div>\n\t\t\t\t<div class=\"phone-contact\">\n\t\t\t\t\t<a href=\"tel:\" target=\"\" class=\"fw-btn fw-btn-1\">\n\t\t\t\t\t\t<span><\/span>\n\t\t\t\t\t<\/a>\n\t\t\t\t<\/div>\n\t\t\t\t<div class=\"social-media\">\n\t\t\t\t\t<div class=\"faceebok\">\n\t\t\t\t\t\t<a href=\"\" target=\"\" class=\"fw-btn fw-btn-1\">\n\t\t\t\t\t\t\t<span><img src=\"\/wp-content\/uploads\/2022\/12\/facebook-1.png\"><\/span>\n\t\t\t\t\t\t<\/a>\n\t\t\t\t\t<\/div>\n\t\t\t\t\t<div class=\"youtube\">\n\t\t\t\t\t\t<a href=\"\" target=\"\" class=\"fw-btn fw-btn-1\">\n\t\t\t\t\t\t\t<span><img src=\"\/wp-content\/uploads\/2022\/12\/youtube-1.png\"><\/span>\n\t\t\t\t\t\t<\/a>\n\t\t\t\t\t<\/div>\n\t\t\t\t\t<div class=\"instagram\">\n\t\t\t\t\t\t<a href=\"\" target=\"\" class=\"fw-btn fw-btn-1\">\n\t\t\t\t\t\t\t<span><img src=\"\/wp-content\/uploads\/2022\/12\/instagram.png\"><\/span>\n\t\t\t\t\t\t<\/a>\n\t\t\t\t\t<\/div>\n\t\t\t\t<\/div>\n\t\t\t<\/div>\n\t\t\t<div class=\"col-md-6\">\n\t\t\t\t<div class=\"form\">\n                    <div role=\"form\" class=\"wpcf7\" id=\"wpcf7-f110-o1\" lang=\"en-US\" dir=\"ltr\">\n<div class=\"screen-reader-response\"><p role=\"status\" aria-live=\"polite\" aria-atomic=\"true\"><\/p> <ul><\/ul><\/div>\n<form action=\"\/pt\/wp-json\/wp\/v2\/pages\/116#wpcf7-f110-o1\" method=\"post\" class=\"wpcf7-form init\" novalidate=\"novalidate\" data-status=\"init\" data-trp-original-action=\"\/pt\/wp-json\/wp\/v2\/pages\/116#wpcf7-f110-o1\">\n<div style=\"display: none;\">\n<input type=\"hidden\" name=\"_wpcf7\" value=\"110\" \/>\n<input type=\"hidden\" name=\"_wpcf7_version\" value=\"5.6.4\" \/>\n<input type=\"hidden\" name=\"_wpcf7_locale\" value=\"en_US\" \/>\n<input type=\"hidden\" name=\"_wpcf7_unit_tag\" value=\"wpcf7-f110-o1\" \/>\n<input type=\"hidden\" name=\"_wpcf7_container_post\" value=\"0\" \/>\n<input type=\"hidden\" name=\"_wpcf7_posted_data_hash\" value=\"\" \/>\n<\/div>\n<p><label> Nome*<br \/>\n    <span class=\"wpcf7-form-control-wrap\" data-name=\"your-name\"><input type=\"text\" name=\"your-name\" value=\"\" size=\"40\" class=\"wpcf7-form-control wpcf7-text wpcf7-validates-as-required\" aria-required=\"true\" aria-invalid=\"false\" \/><\/span> <\/label><\/p>\n<p><label> Email*<br \/>\n    <span class=\"wpcf7-form-control-wrap\" data-name=\"your-email\"><input type=\"email\" name=\"your-email\" value=\"\" size=\"40\" class=\"wpcf7-form-control wpcf7-text wpcf7-email wpcf7-validates-as-required wpcf7-validates-as-email\" aria-required=\"true\" aria-invalid=\"false\" \/><\/span> <\/label><\/p>\n<p><label> Mensagem*<br \/>\n    <span class=\"wpcf7-form-control-wrap\" data-name=\"your-message\"><textarea name=\"your-message\" cols=\"40\" rows=\"10\" class=\"wpcf7-form-control wpcf7-textarea\" aria-invalid=\"false\"><\/textarea><\/span> <\/label><\/p>\n<div class=\"checkbox-approve\">\n<p><span class=\"wpcf7-form-control-wrap\" data-name=\"your-method-marketing\"><span class=\"wpcf7-form-control wpcf7-checkbox\"><\/span><\/span> <span class=\"wpcf7-form-control-wrap\" data-name=\"acceptance-545\"><span class=\"wpcf7-form-control wpcf7-acceptance\"><span class=\"wpcf7-list-item\"><label><input type=\"checkbox\" name=\"acceptance-545\" value=\"1\" aria-invalid=\"false\" \/><span class=\"wpcf7-list-item-label\">Eu autorizo \u200b\u200bque meus dados enviados sejam coletados e armazenados*<\/span><\/label><\/span><\/span><\/span><\/p>\n<\/div>\n<p><input type=\"submit\" value=\"ENVIAR\" class=\"wpcf7-form-control has-spinner wpcf7-submit\" \/><\/p>\n<div class=\"wpcf7-response-output\" aria-hidden=\"true\"><\/div><input type=\"hidden\" name=\"trp-form-language\" value=\"pt\"\/><\/form><\/div>                <\/div>\n\t\t\t<\/div>\n\t\t<\/div>\n\t<\/div>\n    <div class=\"googlemaps\">\n  \t   <iframe src=\"https:\/\/www.google.com\/maps\/embed?pb=!1m18!1m12!1m3!1d2717.665915247575!2d21.892467751533236!3d47.06640353302763!2m3!1f0!2f0!3f0!3m2!1i1024!2i768!4f13.1!3m3!1m2!1s0x4746462eb51dd939%3A0xe37895f146c514f2!2sStrada%20Corneliu%20Baba%209%2C%20Oradea%20410606!5e0!3m2!1sro!2sro!4v1671523186449!5m2!1sro!2sro\" width=\"600\" height=\"200\" style=\"border:0;\" allowfullscreen=\"\" loading=\"lazy\" referrerpolicy=\"no-referrer-when-downgrade\"><\/iframe>\t        \n    <\/div>\n<\/section>\n\n\n<\/div>\n<\/div>\n\n\t<\/div>\n<\/section>\n<\/p>","protected":false},"excerpt":{"rendered":"<p>Our story It all started on a clear summer day, with pigeons spreading their wings in the sun and children\u2019s laughter. What a blessing! Looking at so much beauty, I understood that we are responsible for creating a better world around us, a quality world full of joy. This is how the brand CEST PHARMA [&hellip;]<\/p>","protected":false},"author":1,"featured_media":0,"parent":0,"menu_order":0,"comment_status":"closed","ping_status":"closed","template":"","meta":[],"yoast_head":"<!-- This site is optimized with the Yoast SEO plugin v19.11 - https:\/\/yoast.com\/wordpress\/plugins\/seo\/ -->\n<title>About us - Cest Pharma<\/title>\n<meta name=\"description\" content=\"OUR STORY It all started on a clear summer day, with pigeons spreading their wings in the sun and children\u2019s laughter. What a blessing! Looking at so much beauty, I undrestood that we are responsible for creating a better world around us, a quality world full of joy. This is how the brand CEST\" \/>\n<meta name=\"robots\" content=\"index, follow, max-snippet:-1, max-image-preview:large, max-video-preview:-1\" \/>\n<link rel=\"canonical\" href=\"https:\/\/cest-pharma.com\/pt\/sobre-nos\/\" \/>\n<meta property=\"og:locale\" content=\"pt_PT\" \/>\n<meta property=\"og:type\" content=\"article\" \/>\n<meta property=\"og:title\" content=\"About us - Cest Pharma\" \/>\n<meta property=\"og:description\" content=\"OUR STORY It all started on a clear summer day, with pigeons spreading their wings in the sun and children\u2019s laughter. What a blessing! Looking at so much beauty, I undrestood that we are responsible for creating a better world around us, a quality world full of joy. This is how the brand CEST\" \/>\n<meta property=\"og:url\" content=\"https:\/\/cest-pharma.com\/pt\/sobre-nos\/\" \/>\n<meta property=\"og:site_name\" content=\"Cest Pharma\" \/>\n<meta property=\"article:modified_time\" content=\"2023-12-19T15:53:41+00:00\" \/>\n<meta property=\"og:image\" content=\"https:\/\/cest-pharma.com\/wp-content\/uploads\/2023\/01\/599073-20-RO.png\" \/>\n<meta name=\"twitter:card\" content=\"summary_large_image\" \/>\n<meta name=\"twitter:label1\" content=\"Est. reading time\" \/>\n\t<meta name=\"twitter:data1\" content=\"3 minutos\" \/>\n<script type=\"application\/ld+json\" class=\"yoast-schema-graph\">{\"@context\":\"https:\/\/schema.org\",\"@graph\":[{\"@type\":\"WebPage\",\"@id\":\"https:\/\/cest-pharma.com\/about-us\/\",\"url\":\"https:\/\/cest-pharma.com\/about-us\/\",\"name\":\"About us - Cest Pharma\",\"isPartOf\":{\"@id\":\"https:\/\/cest-pharma.com\/#website\"},\"datePublished\":\"2022-12-05T06:14:08+00:00\",\"dateModified\":\"2023-12-19T15:53:41+00:00\",\"description\":\"OUR STORY It all started on a clear summer day, with pigeons spreading their wings in the sun and children\u2019s laughter. What a blessing! Looking at so much beauty, I undrestood that we are responsible for creating a better world around us, a quality world full of joy. This is how the brand CEST\",\"breadcrumb\":{\"@id\":\"https:\/\/cest-pharma.com\/about-us\/#breadcrumb\"},\"inLanguage\":\"pt-PT\",\"potentialAction\":[{\"@type\":\"ReadAction\",\"target\":[\"https:\/\/cest-pharma.com\/about-us\/\"]}]},{\"@type\":\"BreadcrumbList\",\"@id\":\"https:\/\/cest-pharma.com\/about-us\/#breadcrumb\",\"itemListElement\":[{\"@type\":\"ListItem\",\"position\":1,\"name\":\"Home\",\"item\":\"https:\/\/cest-pharma.com\/\"},{\"@type\":\"ListItem\",\"position\":2,\"name\":\"About Us\"}]},{\"@type\":\"WebSite\",\"@id\":\"https:\/\/cest-pharma.com\/#website\",\"url\":\"https:\/\/cest-pharma.com\/\",\"name\":\"Cest Pharma\",\"description\":\"\",\"publisher\":{\"@id\":\"https:\/\/cest-pharma.com\/#organization\"},\"potentialAction\":[{\"@type\":\"SearchAction\",\"target\":{\"@type\":\"EntryPoint\",\"urlTemplate\":\"https:\/\/cest-pharma.com\/?s={search_term_string}\"},\"query-input\":\"required name=search_term_string\"}],\"inLanguage\":\"pt-PT\"},{\"@type\":\"Organization\",\"@id\":\"https:\/\/cest-pharma.com\/#organization\",\"name\":\"Cest Pharma\",\"url\":\"https:\/\/cest-pharma.com\/\",\"logo\":{\"@type\":\"ImageObject\",\"inLanguage\":\"pt-PT\",\"@id\":\"https:\/\/cest-pharma.com\/#\/schema\/logo\/image\/\",\"url\":\"https:\/\/cest-pharma.com\/wp-content\/uploads\/2023\/01\/cropped-Cest-Pharma-logo-font-corectat.png\",\"contentUrl\":\"https:\/\/cest-pharma.com\/wp-content\/uploads\/2023\/01\/cropped-Cest-Pharma-logo-font-corectat.png\",\"width\":1003,\"height\":777,\"caption\":\"Cest Pharma\"},\"image\":{\"@id\":\"https:\/\/cest-pharma.com\/#\/schema\/logo\/image\/\"}}]}<\/script>\n<!-- \/ Yoast SEO plugin. -->","yoast_head_json":{"title":"About us - Cest Pharma","description":"OUR STORY It all started on a clear summer day, with pigeons spreading their wings in the sun and children\u2019s laughter. What a blessing! Looking at so much beauty, I undrestood that we are responsible for creating a better world around us, a quality world full of joy. This is how the brand CEST","robots":{"index":"index","follow":"follow","max-snippet":"max-snippet:-1","max-image-preview":"max-image-preview:large","max-video-preview":"max-video-preview:-1"},"canonical":"https:\/\/cest-pharma.com\/pt\/sobre-nos\/","og_locale":"pt_PT","og_type":"article","og_title":"About us - Cest Pharma","og_description":"OUR STORY It all started on a clear summer day, with pigeons spreading their wings in the sun and children\u2019s laughter. What a blessing! Looking at so much beauty, I undrestood that we are responsible for creating a better world around us, a quality world full of joy. This is how the brand CEST","og_url":"https:\/\/cest-pharma.com\/pt\/sobre-nos\/","og_site_name":"Cest Pharma","article_modified_time":"2023-12-19T15:53:41+00:00","og_image":[{"url":"https:\/\/cest-pharma.com\/wp-content\/uploads\/2023\/01\/599073-20-RO.png"}],"twitter_card":"summary_large_image","twitter_misc":{"Est. reading time":"3 minutos"},"schema":{"@context":"https:\/\/schema.org","@graph":[{"@type":"WebPage","@id":"https:\/\/cest-pharma.com\/about-us\/","url":"https:\/\/cest-pharma.com\/about-us\/","name":"About us - Cest Pharma","isPartOf":{"@id":"https:\/\/cest-pharma.com\/#website"},"datePublished":"2022-12-05T06:14:08+00:00","dateModified":"2023-12-19T15:53:41+00:00","description":"OUR STORY It all started on a clear summer day, with pigeons spreading their wings in the sun and children\u2019s laughter. What a blessing! Looking at so much beauty, I undrestood that we are responsible for creating a better world around us, a quality world full of joy. This is how the brand CEST","breadcrumb":{"@id":"https:\/\/cest-pharma.com\/about-us\/#breadcrumb"},"inLanguage":"pt-PT","potentialAction":[{"@type":"ReadAction","target":["https:\/\/cest-pharma.com\/about-us\/"]}]},{"@type":"BreadcrumbList","@id":"https:\/\/cest-pharma.com\/about-us\/#breadcrumb","itemListElement":[{"@type":"ListItem","position":1,"name":"Home","item":"https:\/\/cest-pharma.com\/"},{"@type":"ListItem","position":2,"name":"About Us"}]},{"@type":"WebSite","@id":"https:\/\/cest-pharma.com\/#website","url":"https:\/\/cest-pharma.com\/","name":"Cest Pharma","description":"","publisher":{"@id":"https:\/\/cest-pharma.com\/#organization"},"potentialAction":[{"@type":"SearchAction","target":{"@type":"EntryPoint","urlTemplate":"https:\/\/cest-pharma.com\/?s={search_term_string}"},"query-input":"required name=search_term_string"}],"inLanguage":"pt-PT"},{"@type":"Organization","@id":"https:\/\/cest-pharma.com\/#organization","name":"Cest Pharma","url":"https:\/\/cest-pharma.com\/","logo":{"@type":"ImageObject","inLanguage":"pt-PT","@id":"https:\/\/cest-pharma.com\/#\/schema\/logo\/image\/","url":"https:\/\/cest-pharma.com\/wp-content\/uploads\/2023\/01\/cropped-Cest-Pharma-logo-font-corectat.png","contentUrl":"https:\/\/cest-pharma.com\/wp-content\/uploads\/2023\/01\/cropped-Cest-Pharma-logo-font-corectat.png","width":1003,"height":777,"caption":"Cest Pharma"},"image":{"@id":"https:\/\/cest-pharma.com\/#\/schema\/logo\/image\/"}}]}},"_links":{"self":[{"href":"https:\/\/cest-pharma.com\/pt\/wp-json\/wp\/v2\/pages\/116"}],"collection":[{"href":"https:\/\/cest-pharma.com\/pt\/wp-json\/wp\/v2\/pages"}],"about":[{"href":"https:\/\/cest-pharma.com\/pt\/wp-json\/wp\/v2\/types\/page"}],"author":[{"embeddable":true,"href":"https:\/\/cest-pharma.com\/pt\/wp-json\/wp\/v2\/users\/1"}],"replies":[{"embeddable":true,"href":"https:\/\/cest-pharma.com\/pt\/wp-json\/wp\/v2\/comments?post=116"}],"version-history":[{"count":23,"href":"https:\/\/cest-pharma.com\/pt\/wp-json\/wp\/v2\/pages\/116\/revisions"}],"predecessor-version":[{"id":1334,"href":"https:\/\/cest-pharma.com\/pt\/wp-json\/wp\/v2\/pages\/116\/revisions\/1334"}],"wp:attachment":[{"href":"https:\/\/cest-pharma.com\/pt\/wp-json\/wp\/v2\/media?parent=116"}],"curies":[{"name":"wp","href":"https:\/\/api.w.org\/{rel}","templated":true}]}}