{"id":1613,"date":"2024-11-29T08:49:10","date_gmt":"2024-11-29T08:49:10","guid":{"rendered":"https:\/\/cest-pharma.com\/?page_id=1613"},"modified":"2024-11-29T08:50:39","modified_gmt":"2024-11-29T08:50:39","slug":"wing-flex","status":"publish","type":"page","link":"https:\/\/cest-pharma.com\/pt\/wing-flex\/","title":{"rendered":"WING FLEX"},"content":{"rendered":"<section class=\"fw-main-row\"  >\n\t<div class=\"fw-container-fluid\">\n\t\t<div class=\"fw-row\">\n\t<div class=\"fw-col-xs-12\">\n\t\n<section id=\"product\" class=\"p-0\">\n\t<div class=\"section-inner\">\n\t\t<div class=\"row\">\n\t\t\t<div class=\"col-md-6 d-flex justify-content-center align-items-center\">\n\t\t\t\t<div class=\"product-image gallerys\">\n\t\t\t\t\t<img width=\"1920\" height=\"1920\" src=\"https:\/\/cest-pharma.com\/wp-content\/uploads\/2024\/11\/4.-Poza-Wing-Flex-tab-1.jpg\" class=\"attachment-full size-full wp-post-image\" alt=\"\" decoding=\"async\" loading=\"lazy\" srcset=\"https:\/\/cest-pharma.com\/wp-content\/uploads\/2024\/11\/4.-Poza-Wing-Flex-tab-1.jpg 1920w, https:\/\/cest-pharma.com\/wp-content\/uploads\/2024\/11\/4.-Poza-Wing-Flex-tab-1-300x300.jpg 300w, https:\/\/cest-pharma.com\/wp-content\/uploads\/2024\/11\/4.-Poza-Wing-Flex-tab-1-1024x1024.jpg 1024w, https:\/\/cest-pharma.com\/wp-content\/uploads\/2024\/11\/4.-Poza-Wing-Flex-tab-1-150x150.jpg 150w, https:\/\/cest-pharma.com\/wp-content\/uploads\/2024\/11\/4.-Poza-Wing-Flex-tab-1-768x768.jpg 768w, https:\/\/cest-pharma.com\/wp-content\/uploads\/2024\/11\/4.-Poza-Wing-Flex-tab-1-1536x1536.jpg 1536w, https:\/\/cest-pharma.com\/wp-content\/uploads\/2024\/11\/4.-Poza-Wing-Flex-tab-1-12x12.jpg 12w, https:\/\/cest-pharma.com\/wp-content\/uploads\/2024\/11\/4.-Poza-Wing-Flex-tab-1-1200x1200.jpg 1200w\" sizes=\"(max-width: 1920px) 100vw, 1920px\" \/>\t\t\t\t\t<img width=\"1920\" height=\"1920\" src=\"https:\/\/cest-pharma.com\/wp-content\/uploads\/2024\/11\/4.-Poza-Wing-Flex-tab.jpg\" class=\"attachment- size-\" alt=\"\" decoding=\"async\" loading=\"lazy\" srcset=\"https:\/\/cest-pharma.com\/wp-content\/uploads\/2024\/11\/4.-Poza-Wing-Flex-tab.jpg 1920w, https:\/\/cest-pharma.com\/wp-content\/uploads\/2024\/11\/4.-Poza-Wing-Flex-tab-300x300.jpg 300w, https:\/\/cest-pharma.com\/wp-content\/uploads\/2024\/11\/4.-Poza-Wing-Flex-tab-1024x1024.jpg 1024w, https:\/\/cest-pharma.com\/wp-content\/uploads\/2024\/11\/4.-Poza-Wing-Flex-tab-150x150.jpg 150w, https:\/\/cest-pharma.com\/wp-content\/uploads\/2024\/11\/4.-Poza-Wing-Flex-tab-768x768.jpg 768w, https:\/\/cest-pharma.com\/wp-content\/uploads\/2024\/11\/4.-Poza-Wing-Flex-tab-1536x1536.jpg 1536w, https:\/\/cest-pharma.com\/wp-content\/uploads\/2024\/11\/4.-Poza-Wing-Flex-tab-12x12.jpg 12w, https:\/\/cest-pharma.com\/wp-content\/uploads\/2024\/11\/4.-Poza-Wing-Flex-tab-1200x1200.jpg 1200w\" sizes=\"(max-width: 1920px) 100vw, 1920px\" \/>\t\t\t\t<\/div>\n \t\t\t    <div class=\"socials\">\n\t\t\t      <div class=\"sticky\">\n\t\t\t\t  <ul>\n\t\t\t\t\t<li>\n\t\t\t\t\t\t<a href=\"\/\/www.facebook.com\/sharer.php?u=https:\/\/cest-pharma.com\/pt\/wing-flex\/\" class=\"social-sharing-item-block facebook\" title=\"Facebook\" onclick=\"event.preventDefault(); javascript:window.open(this.href, '', 'menubar=no,toolbar=no,resizable=yes,scrollbars=yes,height=220,width=600');return false;\">\n\t\t\t\t\t\t    <!-- <i class=\"fa fa-facebook social-sharing-icon\"><\/i> -->\n\t\t\t\t\t\t    <img src=\"\/wp-content\/uploads\/2022\/12\/facebook-1.png\">\n\t\t\t\t\t\t<\/a>\n\t\t\t\t\t<\/li>\n\t\t\t\t\t<li>\n\t\t\t\t\t\t<a href=\"\/\/linkedin.com\/share?url=https:\/\/cest-pharma.com\/pt\/wing-flex\/&amp;text=WING+FLEX\" class=\"social-sharing-item-block twitter\" title=\"linkedin\" onclick=\"javascript:window.open(this.href, '', 'menubar=no,toolbar=no,resizable=yes,scrollbars=yes,height=260,width=600');return false;\">\n\t\t\t\t\t\t    <!-- <i class=\"fa fa-twitter social-sharing-icon\"><\/i> -->\n\t\t\t\t\t\t\t<img src=\"\/wp-content\/uploads\/2022\/12\/linkedin.png\">\n\t\t\t\t\t\t<\/a>\n\t\t\t\t\t<\/li>\n\t\t\t\t\t<li>\n\t\t\t\t\t\t<a href=\"\/\/twitter.com\/share?url=https:\/\/cest-pharma.com\/pt\/wing-flex\/&amp;text=WING+FLEX\" class=\"social-sharing-item-block twitter\" title=\"linkedin\" onclick=\"javascript:window.open(this.href, '', 'menubar=no,toolbar=no,resizable=yes,scrollbars=yes,height=260,width=600');return false;\">\n\t\t\t\t\t\t    <!-- <i class=\"fa fa-twitter social-sharing-icon\"><\/i> -->\n\t\t\t\t\t\t\t<img src=\"\/wp-content\/uploads\/2022\/12\/twitter.png\">\n\t\t\t\t\t\t<\/a>\n\t\t\t\t\t<\/li>\n\t\t\t\t<\/ul>\n\t\t\t<\/div>\n\t\t<\/div>\n\t\t\t<\/div>\n\t\t\t<div class=\"col-md-6\">\n\t\t\t\t<div class=\"title-product\">\n\t\t\t\t\tWING FLEX\t\t\t\t<\/div>\n\t\t\t\t\t\t\t\t\t<div class=\"box-desc-title\">\n\t\t\t\t\t\tINDICA\u00c7\u00d5ES:\t\t\t\t\t<\/div>\n\t\t\t\t\t<div class=\"box-desc\">\n\t\t\t\t\t\t<p><span style=\"font-weight: 400;\">WING FLEX<\/span> <span style=\"font-weight: 400;\">ensures the maintenance of the osteoarticular complex. Joint diseases lead to reduced mobility, sometimes irreversibly. These cause pain and will make the pigeon unable to fly, in which case it is excluded from sports life.\u00a0 For this reason, a balanced diet with nutrients that are constituents of the skeleton must be ensured for the harmonious development and then maintaining the health of joints. WING FLEX nourishes the components of the joints (cartilage, tendons, bones) but also prevents infections. <\/span><\/p>\t\t\t\t\t<\/div>\n\t\t\t\t\t\t\t\t\t<div class=\"box-desc-title\">\n\t\t\t\t\t\tCOMPOSI\u00c7\u00c3O:\t\t\t\t\t<\/div>\n\t\t\t\t\t<div class=\"box-desc\">\n\t\t\t\t\t\t<p><span style=\"font-weight: 400;\">C\u00e1lcio, F\u00f3sforo, Vitamina A, Vitamina D3, Vitamina E, Vitamina K3, Mangan\u00eas, Cobre, Zinco, Sel\u00e9nio, Extrato de alho, Extrato de canela, C\u00farcuma, Pr\u00f3polis.<\/span><\/p>\t\t\t\t\t<\/div>\n\t\t\t\t\t\t\t\t\t<div class=\"box-desc-title\">\n\t\t\t\t\t\tRECOMENDA\u00c7\u00d5ES DE USO:\t\t\t\t\t<\/div>\n\t\t\t\t\t<div class=\"box-desc\">\n\t\t\t\t\t\t<p><span style=\"font-weight: 400;\">1 tablet\/pigeon\/day; in situations of intensive effort or recovery administer 2 tablets\/pigeon\/day.<\/span><\/p>\t\t\t\t\t<\/div>\n\t\t\t\t\t\t\t<\/div>\n\t\t\t<div class=\"button-resellers d-flex justify-content-center align-items-center\">\n\t\t\t\t<a href=\"https:\/\/cest-pharma.com\/pt\/parceiro\/\" target=\"_self\" class=\"fw-btn fw-btn-1\">\n\t\t\t\t\t<span><img src=\"\/wp-content\/uploads\/2022\/11\/Cart.png\" class=\"d-inline\"> Compre agora<\/span>\n\t\t\t\t<\/a>\n\t\t\t<\/div>\n\t\t<\/div>\n\t\t<div class=\"row related\">\n\t\t\t<div class=\"category-related\">\n\t\t\t\tProdutos relacionados\t\t\t<\/div>\n\t\t\t<div class=\"swiper-related\">\n\t\t\t\t<!-- Swiper -->\n\t\t\t\t<div class=\"swiper mySwiper\">\n\t\t\t\t\t<div class=\"swiper-wrapper\">\n\t\t\t\t\t\t\t\t\t\t\t<div class=\"swiper-slide gallerys\">\n\t\t\t\t\t\t\t<a href=\"\/pt\/energy-plus-300g\/\" target=\"_self\" class=\"fw-btn fw-btn-1\">\n\t\t\t\t\t\t\t\t<div class=\"image_related\">\n\t\t\t\t\t\t\t\t\t<img width=\"1920\" height=\"1920\" src=\"https:\/\/cest-pharma.com\/wp-content\/uploads\/2024\/11\/4.-Poza-Wing-Flex-tab-1.jpg\" class=\"attachment-full size-full wp-post-image\" alt=\"\" decoding=\"async\" loading=\"lazy\" srcset=\"https:\/\/cest-pharma.com\/wp-content\/uploads\/2024\/11\/4.-Poza-Wing-Flex-tab-1.jpg 1920w, https:\/\/cest-pharma.com\/wp-content\/uploads\/2024\/11\/4.-Poza-Wing-Flex-tab-1-300x300.jpg 300w, https:\/\/cest-pharma.com\/wp-content\/uploads\/2024\/11\/4.-Poza-Wing-Flex-tab-1-1024x1024.jpg 1024w, https:\/\/cest-pharma.com\/wp-content\/uploads\/2024\/11\/4.-Poza-Wing-Flex-tab-1-150x150.jpg 150w, https:\/\/cest-pharma.com\/wp-content\/uploads\/2024\/11\/4.-Poza-Wing-Flex-tab-1-768x768.jpg 768w, https:\/\/cest-pharma.com\/wp-content\/uploads\/2024\/11\/4.-Poza-Wing-Flex-tab-1-1536x1536.jpg 1536w, https:\/\/cest-pharma.com\/wp-content\/uploads\/2024\/11\/4.-Poza-Wing-Flex-tab-1-12x12.jpg 12w, https:\/\/cest-pharma.com\/wp-content\/uploads\/2024\/11\/4.-Poza-Wing-Flex-tab-1-1200x1200.jpg 1200w\" sizes=\"(max-width: 1920px) 100vw, 1920px\" \/>\t\t\t\t\t\t\t\t\t<img width=\"1920\" height=\"1920\" src=\"https:\/\/cest-pharma.com\/wp-content\/uploads\/2022\/12\/06.07.2021-Columbovet-15.png\" class=\"attachment- size-\" alt=\"\" decoding=\"async\" loading=\"lazy\" srcset=\"https:\/\/cest-pharma.com\/wp-content\/uploads\/2022\/12\/06.07.2021-Columbovet-15.png 1920w, https:\/\/cest-pharma.com\/wp-content\/uploads\/2022\/12\/06.07.2021-Columbovet-15-300x300.png 300w, https:\/\/cest-pharma.com\/wp-content\/uploads\/2022\/12\/06.07.2021-Columbovet-15-1024x1024.png 1024w, https:\/\/cest-pharma.com\/wp-content\/uploads\/2022\/12\/06.07.2021-Columbovet-15-150x150.png 150w, https:\/\/cest-pharma.com\/wp-content\/uploads\/2022\/12\/06.07.2021-Columbovet-15-768x768.png 768w, https:\/\/cest-pharma.com\/wp-content\/uploads\/2022\/12\/06.07.2021-Columbovet-15-1536x1536.png 1536w, https:\/\/cest-pharma.com\/wp-content\/uploads\/2022\/12\/06.07.2021-Columbovet-15-12x12.png 12w, https:\/\/cest-pharma.com\/wp-content\/uploads\/2022\/12\/06.07.2021-Columbovet-15-1200x1200.png 1200w\" sizes=\"(max-width: 1920px) 100vw, 1920px\" \/>\t\t\t\t\t\t\t\t<\/div>\n\t\t\t\t\t\t\t\t<div class=\"name_related\">\n\t\t\t\t\t\t\t\t\tENERGY PLUS 300g\t\t\t\t\t\t\t\t<\/div>\n\t\t\t\t\t\t\t<\/a>\n\t\t\t\t\t\t<\/div>\n\t\t\t\t\t\t\t\t\t\t\t<div class=\"swiper-slide gallerys\">\n\t\t\t\t\t\t\t<a href=\"https:\/\/cest-pharma.com\/pt\/yellow-drops-100ml\/\" target=\"_self\" class=\"fw-btn fw-btn-1\">\n\t\t\t\t\t\t\t\t<div class=\"image_related\">\n\t\t\t\t\t\t\t\t\t<img width=\"1920\" height=\"1920\" src=\"https:\/\/cest-pharma.com\/wp-content\/uploads\/2024\/11\/4.-Poza-Wing-Flex-tab-1.jpg\" class=\"attachment-full size-full wp-post-image\" alt=\"\" decoding=\"async\" loading=\"lazy\" srcset=\"https:\/\/cest-pharma.com\/wp-content\/uploads\/2024\/11\/4.-Poza-Wing-Flex-tab-1.jpg 1920w, https:\/\/cest-pharma.com\/wp-content\/uploads\/2024\/11\/4.-Poza-Wing-Flex-tab-1-300x300.jpg 300w, https:\/\/cest-pharma.com\/wp-content\/uploads\/2024\/11\/4.-Poza-Wing-Flex-tab-1-1024x1024.jpg 1024w, https:\/\/cest-pharma.com\/wp-content\/uploads\/2024\/11\/4.-Poza-Wing-Flex-tab-1-150x150.jpg 150w, https:\/\/cest-pharma.com\/wp-content\/uploads\/2024\/11\/4.-Poza-Wing-Flex-tab-1-768x768.jpg 768w, https:\/\/cest-pharma.com\/wp-content\/uploads\/2024\/11\/4.-Poza-Wing-Flex-tab-1-1536x1536.jpg 1536w, https:\/\/cest-pharma.com\/wp-content\/uploads\/2024\/11\/4.-Poza-Wing-Flex-tab-1-12x12.jpg 12w, https:\/\/cest-pharma.com\/wp-content\/uploads\/2024\/11\/4.-Poza-Wing-Flex-tab-1-1200x1200.jpg 1200w\" sizes=\"(max-width: 1920px) 100vw, 1920px\" \/>\t\t\t\t\t\t\t\t\t<img width=\"1920\" height=\"1920\" src=\"https:\/\/cest-pharma.com\/wp-content\/uploads\/2022\/12\/06.07.2021-Columbovet-34.png\" class=\"attachment- size-\" alt=\"\" decoding=\"async\" loading=\"lazy\" srcset=\"https:\/\/cest-pharma.com\/wp-content\/uploads\/2022\/12\/06.07.2021-Columbovet-34.png 1920w, https:\/\/cest-pharma.com\/wp-content\/uploads\/2022\/12\/06.07.2021-Columbovet-34-300x300.png 300w, https:\/\/cest-pharma.com\/wp-content\/uploads\/2022\/12\/06.07.2021-Columbovet-34-1024x1024.png 1024w, https:\/\/cest-pharma.com\/wp-content\/uploads\/2022\/12\/06.07.2021-Columbovet-34-150x150.png 150w, https:\/\/cest-pharma.com\/wp-content\/uploads\/2022\/12\/06.07.2021-Columbovet-34-768x768.png 768w, https:\/\/cest-pharma.com\/wp-content\/uploads\/2022\/12\/06.07.2021-Columbovet-34-1536x1536.png 1536w, https:\/\/cest-pharma.com\/wp-content\/uploads\/2022\/12\/06.07.2021-Columbovet-34-12x12.png 12w, https:\/\/cest-pharma.com\/wp-content\/uploads\/2022\/12\/06.07.2021-Columbovet-34-1200x1200.png 1200w\" sizes=\"(max-width: 1920px) 100vw, 1920px\" \/>\t\t\t\t\t\t\t\t<\/div>\n\t\t\t\t\t\t\t\t<div class=\"name_related\">\n\t\t\t\t\t\t\t\t\tYELLOW DROPS 100ml\t\t\t\t\t\t\t\t<\/div>\n\t\t\t\t\t\t\t<\/a>\n\t\t\t\t\t\t<\/div>\n\t\t\t\t\t\t\t\t\t\t\t<div class=\"swiper-slide gallerys\">\n\t\t\t\t\t\t\t<a href=\"\/pt\/vit-amino-250ml\/\" target=\"_self\" class=\"fw-btn fw-btn-1\">\n\t\t\t\t\t\t\t\t<div class=\"image_related\">\n\t\t\t\t\t\t\t\t\t<img width=\"1920\" height=\"1920\" src=\"https:\/\/cest-pharma.com\/wp-content\/uploads\/2024\/11\/4.-Poza-Wing-Flex-tab-1.jpg\" class=\"attachment-full size-full wp-post-image\" alt=\"\" decoding=\"async\" loading=\"lazy\" srcset=\"https:\/\/cest-pharma.com\/wp-content\/uploads\/2024\/11\/4.-Poza-Wing-Flex-tab-1.jpg 1920w, https:\/\/cest-pharma.com\/wp-content\/uploads\/2024\/11\/4.-Poza-Wing-Flex-tab-1-300x300.jpg 300w, https:\/\/cest-pharma.com\/wp-content\/uploads\/2024\/11\/4.-Poza-Wing-Flex-tab-1-1024x1024.jpg 1024w, https:\/\/cest-pharma.com\/wp-content\/uploads\/2024\/11\/4.-Poza-Wing-Flex-tab-1-150x150.jpg 150w, https:\/\/cest-pharma.com\/wp-content\/uploads\/2024\/11\/4.-Poza-Wing-Flex-tab-1-768x768.jpg 768w, https:\/\/cest-pharma.com\/wp-content\/uploads\/2024\/11\/4.-Poza-Wing-Flex-tab-1-1536x1536.jpg 1536w, https:\/\/cest-pharma.com\/wp-content\/uploads\/2024\/11\/4.-Poza-Wing-Flex-tab-1-12x12.jpg 12w, https:\/\/cest-pharma.com\/wp-content\/uploads\/2024\/11\/4.-Poza-Wing-Flex-tab-1-1200x1200.jpg 1200w\" sizes=\"(max-width: 1920px) 100vw, 1920px\" \/>\t\t\t\t\t\t\t\t\t<img width=\"1920\" height=\"1920\" src=\"https:\/\/cest-pharma.com\/wp-content\/uploads\/2022\/12\/vit_amino_web2-4-2.png\" class=\"attachment- size-\" alt=\"\" decoding=\"async\" loading=\"lazy\" srcset=\"https:\/\/cest-pharma.com\/wp-content\/uploads\/2022\/12\/vit_amino_web2-4-2.png 1920w, https:\/\/cest-pharma.com\/wp-content\/uploads\/2022\/12\/vit_amino_web2-4-2-300x300.png 300w, https:\/\/cest-pharma.com\/wp-content\/uploads\/2022\/12\/vit_amino_web2-4-2-1024x1024.png 1024w, https:\/\/cest-pharma.com\/wp-content\/uploads\/2022\/12\/vit_amino_web2-4-2-150x150.png 150w, https:\/\/cest-pharma.com\/wp-content\/uploads\/2022\/12\/vit_amino_web2-4-2-768x768.png 768w, https:\/\/cest-pharma.com\/wp-content\/uploads\/2022\/12\/vit_amino_web2-4-2-1536x1536.png 1536w, https:\/\/cest-pharma.com\/wp-content\/uploads\/2022\/12\/vit_amino_web2-4-2-12x12.png 12w, https:\/\/cest-pharma.com\/wp-content\/uploads\/2022\/12\/vit_amino_web2-4-2-1200x1200.png 1200w\" sizes=\"(max-width: 1920px) 100vw, 1920px\" \/>\t\t\t\t\t\t\t\t<\/div>\n\t\t\t\t\t\t\t\t<div class=\"name_related\">\n\t\t\t\t\t\t\t\t\tVIT AMINO 250ml\t\t\t\t\t\t\t\t<\/div>\n\t\t\t\t\t\t\t<\/a>\n\t\t\t\t\t\t<\/div>\n\t\t\t\t\t\t\t\t\t\t\t<div class=\"swiper-slide gallerys\">\n\t\t\t\t\t\t\t<a href=\"https:\/\/cest-pharma.com\/pt\/tricogo-500ml-1000ml\/\" target=\"_self\" class=\"fw-btn fw-btn-1\">\n\t\t\t\t\t\t\t\t<div class=\"image_related\">\n\t\t\t\t\t\t\t\t\t<img width=\"1920\" height=\"1920\" src=\"https:\/\/cest-pharma.com\/wp-content\/uploads\/2024\/11\/4.-Poza-Wing-Flex-tab-1.jpg\" class=\"attachment-full size-full wp-post-image\" alt=\"\" decoding=\"async\" loading=\"lazy\" srcset=\"https:\/\/cest-pharma.com\/wp-content\/uploads\/2024\/11\/4.-Poza-Wing-Flex-tab-1.jpg 1920w, https:\/\/cest-pharma.com\/wp-content\/uploads\/2024\/11\/4.-Poza-Wing-Flex-tab-1-300x300.jpg 300w, https:\/\/cest-pharma.com\/wp-content\/uploads\/2024\/11\/4.-Poza-Wing-Flex-tab-1-1024x1024.jpg 1024w, https:\/\/cest-pharma.com\/wp-content\/uploads\/2024\/11\/4.-Poza-Wing-Flex-tab-1-150x150.jpg 150w, https:\/\/cest-pharma.com\/wp-content\/uploads\/2024\/11\/4.-Poza-Wing-Flex-tab-1-768x768.jpg 768w, https:\/\/cest-pharma.com\/wp-content\/uploads\/2024\/11\/4.-Poza-Wing-Flex-tab-1-1536x1536.jpg 1536w, https:\/\/cest-pharma.com\/wp-content\/uploads\/2024\/11\/4.-Poza-Wing-Flex-tab-1-12x12.jpg 12w, https:\/\/cest-pharma.com\/wp-content\/uploads\/2024\/11\/4.-Poza-Wing-Flex-tab-1-1200x1200.jpg 1200w\" sizes=\"(max-width: 1920px) 100vw, 1920px\" \/>\t\t\t\t\t\t\t\t\t<img width=\"1920\" height=\"1920\" src=\"https:\/\/cest-pharma.com\/wp-content\/uploads\/2022\/12\/EW1A2891-1.png\" class=\"attachment- size-\" alt=\"\" decoding=\"async\" loading=\"lazy\" srcset=\"https:\/\/cest-pharma.com\/wp-content\/uploads\/2022\/12\/EW1A2891-1.png 1920w, https:\/\/cest-pharma.com\/wp-content\/uploads\/2022\/12\/EW1A2891-1-300x300.png 300w, https:\/\/cest-pharma.com\/wp-content\/uploads\/2022\/12\/EW1A2891-1-1024x1024.png 1024w, https:\/\/cest-pharma.com\/wp-content\/uploads\/2022\/12\/EW1A2891-1-150x150.png 150w, https:\/\/cest-pharma.com\/wp-content\/uploads\/2022\/12\/EW1A2891-1-768x768.png 768w, https:\/\/cest-pharma.com\/wp-content\/uploads\/2022\/12\/EW1A2891-1-1536x1536.png 1536w, https:\/\/cest-pharma.com\/wp-content\/uploads\/2022\/12\/EW1A2891-1-12x12.png 12w, https:\/\/cest-pharma.com\/wp-content\/uploads\/2022\/12\/EW1A2891-1-1200x1200.png 1200w\" sizes=\"(max-width: 1920px) 100vw, 1920px\" \/>\t\t\t\t\t\t\t\t<\/div>\n\t\t\t\t\t\t\t\t<div class=\"name_related\">\n\t\t\t\t\t\t\t\t\tTRICOGO 500ml\/1000ml\t\t\t\t\t\t\t\t<\/div>\n\t\t\t\t\t\t\t<\/a>\n\t\t\t\t\t\t<\/div>\n\t\t\t\t\t\t\t\t\t\t<\/div>\n\t\t\t\t\t<div class=\"swiper-button-next\"><\/div>\n\t\t\t\t\t<div class=\"swiper-button-prev\"><\/div>\n\t\t\t\t<\/div>\n\t\t\t<\/div>\n\t\t<\/div>\n\t<\/div>\n<\/section>\n\n<!-- Swiper JS -->\n<script src=\"https:\/\/cdn.jsdelivr.net\/npm\/swiper\/swiper-bundle.min.js\"><\/script>\n\n<!-- Initialize Swiper -->\n<script>\n\tvar swiper = new Swiper(\".mySwiper\", {\n\tslidesPerView: 1,\n\tspaceBetween: 30,\n\tloop: true,\n    autoplay: {\n      delay: 2500,\n      disableOnInteraction: false,\n    },\n\tnavigation: {\n\t\tnextEl: \".swiper-button-next\",\n\t\tprevEl: \".swiper-button-prev\",\n\t},\n\tbreakpoints: {\n          640: {\n            slidesPerView: 2,\n            spaceBetween: 10,\n          },\n          768: {\n            slidesPerView: 3,\n            spaceBetween: 30,\n          },\n          1024: {\n            slidesPerView: 4,\n            spaceBetween: 30,\n          },\n        },\n\t});\n<\/script>\n<\/div>\n<\/div>\n\n\t<\/div>\n<\/section>","protected":false},"excerpt":{"rendered":"<p>WING FLEX INDICATIONS: WING FLEX ensures the maintenance of the osteoarticular complex. Joint diseases lead to reduced mobility, sometimes irreversibly. These cause pain and will make the pigeon unable to fly, in which case it is excluded from sports life.\u00a0 For this reason, a balanced diet with nutrients that are constituents of the skeleton must [&hellip;]<\/p>","protected":false},"author":1,"featured_media":1615,"parent":0,"menu_order":0,"comment_status":"closed","ping_status":"closed","template":"","meta":[],"yoast_head":"<!-- This site is optimized with the Yoast SEO plugin v19.11 - https:\/\/yoast.com\/wordpress\/plugins\/seo\/ -->\n<title>WING FLEX<\/title>\n<meta name=\"description\" content=\"Natural treatment and prevention powder against trichomonosis, hexamitization or coccidiosis of racing pigeons\" \/>\n<meta name=\"robots\" content=\"index, follow, max-snippet:-1, max-image-preview:large, max-video-preview:-1\" \/>\n<link rel=\"canonical\" href=\"https:\/\/cest-pharma.com\/pt\/wing-flex\/\" \/>\n<meta property=\"og:locale\" content=\"pt_PT\" \/>\n<meta property=\"og:type\" content=\"article\" \/>\n<meta property=\"og:title\" content=\"WING FLEX\" \/>\n<meta property=\"og:description\" content=\"Natural treatment and prevention powder against trichomonosis, hexamitization or coccidiosis of racing pigeons\" \/>\n<meta property=\"og:url\" content=\"https:\/\/cest-pharma.com\/pt\/wing-flex\/\" \/>\n<meta property=\"og:site_name\" content=\"Cest Pharma\" \/>\n<meta property=\"article:modified_time\" content=\"2024-11-29T08:50:39+00:00\" \/>\n<meta property=\"og:image\" content=\"https:\/\/cest-pharma.com\/wp-content\/uploads\/2024\/11\/4.-Poza-Wing-Flex-tab-1.jpg\" \/>\n\t<meta property=\"og:image:width\" content=\"1920\" \/>\n\t<meta property=\"og:image:height\" content=\"1920\" \/>\n\t<meta property=\"og:image:type\" content=\"image\/jpeg\" \/>\n<meta name=\"twitter:card\" content=\"summary_large_image\" \/>\n<meta name=\"twitter:label1\" content=\"Est. reading time\" \/>\n\t<meta name=\"twitter:data1\" content=\"4 minutos\" \/>\n<script type=\"application\/ld+json\" class=\"yoast-schema-graph\">{\"@context\":\"https:\/\/schema.org\",\"@graph\":[{\"@type\":\"WebPage\",\"@id\":\"https:\/\/cest-pharma.com\/wing-flex\/\",\"url\":\"https:\/\/cest-pharma.com\/wing-flex\/\",\"name\":\"WING FLEX\",\"isPartOf\":{\"@id\":\"https:\/\/cest-pharma.com\/#website\"},\"datePublished\":\"2024-11-29T08:49:10+00:00\",\"dateModified\":\"2024-11-29T08:50:39+00:00\",\"description\":\"Natural treatment and prevention powder against trichomonosis, hexamitization or coccidiosis of racing pigeons\",\"breadcrumb\":{\"@id\":\"https:\/\/cest-pharma.com\/wing-flex\/#breadcrumb\"},\"inLanguage\":\"pt-PT\",\"potentialAction\":[{\"@type\":\"ReadAction\",\"target\":[\"https:\/\/cest-pharma.com\/wing-flex\/\"]}]},{\"@type\":\"BreadcrumbList\",\"@id\":\"https:\/\/cest-pharma.com\/wing-flex\/#breadcrumb\",\"itemListElement\":[{\"@type\":\"ListItem\",\"position\":1,\"name\":\"Home\",\"item\":\"https:\/\/cest-pharma.com\/\"},{\"@type\":\"ListItem\",\"position\":2,\"name\":\"WING FLEX\"}]},{\"@type\":\"WebSite\",\"@id\":\"https:\/\/cest-pharma.com\/#website\",\"url\":\"https:\/\/cest-pharma.com\/\",\"name\":\"Cest Pharma\",\"description\":\"\",\"publisher\":{\"@id\":\"https:\/\/cest-pharma.com\/#organization\"},\"potentialAction\":[{\"@type\":\"SearchAction\",\"target\":{\"@type\":\"EntryPoint\",\"urlTemplate\":\"https:\/\/cest-pharma.com\/?s={search_term_string}\"},\"query-input\":\"required name=search_term_string\"}],\"inLanguage\":\"pt-PT\"},{\"@type\":\"Organization\",\"@id\":\"https:\/\/cest-pharma.com\/#organization\",\"name\":\"Cest Pharma\",\"url\":\"https:\/\/cest-pharma.com\/\",\"logo\":{\"@type\":\"ImageObject\",\"inLanguage\":\"pt-PT\",\"@id\":\"https:\/\/cest-pharma.com\/#\/schema\/logo\/image\/\",\"url\":\"https:\/\/cest-pharma.com\/wp-content\/uploads\/2023\/01\/cropped-Cest-Pharma-logo-font-corectat.png\",\"contentUrl\":\"https:\/\/cest-pharma.com\/wp-content\/uploads\/2023\/01\/cropped-Cest-Pharma-logo-font-corectat.png\",\"width\":1003,\"height\":777,\"caption\":\"Cest Pharma\"},\"image\":{\"@id\":\"https:\/\/cest-pharma.com\/#\/schema\/logo\/image\/\"}}]}<\/script>\n<!-- \/ Yoast SEO plugin. -->","yoast_head_json":{"title":"WING FLEX","description":"Natural treatment and prevention powder against trichomonosis, hexamitization or coccidiosis of racing pigeons","robots":{"index":"index","follow":"follow","max-snippet":"max-snippet:-1","max-image-preview":"max-image-preview:large","max-video-preview":"max-video-preview:-1"},"canonical":"https:\/\/cest-pharma.com\/pt\/wing-flex\/","og_locale":"pt_PT","og_type":"article","og_title":"WING FLEX","og_description":"Natural treatment and prevention powder against trichomonosis, hexamitization or coccidiosis of racing pigeons","og_url":"https:\/\/cest-pharma.com\/pt\/wing-flex\/","og_site_name":"Cest Pharma","article_modified_time":"2024-11-29T08:50:39+00:00","og_image":[{"width":1920,"height":1920,"url":"https:\/\/cest-pharma.com\/wp-content\/uploads\/2024\/11\/4.-Poza-Wing-Flex-tab-1.jpg","type":"image\/jpeg"}],"twitter_card":"summary_large_image","twitter_misc":{"Est. reading time":"4 minutos"},"schema":{"@context":"https:\/\/schema.org","@graph":[{"@type":"WebPage","@id":"https:\/\/cest-pharma.com\/wing-flex\/","url":"https:\/\/cest-pharma.com\/wing-flex\/","name":"WING FLEX","isPartOf":{"@id":"https:\/\/cest-pharma.com\/#website"},"datePublished":"2024-11-29T08:49:10+00:00","dateModified":"2024-11-29T08:50:39+00:00","description":"Natural treatment and prevention powder against trichomonosis, hexamitization or coccidiosis of racing pigeons","breadcrumb":{"@id":"https:\/\/cest-pharma.com\/wing-flex\/#breadcrumb"},"inLanguage":"pt-PT","potentialAction":[{"@type":"ReadAction","target":["https:\/\/cest-pharma.com\/wing-flex\/"]}]},{"@type":"BreadcrumbList","@id":"https:\/\/cest-pharma.com\/wing-flex\/#breadcrumb","itemListElement":[{"@type":"ListItem","position":1,"name":"Home","item":"https:\/\/cest-pharma.com\/"},{"@type":"ListItem","position":2,"name":"WING FLEX"}]},{"@type":"WebSite","@id":"https:\/\/cest-pharma.com\/#website","url":"https:\/\/cest-pharma.com\/","name":"Cest Pharma","description":"","publisher":{"@id":"https:\/\/cest-pharma.com\/#organization"},"potentialAction":[{"@type":"SearchAction","target":{"@type":"EntryPoint","urlTemplate":"https:\/\/cest-pharma.com\/?s={search_term_string}"},"query-input":"required name=search_term_string"}],"inLanguage":"pt-PT"},{"@type":"Organization","@id":"https:\/\/cest-pharma.com\/#organization","name":"Cest Pharma","url":"https:\/\/cest-pharma.com\/","logo":{"@type":"ImageObject","inLanguage":"pt-PT","@id":"https:\/\/cest-pharma.com\/#\/schema\/logo\/image\/","url":"https:\/\/cest-pharma.com\/wp-content\/uploads\/2023\/01\/cropped-Cest-Pharma-logo-font-corectat.png","contentUrl":"https:\/\/cest-pharma.com\/wp-content\/uploads\/2023\/01\/cropped-Cest-Pharma-logo-font-corectat.png","width":1003,"height":777,"caption":"Cest Pharma"},"image":{"@id":"https:\/\/cest-pharma.com\/#\/schema\/logo\/image\/"}}]}},"_links":{"self":[{"href":"https:\/\/cest-pharma.com\/pt\/wp-json\/wp\/v2\/pages\/1613"}],"collection":[{"href":"https:\/\/cest-pharma.com\/pt\/wp-json\/wp\/v2\/pages"}],"about":[{"href":"https:\/\/cest-pharma.com\/pt\/wp-json\/wp\/v2\/types\/page"}],"author":[{"embeddable":true,"href":"https:\/\/cest-pharma.com\/pt\/wp-json\/wp\/v2\/users\/1"}],"replies":[{"embeddable":true,"href":"https:\/\/cest-pharma.com\/pt\/wp-json\/wp\/v2\/comments?post=1613"}],"version-history":[{"count":2,"href":"https:\/\/cest-pharma.com\/pt\/wp-json\/wp\/v2\/pages\/1613\/revisions"}],"predecessor-version":[{"id":1617,"href":"https:\/\/cest-pharma.com\/pt\/wp-json\/wp\/v2\/pages\/1613\/revisions\/1617"}],"wp:featuredmedia":[{"embeddable":true,"href":"https:\/\/cest-pharma.com\/pt\/wp-json\/wp\/v2\/media\/1615"}],"wp:attachment":[{"href":"https:\/\/cest-pharma.com\/pt\/wp-json\/wp\/v2\/media?parent=1613"}],"curies":[{"name":"wp","href":"https:\/\/api.w.org\/{rel}","templated":true}]}}