{"id":2010,"date":"2026-01-27T13:11:25","date_gmt":"2026-01-27T13:11:25","guid":{"rendered":"https:\/\/cest-pharma.com\/?page_id=2010"},"modified":"2026-02-03T07:31:47","modified_gmt":"2026-02-03T07:31:47","slug":"breeding-booster-600g-2","status":"publish","type":"page","link":"https:\/\/cest-pharma.com\/pt\/breeding-booster-600g-2\/","title":{"rendered":"BREEDING BOOSTER  600g"},"content":{"rendered":"<section class=\"fw-main-row\"  >\n\t<div class=\"fw-container-fluid\">\n\t\t<div class=\"fw-row\">\n\t<div class=\"fw-col-xs-12\">\n\t\n<section id=\"product\" class=\"p-0\">\n\t<div class=\"section-inner\">\n\t\t<div class=\"row\">\n\t\t\t<div class=\"col-md-6 d-flex justify-content-center align-items-center\">\n\t\t\t\t<div class=\"product-image gallerys\">\n\t\t\t\t\t<img width=\"1920\" height=\"1920\" src=\"https:\/\/cest-pharma.com\/wp-content\/uploads\/2026\/01\/4.-Poza-Breeding-Booster-600gr.jpg\" class=\"attachment-full size-full wp-post-image\" alt=\"\" decoding=\"async\" loading=\"lazy\" srcset=\"https:\/\/cest-pharma.com\/wp-content\/uploads\/2026\/01\/4.-Poza-Breeding-Booster-600gr.jpg 1920w, https:\/\/cest-pharma.com\/wp-content\/uploads\/2026\/01\/4.-Poza-Breeding-Booster-600gr-300x300.jpg 300w, https:\/\/cest-pharma.com\/wp-content\/uploads\/2026\/01\/4.-Poza-Breeding-Booster-600gr-1024x1024.jpg 1024w, https:\/\/cest-pharma.com\/wp-content\/uploads\/2026\/01\/4.-Poza-Breeding-Booster-600gr-150x150.jpg 150w, https:\/\/cest-pharma.com\/wp-content\/uploads\/2026\/01\/4.-Poza-Breeding-Booster-600gr-768x768.jpg 768w, https:\/\/cest-pharma.com\/wp-content\/uploads\/2026\/01\/4.-Poza-Breeding-Booster-600gr-1536x1536.jpg 1536w, https:\/\/cest-pharma.com\/wp-content\/uploads\/2026\/01\/4.-Poza-Breeding-Booster-600gr-12x12.jpg 12w, https:\/\/cest-pharma.com\/wp-content\/uploads\/2026\/01\/4.-Poza-Breeding-Booster-600gr-1200x1200.jpg 1200w\" sizes=\"(max-width: 1920px) 100vw, 1920px\" \/>\t\t\t\t\t<img width=\"1920\" height=\"1920\" src=\"https:\/\/cest-pharma.com\/wp-content\/uploads\/2026\/01\/4.-Poza-Breeding-Booster-600gr.jpg\" class=\"attachment- size-\" alt=\"\" decoding=\"async\" loading=\"lazy\" srcset=\"https:\/\/cest-pharma.com\/wp-content\/uploads\/2026\/01\/4.-Poza-Breeding-Booster-600gr.jpg 1920w, https:\/\/cest-pharma.com\/wp-content\/uploads\/2026\/01\/4.-Poza-Breeding-Booster-600gr-300x300.jpg 300w, https:\/\/cest-pharma.com\/wp-content\/uploads\/2026\/01\/4.-Poza-Breeding-Booster-600gr-1024x1024.jpg 1024w, https:\/\/cest-pharma.com\/wp-content\/uploads\/2026\/01\/4.-Poza-Breeding-Booster-600gr-150x150.jpg 150w, https:\/\/cest-pharma.com\/wp-content\/uploads\/2026\/01\/4.-Poza-Breeding-Booster-600gr-768x768.jpg 768w, https:\/\/cest-pharma.com\/wp-content\/uploads\/2026\/01\/4.-Poza-Breeding-Booster-600gr-1536x1536.jpg 1536w, https:\/\/cest-pharma.com\/wp-content\/uploads\/2026\/01\/4.-Poza-Breeding-Booster-600gr-12x12.jpg 12w, https:\/\/cest-pharma.com\/wp-content\/uploads\/2026\/01\/4.-Poza-Breeding-Booster-600gr-1200x1200.jpg 1200w\" sizes=\"(max-width: 1920px) 100vw, 1920px\" \/>\t\t\t\t<\/div>\n \t\t\t    <div class=\"socials\">\n\t\t\t      <div class=\"sticky\">\n\t\t\t\t  <ul>\n\t\t\t\t\t<li>\n\t\t\t\t\t\t<a href=\"\/\/www.facebook.com\/sharer.php?u=https:\/\/cest-pharma.com\/pt\/breeding-booster-600g-2\/\" class=\"social-sharing-item-block facebook\" title=\"Facebook\" onclick=\"event.preventDefault(); javascript:window.open(this.href, '', 'menubar=no,toolbar=no,resizable=yes,scrollbars=yes,height=220,width=600');return false;\">\n\t\t\t\t\t\t    <!-- <i class=\"fa fa-facebook social-sharing-icon\"><\/i> -->\n\t\t\t\t\t\t    <img src=\"\/wp-content\/uploads\/2022\/12\/facebook-1.png\">\n\t\t\t\t\t\t<\/a>\n\t\t\t\t\t<\/li>\n\t\t\t\t\t<li>\n\t\t\t\t\t\t<a href=\"\/\/linkedin.com\/share?url=https:\/\/cest-pharma.com\/pt\/breeding-booster-600g-2\/&amp;text=BREEDING+BOOSTER++600g\" class=\"social-sharing-item-block twitter\" title=\"linkedin\" onclick=\"javascript:window.open(this.href, '', 'menubar=no,toolbar=no,resizable=yes,scrollbars=yes,height=260,width=600');return false;\">\n\t\t\t\t\t\t    <!-- <i class=\"fa fa-twitter social-sharing-icon\"><\/i> -->\n\t\t\t\t\t\t\t<img src=\"\/wp-content\/uploads\/2022\/12\/linkedin.png\">\n\t\t\t\t\t\t<\/a>\n\t\t\t\t\t<\/li>\n\t\t\t\t\t<li>\n\t\t\t\t\t\t<a href=\"\/\/twitter.com\/share?url=https:\/\/cest-pharma.com\/pt\/breeding-booster-600g-2\/&amp;text=BREEDING+BOOSTER++600g\" class=\"social-sharing-item-block twitter\" title=\"linkedin\" onclick=\"javascript:window.open(this.href, '', 'menubar=no,toolbar=no,resizable=yes,scrollbars=yes,height=260,width=600');return false;\">\n\t\t\t\t\t\t    <!-- <i class=\"fa fa-twitter social-sharing-icon\"><\/i> -->\n\t\t\t\t\t\t\t<img src=\"\/wp-content\/uploads\/2022\/12\/twitter.png\">\n\t\t\t\t\t\t<\/a>\n\t\t\t\t\t<\/li>\n\t\t\t\t<\/ul>\n\t\t\t<\/div>\n\t\t<\/div>\n\t\t\t<\/div>\n\t\t\t<div class=\"col-md-6\">\n\t\t\t\t<div class=\"title-product\">\n\t\t\t\t\tBREEDING BOOSTER 600g\t\t\t\t<\/div>\n\t\t\t\t\t\t\t\t\t<div class=\"box-desc-title\">\n\t\t\t\t\t\tINDICA\u00c7\u00d5ES:\t\t\t\t\t<\/div>\n\t\t\t\t\t<div class=\"box-desc\">\n\t\t\t\t\t\t<p><strong>BREEDING BOOSTER<\/strong> est\u00e1 na base do aumento do desempenho reprodutivo entre os pombos. Seus componentes t\u00eam a fun\u00e7\u00e3o de proteger e complementar as reservas de nutrientes do organismo, o que \u00e9 essencial em per\u00edodos de m\u00e1xima atividade fisiol\u00f3gica (per\u00edodo de reprodu\u00e7\u00e3o, postura de ovos, muda, etc.), bem como em situa\u00e7\u00f5es de recupera\u00e7\u00e3o ap\u00f3s competi\u00e7\u00f5es, doen\u00e7as, convalescen\u00e7a, estresse t\u00e9rmico e transporte. Da mesma forma, reduz significativamente o estado de exaust\u00e3o do organismo, que est\u00e1 sempre acompanhado de grandes perdas de energia e nutrientes.<br \/>bem como em situa\u00e7\u00f5es de recupera\u00e7\u00e3o ap\u00f3s competi\u00e7\u00f5es, doen\u00e7as, convalescen\u00e7a, estresse t\u00e9rmico e transporte. Da mesma forma, reduz significativamente o estado de exaust\u00e3o do organismo, que est\u00e1 sempre acompanhado de grandes perdas de energia e nutrientes. <strong>RECOMENDA-SE O USO<\/strong> em per\u00edodos de acasalamento e muda, para uma imunidade forte, preven\u00e7\u00e3o de defici\u00eancias de vitaminas e amino\u00e1cidos, desenvolvimento da flora intestinal ben\u00e9fica, manuten\u00e7\u00e3o da sa\u00fade da pele, mucosas e penas, redu\u00e7\u00e3o da sensa\u00e7\u00e3o de fadiga e exaust\u00e3o, estimula\u00e7\u00e3o da produ\u00e7\u00e3o de energia, efeito antioxidante, prote\u00e7\u00e3o contra a degrada\u00e7\u00e3o celular, em per\u00edodos de prepara\u00e7\u00e3o para competi\u00e7\u00f5es e de alto risco de doen\u00e7as, recupera\u00e7\u00e3o r\u00e1pida ap\u00f3s esfor\u00e7os intensos.<\/p>\t\t\t\t\t<\/div>\n\t\t\t\t\t\t\t\t\t<div class=\"box-desc-title\">\n\t\t\t\t\t\tCOMPOSI\u00c7\u00c3O:\t\t\t\t\t<\/div>\n\t\t\t\t\t<div class=\"box-desc\">\n\t\t\t\t\t\t<p>Levedura de cerveja, Maltodextrina, Metil sulfonil metano, Sulfato de glucosamina, Sulfato de condroitina, Produtos de levedura, Sulfato de s\u00f3dio, Cloreto de s\u00f3dio, Cloreto de pot\u00e1ssio, Sulfato de magn\u00e9sio, Carbonato de c\u00e1lcio.<\/p><p><strong>ADITIVOS NUTRICIONAIS\/KG:<\/strong> Aditivos em 1L: Aditivos nutricionais: Vitamina A (3a672b) 1.000.000 UI, Vitamina D3 (3a671) 170.000 UI, Vitamina E (3a700) 2.000 mg, Cloreto de colina (3a890) 20.000 mg, D-Pantenol (3a842) 636 mg, L-Carnitina (3a910) 42 mg, Vitamina K3 (3a710) 130 mg, Niacinamida (3a315) 1.500 mg, Vitamina B1 (3a820) 220 mg, Vitamina B2 (3a826) 820 mg, Vitamina B6 (3a831) 200 mg, Vitamina B12 (3a836) 150 mcg, Biotina (3a880) 1.000 mcg, \u00c1cido f\u00f3lico (3a316) 5,4 mg, Beta\u00edna HCL (3a925) 4.000 mg.<\/p><p><u>COMPOSTOS DE OLIGOELEMENTOS: <\/u>Sulfato de ferro (III) mono-hidratado (3b103) 120mg, sulfato de zinco mono-hidratado (3b605) 120mg, sulfato de mangan\u00eas mono-hidratado (3b503) 120mg.<\/p><p>A<strong>INGREDIENTES ANAL\u00cdTICOS<\/strong>:Humidade 79,36%, Prote\u00edna bruta 23,50%, Gordura bruta 0,14%, Cinzas brutas 2,51%, Fibra bruta 0,05%, S\u00f3dio 0,02%, Lisina 0,17%, Metionina 0,04%<\/p>\t\t\t\t\t<\/div>\n\t\t\t\t\t\t\t\t\t<div class=\"box-desc-title\">\n\t\t\t\t\t\tADMINISTRA\u00c7\u00c3O:\t\t\t\t\t<\/div>\n\t\t\t\t\t<div class=\"box-desc\">\n\t\t\t\t\t\t<p>5 g (1 medida)\/1 kg de alimentos<\/p>\t\t\t\t\t<\/div>\n\t\t\t\t\t\t\t\t\t<div class=\"box-desc-title\">\n\t\t\t\t\t\tARMAZENAMENTO:\t\t\t\t\t<\/div>\n\t\t\t\t\t<div class=\"box-desc\">\n\t\t\t\t\t\t<p>Armazenar em local seco, a temperaturas que n\u00e3o excedam 25\u00b0C. Conservar na embalagem original, longe da humidade e da luz solar direta. Manter fora do alcance das crian\u00e7as. N\u00e3o utilizar ap\u00f3s a data de validade.<\/p>\t\t\t\t\t<\/div>\n\t\t\t\t\t\t\t<\/div>\n\t\t\t<div class=\"button-resellers d-flex justify-content-center align-items-center\">\n\t\t\t\t<a href=\"https:\/\/cest-pharma.com\/pt\/parceiro\/\" target=\"_self\" class=\"fw-btn fw-btn-1\">\n\t\t\t\t\t<span><img src=\"\/wp-content\/uploads\/2022\/11\/Cart.png\" class=\"d-inline\"> Compre agora<\/span>\n\t\t\t\t<\/a>\n\t\t\t<\/div>\n\t\t<\/div>\n\t\t<div class=\"row related\">\n\t\t\t<div class=\"category-related\">\n\t\t\t\tProdutos relacionados\t\t\t<\/div>\n\t\t\t<div class=\"swiper-related\">\n\t\t\t\t<!-- Swiper -->\n\t\t\t\t<div class=\"swiper mySwiper\">\n\t\t\t\t\t<div class=\"swiper-wrapper\">\n\t\t\t\t\t\t\t\t\t\t\t<div class=\"swiper-slide gallerys\">\n\t\t\t\t\t\t\t<a href=\"\/pt\/energy-plus-300g\/\" target=\"_self\" class=\"fw-btn fw-btn-1\">\n\t\t\t\t\t\t\t\t<div class=\"image_related\">\n\t\t\t\t\t\t\t\t\t<img width=\"1920\" height=\"1920\" src=\"https:\/\/cest-pharma.com\/wp-content\/uploads\/2026\/01\/4.-Poza-Breeding-Booster-600gr.jpg\" class=\"attachment-full size-full wp-post-image\" alt=\"\" decoding=\"async\" loading=\"lazy\" srcset=\"https:\/\/cest-pharma.com\/wp-content\/uploads\/2026\/01\/4.-Poza-Breeding-Booster-600gr.jpg 1920w, https:\/\/cest-pharma.com\/wp-content\/uploads\/2026\/01\/4.-Poza-Breeding-Booster-600gr-300x300.jpg 300w, https:\/\/cest-pharma.com\/wp-content\/uploads\/2026\/01\/4.-Poza-Breeding-Booster-600gr-1024x1024.jpg 1024w, https:\/\/cest-pharma.com\/wp-content\/uploads\/2026\/01\/4.-Poza-Breeding-Booster-600gr-150x150.jpg 150w, https:\/\/cest-pharma.com\/wp-content\/uploads\/2026\/01\/4.-Poza-Breeding-Booster-600gr-768x768.jpg 768w, https:\/\/cest-pharma.com\/wp-content\/uploads\/2026\/01\/4.-Poza-Breeding-Booster-600gr-1536x1536.jpg 1536w, https:\/\/cest-pharma.com\/wp-content\/uploads\/2026\/01\/4.-Poza-Breeding-Booster-600gr-12x12.jpg 12w, https:\/\/cest-pharma.com\/wp-content\/uploads\/2026\/01\/4.-Poza-Breeding-Booster-600gr-1200x1200.jpg 1200w\" sizes=\"(max-width: 1920px) 100vw, 1920px\" \/>\t\t\t\t\t\t\t\t\t<img width=\"1920\" height=\"1920\" src=\"https:\/\/cest-pharma.com\/wp-content\/uploads\/2022\/12\/06.07.2021-Columbovet-15.png\" class=\"attachment- size-\" alt=\"\" decoding=\"async\" loading=\"lazy\" srcset=\"https:\/\/cest-pharma.com\/wp-content\/uploads\/2022\/12\/06.07.2021-Columbovet-15.png 1920w, https:\/\/cest-pharma.com\/wp-content\/uploads\/2022\/12\/06.07.2021-Columbovet-15-300x300.png 300w, https:\/\/cest-pharma.com\/wp-content\/uploads\/2022\/12\/06.07.2021-Columbovet-15-1024x1024.png 1024w, https:\/\/cest-pharma.com\/wp-content\/uploads\/2022\/12\/06.07.2021-Columbovet-15-150x150.png 150w, https:\/\/cest-pharma.com\/wp-content\/uploads\/2022\/12\/06.07.2021-Columbovet-15-768x768.png 768w, https:\/\/cest-pharma.com\/wp-content\/uploads\/2022\/12\/06.07.2021-Columbovet-15-1536x1536.png 1536w, https:\/\/cest-pharma.com\/wp-content\/uploads\/2022\/12\/06.07.2021-Columbovet-15-12x12.png 12w, https:\/\/cest-pharma.com\/wp-content\/uploads\/2022\/12\/06.07.2021-Columbovet-15-1200x1200.png 1200w\" sizes=\"(max-width: 1920px) 100vw, 1920px\" \/>\t\t\t\t\t\t\t\t<\/div>\n\t\t\t\t\t\t\t\t<div class=\"name_related\">\n\t\t\t\t\t\t\t\t\tENERGY PLUS 300g\t\t\t\t\t\t\t\t<\/div>\n\t\t\t\t\t\t\t<\/a>\n\t\t\t\t\t\t<\/div>\n\t\t\t\t\t\t\t\t\t\t\t<div class=\"swiper-slide gallerys\">\n\t\t\t\t\t\t\t<a href=\"https:\/\/cest-pharma.com\/pt\/yellow-drops-100ml\/\" target=\"_self\" class=\"fw-btn fw-btn-1\">\n\t\t\t\t\t\t\t\t<div class=\"image_related\">\n\t\t\t\t\t\t\t\t\t<img width=\"1920\" height=\"1920\" src=\"https:\/\/cest-pharma.com\/wp-content\/uploads\/2026\/01\/4.-Poza-Breeding-Booster-600gr.jpg\" class=\"attachment-full size-full wp-post-image\" alt=\"\" decoding=\"async\" loading=\"lazy\" srcset=\"https:\/\/cest-pharma.com\/wp-content\/uploads\/2026\/01\/4.-Poza-Breeding-Booster-600gr.jpg 1920w, https:\/\/cest-pharma.com\/wp-content\/uploads\/2026\/01\/4.-Poza-Breeding-Booster-600gr-300x300.jpg 300w, https:\/\/cest-pharma.com\/wp-content\/uploads\/2026\/01\/4.-Poza-Breeding-Booster-600gr-1024x1024.jpg 1024w, https:\/\/cest-pharma.com\/wp-content\/uploads\/2026\/01\/4.-Poza-Breeding-Booster-600gr-150x150.jpg 150w, https:\/\/cest-pharma.com\/wp-content\/uploads\/2026\/01\/4.-Poza-Breeding-Booster-600gr-768x768.jpg 768w, https:\/\/cest-pharma.com\/wp-content\/uploads\/2026\/01\/4.-Poza-Breeding-Booster-600gr-1536x1536.jpg 1536w, https:\/\/cest-pharma.com\/wp-content\/uploads\/2026\/01\/4.-Poza-Breeding-Booster-600gr-12x12.jpg 12w, https:\/\/cest-pharma.com\/wp-content\/uploads\/2026\/01\/4.-Poza-Breeding-Booster-600gr-1200x1200.jpg 1200w\" sizes=\"(max-width: 1920px) 100vw, 1920px\" \/>\t\t\t\t\t\t\t\t\t<img width=\"1920\" height=\"1920\" src=\"https:\/\/cest-pharma.com\/wp-content\/uploads\/2022\/12\/06.07.2021-Columbovet-34.png\" class=\"attachment- size-\" alt=\"\" decoding=\"async\" loading=\"lazy\" srcset=\"https:\/\/cest-pharma.com\/wp-content\/uploads\/2022\/12\/06.07.2021-Columbovet-34.png 1920w, https:\/\/cest-pharma.com\/wp-content\/uploads\/2022\/12\/06.07.2021-Columbovet-34-300x300.png 300w, https:\/\/cest-pharma.com\/wp-content\/uploads\/2022\/12\/06.07.2021-Columbovet-34-1024x1024.png 1024w, https:\/\/cest-pharma.com\/wp-content\/uploads\/2022\/12\/06.07.2021-Columbovet-34-150x150.png 150w, https:\/\/cest-pharma.com\/wp-content\/uploads\/2022\/12\/06.07.2021-Columbovet-34-768x768.png 768w, https:\/\/cest-pharma.com\/wp-content\/uploads\/2022\/12\/06.07.2021-Columbovet-34-1536x1536.png 1536w, https:\/\/cest-pharma.com\/wp-content\/uploads\/2022\/12\/06.07.2021-Columbovet-34-12x12.png 12w, https:\/\/cest-pharma.com\/wp-content\/uploads\/2022\/12\/06.07.2021-Columbovet-34-1200x1200.png 1200w\" sizes=\"(max-width: 1920px) 100vw, 1920px\" \/>\t\t\t\t\t\t\t\t<\/div>\n\t\t\t\t\t\t\t\t<div class=\"name_related\">\n\t\t\t\t\t\t\t\t\tYELLOW DROPS 100ml\t\t\t\t\t\t\t\t<\/div>\n\t\t\t\t\t\t\t<\/a>\n\t\t\t\t\t\t<\/div>\n\t\t\t\t\t\t\t\t\t\t\t<div class=\"swiper-slide gallerys\">\n\t\t\t\t\t\t\t<a href=\"https:\/\/cest-pharma.com\/pt\/tricogo-500ml-1000ml\/\" target=\"_self\" class=\"fw-btn fw-btn-1\">\n\t\t\t\t\t\t\t\t<div class=\"image_related\">\n\t\t\t\t\t\t\t\t\t<img width=\"1920\" height=\"1920\" src=\"https:\/\/cest-pharma.com\/wp-content\/uploads\/2026\/01\/4.-Poza-Breeding-Booster-600gr.jpg\" class=\"attachment-full size-full wp-post-image\" alt=\"\" decoding=\"async\" loading=\"lazy\" srcset=\"https:\/\/cest-pharma.com\/wp-content\/uploads\/2026\/01\/4.-Poza-Breeding-Booster-600gr.jpg 1920w, https:\/\/cest-pharma.com\/wp-content\/uploads\/2026\/01\/4.-Poza-Breeding-Booster-600gr-300x300.jpg 300w, https:\/\/cest-pharma.com\/wp-content\/uploads\/2026\/01\/4.-Poza-Breeding-Booster-600gr-1024x1024.jpg 1024w, https:\/\/cest-pharma.com\/wp-content\/uploads\/2026\/01\/4.-Poza-Breeding-Booster-600gr-150x150.jpg 150w, https:\/\/cest-pharma.com\/wp-content\/uploads\/2026\/01\/4.-Poza-Breeding-Booster-600gr-768x768.jpg 768w, https:\/\/cest-pharma.com\/wp-content\/uploads\/2026\/01\/4.-Poza-Breeding-Booster-600gr-1536x1536.jpg 1536w, https:\/\/cest-pharma.com\/wp-content\/uploads\/2026\/01\/4.-Poza-Breeding-Booster-600gr-12x12.jpg 12w, https:\/\/cest-pharma.com\/wp-content\/uploads\/2026\/01\/4.-Poza-Breeding-Booster-600gr-1200x1200.jpg 1200w\" sizes=\"(max-width: 1920px) 100vw, 1920px\" \/>\t\t\t\t\t\t\t\t\t<img width=\"1920\" height=\"1920\" src=\"https:\/\/cest-pharma.com\/wp-content\/uploads\/2022\/12\/EW1A2891-1.png\" class=\"attachment- size-\" alt=\"\" decoding=\"async\" loading=\"lazy\" srcset=\"https:\/\/cest-pharma.com\/wp-content\/uploads\/2022\/12\/EW1A2891-1.png 1920w, https:\/\/cest-pharma.com\/wp-content\/uploads\/2022\/12\/EW1A2891-1-300x300.png 300w, https:\/\/cest-pharma.com\/wp-content\/uploads\/2022\/12\/EW1A2891-1-1024x1024.png 1024w, https:\/\/cest-pharma.com\/wp-content\/uploads\/2022\/12\/EW1A2891-1-150x150.png 150w, https:\/\/cest-pharma.com\/wp-content\/uploads\/2022\/12\/EW1A2891-1-768x768.png 768w, https:\/\/cest-pharma.com\/wp-content\/uploads\/2022\/12\/EW1A2891-1-1536x1536.png 1536w, https:\/\/cest-pharma.com\/wp-content\/uploads\/2022\/12\/EW1A2891-1-12x12.png 12w, https:\/\/cest-pharma.com\/wp-content\/uploads\/2022\/12\/EW1A2891-1-1200x1200.png 1200w\" sizes=\"(max-width: 1920px) 100vw, 1920px\" \/>\t\t\t\t\t\t\t\t<\/div>\n\t\t\t\t\t\t\t\t<div class=\"name_related\">\n\t\t\t\t\t\t\t\t\tTRICOGO 500ml\/1000ml\t\t\t\t\t\t\t\t<\/div>\n\t\t\t\t\t\t\t<\/a>\n\t\t\t\t\t\t<\/div>\n\t\t\t\t\t\t\t\t\t\t<\/div>\n\t\t\t\t\t<div class=\"swiper-button-next\"><\/div>\n\t\t\t\t\t<div class=\"swiper-button-prev\"><\/div>\n\t\t\t\t<\/div>\n\t\t\t<\/div>\n\t\t<\/div>\n\t<\/div>\n<\/section>\n\n<!-- Swiper JS -->\n<script src=\"https:\/\/cdn.jsdelivr.net\/npm\/swiper\/swiper-bundle.min.js\"><\/script>\n\n<!-- Initialize Swiper -->\n<script>\n\tvar swiper = new Swiper(\".mySwiper\", {\n\tslidesPerView: 1,\n\tspaceBetween: 30,\n\tloop: true,\n    autoplay: {\n      delay: 2500,\n      disableOnInteraction: false,\n    },\n\tnavigation: {\n\t\tnextEl: \".swiper-button-next\",\n\t\tprevEl: \".swiper-button-prev\",\n\t},\n\tbreakpoints: {\n          640: {\n            slidesPerView: 2,\n            spaceBetween: 10,\n          },\n          768: {\n            slidesPerView: 3,\n            spaceBetween: 30,\n          },\n          1024: {\n            slidesPerView: 4,\n            spaceBetween: 30,\n          },\n        },\n\t});\n<\/script>\n<\/div>\n<\/div>\n\n\t<\/div>\n<\/section>","protected":false},"excerpt":{"rendered":"<p>BREEDING BOOSTER 600g INDICATIONS: BREEDING BOOSTER is designed to enhance reproductive performance in pigeons. Its components help protect and replenish the body&#8217;s nutrient reserves, which is essential during periods of high physiological activity (breeding, egg-laying, moulting, etc.), as well as during recovery from races, illnesses, convalescence, heat stress, or transportation.At the same time, it significantly [&hellip;]<\/p>","protected":false},"author":1,"featured_media":2011,"parent":0,"menu_order":0,"comment_status":"closed","ping_status":"closed","template":"","meta":[],"yoast_head":"<!-- This site is optimized with the Yoast SEO plugin v19.11 - https:\/\/yoast.com\/wordpress\/plugins\/seo\/ -->\n<title>BREEDING BOOSTER 600g - enhance reproductive performance in pigeons<\/title>\n<meta name=\"description\" content=\"BREEDING BOOSTER is designed to enhance reproductive performance in pigeons. Its components help protect and replenish the body&#039;s nutrient reserves, which is essential during periods of high physiological activity (breeding, egg-laying, moulting, etc.)\" \/>\n<meta name=\"robots\" content=\"index, follow, max-snippet:-1, max-image-preview:large, max-video-preview:-1\" \/>\n<link rel=\"canonical\" href=\"https:\/\/cest-pharma.com\/pt\/breeding-booster-600g-2\/\" \/>\n<meta property=\"og:locale\" content=\"pt_PT\" \/>\n<meta property=\"og:type\" content=\"article\" \/>\n<meta property=\"og:title\" content=\"BREEDING BOOSTER 600g - enhance reproductive performance in pigeons\" \/>\n<meta property=\"og:description\" content=\"BREEDING BOOSTER is designed to enhance reproductive performance in pigeons. Its components help protect and replenish the body&#039;s nutrient reserves, which is essential during periods of high physiological activity (breeding, egg-laying, moulting, etc.)\" \/>\n<meta property=\"og:url\" content=\"https:\/\/cest-pharma.com\/pt\/breeding-booster-600g-2\/\" \/>\n<meta property=\"og:site_name\" content=\"Cest Pharma\" \/>\n<meta property=\"article:modified_time\" content=\"2026-02-03T07:31:47+00:00\" \/>\n<meta property=\"og:image\" content=\"https:\/\/cest-pharma.com\/wp-content\/uploads\/2026\/01\/4.-Poza-Breeding-Booster-600gr.jpg\" \/>\n\t<meta property=\"og:image:width\" content=\"1920\" \/>\n\t<meta property=\"og:image:height\" content=\"1920\" \/>\n\t<meta property=\"og:image:type\" content=\"image\/jpeg\" \/>\n<meta name=\"twitter:card\" content=\"summary_large_image\" \/>\n<meta name=\"twitter:label1\" content=\"Est. reading time\" \/>\n\t<meta name=\"twitter:data1\" content=\"4 minutos\" \/>\n<script type=\"application\/ld+json\" class=\"yoast-schema-graph\">{\"@context\":\"https:\/\/schema.org\",\"@graph\":[{\"@type\":\"WebPage\",\"@id\":\"https:\/\/cest-pharma.com\/breeding-booster-600g-2\/\",\"url\":\"https:\/\/cest-pharma.com\/breeding-booster-600g-2\/\",\"name\":\"BREEDING BOOSTER 600g - enhance reproductive performance in pigeons\",\"isPartOf\":{\"@id\":\"https:\/\/cest-pharma.com\/#website\"},\"datePublished\":\"2026-01-27T13:11:25+00:00\",\"dateModified\":\"2026-02-03T07:31:47+00:00\",\"description\":\"BREEDING BOOSTER is designed to enhance reproductive performance in pigeons. Its components help protect and replenish the body's nutrient reserves, which is essential during periods of high physiological activity (breeding, egg-laying, moulting, etc.)\",\"breadcrumb\":{\"@id\":\"https:\/\/cest-pharma.com\/breeding-booster-600g-2\/#breadcrumb\"},\"inLanguage\":\"pt-PT\",\"potentialAction\":[{\"@type\":\"ReadAction\",\"target\":[\"https:\/\/cest-pharma.com\/breeding-booster-600g-2\/\"]}]},{\"@type\":\"BreadcrumbList\",\"@id\":\"https:\/\/cest-pharma.com\/breeding-booster-600g-2\/#breadcrumb\",\"itemListElement\":[{\"@type\":\"ListItem\",\"position\":1,\"name\":\"Home\",\"item\":\"https:\/\/cest-pharma.com\/\"},{\"@type\":\"ListItem\",\"position\":2,\"name\":\"BREEDING BOOSTER 600g\"}]},{\"@type\":\"WebSite\",\"@id\":\"https:\/\/cest-pharma.com\/#website\",\"url\":\"https:\/\/cest-pharma.com\/\",\"name\":\"Cest Pharma\",\"description\":\"\",\"publisher\":{\"@id\":\"https:\/\/cest-pharma.com\/#organization\"},\"potentialAction\":[{\"@type\":\"SearchAction\",\"target\":{\"@type\":\"EntryPoint\",\"urlTemplate\":\"https:\/\/cest-pharma.com\/?s={search_term_string}\"},\"query-input\":\"required name=search_term_string\"}],\"inLanguage\":\"pt-PT\"},{\"@type\":\"Organization\",\"@id\":\"https:\/\/cest-pharma.com\/#organization\",\"name\":\"Cest Pharma\",\"url\":\"https:\/\/cest-pharma.com\/\",\"logo\":{\"@type\":\"ImageObject\",\"inLanguage\":\"pt-PT\",\"@id\":\"https:\/\/cest-pharma.com\/#\/schema\/logo\/image\/\",\"url\":\"https:\/\/cest-pharma.com\/wp-content\/uploads\/2023\/01\/cropped-Cest-Pharma-logo-font-corectat.png\",\"contentUrl\":\"https:\/\/cest-pharma.com\/wp-content\/uploads\/2023\/01\/cropped-Cest-Pharma-logo-font-corectat.png\",\"width\":1003,\"height\":777,\"caption\":\"Cest Pharma\"},\"image\":{\"@id\":\"https:\/\/cest-pharma.com\/#\/schema\/logo\/image\/\"}}]}<\/script>\n<!-- \/ Yoast SEO plugin. -->","yoast_head_json":{"title":"BREEDING BOOSTER 600g - enhance reproductive performance in pigeons","description":"BREEDING BOOSTER is designed to enhance reproductive performance in pigeons. Its components help protect and replenish the body's nutrient reserves, which is essential during periods of high physiological activity (breeding, egg-laying, moulting, etc.)","robots":{"index":"index","follow":"follow","max-snippet":"max-snippet:-1","max-image-preview":"max-image-preview:large","max-video-preview":"max-video-preview:-1"},"canonical":"https:\/\/cest-pharma.com\/pt\/breeding-booster-600g-2\/","og_locale":"pt_PT","og_type":"article","og_title":"BREEDING BOOSTER 600g - enhance reproductive performance in pigeons","og_description":"BREEDING BOOSTER is designed to enhance reproductive performance in pigeons. Its components help protect and replenish the body's nutrient reserves, which is essential during periods of high physiological activity (breeding, egg-laying, moulting, etc.)","og_url":"https:\/\/cest-pharma.com\/pt\/breeding-booster-600g-2\/","og_site_name":"Cest Pharma","article_modified_time":"2026-02-03T07:31:47+00:00","og_image":[{"width":1920,"height":1920,"url":"https:\/\/cest-pharma.com\/wp-content\/uploads\/2026\/01\/4.-Poza-Breeding-Booster-600gr.jpg","type":"image\/jpeg"}],"twitter_card":"summary_large_image","twitter_misc":{"Est. reading time":"4 minutos"},"schema":{"@context":"https:\/\/schema.org","@graph":[{"@type":"WebPage","@id":"https:\/\/cest-pharma.com\/breeding-booster-600g-2\/","url":"https:\/\/cest-pharma.com\/breeding-booster-600g-2\/","name":"BREEDING BOOSTER 600g - enhance reproductive performance in pigeons","isPartOf":{"@id":"https:\/\/cest-pharma.com\/#website"},"datePublished":"2026-01-27T13:11:25+00:00","dateModified":"2026-02-03T07:31:47+00:00","description":"BREEDING BOOSTER is designed to enhance reproductive performance in pigeons. Its components help protect and replenish the body's nutrient reserves, which is essential during periods of high physiological activity (breeding, egg-laying, moulting, etc.)","breadcrumb":{"@id":"https:\/\/cest-pharma.com\/breeding-booster-600g-2\/#breadcrumb"},"inLanguage":"pt-PT","potentialAction":[{"@type":"ReadAction","target":["https:\/\/cest-pharma.com\/breeding-booster-600g-2\/"]}]},{"@type":"BreadcrumbList","@id":"https:\/\/cest-pharma.com\/breeding-booster-600g-2\/#breadcrumb","itemListElement":[{"@type":"ListItem","position":1,"name":"Home","item":"https:\/\/cest-pharma.com\/"},{"@type":"ListItem","position":2,"name":"BREEDING BOOSTER 600g"}]},{"@type":"WebSite","@id":"https:\/\/cest-pharma.com\/#website","url":"https:\/\/cest-pharma.com\/","name":"Cest Pharma","description":"","publisher":{"@id":"https:\/\/cest-pharma.com\/#organization"},"potentialAction":[{"@type":"SearchAction","target":{"@type":"EntryPoint","urlTemplate":"https:\/\/cest-pharma.com\/?s={search_term_string}"},"query-input":"required name=search_term_string"}],"inLanguage":"pt-PT"},{"@type":"Organization","@id":"https:\/\/cest-pharma.com\/#organization","name":"Cest Pharma","url":"https:\/\/cest-pharma.com\/","logo":{"@type":"ImageObject","inLanguage":"pt-PT","@id":"https:\/\/cest-pharma.com\/#\/schema\/logo\/image\/","url":"https:\/\/cest-pharma.com\/wp-content\/uploads\/2023\/01\/cropped-Cest-Pharma-logo-font-corectat.png","contentUrl":"https:\/\/cest-pharma.com\/wp-content\/uploads\/2023\/01\/cropped-Cest-Pharma-logo-font-corectat.png","width":1003,"height":777,"caption":"Cest Pharma"},"image":{"@id":"https:\/\/cest-pharma.com\/#\/schema\/logo\/image\/"}}]}},"_links":{"self":[{"href":"https:\/\/cest-pharma.com\/pt\/wp-json\/wp\/v2\/pages\/2010"}],"collection":[{"href":"https:\/\/cest-pharma.com\/pt\/wp-json\/wp\/v2\/pages"}],"about":[{"href":"https:\/\/cest-pharma.com\/pt\/wp-json\/wp\/v2\/types\/page"}],"author":[{"embeddable":true,"href":"https:\/\/cest-pharma.com\/pt\/wp-json\/wp\/v2\/users\/1"}],"replies":[{"embeddable":true,"href":"https:\/\/cest-pharma.com\/pt\/wp-json\/wp\/v2\/comments?post=2010"}],"version-history":[{"count":4,"href":"https:\/\/cest-pharma.com\/pt\/wp-json\/wp\/v2\/pages\/2010\/revisions"}],"predecessor-version":[{"id":2017,"href":"https:\/\/cest-pharma.com\/pt\/wp-json\/wp\/v2\/pages\/2010\/revisions\/2017"}],"wp:featuredmedia":[{"embeddable":true,"href":"https:\/\/cest-pharma.com\/pt\/wp-json\/wp\/v2\/media\/2011"}],"wp:attachment":[{"href":"https:\/\/cest-pharma.com\/pt\/wp-json\/wp\/v2\/media?parent=2010"}],"curies":[{"name":"wp","href":"https:\/\/api.w.org\/{rel}","templated":true}]}}