{"id":394,"date":"2022-12-12T12:15:22","date_gmt":"2022-12-12T12:15:22","guid":{"rendered":"https:\/\/cest-pharma.com\/?page_id=394"},"modified":"2023-05-16T10:42:41","modified_gmt":"2023-05-16T10:42:41","slug":"oregano-oil-500ml","status":"publish","type":"page","link":"https:\/\/cest-pharma.com\/pt\/oregano-oil-500ml\/","title":{"rendered":"OREGANO OIL 500ml"},"content":{"rendered":"<section class=\"fw-main-row\"  >\n\t<div class=\"fw-container-fluid\">\n\t\t<div class=\"fw-row\">\n\t<div class=\"fw-col-xs-12\">\n\t\n<section id=\"product\" class=\"p-0\">\n\t<div class=\"section-inner\">\n\t\t<div class=\"row\">\n\t\t\t<div class=\"col-md-6 d-flex justify-content-center align-items-center\">\n\t\t\t\t<div class=\"product-image gallerys\">\n\t\t\t\t\t<img width=\"2200\" height=\"2200\" src=\"https:\/\/cest-pharma.com\/wp-content\/uploads\/2023\/04\/EW1A0901.jpg\" class=\"attachment-full size-full wp-post-image\" alt=\"\" decoding=\"async\" loading=\"lazy\" srcset=\"https:\/\/cest-pharma.com\/wp-content\/uploads\/2023\/04\/EW1A0901.jpg 2200w, https:\/\/cest-pharma.com\/wp-content\/uploads\/2023\/04\/EW1A0901-300x300.jpg 300w, https:\/\/cest-pharma.com\/wp-content\/uploads\/2023\/04\/EW1A0901-1024x1024.jpg 1024w, https:\/\/cest-pharma.com\/wp-content\/uploads\/2023\/04\/EW1A0901-150x150.jpg 150w, https:\/\/cest-pharma.com\/wp-content\/uploads\/2023\/04\/EW1A0901-768x768.jpg 768w, https:\/\/cest-pharma.com\/wp-content\/uploads\/2023\/04\/EW1A0901-1536x1536.jpg 1536w, https:\/\/cest-pharma.com\/wp-content\/uploads\/2023\/04\/EW1A0901-2048x2048.jpg 2048w, https:\/\/cest-pharma.com\/wp-content\/uploads\/2023\/04\/EW1A0901-12x12.jpg 12w, https:\/\/cest-pharma.com\/wp-content\/uploads\/2023\/04\/EW1A0901-1200x1200.jpg 1200w, https:\/\/cest-pharma.com\/wp-content\/uploads\/2023\/04\/EW1A0901-1980x1980.jpg 1980w\" sizes=\"(max-width: 2200px) 100vw, 2200px\" \/>\t\t\t\t\t<img width=\"2200\" height=\"2200\" src=\"https:\/\/cest-pharma.com\/wp-content\/uploads\/2023\/04\/EW1A0901.jpg\" class=\"attachment- size-\" alt=\"\" decoding=\"async\" loading=\"lazy\" srcset=\"https:\/\/cest-pharma.com\/wp-content\/uploads\/2023\/04\/EW1A0901.jpg 2200w, https:\/\/cest-pharma.com\/wp-content\/uploads\/2023\/04\/EW1A0901-300x300.jpg 300w, https:\/\/cest-pharma.com\/wp-content\/uploads\/2023\/04\/EW1A0901-1024x1024.jpg 1024w, https:\/\/cest-pharma.com\/wp-content\/uploads\/2023\/04\/EW1A0901-150x150.jpg 150w, https:\/\/cest-pharma.com\/wp-content\/uploads\/2023\/04\/EW1A0901-768x768.jpg 768w, https:\/\/cest-pharma.com\/wp-content\/uploads\/2023\/04\/EW1A0901-1536x1536.jpg 1536w, https:\/\/cest-pharma.com\/wp-content\/uploads\/2023\/04\/EW1A0901-2048x2048.jpg 2048w, https:\/\/cest-pharma.com\/wp-content\/uploads\/2023\/04\/EW1A0901-12x12.jpg 12w, https:\/\/cest-pharma.com\/wp-content\/uploads\/2023\/04\/EW1A0901-1200x1200.jpg 1200w, https:\/\/cest-pharma.com\/wp-content\/uploads\/2023\/04\/EW1A0901-1980x1980.jpg 1980w\" sizes=\"(max-width: 2200px) 100vw, 2200px\" \/>\t\t\t\t<\/div>\n \t\t\t    <div class=\"socials\">\n\t\t\t      <div class=\"sticky\">\n\t\t\t\t  <ul>\n\t\t\t\t\t<li>\n\t\t\t\t\t\t<a href=\"\/\/www.facebook.com\/sharer.php?u=https:\/\/cest-pharma.com\/pt\/oregano-oil-500ml\/\" class=\"social-sharing-item-block facebook\" title=\"Facebook\" onclick=\"event.preventDefault(); javascript:window.open(this.href, '', 'menubar=no,toolbar=no,resizable=yes,scrollbars=yes,height=220,width=600');return false;\">\n\t\t\t\t\t\t    <!-- <i class=\"fa fa-facebook social-sharing-icon\"><\/i> -->\n\t\t\t\t\t\t    <img src=\"\/wp-content\/uploads\/2022\/12\/facebook-1.png\">\n\t\t\t\t\t\t<\/a>\n\t\t\t\t\t<\/li>\n\t\t\t\t\t<li>\n\t\t\t\t\t\t<a href=\"\/\/linkedin.com\/share?url=https:\/\/cest-pharma.com\/pt\/oregano-oil-500ml\/&amp;text=OREGANO+OIL+500ml\" class=\"social-sharing-item-block twitter\" title=\"linkedin\" onclick=\"javascript:window.open(this.href, '', 'menubar=no,toolbar=no,resizable=yes,scrollbars=yes,height=260,width=600');return false;\">\n\t\t\t\t\t\t    <!-- <i class=\"fa fa-twitter social-sharing-icon\"><\/i> -->\n\t\t\t\t\t\t\t<img src=\"\/wp-content\/uploads\/2022\/12\/linkedin.png\">\n\t\t\t\t\t\t<\/a>\n\t\t\t\t\t<\/li>\n\t\t\t\t\t<li>\n\t\t\t\t\t\t<a href=\"\/\/twitter.com\/share?url=https:\/\/cest-pharma.com\/pt\/oregano-oil-500ml\/&amp;text=OREGANO+OIL+500ml\" class=\"social-sharing-item-block twitter\" title=\"linkedin\" onclick=\"javascript:window.open(this.href, '', 'menubar=no,toolbar=no,resizable=yes,scrollbars=yes,height=260,width=600');return false;\">\n\t\t\t\t\t\t    <!-- <i class=\"fa fa-twitter social-sharing-icon\"><\/i> -->\n\t\t\t\t\t\t\t<img src=\"\/wp-content\/uploads\/2022\/12\/twitter.png\">\n\t\t\t\t\t\t<\/a>\n\t\t\t\t\t<\/li>\n\t\t\t\t<\/ul>\n\t\t\t<\/div>\n\t\t<\/div>\n\t\t\t<\/div>\n\t\t\t<div class=\"col-md-6\">\n\t\t\t\t<div class=\"title-product\">\n\t\t\t\t\tOREGANO OIL 500ml\t\t\t\t<\/div>\n\t\t\t\t\t\t\t\t\t<div class=\"box-desc-title\">\n\t\t\t\t\t\tINDICA\u00c7\u00d5ES:\t\t\t\t\t<\/div>\n\t\t\t\t\t<div class=\"box-desc\">\n\t\t\t\t\t\t<p>Suplemento nutricional para pombos. Aumenta a resist\u00eancia a bact\u00e9rias e fungos desfavor\u00e1veis \u200b\u200bno est\u00f4mago e intestinos. O \u00f3leo de or\u00e9gano pode ser administrado durante todo o ano. Apoia a sa\u00fade dos pombos antes, durante e depois dos voos e durante o per\u00edodo de reprodu\u00e7\u00e3o, muda e descanso. \u00c9 um suplemento nutricional energ\u00e9tico \u00e0 base de \u00f3leos essenciais naturais da planta or\u00e9gano.<\/p>\t\t\t\t\t<\/div>\n\t\t\t\t\t\t\t\t\t<div class=\"box-desc-title\">\n\t\t\t\t\t\tCOMPOSI\u00c7\u00c3O:\t\t\t\t\t<\/div>\n\t\t\t\t\t<div class=\"box-desc\">\n\t\t\t\t\t\t<p>\u00d3leo de soja, \u00f3leos essenciais de or\u00e9gano.<br \/>0,1% de cinza bruta, 97,5% de gordura bruta, 0,2% de albumina bruta, 0,3% de celulose bruta, 0,0% de s\u00f3dio, 0,0% de lisina, 0,0% de metionina, 2% de umidade.<\/p>\t\t\t\t\t<\/div>\n\t\t\t\t\t\t\t\t\t<div class=\"box-desc-title\">\n\t\t\t\t\t\tADMINISTRA\u00c7\u00c3O:\t\t\t\t\t<\/div>\n\t\t\t\t\t<div class=\"box-desc\">\n\t\t\t\t\t\t<p>5ml\/kg de comida, 3-4 dias por semana<br \/>Se necess\u00e1rio: at\u00e9 10ml\/kg de alimento por 4-5 dias, depois retorne ao uso normal.<br \/>Agite antes de usar!<\/p>\t\t\t\t\t<\/div>\n\t\t\t\t\t\t\t<\/div>\n\t\t\t<div class=\"button-resellers d-flex justify-content-center align-items-center\">\n\t\t\t\t<a href=\"https:\/\/cest-pharma.com\/pt\/parceiro\/\" target=\"_self\" class=\"fw-btn fw-btn-1\">\n\t\t\t\t\t<span><img src=\"\/wp-content\/uploads\/2022\/11\/Cart.png\" class=\"d-inline\"> Compre agora<\/span>\n\t\t\t\t<\/a>\n\t\t\t<\/div>\n\t\t<\/div>\n\t\t<div class=\"row related\">\n\t\t\t<div class=\"category-related\">\n\t\t\t\tProdutos relacionados\t\t\t<\/div>\n\t\t\t<div class=\"swiper-related\">\n\t\t\t\t<!-- Swiper -->\n\t\t\t\t<div class=\"swiper mySwiper\">\n\t\t\t\t\t<div class=\"swiper-wrapper\">\n\t\t\t\t\t\t\t\t\t\t\t<div class=\"swiper-slide gallerys\">\n\t\t\t\t\t\t\t<a href=\"\/pt\/energy-plus-300g\/\" target=\"_self\" class=\"fw-btn fw-btn-1\">\n\t\t\t\t\t\t\t\t<div class=\"image_related\">\n\t\t\t\t\t\t\t\t\t<img width=\"2200\" height=\"2200\" src=\"https:\/\/cest-pharma.com\/wp-content\/uploads\/2023\/04\/EW1A0901.jpg\" class=\"attachment-full size-full wp-post-image\" alt=\"\" decoding=\"async\" loading=\"lazy\" srcset=\"https:\/\/cest-pharma.com\/wp-content\/uploads\/2023\/04\/EW1A0901.jpg 2200w, https:\/\/cest-pharma.com\/wp-content\/uploads\/2023\/04\/EW1A0901-300x300.jpg 300w, https:\/\/cest-pharma.com\/wp-content\/uploads\/2023\/04\/EW1A0901-1024x1024.jpg 1024w, https:\/\/cest-pharma.com\/wp-content\/uploads\/2023\/04\/EW1A0901-150x150.jpg 150w, https:\/\/cest-pharma.com\/wp-content\/uploads\/2023\/04\/EW1A0901-768x768.jpg 768w, https:\/\/cest-pharma.com\/wp-content\/uploads\/2023\/04\/EW1A0901-1536x1536.jpg 1536w, https:\/\/cest-pharma.com\/wp-content\/uploads\/2023\/04\/EW1A0901-2048x2048.jpg 2048w, https:\/\/cest-pharma.com\/wp-content\/uploads\/2023\/04\/EW1A0901-12x12.jpg 12w, https:\/\/cest-pharma.com\/wp-content\/uploads\/2023\/04\/EW1A0901-1200x1200.jpg 1200w, https:\/\/cest-pharma.com\/wp-content\/uploads\/2023\/04\/EW1A0901-1980x1980.jpg 1980w\" sizes=\"(max-width: 2200px) 100vw, 2200px\" \/>\t\t\t\t\t\t\t\t\t<img width=\"1920\" height=\"1920\" src=\"https:\/\/cest-pharma.com\/wp-content\/uploads\/2022\/12\/06.07.2021-Columbovet-15.png\" class=\"attachment- size-\" alt=\"\" decoding=\"async\" loading=\"lazy\" srcset=\"https:\/\/cest-pharma.com\/wp-content\/uploads\/2022\/12\/06.07.2021-Columbovet-15.png 1920w, https:\/\/cest-pharma.com\/wp-content\/uploads\/2022\/12\/06.07.2021-Columbovet-15-300x300.png 300w, https:\/\/cest-pharma.com\/wp-content\/uploads\/2022\/12\/06.07.2021-Columbovet-15-1024x1024.png 1024w, https:\/\/cest-pharma.com\/wp-content\/uploads\/2022\/12\/06.07.2021-Columbovet-15-150x150.png 150w, https:\/\/cest-pharma.com\/wp-content\/uploads\/2022\/12\/06.07.2021-Columbovet-15-768x768.png 768w, https:\/\/cest-pharma.com\/wp-content\/uploads\/2022\/12\/06.07.2021-Columbovet-15-1536x1536.png 1536w, https:\/\/cest-pharma.com\/wp-content\/uploads\/2022\/12\/06.07.2021-Columbovet-15-12x12.png 12w, https:\/\/cest-pharma.com\/wp-content\/uploads\/2022\/12\/06.07.2021-Columbovet-15-1200x1200.png 1200w\" sizes=\"(max-width: 1920px) 100vw, 1920px\" \/>\t\t\t\t\t\t\t\t<\/div>\n\t\t\t\t\t\t\t\t<div class=\"name_related\">\n\t\t\t\t\t\t\t\t\tENERGY PLUS 300g\t\t\t\t\t\t\t\t<\/div>\n\t\t\t\t\t\t\t<\/a>\n\t\t\t\t\t\t<\/div>\n\t\t\t\t\t\t\t\t\t\t\t<div class=\"swiper-slide gallerys\">\n\t\t\t\t\t\t\t<a href=\"https:\/\/cest-pharma.com\/pt\/yellow-drops-100ml\/\" target=\"_self\" class=\"fw-btn fw-btn-1\">\n\t\t\t\t\t\t\t\t<div class=\"image_related\">\n\t\t\t\t\t\t\t\t\t<img width=\"2200\" height=\"2200\" src=\"https:\/\/cest-pharma.com\/wp-content\/uploads\/2023\/04\/EW1A0901.jpg\" class=\"attachment-full size-full wp-post-image\" alt=\"\" decoding=\"async\" loading=\"lazy\" srcset=\"https:\/\/cest-pharma.com\/wp-content\/uploads\/2023\/04\/EW1A0901.jpg 2200w, https:\/\/cest-pharma.com\/wp-content\/uploads\/2023\/04\/EW1A0901-300x300.jpg 300w, https:\/\/cest-pharma.com\/wp-content\/uploads\/2023\/04\/EW1A0901-1024x1024.jpg 1024w, https:\/\/cest-pharma.com\/wp-content\/uploads\/2023\/04\/EW1A0901-150x150.jpg 150w, https:\/\/cest-pharma.com\/wp-content\/uploads\/2023\/04\/EW1A0901-768x768.jpg 768w, https:\/\/cest-pharma.com\/wp-content\/uploads\/2023\/04\/EW1A0901-1536x1536.jpg 1536w, https:\/\/cest-pharma.com\/wp-content\/uploads\/2023\/04\/EW1A0901-2048x2048.jpg 2048w, https:\/\/cest-pharma.com\/wp-content\/uploads\/2023\/04\/EW1A0901-12x12.jpg 12w, https:\/\/cest-pharma.com\/wp-content\/uploads\/2023\/04\/EW1A0901-1200x1200.jpg 1200w, https:\/\/cest-pharma.com\/wp-content\/uploads\/2023\/04\/EW1A0901-1980x1980.jpg 1980w\" sizes=\"(max-width: 2200px) 100vw, 2200px\" \/>\t\t\t\t\t\t\t\t\t<img width=\"1920\" height=\"1920\" src=\"https:\/\/cest-pharma.com\/wp-content\/uploads\/2022\/12\/06.07.2021-Columbovet-34.png\" class=\"attachment- size-\" alt=\"\" decoding=\"async\" loading=\"lazy\" srcset=\"https:\/\/cest-pharma.com\/wp-content\/uploads\/2022\/12\/06.07.2021-Columbovet-34.png 1920w, https:\/\/cest-pharma.com\/wp-content\/uploads\/2022\/12\/06.07.2021-Columbovet-34-300x300.png 300w, https:\/\/cest-pharma.com\/wp-content\/uploads\/2022\/12\/06.07.2021-Columbovet-34-1024x1024.png 1024w, https:\/\/cest-pharma.com\/wp-content\/uploads\/2022\/12\/06.07.2021-Columbovet-34-150x150.png 150w, https:\/\/cest-pharma.com\/wp-content\/uploads\/2022\/12\/06.07.2021-Columbovet-34-768x768.png 768w, https:\/\/cest-pharma.com\/wp-content\/uploads\/2022\/12\/06.07.2021-Columbovet-34-1536x1536.png 1536w, https:\/\/cest-pharma.com\/wp-content\/uploads\/2022\/12\/06.07.2021-Columbovet-34-12x12.png 12w, https:\/\/cest-pharma.com\/wp-content\/uploads\/2022\/12\/06.07.2021-Columbovet-34-1200x1200.png 1200w\" sizes=\"(max-width: 1920px) 100vw, 1920px\" \/>\t\t\t\t\t\t\t\t<\/div>\n\t\t\t\t\t\t\t\t<div class=\"name_related\">\n\t\t\t\t\t\t\t\t\tYELLOW DROPS 100ml\t\t\t\t\t\t\t\t<\/div>\n\t\t\t\t\t\t\t<\/a>\n\t\t\t\t\t\t<\/div>\n\t\t\t\t\t\t\t\t\t\t\t<div class=\"swiper-slide gallerys\">\n\t\t\t\t\t\t\t<a href=\"\/pt\/vit-amino-250ml\/\" target=\"_self\" class=\"fw-btn fw-btn-1\">\n\t\t\t\t\t\t\t\t<div class=\"image_related\">\n\t\t\t\t\t\t\t\t\t<img width=\"2200\" height=\"2200\" src=\"https:\/\/cest-pharma.com\/wp-content\/uploads\/2023\/04\/EW1A0901.jpg\" class=\"attachment-full size-full wp-post-image\" alt=\"\" decoding=\"async\" loading=\"lazy\" srcset=\"https:\/\/cest-pharma.com\/wp-content\/uploads\/2023\/04\/EW1A0901.jpg 2200w, https:\/\/cest-pharma.com\/wp-content\/uploads\/2023\/04\/EW1A0901-300x300.jpg 300w, https:\/\/cest-pharma.com\/wp-content\/uploads\/2023\/04\/EW1A0901-1024x1024.jpg 1024w, https:\/\/cest-pharma.com\/wp-content\/uploads\/2023\/04\/EW1A0901-150x150.jpg 150w, https:\/\/cest-pharma.com\/wp-content\/uploads\/2023\/04\/EW1A0901-768x768.jpg 768w, https:\/\/cest-pharma.com\/wp-content\/uploads\/2023\/04\/EW1A0901-1536x1536.jpg 1536w, https:\/\/cest-pharma.com\/wp-content\/uploads\/2023\/04\/EW1A0901-2048x2048.jpg 2048w, https:\/\/cest-pharma.com\/wp-content\/uploads\/2023\/04\/EW1A0901-12x12.jpg 12w, https:\/\/cest-pharma.com\/wp-content\/uploads\/2023\/04\/EW1A0901-1200x1200.jpg 1200w, https:\/\/cest-pharma.com\/wp-content\/uploads\/2023\/04\/EW1A0901-1980x1980.jpg 1980w\" sizes=\"(max-width: 2200px) 100vw, 2200px\" \/>\t\t\t\t\t\t\t\t\t<img width=\"1920\" height=\"1920\" src=\"https:\/\/cest-pharma.com\/wp-content\/uploads\/2022\/12\/vit_amino_web2-4-2.png\" class=\"attachment- size-\" alt=\"\" decoding=\"async\" loading=\"lazy\" srcset=\"https:\/\/cest-pharma.com\/wp-content\/uploads\/2022\/12\/vit_amino_web2-4-2.png 1920w, https:\/\/cest-pharma.com\/wp-content\/uploads\/2022\/12\/vit_amino_web2-4-2-300x300.png 300w, https:\/\/cest-pharma.com\/wp-content\/uploads\/2022\/12\/vit_amino_web2-4-2-1024x1024.png 1024w, https:\/\/cest-pharma.com\/wp-content\/uploads\/2022\/12\/vit_amino_web2-4-2-150x150.png 150w, https:\/\/cest-pharma.com\/wp-content\/uploads\/2022\/12\/vit_amino_web2-4-2-768x768.png 768w, https:\/\/cest-pharma.com\/wp-content\/uploads\/2022\/12\/vit_amino_web2-4-2-1536x1536.png 1536w, https:\/\/cest-pharma.com\/wp-content\/uploads\/2022\/12\/vit_amino_web2-4-2-12x12.png 12w, https:\/\/cest-pharma.com\/wp-content\/uploads\/2022\/12\/vit_amino_web2-4-2-1200x1200.png 1200w\" sizes=\"(max-width: 1920px) 100vw, 1920px\" \/>\t\t\t\t\t\t\t\t<\/div>\n\t\t\t\t\t\t\t\t<div class=\"name_related\">\n\t\t\t\t\t\t\t\t\tVIT AMINO 250ml\t\t\t\t\t\t\t\t<\/div>\n\t\t\t\t\t\t\t<\/a>\n\t\t\t\t\t\t<\/div>\n\t\t\t\t\t\t\t\t\t\t\t<div class=\"swiper-slide gallerys\">\n\t\t\t\t\t\t\t<a href=\"https:\/\/cest-pharma.com\/pt\/tricogo-500ml-1000ml\/\" target=\"_self\" class=\"fw-btn fw-btn-1\">\n\t\t\t\t\t\t\t\t<div class=\"image_related\">\n\t\t\t\t\t\t\t\t\t<img width=\"2200\" height=\"2200\" src=\"https:\/\/cest-pharma.com\/wp-content\/uploads\/2023\/04\/EW1A0901.jpg\" class=\"attachment-full size-full wp-post-image\" alt=\"\" decoding=\"async\" loading=\"lazy\" srcset=\"https:\/\/cest-pharma.com\/wp-content\/uploads\/2023\/04\/EW1A0901.jpg 2200w, https:\/\/cest-pharma.com\/wp-content\/uploads\/2023\/04\/EW1A0901-300x300.jpg 300w, https:\/\/cest-pharma.com\/wp-content\/uploads\/2023\/04\/EW1A0901-1024x1024.jpg 1024w, https:\/\/cest-pharma.com\/wp-content\/uploads\/2023\/04\/EW1A0901-150x150.jpg 150w, https:\/\/cest-pharma.com\/wp-content\/uploads\/2023\/04\/EW1A0901-768x768.jpg 768w, https:\/\/cest-pharma.com\/wp-content\/uploads\/2023\/04\/EW1A0901-1536x1536.jpg 1536w, https:\/\/cest-pharma.com\/wp-content\/uploads\/2023\/04\/EW1A0901-2048x2048.jpg 2048w, https:\/\/cest-pharma.com\/wp-content\/uploads\/2023\/04\/EW1A0901-12x12.jpg 12w, https:\/\/cest-pharma.com\/wp-content\/uploads\/2023\/04\/EW1A0901-1200x1200.jpg 1200w, https:\/\/cest-pharma.com\/wp-content\/uploads\/2023\/04\/EW1A0901-1980x1980.jpg 1980w\" sizes=\"(max-width: 2200px) 100vw, 2200px\" \/>\t\t\t\t\t\t\t\t\t<img width=\"1920\" height=\"1920\" src=\"https:\/\/cest-pharma.com\/wp-content\/uploads\/2022\/12\/EW1A2891-1.png\" class=\"attachment- size-\" alt=\"\" decoding=\"async\" loading=\"lazy\" srcset=\"https:\/\/cest-pharma.com\/wp-content\/uploads\/2022\/12\/EW1A2891-1.png 1920w, https:\/\/cest-pharma.com\/wp-content\/uploads\/2022\/12\/EW1A2891-1-300x300.png 300w, https:\/\/cest-pharma.com\/wp-content\/uploads\/2022\/12\/EW1A2891-1-1024x1024.png 1024w, https:\/\/cest-pharma.com\/wp-content\/uploads\/2022\/12\/EW1A2891-1-150x150.png 150w, https:\/\/cest-pharma.com\/wp-content\/uploads\/2022\/12\/EW1A2891-1-768x768.png 768w, https:\/\/cest-pharma.com\/wp-content\/uploads\/2022\/12\/EW1A2891-1-1536x1536.png 1536w, https:\/\/cest-pharma.com\/wp-content\/uploads\/2022\/12\/EW1A2891-1-12x12.png 12w, https:\/\/cest-pharma.com\/wp-content\/uploads\/2022\/12\/EW1A2891-1-1200x1200.png 1200w\" sizes=\"(max-width: 1920px) 100vw, 1920px\" \/>\t\t\t\t\t\t\t\t<\/div>\n\t\t\t\t\t\t\t\t<div class=\"name_related\">\n\t\t\t\t\t\t\t\t\tTRICOGO 500ml\/1000ml\t\t\t\t\t\t\t\t<\/div>\n\t\t\t\t\t\t\t<\/a>\n\t\t\t\t\t\t<\/div>\n\t\t\t\t\t\t\t\t\t\t<\/div>\n\t\t\t\t\t<div class=\"swiper-button-next\"><\/div>\n\t\t\t\t\t<div class=\"swiper-button-prev\"><\/div>\n\t\t\t\t<\/div>\n\t\t\t<\/div>\n\t\t<\/div>\n\t<\/div>\n<\/section>\n\n<!-- Swiper JS -->\n<script src=\"https:\/\/cdn.jsdelivr.net\/npm\/swiper\/swiper-bundle.min.js\"><\/script>\n\n<!-- Initialize Swiper -->\n<script>\n\tvar swiper = new Swiper(\".mySwiper\", {\n\tslidesPerView: 1,\n\tspaceBetween: 30,\n\tloop: true,\n    autoplay: {\n      delay: 2500,\n      disableOnInteraction: false,\n    },\n\tnavigation: {\n\t\tnextEl: \".swiper-button-next\",\n\t\tprevEl: \".swiper-button-prev\",\n\t},\n\tbreakpoints: {\n          640: {\n            slidesPerView: 2,\n            spaceBetween: 10,\n          },\n          768: {\n            slidesPerView: 3,\n            spaceBetween: 30,\n          },\n          1024: {\n            slidesPerView: 4,\n            spaceBetween: 30,\n          },\n        },\n\t});\n<\/script>\n<\/div>\n<\/div>\n\n\t<\/div>\n<\/section>","protected":false},"excerpt":{"rendered":"<p>OREGANO OIL 500ml INDICATIONS: Nutritional supplement for pigeons. Increases resistance to unfavorable bacteria and molds in the stomach-intestines. Oregano Oil can be administered throughout the year. Supports the health of pigeons before, during and after flights and during the breeding, moulting and resting period. It is an energetic nutritional supplement based on natural essential oils [&hellip;]<\/p>","protected":false},"author":1,"featured_media":1121,"parent":0,"menu_order":0,"comment_status":"closed","ping_status":"closed","template":"","meta":[],"yoast_head":"<!-- This site is optimized with the Yoast SEO plugin v19.11 - https:\/\/yoast.com\/wordpress\/plugins\/seo\/ -->\n<title>OREGANO OIL - Oregano oil for racing pigeons<\/title>\n<meta name=\"description\" content=\"Boost pigeon health with nutritional supplement. Oregano Oil increases resistance, supports flights, breeding, and moulting.\" \/>\n<meta name=\"robots\" content=\"index, follow, max-snippet:-1, max-image-preview:large, max-video-preview:-1\" \/>\n<link rel=\"canonical\" href=\"https:\/\/cest-pharma.com\/pt\/oregano-oil-500ml\/\" \/>\n<meta property=\"og:locale\" content=\"pt_PT\" \/>\n<meta property=\"og:type\" content=\"article\" \/>\n<meta property=\"og:title\" content=\"OREGANO OIL - Oregano oil for racing pigeons\" \/>\n<meta property=\"og:description\" content=\"Boost pigeon health with nutritional supplement. Oregano Oil increases resistance, supports flights, breeding, and moulting.\" \/>\n<meta property=\"og:url\" content=\"https:\/\/cest-pharma.com\/pt\/oregano-oil-500ml\/\" \/>\n<meta property=\"og:site_name\" content=\"Cest Pharma\" \/>\n<meta property=\"article:modified_time\" content=\"2023-05-16T10:42:41+00:00\" \/>\n<meta property=\"og:image\" content=\"https:\/\/cest-pharma.com\/wp-content\/uploads\/2023\/04\/EW1A0901.jpg\" \/>\n\t<meta property=\"og:image:width\" content=\"2200\" \/>\n\t<meta property=\"og:image:height\" content=\"2200\" \/>\n\t<meta property=\"og:image:type\" content=\"image\/jpeg\" \/>\n<meta name=\"twitter:card\" content=\"summary_large_image\" \/>\n<meta name=\"twitter:label1\" content=\"Est. reading time\" \/>\n\t<meta name=\"twitter:data1\" content=\"4 minutos\" \/>\n<script type=\"application\/ld+json\" class=\"yoast-schema-graph\">{\"@context\":\"https:\/\/schema.org\",\"@graph\":[{\"@type\":\"WebPage\",\"@id\":\"https:\/\/cest-pharma.com\/oregano-oil-500ml\/\",\"url\":\"https:\/\/cest-pharma.com\/oregano-oil-500ml\/\",\"name\":\"OREGANO OIL - Oregano oil for racing pigeons\",\"isPartOf\":{\"@id\":\"https:\/\/cest-pharma.com\/#website\"},\"datePublished\":\"2022-12-12T12:15:22+00:00\",\"dateModified\":\"2023-05-16T10:42:41+00:00\",\"description\":\"Boost pigeon health with nutritional supplement. Oregano Oil increases resistance, supports flights, breeding, and moulting.\",\"breadcrumb\":{\"@id\":\"https:\/\/cest-pharma.com\/oregano-oil-500ml\/#breadcrumb\"},\"inLanguage\":\"pt-PT\",\"potentialAction\":[{\"@type\":\"ReadAction\",\"target\":[\"https:\/\/cest-pharma.com\/oregano-oil-500ml\/\"]}]},{\"@type\":\"BreadcrumbList\",\"@id\":\"https:\/\/cest-pharma.com\/oregano-oil-500ml\/#breadcrumb\",\"itemListElement\":[{\"@type\":\"ListItem\",\"position\":1,\"name\":\"Home\",\"item\":\"https:\/\/cest-pharma.com\/\"},{\"@type\":\"ListItem\",\"position\":2,\"name\":\"OREGANO OIL 500ml\"}]},{\"@type\":\"WebSite\",\"@id\":\"https:\/\/cest-pharma.com\/#website\",\"url\":\"https:\/\/cest-pharma.com\/\",\"name\":\"Cest Pharma\",\"description\":\"\",\"publisher\":{\"@id\":\"https:\/\/cest-pharma.com\/#organization\"},\"potentialAction\":[{\"@type\":\"SearchAction\",\"target\":{\"@type\":\"EntryPoint\",\"urlTemplate\":\"https:\/\/cest-pharma.com\/?s={search_term_string}\"},\"query-input\":\"required name=search_term_string\"}],\"inLanguage\":\"pt-PT\"},{\"@type\":\"Organization\",\"@id\":\"https:\/\/cest-pharma.com\/#organization\",\"name\":\"Cest Pharma\",\"url\":\"https:\/\/cest-pharma.com\/\",\"logo\":{\"@type\":\"ImageObject\",\"inLanguage\":\"pt-PT\",\"@id\":\"https:\/\/cest-pharma.com\/#\/schema\/logo\/image\/\",\"url\":\"https:\/\/cest-pharma.com\/wp-content\/uploads\/2023\/01\/cropped-Cest-Pharma-logo-font-corectat.png\",\"contentUrl\":\"https:\/\/cest-pharma.com\/wp-content\/uploads\/2023\/01\/cropped-Cest-Pharma-logo-font-corectat.png\",\"width\":1003,\"height\":777,\"caption\":\"Cest Pharma\"},\"image\":{\"@id\":\"https:\/\/cest-pharma.com\/#\/schema\/logo\/image\/\"}}]}<\/script>\n<!-- \/ Yoast SEO plugin. -->","yoast_head_json":{"title":"OREGANO OIL - Oregano oil for racing pigeons","description":"Boost pigeon health with nutritional supplement. Oregano Oil increases resistance, supports flights, breeding, and moulting.","robots":{"index":"index","follow":"follow","max-snippet":"max-snippet:-1","max-image-preview":"max-image-preview:large","max-video-preview":"max-video-preview:-1"},"canonical":"https:\/\/cest-pharma.com\/pt\/oregano-oil-500ml\/","og_locale":"pt_PT","og_type":"article","og_title":"OREGANO OIL - Oregano oil for racing pigeons","og_description":"Boost pigeon health with nutritional supplement. Oregano Oil increases resistance, supports flights, breeding, and moulting.","og_url":"https:\/\/cest-pharma.com\/pt\/oregano-oil-500ml\/","og_site_name":"Cest Pharma","article_modified_time":"2023-05-16T10:42:41+00:00","og_image":[{"width":2200,"height":2200,"url":"https:\/\/cest-pharma.com\/wp-content\/uploads\/2023\/04\/EW1A0901.jpg","type":"image\/jpeg"}],"twitter_card":"summary_large_image","twitter_misc":{"Est. reading time":"4 minutos"},"schema":{"@context":"https:\/\/schema.org","@graph":[{"@type":"WebPage","@id":"https:\/\/cest-pharma.com\/oregano-oil-500ml\/","url":"https:\/\/cest-pharma.com\/oregano-oil-500ml\/","name":"OREGANO OIL - Oregano oil for racing pigeons","isPartOf":{"@id":"https:\/\/cest-pharma.com\/#website"},"datePublished":"2022-12-12T12:15:22+00:00","dateModified":"2023-05-16T10:42:41+00:00","description":"Boost pigeon health with nutritional supplement. Oregano Oil increases resistance, supports flights, breeding, and moulting.","breadcrumb":{"@id":"https:\/\/cest-pharma.com\/oregano-oil-500ml\/#breadcrumb"},"inLanguage":"pt-PT","potentialAction":[{"@type":"ReadAction","target":["https:\/\/cest-pharma.com\/oregano-oil-500ml\/"]}]},{"@type":"BreadcrumbList","@id":"https:\/\/cest-pharma.com\/oregano-oil-500ml\/#breadcrumb","itemListElement":[{"@type":"ListItem","position":1,"name":"Home","item":"https:\/\/cest-pharma.com\/"},{"@type":"ListItem","position":2,"name":"OREGANO OIL 500ml"}]},{"@type":"WebSite","@id":"https:\/\/cest-pharma.com\/#website","url":"https:\/\/cest-pharma.com\/","name":"Cest Pharma","description":"","publisher":{"@id":"https:\/\/cest-pharma.com\/#organization"},"potentialAction":[{"@type":"SearchAction","target":{"@type":"EntryPoint","urlTemplate":"https:\/\/cest-pharma.com\/?s={search_term_string}"},"query-input":"required name=search_term_string"}],"inLanguage":"pt-PT"},{"@type":"Organization","@id":"https:\/\/cest-pharma.com\/#organization","name":"Cest Pharma","url":"https:\/\/cest-pharma.com\/","logo":{"@type":"ImageObject","inLanguage":"pt-PT","@id":"https:\/\/cest-pharma.com\/#\/schema\/logo\/image\/","url":"https:\/\/cest-pharma.com\/wp-content\/uploads\/2023\/01\/cropped-Cest-Pharma-logo-font-corectat.png","contentUrl":"https:\/\/cest-pharma.com\/wp-content\/uploads\/2023\/01\/cropped-Cest-Pharma-logo-font-corectat.png","width":1003,"height":777,"caption":"Cest Pharma"},"image":{"@id":"https:\/\/cest-pharma.com\/#\/schema\/logo\/image\/"}}]}},"_links":{"self":[{"href":"https:\/\/cest-pharma.com\/pt\/wp-json\/wp\/v2\/pages\/394"}],"collection":[{"href":"https:\/\/cest-pharma.com\/pt\/wp-json\/wp\/v2\/pages"}],"about":[{"href":"https:\/\/cest-pharma.com\/pt\/wp-json\/wp\/v2\/types\/page"}],"author":[{"embeddable":true,"href":"https:\/\/cest-pharma.com\/pt\/wp-json\/wp\/v2\/users\/1"}],"replies":[{"embeddable":true,"href":"https:\/\/cest-pharma.com\/pt\/wp-json\/wp\/v2\/comments?post=394"}],"version-history":[{"count":5,"href":"https:\/\/cest-pharma.com\/pt\/wp-json\/wp\/v2\/pages\/394\/revisions"}],"predecessor-version":[{"id":1123,"href":"https:\/\/cest-pharma.com\/pt\/wp-json\/wp\/v2\/pages\/394\/revisions\/1123"}],"wp:featuredmedia":[{"embeddable":true,"href":"https:\/\/cest-pharma.com\/pt\/wp-json\/wp\/v2\/media\/1121"}],"wp:attachment":[{"href":"https:\/\/cest-pharma.com\/pt\/wp-json\/wp\/v2\/media?parent=394"}],"curies":[{"name":"wp","href":"https:\/\/api.w.org\/{rel}","templated":true}]}}