{"id":91,"date":"2022-11-29T13:51:56","date_gmt":"2022-11-29T13:51:56","guid":{"rendered":"http:\/\/cest-pharma\/?page_id=91"},"modified":"2024-03-15T14:47:01","modified_gmt":"2024-03-15T14:47:01","slug":"feeding-schedules","status":"publish","type":"page","link":"https:\/\/cest-pharma.com\/pt\/programas-de-alimentacao\/","title":{"rendered":"Feeding Schedules"},"content":{"rendered":"<section class=\"fw-main-row\"  >\n\t<div class=\"fw-container-fluid\">\n\t\t<div class=\"fw-row\">\n\t<div class=\"fw-col-xs-12\">\n\t\r\n<!-- Swiper -->\r\n<section id=\"feeding-schedules\" class=\"p-0\">\r\n\t<div class=\"section-inner\">\r\n\t\t<div class=\"box-feedingSchedules\">\r\n\t\t\t<div class=\"title\" data-aos=\"fade-up\"\r\n     data-aos-anchor-placement=\"top-bottom\">\r\n\t\t\t\tProgramas de alimenta\u00e7\u00e3o para pombos-correio\t\t\t<\/div>\r\n\t\t\t<div class=\"description-bestProducts\">\r\n\t\t\t\t<p>Obter resultados m\u00e1ximas de nossos produtos e use nosso programa de alimenta\u00e7\u00e3o gr\u00e1tis!<\/p>\t\t\t<\/div>\r\n\t\t<\/div>\r\n\t\t<div class=\"row d-flex justify-content-center align-items-center\">\r\n\t\t\t\t\t<div class=\"col-xl-2 col-lg-2 col-md-6\" data-aos=\"flip-left\"\r\n     data-aos-easing=\"ease-out-cubic\"\r\n     data-aos-duration=\"2000\">\r\n\t\t\t\t<a href=\"\/pt\/3d-flip-book\/program-cest-2024\/\" target=\"_blank\" class=\"fw-btn fw-btn-1\">\r\n\t\t\t\t\t<div class=\"image-schedules\">\r\n\t\t\t\t\t\t\t\t\t\t\t\t<img width=\"729\" height=\"731\" src=\"https:\/\/cest-pharma.com\/wp-content\/uploads\/2024\/03\/12.jpg\" class=\"attachment- size-\" alt=\"\" decoding=\"async\" loading=\"lazy\" srcset=\"https:\/\/cest-pharma.com\/wp-content\/uploads\/2024\/03\/12.jpg 729w, https:\/\/cest-pharma.com\/wp-content\/uploads\/2024\/03\/12-300x300.jpg 300w, https:\/\/cest-pharma.com\/wp-content\/uploads\/2024\/03\/12-150x150.jpg 150w, https:\/\/cest-pharma.com\/wp-content\/uploads\/2024\/03\/12-12x12.jpg 12w\" sizes=\"(max-width: 729px) 100vw, 729px\" \/>\t\t\t\t\t<\/div>\r\n\t\t\t\t\t<div class=\"title-schedules\">\r\n\t\t\t\t\t\tCat\u00e1logo\t\t\t\t\t<\/div>\r\n\t\t\t\t<\/a>\r\n\t\t\t<\/div>\r\n\t\t\t\t\t<div class=\"col-xl-2 col-lg-2 col-md-6\" data-aos=\"flip-left\"\r\n     data-aos-easing=\"ease-out-cubic\"\r\n     data-aos-duration=\"2000\">\r\n\t\t\t\t<a href=\"https:\/\/cest-pharma.com\/pt\/corrida-plano-1-semana\/\" target=\"_self\" class=\"fw-btn fw-btn-1\">\r\n\t\t\t\t\t<div class=\"image-schedules\">\r\n\t\t\t\t\t\t\t\t\t\t\t\t<img width=\"750\" height=\"750\" src=\"https:\/\/cest-pharma.com\/wp-content\/uploads\/2023\/02\/racing-1.png\" class=\"attachment- size-\" alt=\"\" decoding=\"async\" loading=\"lazy\" srcset=\"https:\/\/cest-pharma.com\/wp-content\/uploads\/2023\/02\/racing-1.png 750w, https:\/\/cest-pharma.com\/wp-content\/uploads\/2023\/02\/racing-1-300x300.png 300w, https:\/\/cest-pharma.com\/wp-content\/uploads\/2023\/02\/racing-1-150x150.png 150w, https:\/\/cest-pharma.com\/wp-content\/uploads\/2023\/02\/racing-1-12x12.png 12w\" sizes=\"(max-width: 750px) 100vw, 750px\" \/>\t\t\t\t\t<\/div>\r\n\t\t\t\t\t<div class=\"title-schedules\">\r\n\t\t\t\t\t\tCorrida - plano de 1 semana\t\t\t\t\t<\/div>\r\n\t\t\t\t<\/a>\r\n\t\t\t<\/div>\r\n\t\t\t\t\t<div class=\"col-xl-2 col-lg-2 col-md-6\" data-aos=\"flip-left\"\r\n     data-aos-easing=\"ease-out-cubic\"\r\n     data-aos-duration=\"2000\">\r\n\t\t\t\t<a href=\"https:\/\/cest-pharma.com\/pt\/corrida-plano-2-semanas\/\" target=\"_self\" class=\"fw-btn fw-btn-1\">\r\n\t\t\t\t\t<div class=\"image-schedules\">\r\n\t\t\t\t\t\t\t\t\t\t\t\t<img width=\"284\" height=\"284\" src=\"https:\/\/cest-pharma.com\/wp-content\/uploads\/2023\/01\/3.png\" class=\"attachment- size-\" alt=\"\" decoding=\"async\" loading=\"lazy\" srcset=\"https:\/\/cest-pharma.com\/wp-content\/uploads\/2023\/01\/3.png 284w, https:\/\/cest-pharma.com\/wp-content\/uploads\/2023\/01\/3-150x150.png 150w, https:\/\/cest-pharma.com\/wp-content\/uploads\/2023\/01\/3-12x12.png 12w\" sizes=\"(max-width: 284px) 100vw, 284px\" \/>\t\t\t\t\t<\/div>\r\n\t\t\t\t\t<div class=\"title-schedules\">\r\n\t\t\t\t\t\tCorrida - plano de 2 semanas\t\t\t\t\t<\/div>\r\n\t\t\t\t<\/a>\r\n\t\t\t<\/div>\r\n\t\t\t\t\t<div class=\"col-xl-2 col-lg-2 col-md-6\" data-aos=\"flip-left\"\r\n     data-aos-easing=\"ease-out-cubic\"\r\n     data-aos-duration=\"2000\">\r\n\t\t\t\t<a href=\"https:\/\/cest-pharma.com\/pt\/corrida-plano-3-semanas\/\" target=\"_self\" class=\"fw-btn fw-btn-1\">\r\n\t\t\t\t\t<div class=\"image-schedules\">\r\n\t\t\t\t\t\t\t\t\t\t\t\t<img width=\"284\" height=\"284\" src=\"https:\/\/cest-pharma.com\/wp-content\/uploads\/2022\/11\/sreenivas-tsdR41oM8lg-unsplash.png\" class=\"attachment- size-\" alt=\"\" decoding=\"async\" loading=\"lazy\" srcset=\"https:\/\/cest-pharma.com\/wp-content\/uploads\/2022\/11\/sreenivas-tsdR41oM8lg-unsplash.png 284w, https:\/\/cest-pharma.com\/wp-content\/uploads\/2022\/11\/sreenivas-tsdR41oM8lg-unsplash-150x150.png 150w\" sizes=\"(max-width: 284px) 100vw, 284px\" \/>\t\t\t\t\t<\/div>\r\n\t\t\t\t\t<div class=\"title-schedules\">\r\n\t\t\t\t\t\tCorrida - plano de 3 semanas\t\t\t\t\t<\/div>\r\n\t\t\t\t<\/a>\r\n\t\t\t<\/div>\r\n\t\t\t\t\t<div class=\"col-xl-2 col-lg-2 col-md-6\" data-aos=\"flip-left\"\r\n     data-aos-easing=\"ease-out-cubic\"\r\n     data-aos-duration=\"2000\">\r\n\t\t\t\t<a href=\"https:\/\/cest-pharma.com\/pt\/programa-de-reproducao\/\" target=\"_self\" class=\"fw-btn fw-btn-1\">\r\n\t\t\t\t\t<div class=\"image-schedules\">\r\n\t\t\t\t\t\t\t\t\t\t\t\t<img width=\"750\" height=\"750\" src=\"https:\/\/cest-pharma.com\/wp-content\/uploads\/2023\/02\/breeding-1.png\" class=\"attachment- size-\" alt=\"\" decoding=\"async\" loading=\"lazy\" srcset=\"https:\/\/cest-pharma.com\/wp-content\/uploads\/2023\/02\/breeding-1.png 750w, https:\/\/cest-pharma.com\/wp-content\/uploads\/2023\/02\/breeding-1-300x300.png 300w, https:\/\/cest-pharma.com\/wp-content\/uploads\/2023\/02\/breeding-1-150x150.png 150w, https:\/\/cest-pharma.com\/wp-content\/uploads\/2023\/02\/breeding-1-12x12.png 12w\" sizes=\"(max-width: 750px) 100vw, 750px\" \/>\t\t\t\t\t<\/div>\r\n\t\t\t\t\t<div class=\"title-schedules\">\r\n\t\t\t\t\t\tPrograma de reprodu\u00e7\u00e3o\t\t\t\t\t<\/div>\r\n\t\t\t\t<\/a>\r\n\t\t\t<\/div>\r\n\t\t\t\t\t<div class=\"col-xl-2 col-lg-2 col-md-6\" data-aos=\"flip-left\"\r\n     data-aos-easing=\"ease-out-cubic\"\r\n     data-aos-duration=\"2000\">\r\n\t\t\t\t<a href=\"https:\/\/cest-pharma.com\/pt\/programa-de-muda\/\" target=\"_self\" class=\"fw-btn fw-btn-1\">\r\n\t\t\t\t\t<div class=\"image-schedules\">\r\n\t\t\t\t\t\t\t\t\t\t\t\t<img width=\"751\" height=\"735\" src=\"https:\/\/cest-pharma.com\/wp-content\/uploads\/2023\/02\/moultingg.png\" class=\"attachment- size-\" alt=\"\" decoding=\"async\" loading=\"lazy\" srcset=\"https:\/\/cest-pharma.com\/wp-content\/uploads\/2023\/02\/moultingg.png 751w, https:\/\/cest-pharma.com\/wp-content\/uploads\/2023\/02\/moultingg-300x294.png 300w, https:\/\/cest-pharma.com\/wp-content\/uploads\/2023\/02\/moultingg-12x12.png 12w\" sizes=\"(max-width: 751px) 100vw, 751px\" \/>\t\t\t\t\t<\/div>\r\n\t\t\t\t\t<div class=\"title-schedules\">\r\n\t\t\t\t\t\tPrograma de muda\t\t\t\t\t<\/div>\r\n\t\t\t\t<\/a>\r\n\t\t\t<\/div>\r\n\t\t\t\t\t<div class=\"col-xl-2 col-lg-2 col-md-6\" data-aos=\"flip-left\"\r\n     data-aos-easing=\"ease-out-cubic\"\r\n     data-aos-duration=\"2000\">\r\n\t\t\t\t<a href=\"https:\/\/cest-pharma.com\/pt\/programa-de-tratamento\/\" target=\"_self\" class=\"fw-btn fw-btn-1\">\r\n\t\t\t\t\t<div class=\"image-schedules\">\r\n\t\t\t\t\t\t\t\t\t\t\t\t<img width=\"284\" height=\"284\" src=\"https:\/\/cest-pharma.com\/wp-content\/uploads\/2023\/01\/6.png\" class=\"attachment- size-\" alt=\"\" decoding=\"async\" loading=\"lazy\" srcset=\"https:\/\/cest-pharma.com\/wp-content\/uploads\/2023\/01\/6.png 284w, https:\/\/cest-pharma.com\/wp-content\/uploads\/2023\/01\/6-150x150.png 150w, https:\/\/cest-pharma.com\/wp-content\/uploads\/2023\/01\/6-12x12.png 12w\" sizes=\"(max-width: 284px) 100vw, 284px\" \/>\t\t\t\t\t<\/div>\r\n\t\t\t\t\t<div class=\"title-schedules\">\r\n\t\t\t\t\t\tPrograma de Tratamento de Inverno\t\t\t\t\t<\/div>\r\n\t\t\t\t<\/a>\r\n\t\t\t<\/div>\r\n\t\t\t\t<\/div>\r\n\t<\/div>\r\n<\/section><\/div>\n<\/div>\n\n\t<\/div>\n<\/section>","protected":false},"excerpt":{"rendered":"<p>Feeding schedules for racing pigeons Get maximum results from our products and use our free feeding schedule! Catalog Racing &#8211; 1 week plan Racing &#8211; 2 week plan Racing &#8211; 3 week plan Breeding Program Moulting Program Winter Treatment Program<\/p>","protected":false},"author":1,"featured_media":0,"parent":0,"menu_order":0,"comment_status":"closed","ping_status":"closed","template":"","meta":[],"yoast_head":"<!-- This site is optimized with the Yoast SEO plugin v19.11 - https:\/\/yoast.com\/wordpress\/plugins\/seo\/ -->\n<title>Feeding schedules - Cest Pharma<\/title>\n<meta name=\"description\" content=\"Feeding schedules for racing pigeons Get maximum results from our products and use our free feeding schedule! Racing Program Program 2022 Racing Program Weekly Races Racing Program Long Distance 700 \u2013 1200 KM Breeding Program Moulting Program\" \/>\n<meta name=\"robots\" content=\"index, follow, max-snippet:-1, max-image-preview:large, max-video-preview:-1\" \/>\n<link rel=\"canonical\" href=\"https:\/\/cest-pharma.com\/pt\/programas-de-alimentacao\/\" \/>\n<meta property=\"og:locale\" content=\"pt_PT\" \/>\n<meta property=\"og:type\" content=\"article\" \/>\n<meta property=\"og:title\" content=\"Feeding schedules - Cest Pharma\" \/>\n<meta property=\"og:description\" content=\"Feeding schedules for racing pigeons Get maximum results from our products and use our free feeding schedule! Racing Program Program 2022 Racing Program Weekly Races Racing Program Long Distance 700 \u2013 1200 KM Breeding Program Moulting Program\" \/>\n<meta property=\"og:url\" content=\"https:\/\/cest-pharma.com\/pt\/programas-de-alimentacao\/\" \/>\n<meta property=\"og:site_name\" content=\"Cest Pharma\" \/>\n<meta property=\"article:modified_time\" content=\"2024-03-15T14:47:01+00:00\" \/>\n<meta property=\"og:image\" content=\"https:\/\/cest-pharma.com\/wp-content\/uploads\/2024\/03\/12.jpg\" \/>\n<meta name=\"twitter:card\" content=\"summary_large_image\" \/>\n<meta name=\"twitter:label1\" content=\"Est. reading time\" \/>\n\t<meta name=\"twitter:data1\" content=\"2 minutos\" \/>\n<script type=\"application\/ld+json\" class=\"yoast-schema-graph\">{\"@context\":\"https:\/\/schema.org\",\"@graph\":[{\"@type\":\"WebPage\",\"@id\":\"https:\/\/cest-pharma.com\/feeding-schedules\/\",\"url\":\"https:\/\/cest-pharma.com\/feeding-schedules\/\",\"name\":\"Feeding schedules - Cest Pharma\",\"isPartOf\":{\"@id\":\"https:\/\/cest-pharma.com\/#website\"},\"datePublished\":\"2022-11-29T13:51:56+00:00\",\"dateModified\":\"2024-03-15T14:47:01+00:00\",\"description\":\"Feeding schedules for racing pigeons Get maximum results from our products and use our free feeding schedule! Racing Program Program 2022 Racing Program Weekly Races Racing Program Long Distance 700 \u2013 1200 KM Breeding Program Moulting Program\",\"breadcrumb\":{\"@id\":\"https:\/\/cest-pharma.com\/feeding-schedules\/#breadcrumb\"},\"inLanguage\":\"pt-PT\",\"potentialAction\":[{\"@type\":\"ReadAction\",\"target\":[\"https:\/\/cest-pharma.com\/feeding-schedules\/\"]}]},{\"@type\":\"BreadcrumbList\",\"@id\":\"https:\/\/cest-pharma.com\/feeding-schedules\/#breadcrumb\",\"itemListElement\":[{\"@type\":\"ListItem\",\"position\":1,\"name\":\"Home\",\"item\":\"https:\/\/cest-pharma.com\/\"},{\"@type\":\"ListItem\",\"position\":2,\"name\":\"Feeding Schedules\"}]},{\"@type\":\"WebSite\",\"@id\":\"https:\/\/cest-pharma.com\/#website\",\"url\":\"https:\/\/cest-pharma.com\/\",\"name\":\"Cest Pharma\",\"description\":\"\",\"publisher\":{\"@id\":\"https:\/\/cest-pharma.com\/#organization\"},\"potentialAction\":[{\"@type\":\"SearchAction\",\"target\":{\"@type\":\"EntryPoint\",\"urlTemplate\":\"https:\/\/cest-pharma.com\/?s={search_term_string}\"},\"query-input\":\"required name=search_term_string\"}],\"inLanguage\":\"pt-PT\"},{\"@type\":\"Organization\",\"@id\":\"https:\/\/cest-pharma.com\/#organization\",\"name\":\"Cest Pharma\",\"url\":\"https:\/\/cest-pharma.com\/\",\"logo\":{\"@type\":\"ImageObject\",\"inLanguage\":\"pt-PT\",\"@id\":\"https:\/\/cest-pharma.com\/#\/schema\/logo\/image\/\",\"url\":\"https:\/\/cest-pharma.com\/wp-content\/uploads\/2023\/01\/cropped-Cest-Pharma-logo-font-corectat.png\",\"contentUrl\":\"https:\/\/cest-pharma.com\/wp-content\/uploads\/2023\/01\/cropped-Cest-Pharma-logo-font-corectat.png\",\"width\":1003,\"height\":777,\"caption\":\"Cest Pharma\"},\"image\":{\"@id\":\"https:\/\/cest-pharma.com\/#\/schema\/logo\/image\/\"}}]}<\/script>\n<!-- \/ Yoast SEO plugin. -->","yoast_head_json":{"title":"Feeding schedules - Cest Pharma","description":"Feeding schedules for racing pigeons Get maximum results from our products and use our free feeding schedule! Racing Program Program 2022 Racing Program Weekly Races Racing Program Long Distance 700 \u2013 1200 KM Breeding Program Moulting Program","robots":{"index":"index","follow":"follow","max-snippet":"max-snippet:-1","max-image-preview":"max-image-preview:large","max-video-preview":"max-video-preview:-1"},"canonical":"https:\/\/cest-pharma.com\/pt\/programas-de-alimentacao\/","og_locale":"pt_PT","og_type":"article","og_title":"Feeding schedules - Cest Pharma","og_description":"Feeding schedules for racing pigeons Get maximum results from our products and use our free feeding schedule! Racing Program Program 2022 Racing Program Weekly Races Racing Program Long Distance 700 \u2013 1200 KM Breeding Program Moulting Program","og_url":"https:\/\/cest-pharma.com\/pt\/programas-de-alimentacao\/","og_site_name":"Cest Pharma","article_modified_time":"2024-03-15T14:47:01+00:00","og_image":[{"url":"https:\/\/cest-pharma.com\/wp-content\/uploads\/2024\/03\/12.jpg"}],"twitter_card":"summary_large_image","twitter_misc":{"Est. reading time":"2 minutos"},"schema":{"@context":"https:\/\/schema.org","@graph":[{"@type":"WebPage","@id":"https:\/\/cest-pharma.com\/feeding-schedules\/","url":"https:\/\/cest-pharma.com\/feeding-schedules\/","name":"Feeding schedules - Cest Pharma","isPartOf":{"@id":"https:\/\/cest-pharma.com\/#website"},"datePublished":"2022-11-29T13:51:56+00:00","dateModified":"2024-03-15T14:47:01+00:00","description":"Feeding schedules for racing pigeons Get maximum results from our products and use our free feeding schedule! Racing Program Program 2022 Racing Program Weekly Races Racing Program Long Distance 700 \u2013 1200 KM Breeding Program Moulting Program","breadcrumb":{"@id":"https:\/\/cest-pharma.com\/feeding-schedules\/#breadcrumb"},"inLanguage":"pt-PT","potentialAction":[{"@type":"ReadAction","target":["https:\/\/cest-pharma.com\/feeding-schedules\/"]}]},{"@type":"BreadcrumbList","@id":"https:\/\/cest-pharma.com\/feeding-schedules\/#breadcrumb","itemListElement":[{"@type":"ListItem","position":1,"name":"Home","item":"https:\/\/cest-pharma.com\/"},{"@type":"ListItem","position":2,"name":"Feeding Schedules"}]},{"@type":"WebSite","@id":"https:\/\/cest-pharma.com\/#website","url":"https:\/\/cest-pharma.com\/","name":"Cest Pharma","description":"","publisher":{"@id":"https:\/\/cest-pharma.com\/#organization"},"potentialAction":[{"@type":"SearchAction","target":{"@type":"EntryPoint","urlTemplate":"https:\/\/cest-pharma.com\/?s={search_term_string}"},"query-input":"required name=search_term_string"}],"inLanguage":"pt-PT"},{"@type":"Organization","@id":"https:\/\/cest-pharma.com\/#organization","name":"Cest Pharma","url":"https:\/\/cest-pharma.com\/","logo":{"@type":"ImageObject","inLanguage":"pt-PT","@id":"https:\/\/cest-pharma.com\/#\/schema\/logo\/image\/","url":"https:\/\/cest-pharma.com\/wp-content\/uploads\/2023\/01\/cropped-Cest-Pharma-logo-font-corectat.png","contentUrl":"https:\/\/cest-pharma.com\/wp-content\/uploads\/2023\/01\/cropped-Cest-Pharma-logo-font-corectat.png","width":1003,"height":777,"caption":"Cest Pharma"},"image":{"@id":"https:\/\/cest-pharma.com\/#\/schema\/logo\/image\/"}}]}},"_links":{"self":[{"href":"https:\/\/cest-pharma.com\/pt\/wp-json\/wp\/v2\/pages\/91"}],"collection":[{"href":"https:\/\/cest-pharma.com\/pt\/wp-json\/wp\/v2\/pages"}],"about":[{"href":"https:\/\/cest-pharma.com\/pt\/wp-json\/wp\/v2\/types\/page"}],"author":[{"embeddable":true,"href":"https:\/\/cest-pharma.com\/pt\/wp-json\/wp\/v2\/users\/1"}],"replies":[{"embeddable":true,"href":"https:\/\/cest-pharma.com\/pt\/wp-json\/wp\/v2\/comments?post=91"}],"version-history":[{"count":34,"href":"https:\/\/cest-pharma.com\/pt\/wp-json\/wp\/v2\/pages\/91\/revisions"}],"predecessor-version":[{"id":1403,"href":"https:\/\/cest-pharma.com\/pt\/wp-json\/wp\/v2\/pages\/91\/revisions\/1403"}],"wp:attachment":[{"href":"https:\/\/cest-pharma.com\/pt\/wp-json\/wp\/v2\/media?parent=91"}],"curies":[{"name":"wp","href":"https:\/\/api.w.org\/{rel}","templated":true}]}}