{"id":928,"date":"2023-01-26T11:38:15","date_gmt":"2023-01-26T11:38:15","guid":{"rendered":"https:\/\/cest-pharma.com\/?page_id=928"},"modified":"2023-05-16T12:12:52","modified_gmt":"2023-05-16T12:12:52","slug":"fungi-stop","status":"publish","type":"page","link":"https:\/\/cest-pharma.com\/pt\/fungi-stop\/","title":{"rendered":"FUNGI STOP"},"content":{"rendered":"<section class=\"fw-main-row\"  >\n\t<div class=\"fw-container-fluid\">\n\t\t<div class=\"fw-row\">\n\t<div class=\"fw-col-xs-12\">\n\t\n<section id=\"product\" class=\"p-0\">\n\t<div class=\"section-inner\">\n\t\t<div class=\"row\">\n\t\t\t<div class=\"col-md-6 d-flex justify-content-center align-items-center\">\n\t\t\t\t<div class=\"product-image gallerys\">\n\t\t\t\t\t<img width=\"934\" height=\"935\" src=\"https:\/\/cest-pharma.com\/wp-content\/uploads\/2023\/01\/fungi-stop.png\" class=\"attachment-full size-full wp-post-image\" alt=\"\" decoding=\"async\" loading=\"lazy\" srcset=\"https:\/\/cest-pharma.com\/wp-content\/uploads\/2023\/01\/fungi-stop.png 934w, https:\/\/cest-pharma.com\/wp-content\/uploads\/2023\/01\/fungi-stop-300x300.png 300w, https:\/\/cest-pharma.com\/wp-content\/uploads\/2023\/01\/fungi-stop-150x150.png 150w, https:\/\/cest-pharma.com\/wp-content\/uploads\/2023\/01\/fungi-stop-768x769.png 768w, https:\/\/cest-pharma.com\/wp-content\/uploads\/2023\/01\/fungi-stop-12x12.png 12w\" sizes=\"(max-width: 934px) 100vw, 934px\" \/>\t\t\t\t\t<img width=\"934\" height=\"935\" src=\"https:\/\/cest-pharma.com\/wp-content\/uploads\/2023\/01\/fungi-stop.png\" class=\"attachment- size-\" alt=\"\" decoding=\"async\" loading=\"lazy\" srcset=\"https:\/\/cest-pharma.com\/wp-content\/uploads\/2023\/01\/fungi-stop.png 934w, https:\/\/cest-pharma.com\/wp-content\/uploads\/2023\/01\/fungi-stop-300x300.png 300w, https:\/\/cest-pharma.com\/wp-content\/uploads\/2023\/01\/fungi-stop-150x150.png 150w, https:\/\/cest-pharma.com\/wp-content\/uploads\/2023\/01\/fungi-stop-768x769.png 768w, https:\/\/cest-pharma.com\/wp-content\/uploads\/2023\/01\/fungi-stop-12x12.png 12w\" sizes=\"(max-width: 934px) 100vw, 934px\" \/>\t\t\t\t<\/div>\n \t\t\t    <div class=\"socials\">\n\t\t\t      <div class=\"sticky\">\n\t\t\t\t  <ul>\n\t\t\t\t\t<li>\n\t\t\t\t\t\t<a href=\"\/\/www.facebook.com\/sharer.php?u=https:\/\/cest-pharma.com\/pt\/fungi-stop\/\" class=\"social-sharing-item-block facebook\" title=\"Facebook\" onclick=\"event.preventDefault(); javascript:window.open(this.href, '', 'menubar=no,toolbar=no,resizable=yes,scrollbars=yes,height=220,width=600');return false;\">\n\t\t\t\t\t\t    <!-- <i class=\"fa fa-facebook social-sharing-icon\"><\/i> -->\n\t\t\t\t\t\t    <img src=\"\/wp-content\/uploads\/2022\/12\/facebook-1.png\">\n\t\t\t\t\t\t<\/a>\n\t\t\t\t\t<\/li>\n\t\t\t\t\t<li>\n\t\t\t\t\t\t<a href=\"\/\/linkedin.com\/share?url=https:\/\/cest-pharma.com\/pt\/fungi-stop\/&amp;text=FUNGI+STOP\" class=\"social-sharing-item-block twitter\" title=\"linkedin\" onclick=\"javascript:window.open(this.href, '', 'menubar=no,toolbar=no,resizable=yes,scrollbars=yes,height=260,width=600');return false;\">\n\t\t\t\t\t\t    <!-- <i class=\"fa fa-twitter social-sharing-icon\"><\/i> -->\n\t\t\t\t\t\t\t<img src=\"\/wp-content\/uploads\/2022\/12\/linkedin.png\">\n\t\t\t\t\t\t<\/a>\n\t\t\t\t\t<\/li>\n\t\t\t\t\t<li>\n\t\t\t\t\t\t<a href=\"\/\/twitter.com\/share?url=https:\/\/cest-pharma.com\/pt\/fungi-stop\/&amp;text=FUNGI+STOP\" class=\"social-sharing-item-block twitter\" title=\"linkedin\" onclick=\"javascript:window.open(this.href, '', 'menubar=no,toolbar=no,resizable=yes,scrollbars=yes,height=260,width=600');return false;\">\n\t\t\t\t\t\t    <!-- <i class=\"fa fa-twitter social-sharing-icon\"><\/i> -->\n\t\t\t\t\t\t\t<img src=\"\/wp-content\/uploads\/2022\/12\/twitter.png\">\n\t\t\t\t\t\t<\/a>\n\t\t\t\t\t<\/li>\n\t\t\t\t<\/ul>\n\t\t\t<\/div>\n\t\t<\/div>\n\t\t\t<\/div>\n\t\t\t<div class=\"col-md-6\">\n\t\t\t\t<div class=\"title-product\">\n\t\t\t\t\tFUNGI STOP\t\t\t\t<\/div>\n\t\t\t\t\t\t\t\t\t<div class=\"box-desc-title\">\n\t\t\t\t\t\tINDICA\u00c7\u00d5ES:\t\t\t\t\t<\/div>\n\t\t\t\t\t<div class=\"box-desc\">\n\t\t\t\t\t\t<p>Tratamento de infec\u00e7\u00f5es f\u00fangicas, incluindo candida para pombos-correio.<\/p>\t\t\t\t\t<\/div>\n\t\t\t\t\t\t\t\t\t<div class=\"box-desc-title\">\n\t\t\t\t\t\tADMINISTRA\u00c7\u00c3O:\t\t\t\t\t<\/div>\n\t\t\t\t\t<div class=\"box-desc\">\n\t\t\t\t\t\t<p>5g\/1l de \u00e1gua durante 5 dias.<\/p>\t\t\t\t\t<\/div>\n\t\t\t\t\t\t\t<\/div>\n\t\t\t<div class=\"button-resellers d-flex justify-content-center align-items-center\">\n\t\t\t\t<a href=\"https:\/\/cest-pharma.com\/pt\/parceiro\/\" target=\"_self\" class=\"fw-btn fw-btn-1\">\n\t\t\t\t\t<span><img src=\"\/wp-content\/uploads\/2022\/11\/Cart.png\" class=\"d-inline\"> Compre agora<\/span>\n\t\t\t\t<\/a>\n\t\t\t<\/div>\n\t\t<\/div>\n\t\t<div class=\"row related\">\n\t\t\t<div class=\"category-related\">\n\t\t\t\tProdutos relacionados\t\t\t<\/div>\n\t\t\t<div class=\"swiper-related\">\n\t\t\t\t<!-- Swiper -->\n\t\t\t\t<div class=\"swiper mySwiper\">\n\t\t\t\t\t<div class=\"swiper-wrapper\">\n\t\t\t\t\t\t\t\t\t\t\t<div class=\"swiper-slide gallerys\">\n\t\t\t\t\t\t\t<a href=\"\/pt\/energy-plus-300g\/\" target=\"_self\" class=\"fw-btn fw-btn-1\">\n\t\t\t\t\t\t\t\t<div class=\"image_related\">\n\t\t\t\t\t\t\t\t\t<img width=\"934\" height=\"935\" src=\"https:\/\/cest-pharma.com\/wp-content\/uploads\/2023\/01\/fungi-stop.png\" class=\"attachment-full size-full wp-post-image\" alt=\"\" decoding=\"async\" loading=\"lazy\" srcset=\"https:\/\/cest-pharma.com\/wp-content\/uploads\/2023\/01\/fungi-stop.png 934w, https:\/\/cest-pharma.com\/wp-content\/uploads\/2023\/01\/fungi-stop-300x300.png 300w, https:\/\/cest-pharma.com\/wp-content\/uploads\/2023\/01\/fungi-stop-150x150.png 150w, https:\/\/cest-pharma.com\/wp-content\/uploads\/2023\/01\/fungi-stop-768x769.png 768w, https:\/\/cest-pharma.com\/wp-content\/uploads\/2023\/01\/fungi-stop-12x12.png 12w\" sizes=\"(max-width: 934px) 100vw, 934px\" \/>\t\t\t\t\t\t\t\t\t<img width=\"1920\" height=\"1920\" src=\"https:\/\/cest-pharma.com\/wp-content\/uploads\/2022\/12\/06.07.2021-Columbovet-15.png\" class=\"attachment- size-\" alt=\"\" decoding=\"async\" loading=\"lazy\" srcset=\"https:\/\/cest-pharma.com\/wp-content\/uploads\/2022\/12\/06.07.2021-Columbovet-15.png 1920w, https:\/\/cest-pharma.com\/wp-content\/uploads\/2022\/12\/06.07.2021-Columbovet-15-300x300.png 300w, https:\/\/cest-pharma.com\/wp-content\/uploads\/2022\/12\/06.07.2021-Columbovet-15-1024x1024.png 1024w, https:\/\/cest-pharma.com\/wp-content\/uploads\/2022\/12\/06.07.2021-Columbovet-15-150x150.png 150w, https:\/\/cest-pharma.com\/wp-content\/uploads\/2022\/12\/06.07.2021-Columbovet-15-768x768.png 768w, https:\/\/cest-pharma.com\/wp-content\/uploads\/2022\/12\/06.07.2021-Columbovet-15-1536x1536.png 1536w, https:\/\/cest-pharma.com\/wp-content\/uploads\/2022\/12\/06.07.2021-Columbovet-15-12x12.png 12w, https:\/\/cest-pharma.com\/wp-content\/uploads\/2022\/12\/06.07.2021-Columbovet-15-1200x1200.png 1200w\" sizes=\"(max-width: 1920px) 100vw, 1920px\" \/>\t\t\t\t\t\t\t\t<\/div>\n\t\t\t\t\t\t\t\t<div class=\"name_related\">\n\t\t\t\t\t\t\t\t\tENERGY PLUS 300g\t\t\t\t\t\t\t\t<\/div>\n\t\t\t\t\t\t\t<\/a>\n\t\t\t\t\t\t<\/div>\n\t\t\t\t\t\t\t\t\t\t\t<div class=\"swiper-slide gallerys\">\n\t\t\t\t\t\t\t<a href=\"https:\/\/cest-pharma.com\/pt\/yellow-drops-100ml\/\" target=\"_self\" class=\"fw-btn fw-btn-1\">\n\t\t\t\t\t\t\t\t<div class=\"image_related\">\n\t\t\t\t\t\t\t\t\t<img width=\"934\" height=\"935\" src=\"https:\/\/cest-pharma.com\/wp-content\/uploads\/2023\/01\/fungi-stop.png\" class=\"attachment-full size-full wp-post-image\" alt=\"\" decoding=\"async\" loading=\"lazy\" srcset=\"https:\/\/cest-pharma.com\/wp-content\/uploads\/2023\/01\/fungi-stop.png 934w, https:\/\/cest-pharma.com\/wp-content\/uploads\/2023\/01\/fungi-stop-300x300.png 300w, https:\/\/cest-pharma.com\/wp-content\/uploads\/2023\/01\/fungi-stop-150x150.png 150w, https:\/\/cest-pharma.com\/wp-content\/uploads\/2023\/01\/fungi-stop-768x769.png 768w, https:\/\/cest-pharma.com\/wp-content\/uploads\/2023\/01\/fungi-stop-12x12.png 12w\" sizes=\"(max-width: 934px) 100vw, 934px\" \/>\t\t\t\t\t\t\t\t\t<img width=\"1920\" height=\"1920\" src=\"https:\/\/cest-pharma.com\/wp-content\/uploads\/2022\/12\/06.07.2021-Columbovet-34.png\" class=\"attachment- size-\" alt=\"\" decoding=\"async\" loading=\"lazy\" srcset=\"https:\/\/cest-pharma.com\/wp-content\/uploads\/2022\/12\/06.07.2021-Columbovet-34.png 1920w, https:\/\/cest-pharma.com\/wp-content\/uploads\/2022\/12\/06.07.2021-Columbovet-34-300x300.png 300w, https:\/\/cest-pharma.com\/wp-content\/uploads\/2022\/12\/06.07.2021-Columbovet-34-1024x1024.png 1024w, https:\/\/cest-pharma.com\/wp-content\/uploads\/2022\/12\/06.07.2021-Columbovet-34-150x150.png 150w, https:\/\/cest-pharma.com\/wp-content\/uploads\/2022\/12\/06.07.2021-Columbovet-34-768x768.png 768w, https:\/\/cest-pharma.com\/wp-content\/uploads\/2022\/12\/06.07.2021-Columbovet-34-1536x1536.png 1536w, https:\/\/cest-pharma.com\/wp-content\/uploads\/2022\/12\/06.07.2021-Columbovet-34-12x12.png 12w, https:\/\/cest-pharma.com\/wp-content\/uploads\/2022\/12\/06.07.2021-Columbovet-34-1200x1200.png 1200w\" sizes=\"(max-width: 1920px) 100vw, 1920px\" \/>\t\t\t\t\t\t\t\t<\/div>\n\t\t\t\t\t\t\t\t<div class=\"name_related\">\n\t\t\t\t\t\t\t\t\tYELLOW DROPS 100ml\t\t\t\t\t\t\t\t<\/div>\n\t\t\t\t\t\t\t<\/a>\n\t\t\t\t\t\t<\/div>\n\t\t\t\t\t\t\t\t\t\t\t<div class=\"swiper-slide gallerys\">\n\t\t\t\t\t\t\t<a href=\"\/pt\/vit-amino-250ml\/\" target=\"_self\" class=\"fw-btn fw-btn-1\">\n\t\t\t\t\t\t\t\t<div class=\"image_related\">\n\t\t\t\t\t\t\t\t\t<img width=\"934\" height=\"935\" src=\"https:\/\/cest-pharma.com\/wp-content\/uploads\/2023\/01\/fungi-stop.png\" class=\"attachment-full size-full wp-post-image\" alt=\"\" decoding=\"async\" loading=\"lazy\" srcset=\"https:\/\/cest-pharma.com\/wp-content\/uploads\/2023\/01\/fungi-stop.png 934w, https:\/\/cest-pharma.com\/wp-content\/uploads\/2023\/01\/fungi-stop-300x300.png 300w, https:\/\/cest-pharma.com\/wp-content\/uploads\/2023\/01\/fungi-stop-150x150.png 150w, https:\/\/cest-pharma.com\/wp-content\/uploads\/2023\/01\/fungi-stop-768x769.png 768w, https:\/\/cest-pharma.com\/wp-content\/uploads\/2023\/01\/fungi-stop-12x12.png 12w\" sizes=\"(max-width: 934px) 100vw, 934px\" \/>\t\t\t\t\t\t\t\t\t<img width=\"1920\" height=\"1920\" src=\"https:\/\/cest-pharma.com\/wp-content\/uploads\/2022\/12\/vit_amino_web2-4-2.png\" class=\"attachment- size-\" alt=\"\" decoding=\"async\" loading=\"lazy\" srcset=\"https:\/\/cest-pharma.com\/wp-content\/uploads\/2022\/12\/vit_amino_web2-4-2.png 1920w, https:\/\/cest-pharma.com\/wp-content\/uploads\/2022\/12\/vit_amino_web2-4-2-300x300.png 300w, https:\/\/cest-pharma.com\/wp-content\/uploads\/2022\/12\/vit_amino_web2-4-2-1024x1024.png 1024w, https:\/\/cest-pharma.com\/wp-content\/uploads\/2022\/12\/vit_amino_web2-4-2-150x150.png 150w, https:\/\/cest-pharma.com\/wp-content\/uploads\/2022\/12\/vit_amino_web2-4-2-768x768.png 768w, https:\/\/cest-pharma.com\/wp-content\/uploads\/2022\/12\/vit_amino_web2-4-2-1536x1536.png 1536w, https:\/\/cest-pharma.com\/wp-content\/uploads\/2022\/12\/vit_amino_web2-4-2-12x12.png 12w, https:\/\/cest-pharma.com\/wp-content\/uploads\/2022\/12\/vit_amino_web2-4-2-1200x1200.png 1200w\" sizes=\"(max-width: 1920px) 100vw, 1920px\" \/>\t\t\t\t\t\t\t\t<\/div>\n\t\t\t\t\t\t\t\t<div class=\"name_related\">\n\t\t\t\t\t\t\t\t\tVIT AMINO 250ml\t\t\t\t\t\t\t\t<\/div>\n\t\t\t\t\t\t\t<\/a>\n\t\t\t\t\t\t<\/div>\n\t\t\t\t\t\t\t\t\t\t\t<div class=\"swiper-slide gallerys\">\n\t\t\t\t\t\t\t<a href=\"https:\/\/cest-pharma.com\/pt\/tricogo-500ml-1000ml\/\" target=\"_self\" class=\"fw-btn fw-btn-1\">\n\t\t\t\t\t\t\t\t<div class=\"image_related\">\n\t\t\t\t\t\t\t\t\t<img width=\"934\" height=\"935\" src=\"https:\/\/cest-pharma.com\/wp-content\/uploads\/2023\/01\/fungi-stop.png\" class=\"attachment-full size-full wp-post-image\" alt=\"\" decoding=\"async\" loading=\"lazy\" srcset=\"https:\/\/cest-pharma.com\/wp-content\/uploads\/2023\/01\/fungi-stop.png 934w, https:\/\/cest-pharma.com\/wp-content\/uploads\/2023\/01\/fungi-stop-300x300.png 300w, https:\/\/cest-pharma.com\/wp-content\/uploads\/2023\/01\/fungi-stop-150x150.png 150w, https:\/\/cest-pharma.com\/wp-content\/uploads\/2023\/01\/fungi-stop-768x769.png 768w, https:\/\/cest-pharma.com\/wp-content\/uploads\/2023\/01\/fungi-stop-12x12.png 12w\" sizes=\"(max-width: 934px) 100vw, 934px\" \/>\t\t\t\t\t\t\t\t\t<img width=\"1920\" height=\"1920\" src=\"https:\/\/cest-pharma.com\/wp-content\/uploads\/2022\/12\/EW1A2891-1.png\" class=\"attachment- size-\" alt=\"\" decoding=\"async\" loading=\"lazy\" srcset=\"https:\/\/cest-pharma.com\/wp-content\/uploads\/2022\/12\/EW1A2891-1.png 1920w, https:\/\/cest-pharma.com\/wp-content\/uploads\/2022\/12\/EW1A2891-1-300x300.png 300w, https:\/\/cest-pharma.com\/wp-content\/uploads\/2022\/12\/EW1A2891-1-1024x1024.png 1024w, https:\/\/cest-pharma.com\/wp-content\/uploads\/2022\/12\/EW1A2891-1-150x150.png 150w, https:\/\/cest-pharma.com\/wp-content\/uploads\/2022\/12\/EW1A2891-1-768x768.png 768w, https:\/\/cest-pharma.com\/wp-content\/uploads\/2022\/12\/EW1A2891-1-1536x1536.png 1536w, https:\/\/cest-pharma.com\/wp-content\/uploads\/2022\/12\/EW1A2891-1-12x12.png 12w, https:\/\/cest-pharma.com\/wp-content\/uploads\/2022\/12\/EW1A2891-1-1200x1200.png 1200w\" sizes=\"(max-width: 1920px) 100vw, 1920px\" \/>\t\t\t\t\t\t\t\t<\/div>\n\t\t\t\t\t\t\t\t<div class=\"name_related\">\n\t\t\t\t\t\t\t\t\tTRICOGO 500ml\/1000ml\t\t\t\t\t\t\t\t<\/div>\n\t\t\t\t\t\t\t<\/a>\n\t\t\t\t\t\t<\/div>\n\t\t\t\t\t\t\t\t\t\t<\/div>\n\t\t\t\t\t<div class=\"swiper-button-next\"><\/div>\n\t\t\t\t\t<div class=\"swiper-button-prev\"><\/div>\n\t\t\t\t<\/div>\n\t\t\t<\/div>\n\t\t<\/div>\n\t<\/div>\n<\/section>\n\n<!-- Swiper JS -->\n<script src=\"https:\/\/cdn.jsdelivr.net\/npm\/swiper\/swiper-bundle.min.js\"><\/script>\n\n<!-- Initialize Swiper -->\n<script>\n\tvar swiper = new Swiper(\".mySwiper\", {\n\tslidesPerView: 1,\n\tspaceBetween: 30,\n\tloop: true,\n    autoplay: {\n      delay: 2500,\n      disableOnInteraction: false,\n    },\n\tnavigation: {\n\t\tnextEl: \".swiper-button-next\",\n\t\tprevEl: \".swiper-button-prev\",\n\t},\n\tbreakpoints: {\n          640: {\n            slidesPerView: 2,\n            spaceBetween: 10,\n          },\n          768: {\n            slidesPerView: 3,\n            spaceBetween: 30,\n          },\n          1024: {\n            slidesPerView: 4,\n            spaceBetween: 30,\n          },\n        },\n\t});\n<\/script>\n<\/div>\n<\/div>\n\n\t<\/div>\n<\/section>","protected":false},"excerpt":{"rendered":"<p>FUNGI STOP INDICATIONS: Treatment of fungal infections, including candida for racing pigeons. ADMINISTRATION: 5g\/1l of water for 5 days. Buy now Related products ENERGY PLUS 300g YELLOW DROPS 100ml VIT AMINO 250ml TRICOGO 500ml\/1000ml<\/p>","protected":false},"author":1,"featured_media":929,"parent":0,"menu_order":0,"comment_status":"closed","ping_status":"closed","template":"","meta":[],"yoast_head":"<!-- This site is optimized with the Yoast SEO plugin v19.11 - https:\/\/yoast.com\/wordpress\/plugins\/seo\/ -->\n<title>FUNGI STOP - Cest Pharma<\/title>\n<meta name=\"description\" content=\"Treat fungal infections, including candida, in racing pigeons effectively.\" \/>\n<meta name=\"robots\" content=\"index, follow, max-snippet:-1, max-image-preview:large, max-video-preview:-1\" \/>\n<link rel=\"canonical\" href=\"https:\/\/cest-pharma.com\/pt\/fungi-stop\/\" \/>\n<meta property=\"og:locale\" content=\"pt_PT\" \/>\n<meta property=\"og:type\" content=\"article\" \/>\n<meta property=\"og:title\" content=\"FUNGI STOP - Cest Pharma\" \/>\n<meta property=\"og:description\" content=\"Treat fungal infections, including candida, in racing pigeons effectively.\" \/>\n<meta property=\"og:url\" content=\"https:\/\/cest-pharma.com\/pt\/fungi-stop\/\" \/>\n<meta property=\"og:site_name\" content=\"Cest Pharma\" \/>\n<meta property=\"article:modified_time\" content=\"2023-05-16T12:12:52+00:00\" \/>\n<meta property=\"og:image\" content=\"https:\/\/cest-pharma.com\/wp-content\/uploads\/2023\/01\/fungi-stop.png\" \/>\n\t<meta property=\"og:image:width\" content=\"934\" \/>\n\t<meta property=\"og:image:height\" content=\"935\" \/>\n\t<meta property=\"og:image:type\" content=\"image\/png\" \/>\n<meta name=\"twitter:card\" content=\"summary_large_image\" \/>\n<meta name=\"twitter:label1\" content=\"Est. reading time\" \/>\n\t<meta name=\"twitter:data1\" content=\"3 minutos\" \/>\n<script type=\"application\/ld+json\" class=\"yoast-schema-graph\">{\"@context\":\"https:\/\/schema.org\",\"@graph\":[{\"@type\":\"WebPage\",\"@id\":\"https:\/\/cest-pharma.com\/fungi-stop\/\",\"url\":\"https:\/\/cest-pharma.com\/fungi-stop\/\",\"name\":\"FUNGI STOP - Cest Pharma\",\"isPartOf\":{\"@id\":\"https:\/\/cest-pharma.com\/#website\"},\"datePublished\":\"2023-01-26T11:38:15+00:00\",\"dateModified\":\"2023-05-16T12:12:52+00:00\",\"description\":\"Treat fungal infections, including candida, in racing pigeons effectively.\",\"breadcrumb\":{\"@id\":\"https:\/\/cest-pharma.com\/fungi-stop\/#breadcrumb\"},\"inLanguage\":\"pt-PT\",\"potentialAction\":[{\"@type\":\"ReadAction\",\"target\":[\"https:\/\/cest-pharma.com\/fungi-stop\/\"]}]},{\"@type\":\"BreadcrumbList\",\"@id\":\"https:\/\/cest-pharma.com\/fungi-stop\/#breadcrumb\",\"itemListElement\":[{\"@type\":\"ListItem\",\"position\":1,\"name\":\"Home\",\"item\":\"https:\/\/cest-pharma.com\/\"},{\"@type\":\"ListItem\",\"position\":2,\"name\":\"FUNGI STOP\"}]},{\"@type\":\"WebSite\",\"@id\":\"https:\/\/cest-pharma.com\/#website\",\"url\":\"https:\/\/cest-pharma.com\/\",\"name\":\"Cest Pharma\",\"description\":\"\",\"publisher\":{\"@id\":\"https:\/\/cest-pharma.com\/#organization\"},\"potentialAction\":[{\"@type\":\"SearchAction\",\"target\":{\"@type\":\"EntryPoint\",\"urlTemplate\":\"https:\/\/cest-pharma.com\/?s={search_term_string}\"},\"query-input\":\"required name=search_term_string\"}],\"inLanguage\":\"pt-PT\"},{\"@type\":\"Organization\",\"@id\":\"https:\/\/cest-pharma.com\/#organization\",\"name\":\"Cest Pharma\",\"url\":\"https:\/\/cest-pharma.com\/\",\"logo\":{\"@type\":\"ImageObject\",\"inLanguage\":\"pt-PT\",\"@id\":\"https:\/\/cest-pharma.com\/#\/schema\/logo\/image\/\",\"url\":\"https:\/\/cest-pharma.com\/wp-content\/uploads\/2023\/01\/cropped-Cest-Pharma-logo-font-corectat.png\",\"contentUrl\":\"https:\/\/cest-pharma.com\/wp-content\/uploads\/2023\/01\/cropped-Cest-Pharma-logo-font-corectat.png\",\"width\":1003,\"height\":777,\"caption\":\"Cest Pharma\"},\"image\":{\"@id\":\"https:\/\/cest-pharma.com\/#\/schema\/logo\/image\/\"}}]}<\/script>\n<!-- \/ Yoast SEO plugin. -->","yoast_head_json":{"title":"FUNGI STOP - Cest Pharma","description":"Treat fungal infections, including candida, in racing pigeons effectively.","robots":{"index":"index","follow":"follow","max-snippet":"max-snippet:-1","max-image-preview":"max-image-preview:large","max-video-preview":"max-video-preview:-1"},"canonical":"https:\/\/cest-pharma.com\/pt\/fungi-stop\/","og_locale":"pt_PT","og_type":"article","og_title":"FUNGI STOP - Cest Pharma","og_description":"Treat fungal infections, including candida, in racing pigeons effectively.","og_url":"https:\/\/cest-pharma.com\/pt\/fungi-stop\/","og_site_name":"Cest Pharma","article_modified_time":"2023-05-16T12:12:52+00:00","og_image":[{"width":934,"height":935,"url":"https:\/\/cest-pharma.com\/wp-content\/uploads\/2023\/01\/fungi-stop.png","type":"image\/png"}],"twitter_card":"summary_large_image","twitter_misc":{"Est. reading time":"3 minutos"},"schema":{"@context":"https:\/\/schema.org","@graph":[{"@type":"WebPage","@id":"https:\/\/cest-pharma.com\/fungi-stop\/","url":"https:\/\/cest-pharma.com\/fungi-stop\/","name":"FUNGI STOP - Cest Pharma","isPartOf":{"@id":"https:\/\/cest-pharma.com\/#website"},"datePublished":"2023-01-26T11:38:15+00:00","dateModified":"2023-05-16T12:12:52+00:00","description":"Treat fungal infections, including candida, in racing pigeons effectively.","breadcrumb":{"@id":"https:\/\/cest-pharma.com\/fungi-stop\/#breadcrumb"},"inLanguage":"pt-PT","potentialAction":[{"@type":"ReadAction","target":["https:\/\/cest-pharma.com\/fungi-stop\/"]}]},{"@type":"BreadcrumbList","@id":"https:\/\/cest-pharma.com\/fungi-stop\/#breadcrumb","itemListElement":[{"@type":"ListItem","position":1,"name":"Home","item":"https:\/\/cest-pharma.com\/"},{"@type":"ListItem","position":2,"name":"FUNGI STOP"}]},{"@type":"WebSite","@id":"https:\/\/cest-pharma.com\/#website","url":"https:\/\/cest-pharma.com\/","name":"Cest Pharma","description":"","publisher":{"@id":"https:\/\/cest-pharma.com\/#organization"},"potentialAction":[{"@type":"SearchAction","target":{"@type":"EntryPoint","urlTemplate":"https:\/\/cest-pharma.com\/?s={search_term_string}"},"query-input":"required name=search_term_string"}],"inLanguage":"pt-PT"},{"@type":"Organization","@id":"https:\/\/cest-pharma.com\/#organization","name":"Cest Pharma","url":"https:\/\/cest-pharma.com\/","logo":{"@type":"ImageObject","inLanguage":"pt-PT","@id":"https:\/\/cest-pharma.com\/#\/schema\/logo\/image\/","url":"https:\/\/cest-pharma.com\/wp-content\/uploads\/2023\/01\/cropped-Cest-Pharma-logo-font-corectat.png","contentUrl":"https:\/\/cest-pharma.com\/wp-content\/uploads\/2023\/01\/cropped-Cest-Pharma-logo-font-corectat.png","width":1003,"height":777,"caption":"Cest Pharma"},"image":{"@id":"https:\/\/cest-pharma.com\/#\/schema\/logo\/image\/"}}]}},"_links":{"self":[{"href":"https:\/\/cest-pharma.com\/pt\/wp-json\/wp\/v2\/pages\/928"}],"collection":[{"href":"https:\/\/cest-pharma.com\/pt\/wp-json\/wp\/v2\/pages"}],"about":[{"href":"https:\/\/cest-pharma.com\/pt\/wp-json\/wp\/v2\/types\/page"}],"author":[{"embeddable":true,"href":"https:\/\/cest-pharma.com\/pt\/wp-json\/wp\/v2\/users\/1"}],"replies":[{"embeddable":true,"href":"https:\/\/cest-pharma.com\/pt\/wp-json\/wp\/v2\/comments?post=928"}],"version-history":[{"count":2,"href":"https:\/\/cest-pharma.com\/pt\/wp-json\/wp\/v2\/pages\/928\/revisions"}],"predecessor-version":[{"id":931,"href":"https:\/\/cest-pharma.com\/pt\/wp-json\/wp\/v2\/pages\/928\/revisions\/931"}],"wp:featuredmedia":[{"embeddable":true,"href":"https:\/\/cest-pharma.com\/pt\/wp-json\/wp\/v2\/media\/929"}],"wp:attachment":[{"href":"https:\/\/cest-pharma.com\/pt\/wp-json\/wp\/v2\/media?parent=928"}],"curies":[{"name":"wp","href":"https:\/\/api.w.org\/{rel}","templated":true}]}}