{"id":116,"date":"2022-12-05T06:14:08","date_gmt":"2022-12-05T06:14:08","guid":{"rendered":"http:\/\/cest-pharma\/?page_id=116"},"modified":"2023-12-19T15:53:41","modified_gmt":"2023-12-19T15:53:41","slug":"about-us","status":"publish","type":"page","link":"https:\/\/cest-pharma.com\/ro\/despre-noi\/","title":{"rendered":"About Us"},"content":{"rendered":"<p><section class=\"fw-main-row\"  >\n\t<div class=\"fw-container-fluid\">\n\t\t<div class=\"fw-row\">\n\t<div class=\"fw-col-xs-12\">\n\t\r\n<section id=\"header-about-us-top\" class=\"p-0\">\r\n\t<div class=\"header-inner section-inner\">\r\n\t\t<div class=\"row\">\r\n\t\t\t<div class=\"col-md-6\">\r\n\t\t\t\t<div class=\"title\" data-aos=\"fade-up\"\r\n     data-aos-anchor-placement=\"top-bottom\">\r\n\t\t\t\t\t Despre noi\t\t\t\t<\/div>\r\n\t\t\t\t<div class=\"description\" data-aos=\"fade-right\"\r\n     data-aos-offset=\"300\"\r\n     data-aos-easing=\"ease-in-sine\">\r\n\t\t\t\t\t<p>Totul a \u00eenceput \u00eentr-o zi senin\u0103 de var\u0103, cu porumbeii care \u00ee\u0219i \u00eentindeau aripile la soare \u0219i r\u00e2sul copiilor. Ce binecuvantare! Privind at\u00e2t de mult\u0103 frumuse\u021be, noi am constatat c\u0103 suntem responsabili pentru crearea unei lumi mai bune \u00een jurul nostru, o lume de calitate plin\u0103 de bucurie. A\u0219a s-a n\u0103scut marca CEST PHARMA.<\/p><p>De ce am ales numele CEST? Pentru c\u0103 cele patru ini\u021biale ale copiilor no\u0219tri sunt combinate: Claudiu, Eduard, Sofia \u0219i Tania. Sunt cele mai pre\u021bioase cadouri ale noastre \u0219i a\u0219a ne dorim s\u0103 fie produsele noastre. Vrem ca fiecare cresc\u0103tor care alege aceste produse pentru ca porumbeii s\u0103i dragi s\u0103 fie mul\u021bumi\u021bi \u0219i ferici\u021bi.<\/p><p>Vrem s\u0103 fim ca o familie: FAMILIA CEST PHARMA s\u0103 mergem \u00eempreun\u0103 pe drumul spre succes \u0219i s\u0103 ne bucur\u0103m de rezultatele bune ale porumbeilor no\u0219tri.<\/p><p>Cest Pharma<\/p><p>Porumbei s\u0103n\u0103to\u0219i! Columbofili ferici\u021bi!<\/p><p>Brand manager:<br \/>Mihaela Tunduc<\/p>\t\t\t\t<\/div>\r\n\t\t\t<\/div>\r\n\t\t\t<div class=\"col-md-6 anner-about-us-top\">\r\n\t\t\t\t<div class=\"image\">\r\n\t\t\t\t\t\t\t\t\t\t<img width=\"770\" height=\"728\" src=\"https:\/\/cest-pharma.com\/wp-content\/uploads\/2023\/01\/599073-20-RO.png\" class=\"attachment- size-\" alt=\"\" decoding=\"async\" loading=\"lazy\" srcset=\"https:\/\/cest-pharma.com\/wp-content\/uploads\/2023\/01\/599073-20-RO.png 770w, https:\/\/cest-pharma.com\/wp-content\/uploads\/2023\/01\/599073-20-RO-300x284.png 300w, https:\/\/cest-pharma.com\/wp-content\/uploads\/2023\/01\/599073-20-RO-768x726.png 768w, https:\/\/cest-pharma.com\/wp-content\/uploads\/2023\/01\/599073-20-RO-13x12.png 13w\" sizes=\"(max-width: 770px) 100vw, 770px\" \/>\t\t\t\t<\/div>\r\n\t\t\t<\/div>\r\n\t\t<\/div>\r\n\t<\/div>\r\n<\/section><\/div>\n<\/div>\n\n\t<\/div>\n<\/section>\n<section class=\"fw-main-row\"  >\n\t<div class=\"fw-container-fluid\">\n\t\t<div class=\"fw-row\">\n\t<div class=\"fw-col-xs-12\">\n\t\r\n<section id=\"header-about-us-bottom\" class=\"p-0\">\r\n\t<div class=\"header-inner section-inner\">\r\n\t\t<div class=\"row\">\r\n\t\t\t<div class=\"titleAbout\" data-aos=\"fade-up\"\r\n     data-aos-anchor-placement=\"top-bottom\">\r\n\t\t\t\tDe ce este Cest Pharma at\u00e2t de diferit?\t\t\t<\/div>\r\n\t\t\t<div class=\"col-md-6\">\r\n\t\t\t\t<div class=\"image\">\r\n\t\t\t\t\t\t\t\t\t\t<img width=\"649\" height=\"624\" src=\"https:\/\/cest-pharma.com\/wp-content\/uploads\/2023\/01\/Group-346-1.png\" class=\"attachment- size-\" alt=\"\" decoding=\"async\" loading=\"lazy\" srcset=\"https:\/\/cest-pharma.com\/wp-content\/uploads\/2023\/01\/Group-346-1.png 649w, https:\/\/cest-pharma.com\/wp-content\/uploads\/2023\/01\/Group-346-1-300x288.png 300w, https:\/\/cest-pharma.com\/wp-content\/uploads\/2023\/01\/Group-346-1-12x12.png 12w\" sizes=\"(max-width: 649px) 100vw, 649px\" \/>\t\t\t\t<\/div>\r\n\t\t\t<\/div>\r\n\t\t\t<div class=\"col-md-6 about-us-bottom\" data-aos=\"fade-left\"\r\n     data-aos-anchor=\"#example-anchor\"\r\n     data-aos-offset=\"500\"\r\n     data-aos-duration=\"500\">\r\n\t\t\t\t\t\t\t\t\t<div class=\"title-box-aboutUs align-center\">\r\n\t\t\t\t\t\tFolosim ingrediente de \u00eenalt\u0103 calitate\t\t\t\t\t<\/div>\r\n\t\t\t\t\t<div class=\"desc-aboutUs\">\r\n\t\t\t\t\t\t<p>Folosim ingrediente de \u00eenalt\u0103 calitate pentru a crea compozi\u021bii pe baza celor mai recente studii. Suntem parteneri cu un specialist din zona veterinar\u0103 pentru a ne asigura c\u0103 \u201esportivii\u201d no\u0219tri sunt bine echipa\u021bi pentru a avea rezultate excelente.<\/p>\t\t\t\t\t<\/div>\r\n\t\t\t\t\t\t\t\t\t<div class=\"title-box-aboutUs align-center\">\r\n\t\t\t\t\t\tNe pas\u0103 de clien\u021bii no\u0219tri\t\t\t\t\t<\/div>\r\n\t\t\t\t\t<div class=\"desc-aboutUs\">\r\n\t\t\t\t\t\t<p>Porumbeii t\u0103i sunt importan\u021bi pentru noi! Fiecare pas pe care \u00eel facem se concentreaz\u0103 pe s\u0103n\u0103tatea porumbelului t\u0103u, pe rezultatele lor, astfel \u00eenc\u00e2t s\u0103 \u00ee\u021bi recompens\u0103m investi\u021bia \u00een ele \u0219i s\u0103-i facem campioni.<\/p>\t\t\t\t\t<\/div>\r\n\t\t\t\t\t\t\t\t\t<div class=\"title-box-aboutUs align-center\">\r\n\t\t\t\t\t\tC\u00e2\u0219tigul t\u0103u e \u0219i al nostru\t\t\t\t\t<\/div>\r\n\t\t\t\t\t<div class=\"desc-aboutUs\">\r\n\t\t\t\t\t\t<p>Succesul dvs. este succesul nostru, bucuria dvs. este bucuria noastr\u0103 \u0219i, din aceast\u0103 cauz\u0103, investim tot ce ne st\u0103 \u00een putin\u021b\u0103, astfel \u00eenc\u00e2t s\u0103 pute\u021bi avea tot ce este mai bun!<\/p>\t\t\t\t\t<\/div>\r\n\t\t\t\t\t\t\t<\/div>\r\n\t\t<\/div>\r\n\t<\/div>\r\n<\/section><\/div>\n<\/div>\n\n\t<\/div>\n<\/section>\n<section class=\"fw-main-row\"  >\n\t<div class=\"fw-container-fluid\">\n\t\t<div class=\"fw-row\">\n\t<div class=\"fw-col-xs-12\">\n\t<\/div>\n<\/div>\n\n\t<\/div>\n<\/section>\n<section class=\"fw-main-row\"  >\n\t<div class=\"fw-container-fluid\">\n\t\t<div class=\"fw-row\">\n\t<div class=\"fw-col-xs-12\">\n\t\n<section id=\"contact\" class=\"p-0\">\n\t<div class=\"section-inner\">\n\t\t<div class=\"row\">\n\t\t\t<div class=\"title-contact\">\n\t\t\t\t<p>Contact<\/p>\n\t\t\t<\/div>\n\t\t\t<div class=\"col-md-6\">\n\t\t\t\t<div class=\"title-contact-box\">\n\t\t\t\t\tCest Pharma\t\t\t\t<\/div>\n\t\t\t\t<div class=\"adress-contact\">\n\t\t\t\t\t<a href=\"\" target=\"\" class=\"fw-btn fw-btn-1\">\n\t\t\t\t\t\t<span>Adresa: Strada Corneliu Baba Nr. 9, Oradea 410606<\/span>\n\t\t\t\t\t<\/a>\n\t\t\t\t<\/div>\n\t\t\t\t<div class=\"email-contact\">\n\t\t\t\t\t<a href=\"mailto:\" target=\"\" class=\"fw-btn fw-btn-1\">\n\t\t\t\t\t\t<span>E-mail: info@cest-pharma.com<\/span>\n\t\t\t\t\t<\/a>\n\t\t\t\t<\/div>\n\t\t\t\t<div class=\"phone-contact\">\n\t\t\t\t\t<a href=\"tel:\" target=\"\" class=\"fw-btn fw-btn-1\">\n\t\t\t\t\t\t<span><\/span>\n\t\t\t\t\t<\/a>\n\t\t\t\t<\/div>\n\t\t\t\t<div class=\"social-media\">\n\t\t\t\t\t<div class=\"faceebok\">\n\t\t\t\t\t\t<a href=\"\" target=\"\" class=\"fw-btn fw-btn-1\">\n\t\t\t\t\t\t\t<span><img src=\"\/wp-content\/uploads\/2022\/12\/facebook-1.png\"><\/span>\n\t\t\t\t\t\t<\/a>\n\t\t\t\t\t<\/div>\n\t\t\t\t\t<div class=\"youtube\">\n\t\t\t\t\t\t<a href=\"\" target=\"\" class=\"fw-btn fw-btn-1\">\n\t\t\t\t\t\t\t<span><img src=\"\/wp-content\/uploads\/2022\/12\/youtube-1.png\"><\/span>\n\t\t\t\t\t\t<\/a>\n\t\t\t\t\t<\/div>\n\t\t\t\t\t<div class=\"instagram\">\n\t\t\t\t\t\t<a href=\"\" target=\"\" class=\"fw-btn fw-btn-1\">\n\t\t\t\t\t\t\t<span><img src=\"\/wp-content\/uploads\/2022\/12\/instagram.png\"><\/span>\n\t\t\t\t\t\t<\/a>\n\t\t\t\t\t<\/div>\n\t\t\t\t<\/div>\n\t\t\t<\/div>\n\t\t\t<div class=\"col-md-6\">\n\t\t\t\t<div class=\"form\">\n                    <div role=\"form\" class=\"wpcf7\" id=\"wpcf7-f110-o1\" lang=\"en-US\" dir=\"ltr\">\n<div class=\"screen-reader-response\"><p role=\"status\" aria-live=\"polite\" aria-atomic=\"true\"><\/p> <ul><\/ul><\/div>\n<form action=\"\/ro\/wp-json\/wp\/v2\/pages\/116#wpcf7-f110-o1\" method=\"post\" class=\"wpcf7-form init\" novalidate=\"novalidate\" data-status=\"init\" data-trp-original-action=\"\/ro\/wp-json\/wp\/v2\/pages\/116#wpcf7-f110-o1\">\n<div style=\"display: none;\">\n<input type=\"hidden\" name=\"_wpcf7\" value=\"110\" \/>\n<input type=\"hidden\" name=\"_wpcf7_version\" value=\"5.6.4\" \/>\n<input type=\"hidden\" name=\"_wpcf7_locale\" value=\"en_US\" \/>\n<input type=\"hidden\" name=\"_wpcf7_unit_tag\" value=\"wpcf7-f110-o1\" \/>\n<input type=\"hidden\" name=\"_wpcf7_container_post\" value=\"0\" \/>\n<input type=\"hidden\" name=\"_wpcf7_posted_data_hash\" value=\"\" \/>\n<\/div>\n<p><label> Nume*<br \/>\n    <span class=\"wpcf7-form-control-wrap\" data-name=\"your-name\"><input type=\"text\" name=\"your-name\" value=\"\" size=\"40\" class=\"wpcf7-form-control wpcf7-text wpcf7-validates-as-required\" aria-required=\"true\" aria-invalid=\"false\" \/><\/span> <\/label><\/p>\n<p><label> Email*<br \/>\n    <span class=\"wpcf7-form-control-wrap\" data-name=\"your-email\"><input type=\"email\" name=\"your-email\" value=\"\" size=\"40\" class=\"wpcf7-form-control wpcf7-text wpcf7-email wpcf7-validates-as-required wpcf7-validates-as-email\" aria-required=\"true\" aria-invalid=\"false\" \/><\/span> <\/label><\/p>\n<p><label> Mesaj*<br \/>\n    <span class=\"wpcf7-form-control-wrap\" data-name=\"your-message\"><textarea name=\"your-message\" cols=\"40\" rows=\"10\" class=\"wpcf7-form-control wpcf7-textarea\" aria-invalid=\"false\"><\/textarea><\/span> <\/label><\/p>\n<div class=\"checkbox-approve\">\n<p><span class=\"wpcf7-form-control-wrap\" data-name=\"your-method-marketing\"><span class=\"wpcf7-form-control wpcf7-checkbox\"><\/span><\/span> <span class=\"wpcf7-form-control-wrap\" data-name=\"acceptance-545\"><span class=\"wpcf7-form-control wpcf7-acceptance\"><span class=\"wpcf7-list-item\"><label><input type=\"checkbox\" name=\"acceptance-545\" value=\"1\" aria-invalid=\"false\" \/><span class=\"wpcf7-list-item-label\">Sunt de acord ca datele pe care le-am trimis s\u0103 fie colectate \u0219i stocate*<\/span><\/label><\/span><\/span><\/span><\/p>\n<\/div>\n<p><input type=\"submit\" value=\"TRIMITE\" class=\"wpcf7-form-control has-spinner wpcf7-submit\" \/><\/p>\n<div class=\"wpcf7-response-output\" aria-hidden=\"true\"><\/div><input type=\"hidden\" name=\"trp-form-language\" value=\"ro\"\/><\/form><\/div>                <\/div>\n\t\t\t<\/div>\n\t\t<\/div>\n\t<\/div>\n    <div class=\"googlemaps\">\n  \t   <iframe src=\"https:\/\/www.google.com\/maps\/embed?pb=!1m18!1m12!1m3!1d2717.665915247575!2d21.892467751533236!3d47.06640353302763!2m3!1f0!2f0!3f0!3m2!1i1024!2i768!4f13.1!3m3!1m2!1s0x4746462eb51dd939%3A0xe37895f146c514f2!2sStrada%20Corneliu%20Baba%209%2C%20Oradea%20410606!5e0!3m2!1sro!2sro!4v1671523186449!5m2!1sro!2sro\" width=\"600\" height=\"200\" style=\"border:0;\" allowfullscreen=\"\" loading=\"lazy\" referrerpolicy=\"no-referrer-when-downgrade\"><\/iframe>\t        \n    <\/div>\n<\/section>\n\n\n<\/div>\n<\/div>\n\n\t<\/div>\n<\/section>\n<\/p>","protected":false},"excerpt":{"rendered":"<p>Our story It all started on a clear summer day, with pigeons spreading their wings in the sun and children\u2019s laughter. What a blessing! Looking at so much beauty, I understood that we are responsible for creating a better world around us, a quality world full of joy. This is how the brand CEST PHARMA [&hellip;]<\/p>","protected":false},"author":1,"featured_media":0,"parent":0,"menu_order":0,"comment_status":"closed","ping_status":"closed","template":"","meta":[],"yoast_head":"<!-- This site is optimized with the Yoast SEO plugin v19.11 - https:\/\/yoast.com\/wordpress\/plugins\/seo\/ -->\n<title>About us - Cest Pharma<\/title>\n<meta name=\"description\" content=\"OUR STORY It all started on a clear summer day, with pigeons spreading their wings in the sun and children\u2019s laughter. What a blessing! Looking at so much beauty, I undrestood that we are responsible for creating a better world around us, a quality world full of joy. This is how the brand CEST\" \/>\n<meta name=\"robots\" content=\"index, follow, max-snippet:-1, max-image-preview:large, max-video-preview:-1\" \/>\n<link rel=\"canonical\" href=\"https:\/\/cest-pharma.com\/ro\/despre-noi\/\" \/>\n<meta property=\"og:locale\" content=\"ro_RO\" \/>\n<meta property=\"og:type\" content=\"article\" \/>\n<meta property=\"og:title\" content=\"About us - Cest Pharma\" \/>\n<meta property=\"og:description\" content=\"OUR STORY It all started on a clear summer day, with pigeons spreading their wings in the sun and children\u2019s laughter. What a blessing! Looking at so much beauty, I undrestood that we are responsible for creating a better world around us, a quality world full of joy. This is how the brand CEST\" \/>\n<meta property=\"og:url\" content=\"https:\/\/cest-pharma.com\/ro\/despre-noi\/\" \/>\n<meta property=\"og:site_name\" content=\"Cest Pharma\" \/>\n<meta property=\"article:modified_time\" content=\"2023-12-19T15:53:41+00:00\" \/>\n<meta property=\"og:image\" content=\"https:\/\/cest-pharma.com\/wp-content\/uploads\/2023\/01\/599073-20-RO.png\" \/>\n<meta name=\"twitter:card\" content=\"summary_large_image\" \/>\n<meta name=\"twitter:label1\" content=\"Timp estimat pentru citire\" \/>\n\t<meta name=\"twitter:data1\" content=\"3 minute\" \/>\n<script type=\"application\/ld+json\" class=\"yoast-schema-graph\">{\"@context\":\"https:\/\/schema.org\",\"@graph\":[{\"@type\":\"WebPage\",\"@id\":\"https:\/\/cest-pharma.com\/about-us\/\",\"url\":\"https:\/\/cest-pharma.com\/about-us\/\",\"name\":\"About us - Cest Pharma\",\"isPartOf\":{\"@id\":\"https:\/\/cest-pharma.com\/#website\"},\"datePublished\":\"2022-12-05T06:14:08+00:00\",\"dateModified\":\"2023-12-19T15:53:41+00:00\",\"description\":\"OUR STORY It all started on a clear summer day, with pigeons spreading their wings in the sun and children\u2019s laughter. What a blessing! Looking at so much beauty, I undrestood that we are responsible for creating a better world around us, a quality world full of joy. This is how the brand CEST\",\"breadcrumb\":{\"@id\":\"https:\/\/cest-pharma.com\/about-us\/#breadcrumb\"},\"inLanguage\":\"ro-RO\",\"potentialAction\":[{\"@type\":\"ReadAction\",\"target\":[\"https:\/\/cest-pharma.com\/about-us\/\"]}]},{\"@type\":\"BreadcrumbList\",\"@id\":\"https:\/\/cest-pharma.com\/about-us\/#breadcrumb\",\"itemListElement\":[{\"@type\":\"ListItem\",\"position\":1,\"name\":\"Home\",\"item\":\"https:\/\/cest-pharma.com\/\"},{\"@type\":\"ListItem\",\"position\":2,\"name\":\"About Us\"}]},{\"@type\":\"WebSite\",\"@id\":\"https:\/\/cest-pharma.com\/#website\",\"url\":\"https:\/\/cest-pharma.com\/\",\"name\":\"Cest Pharma\",\"description\":\"\",\"publisher\":{\"@id\":\"https:\/\/cest-pharma.com\/#organization\"},\"potentialAction\":[{\"@type\":\"SearchAction\",\"target\":{\"@type\":\"EntryPoint\",\"urlTemplate\":\"https:\/\/cest-pharma.com\/?s={search_term_string}\"},\"query-input\":\"required name=search_term_string\"}],\"inLanguage\":\"ro-RO\"},{\"@type\":\"Organization\",\"@id\":\"https:\/\/cest-pharma.com\/#organization\",\"name\":\"Cest Pharma\",\"url\":\"https:\/\/cest-pharma.com\/\",\"logo\":{\"@type\":\"ImageObject\",\"inLanguage\":\"ro-RO\",\"@id\":\"https:\/\/cest-pharma.com\/#\/schema\/logo\/image\/\",\"url\":\"https:\/\/cest-pharma.com\/wp-content\/uploads\/2023\/01\/cropped-Cest-Pharma-logo-font-corectat.png\",\"contentUrl\":\"https:\/\/cest-pharma.com\/wp-content\/uploads\/2023\/01\/cropped-Cest-Pharma-logo-font-corectat.png\",\"width\":1003,\"height\":777,\"caption\":\"Cest Pharma\"},\"image\":{\"@id\":\"https:\/\/cest-pharma.com\/#\/schema\/logo\/image\/\"}}]}<\/script>\n<!-- \/ Yoast SEO plugin. -->","yoast_head_json":{"title":"About us - Cest Pharma","description":"OUR STORY It all started on a clear summer day, with pigeons spreading their wings in the sun and children\u2019s laughter. What a blessing! Looking at so much beauty, I undrestood that we are responsible for creating a better world around us, a quality world full of joy. This is how the brand CEST","robots":{"index":"index","follow":"follow","max-snippet":"max-snippet:-1","max-image-preview":"max-image-preview:large","max-video-preview":"max-video-preview:-1"},"canonical":"https:\/\/cest-pharma.com\/ro\/despre-noi\/","og_locale":"ro_RO","og_type":"article","og_title":"About us - Cest Pharma","og_description":"OUR STORY It all started on a clear summer day, with pigeons spreading their wings in the sun and children\u2019s laughter. What a blessing! Looking at so much beauty, I undrestood that we are responsible for creating a better world around us, a quality world full of joy. This is how the brand CEST","og_url":"https:\/\/cest-pharma.com\/ro\/despre-noi\/","og_site_name":"Cest Pharma","article_modified_time":"2023-12-19T15:53:41+00:00","og_image":[{"url":"https:\/\/cest-pharma.com\/wp-content\/uploads\/2023\/01\/599073-20-RO.png"}],"twitter_card":"summary_large_image","twitter_misc":{"Timp estimat pentru citire":"3 minute"},"schema":{"@context":"https:\/\/schema.org","@graph":[{"@type":"WebPage","@id":"https:\/\/cest-pharma.com\/about-us\/","url":"https:\/\/cest-pharma.com\/about-us\/","name":"About us - Cest Pharma","isPartOf":{"@id":"https:\/\/cest-pharma.com\/#website"},"datePublished":"2022-12-05T06:14:08+00:00","dateModified":"2023-12-19T15:53:41+00:00","description":"OUR STORY It all started on a clear summer day, with pigeons spreading their wings in the sun and children\u2019s laughter. What a blessing! Looking at so much beauty, I undrestood that we are responsible for creating a better world around us, a quality world full of joy. This is how the brand CEST","breadcrumb":{"@id":"https:\/\/cest-pharma.com\/about-us\/#breadcrumb"},"inLanguage":"ro-RO","potentialAction":[{"@type":"ReadAction","target":["https:\/\/cest-pharma.com\/about-us\/"]}]},{"@type":"BreadcrumbList","@id":"https:\/\/cest-pharma.com\/about-us\/#breadcrumb","itemListElement":[{"@type":"ListItem","position":1,"name":"Home","item":"https:\/\/cest-pharma.com\/"},{"@type":"ListItem","position":2,"name":"About Us"}]},{"@type":"WebSite","@id":"https:\/\/cest-pharma.com\/#website","url":"https:\/\/cest-pharma.com\/","name":"Cest Pharma","description":"","publisher":{"@id":"https:\/\/cest-pharma.com\/#organization"},"potentialAction":[{"@type":"SearchAction","target":{"@type":"EntryPoint","urlTemplate":"https:\/\/cest-pharma.com\/?s={search_term_string}"},"query-input":"required name=search_term_string"}],"inLanguage":"ro-RO"},{"@type":"Organization","@id":"https:\/\/cest-pharma.com\/#organization","name":"Cest Pharma","url":"https:\/\/cest-pharma.com\/","logo":{"@type":"ImageObject","inLanguage":"ro-RO","@id":"https:\/\/cest-pharma.com\/#\/schema\/logo\/image\/","url":"https:\/\/cest-pharma.com\/wp-content\/uploads\/2023\/01\/cropped-Cest-Pharma-logo-font-corectat.png","contentUrl":"https:\/\/cest-pharma.com\/wp-content\/uploads\/2023\/01\/cropped-Cest-Pharma-logo-font-corectat.png","width":1003,"height":777,"caption":"Cest Pharma"},"image":{"@id":"https:\/\/cest-pharma.com\/#\/schema\/logo\/image\/"}}]}},"_links":{"self":[{"href":"https:\/\/cest-pharma.com\/ro\/wp-json\/wp\/v2\/pages\/116"}],"collection":[{"href":"https:\/\/cest-pharma.com\/ro\/wp-json\/wp\/v2\/pages"}],"about":[{"href":"https:\/\/cest-pharma.com\/ro\/wp-json\/wp\/v2\/types\/page"}],"author":[{"embeddable":true,"href":"https:\/\/cest-pharma.com\/ro\/wp-json\/wp\/v2\/users\/1"}],"replies":[{"embeddable":true,"href":"https:\/\/cest-pharma.com\/ro\/wp-json\/wp\/v2\/comments?post=116"}],"version-history":[{"count":23,"href":"https:\/\/cest-pharma.com\/ro\/wp-json\/wp\/v2\/pages\/116\/revisions"}],"predecessor-version":[{"id":1334,"href":"https:\/\/cest-pharma.com\/ro\/wp-json\/wp\/v2\/pages\/116\/revisions\/1334"}],"wp:attachment":[{"href":"https:\/\/cest-pharma.com\/ro\/wp-json\/wp\/v2\/media?parent=116"}],"curies":[{"name":"wp","href":"https:\/\/api.w.org\/{rel}","templated":true}]}}