{"id":1204,"date":"2023-06-19T13:23:24","date_gmt":"2023-06-19T13:23:24","guid":{"rendered":"https:\/\/cest-pharma.com\/?page_id=1204"},"modified":"2025-02-06T09:02:47","modified_gmt":"2025-02-06T09:02:47","slug":"amino-forte-5l","status":"publish","type":"page","link":"https:\/\/cest-pharma.com\/ro\/amino-forte-5l\/","title":{"rendered":"AMINO FORTE ONE LOFT RACE 5L"},"content":{"rendered":"<section class=\"fw-main-row\"  >\n\t<div class=\"fw-container-fluid\">\n\t\t<div class=\"fw-row\">\n\t<div class=\"fw-col-xs-12\">\n\t\n<section id=\"product\" class=\"p-0\">\n\t<div class=\"section-inner\">\n\t\t<div class=\"row\">\n\t\t\t<div class=\"col-md-6 d-flex justify-content-center align-items-center\">\n\t\t\t\t<div class=\"product-image gallerys\">\n\t\t\t\t\t<img width=\"1920\" height=\"1920\" src=\"https:\/\/cest-pharma.com\/wp-content\/uploads\/2023\/06\/IMG_8673.jpg\" class=\"attachment-full size-full wp-post-image\" alt=\"\" decoding=\"async\" loading=\"lazy\" srcset=\"https:\/\/cest-pharma.com\/wp-content\/uploads\/2023\/06\/IMG_8673.jpg 1920w, https:\/\/cest-pharma.com\/wp-content\/uploads\/2023\/06\/IMG_8673-300x300.jpg 300w, https:\/\/cest-pharma.com\/wp-content\/uploads\/2023\/06\/IMG_8673-1024x1024.jpg 1024w, https:\/\/cest-pharma.com\/wp-content\/uploads\/2023\/06\/IMG_8673-150x150.jpg 150w, https:\/\/cest-pharma.com\/wp-content\/uploads\/2023\/06\/IMG_8673-768x768.jpg 768w, https:\/\/cest-pharma.com\/wp-content\/uploads\/2023\/06\/IMG_8673-1536x1536.jpg 1536w, https:\/\/cest-pharma.com\/wp-content\/uploads\/2023\/06\/IMG_8673-12x12.jpg 12w, https:\/\/cest-pharma.com\/wp-content\/uploads\/2023\/06\/IMG_8673-1200x1200.jpg 1200w\" sizes=\"(max-width: 1920px) 100vw, 1920px\" \/>\t\t\t\t\t<img width=\"1920\" height=\"1920\" src=\"https:\/\/cest-pharma.com\/wp-content\/uploads\/2023\/06\/IMG_8673.jpg\" class=\"attachment- size-\" alt=\"\" decoding=\"async\" loading=\"lazy\" srcset=\"https:\/\/cest-pharma.com\/wp-content\/uploads\/2023\/06\/IMG_8673.jpg 1920w, https:\/\/cest-pharma.com\/wp-content\/uploads\/2023\/06\/IMG_8673-300x300.jpg 300w, https:\/\/cest-pharma.com\/wp-content\/uploads\/2023\/06\/IMG_8673-1024x1024.jpg 1024w, https:\/\/cest-pharma.com\/wp-content\/uploads\/2023\/06\/IMG_8673-150x150.jpg 150w, https:\/\/cest-pharma.com\/wp-content\/uploads\/2023\/06\/IMG_8673-768x768.jpg 768w, https:\/\/cest-pharma.com\/wp-content\/uploads\/2023\/06\/IMG_8673-1536x1536.jpg 1536w, https:\/\/cest-pharma.com\/wp-content\/uploads\/2023\/06\/IMG_8673-12x12.jpg 12w, https:\/\/cest-pharma.com\/wp-content\/uploads\/2023\/06\/IMG_8673-1200x1200.jpg 1200w\" sizes=\"(max-width: 1920px) 100vw, 1920px\" \/>\t\t\t\t<\/div>\n \t\t\t    <div class=\"socials\">\n\t\t\t      <div class=\"sticky\">\n\t\t\t\t  <ul>\n\t\t\t\t\t<li>\n\t\t\t\t\t\t<a href=\"\/\/www.facebook.com\/sharer.php?u=https:\/\/cest-pharma.com\/ro\/amino-forte-5l\/\" class=\"social-sharing-item-block facebook\" title=\"Facebook\" onclick=\"event.preventDefault(); javascript:window.open(this.href, '', 'menubar=no,toolbar=no,resizable=yes,scrollbars=yes,height=220,width=600');return false;\">\n\t\t\t\t\t\t    <!-- <i class=\"fa fa-facebook social-sharing-icon\"><\/i> -->\n\t\t\t\t\t\t    <img src=\"\/wp-content\/uploads\/2022\/12\/facebook-1.png\">\n\t\t\t\t\t\t<\/a>\n\t\t\t\t\t<\/li>\n\t\t\t\t\t<li>\n\t\t\t\t\t\t<a href=\"\/\/linkedin.com\/share?url=https:\/\/cest-pharma.com\/ro\/amino-forte-5l\/&amp;text=AMINO+FORTE+ONE+LOFT+RACE+5L\" class=\"social-sharing-item-block twitter\" title=\"linkedin\" onclick=\"javascript:window.open(this.href, '', 'menubar=no,toolbar=no,resizable=yes,scrollbars=yes,height=260,width=600');return false;\">\n\t\t\t\t\t\t    <!-- <i class=\"fa fa-twitter social-sharing-icon\"><\/i> -->\n\t\t\t\t\t\t\t<img src=\"\/wp-content\/uploads\/2022\/12\/linkedin.png\">\n\t\t\t\t\t\t<\/a>\n\t\t\t\t\t<\/li>\n\t\t\t\t\t<li>\n\t\t\t\t\t\t<a href=\"\/\/twitter.com\/share?url=https:\/\/cest-pharma.com\/ro\/amino-forte-5l\/&amp;text=AMINO+FORTE+ONE+LOFT+RACE+5L\" class=\"social-sharing-item-block twitter\" title=\"linkedin\" onclick=\"javascript:window.open(this.href, '', 'menubar=no,toolbar=no,resizable=yes,scrollbars=yes,height=260,width=600');return false;\">\n\t\t\t\t\t\t    <!-- <i class=\"fa fa-twitter social-sharing-icon\"><\/i> -->\n\t\t\t\t\t\t\t<img src=\"\/wp-content\/uploads\/2022\/12\/twitter.png\">\n\t\t\t\t\t\t<\/a>\n\t\t\t\t\t<\/li>\n\t\t\t\t<\/ul>\n\t\t\t<\/div>\n\t\t<\/div>\n\t\t\t<\/div>\n\t\t\t<div class=\"col-md-6\">\n\t\t\t\t<div class=\"title-product\">\n\t\t\t\t\tAMINO FORTE 5L\t\t\t\t<\/div>\n\t\t\t\t\t\t\t\t\t<div class=\"box-desc-title\">\n\t\t\t\t\t\tINDICA\u021aII:\t\t\t\t\t<\/div>\n\t\t\t\t\t<div class=\"box-desc\">\n\t\t\t\t\t\t<p>Supliment alimentar pentru porumbei, Amino Forte, con\u021bine un amestec optim de aminoacizi, carbohidra\u021bi, electroli\u021bi \u0219i vitamine B, la o doz\u0103 suficient de mare pentru a satisface cerin\u021bele unui porumbel. Aromele stimuleaz\u0103 flora intestinal\u0103 \u0219i sus\u021bin sistemul imunitar. L-Metionina 5000 mg \u0219i L-Lizina 3000 mg sunt surse de proteine \u200b\u200bde \u00eenalt\u0103 calitate \u0219i sunt necesare pentru construirea \u0219i recuperarea mu\u0219chilor dup\u0103 o curs\u0103. Amino Forte poate fi administrat pe tot parcursul anului, \u00een perioada de cre\u0219tere, concursuri \u0219i n\u0103parlire. C\u00e2nd se administreaz\u0103 medicamente sau dup\u0103 vaccinare, trebuie s\u0103 ad\u0103uga\u021bi Amino Forte \u00een apa de b\u0103ut, \u00een acela\u0219i timp pentru a sus\u021bine metabolismul \u0219i pentru a reduce riscul de efecte secundare.<\/p>\t\t\t\t\t<\/div>\n\t\t\t\t\t\t\t\t\t<div class=\"box-desc-title\">\n\t\t\t\t\t\tCOMPOZI\u021aIE:\t\t\t\t\t<\/div>\n\t\t\t\t\t<div class=\"box-desc\">\n\t\t\t\t\t\t<p>Propilen glicol, dextroz\u0103, fructoz\u0103, inozitol, clorur\u0103 de potasiu, clorur\u0103 de magneziu, clorur\u0103 de calciu, acetat de sodiu. Aditivi, vitamine \u0219i provitamine:<br \/>B1 Tiamin\u0103 (3a820), B2 Riboflavin\u0103, B3 Niacinamid\u0103 (3a315), B5 D-Pantenol (3a842), B6 Piridoxin\u0103 (3a831), B7 Biotin\u0103 (3a880), B9 Folium acid (3a316), B12 Cobalamin\u0103, Clorur\u0103 de colin\u0103 (3a , L-Carnitin\u0103 (3a910); Arome: Glutamat; Aminoacizi: L-metionin\u0103 (3c305), L-lizin\u0103 (3.2.3), L-treonin\u0103 (3c410), L-triptofan (3.4.1.)<\/p>\t\t\t\t\t<\/div>\n\t\t\t\t\t\t\t\t\t<div class=\"box-desc-title\">\n\t\t\t\t\t\tADMINISTRARE:\t\t\t\t\t<\/div>\n\t\t\t\t\t<div class=\"box-desc\">\n\t\t\t\t\t\t<p>Concurs: 15 ml la 1 litru ap\u0103 sau 1 kg hran\u0103 (3-5 zile per s\u0103pt\u0103man\u0103)<br \/>N\u0103parlire: 15 ml la 1 litru ap\u0103 sau 1 kg hran\u0103 (3-5 zile per s\u0103pt\u0103man\u0103)<br \/>Reproduc\u021bie: 15 ml la 1 litru ap\u0103 sau 1 kg hran\u0103 (3-5 zile per s\u0103pt\u0103man\u0103)<br \/>Nu se amestec\u0103 cu Sedo Plus sau cu produse care con\u021bin clorur\u0103 de cholin\u0103.<\/p>\t\t\t\t\t<\/div>\n\t\t\t\t\t\t\t\t\t<div class=\"box-desc-title\">\n\t\t\t\t\t\tDEPOZITARE:\t\t\t\t\t<\/div>\n\t\t\t\t\t<div class=\"box-desc\">\n\t\t\t\t\t\t<p>A se depozita \u00eentr-un loc uscat, la temperaturi care nu dep\u0103\u0219esc 25\u00b0C. P\u0103stra\u021bi \u00een ambalajul original, departe de umiditate \u0219i de lumina direct a soarelui. Nu utiliza\u021bi dup\u0103 data de expirare. A nu se l\u0103sa la \u00eendem\u00e2na copiilor.<\/p>\t\t\t\t\t<\/div>\n\t\t\t\t\t\t\t\t\t<div class=\"box-desc-title\">\n\t\t\t\t\t\tVALABILITATE:\t\t\t\t\t<\/div>\n\t\t\t\t\t<div class=\"box-desc\">\n\t\t\t\t\t\t<p>2 ani<\/p>\t\t\t\t\t<\/div>\n\t\t\t\t\t\t\t<\/div>\n\t\t\t<div class=\"button-resellers d-flex justify-content-center align-items-center\">\n\t\t\t\t<a href=\"https:\/\/cest-pharma.com\/ro\/parteneri\/\" target=\"_self\" class=\"fw-btn fw-btn-1\">\n\t\t\t\t\t<span><img src=\"\/wp-content\/uploads\/2022\/11\/Cart.png\" class=\"d-inline\"> Adaug\u0103 \u00een co\u0219<\/span>\n\t\t\t\t<\/a>\n\t\t\t<\/div>\n\t\t<\/div>\n\t\t<div class=\"row related\">\n\t\t\t<div class=\"category-related\">\n\t\t\t\tProduse conexe\t\t\t<\/div>\n\t\t\t<div class=\"swiper-related\">\n\t\t\t\t<!-- Swiper -->\n\t\t\t\t<div class=\"swiper mySwiper\">\n\t\t\t\t\t<div class=\"swiper-wrapper\">\n\t\t\t\t\t\t\t\t\t\t\t<div class=\"swiper-slide gallerys\">\n\t\t\t\t\t\t\t<a href=\"\/ro\/energy-plus-300g\/\" target=\"_self\" class=\"fw-btn fw-btn-1\">\n\t\t\t\t\t\t\t\t<div class=\"image_related\">\n\t\t\t\t\t\t\t\t\t<img width=\"1920\" height=\"1920\" src=\"https:\/\/cest-pharma.com\/wp-content\/uploads\/2023\/06\/IMG_8673.jpg\" class=\"attachment-full size-full wp-post-image\" alt=\"\" decoding=\"async\" loading=\"lazy\" srcset=\"https:\/\/cest-pharma.com\/wp-content\/uploads\/2023\/06\/IMG_8673.jpg 1920w, https:\/\/cest-pharma.com\/wp-content\/uploads\/2023\/06\/IMG_8673-300x300.jpg 300w, https:\/\/cest-pharma.com\/wp-content\/uploads\/2023\/06\/IMG_8673-1024x1024.jpg 1024w, https:\/\/cest-pharma.com\/wp-content\/uploads\/2023\/06\/IMG_8673-150x150.jpg 150w, https:\/\/cest-pharma.com\/wp-content\/uploads\/2023\/06\/IMG_8673-768x768.jpg 768w, https:\/\/cest-pharma.com\/wp-content\/uploads\/2023\/06\/IMG_8673-1536x1536.jpg 1536w, https:\/\/cest-pharma.com\/wp-content\/uploads\/2023\/06\/IMG_8673-12x12.jpg 12w, https:\/\/cest-pharma.com\/wp-content\/uploads\/2023\/06\/IMG_8673-1200x1200.jpg 1200w\" sizes=\"(max-width: 1920px) 100vw, 1920px\" \/>\t\t\t\t\t\t\t\t\t<img width=\"1920\" height=\"1920\" src=\"https:\/\/cest-pharma.com\/wp-content\/uploads\/2022\/12\/06.07.2021-Columbovet-15.png\" class=\"attachment- size-\" alt=\"\" decoding=\"async\" loading=\"lazy\" srcset=\"https:\/\/cest-pharma.com\/wp-content\/uploads\/2022\/12\/06.07.2021-Columbovet-15.png 1920w, https:\/\/cest-pharma.com\/wp-content\/uploads\/2022\/12\/06.07.2021-Columbovet-15-300x300.png 300w, https:\/\/cest-pharma.com\/wp-content\/uploads\/2022\/12\/06.07.2021-Columbovet-15-1024x1024.png 1024w, https:\/\/cest-pharma.com\/wp-content\/uploads\/2022\/12\/06.07.2021-Columbovet-15-150x150.png 150w, https:\/\/cest-pharma.com\/wp-content\/uploads\/2022\/12\/06.07.2021-Columbovet-15-768x768.png 768w, https:\/\/cest-pharma.com\/wp-content\/uploads\/2022\/12\/06.07.2021-Columbovet-15-1536x1536.png 1536w, https:\/\/cest-pharma.com\/wp-content\/uploads\/2022\/12\/06.07.2021-Columbovet-15-12x12.png 12w, https:\/\/cest-pharma.com\/wp-content\/uploads\/2022\/12\/06.07.2021-Columbovet-15-1200x1200.png 1200w\" sizes=\"(max-width: 1920px) 100vw, 1920px\" \/>\t\t\t\t\t\t\t\t<\/div>\n\t\t\t\t\t\t\t\t<div class=\"name_related\">\n\t\t\t\t\t\t\t\t\tENERGY PLUS 300g\t\t\t\t\t\t\t\t<\/div>\n\t\t\t\t\t\t\t<\/a>\n\t\t\t\t\t\t<\/div>\n\t\t\t\t\t\t\t\t\t\t\t<div class=\"swiper-slide gallerys\">\n\t\t\t\t\t\t\t<a href=\"https:\/\/cest-pharma.com\/ro\/yellow-drops-100ml\/\" target=\"_self\" class=\"fw-btn fw-btn-1\">\n\t\t\t\t\t\t\t\t<div class=\"image_related\">\n\t\t\t\t\t\t\t\t\t<img width=\"1920\" height=\"1920\" src=\"https:\/\/cest-pharma.com\/wp-content\/uploads\/2023\/06\/IMG_8673.jpg\" class=\"attachment-full size-full wp-post-image\" alt=\"\" decoding=\"async\" loading=\"lazy\" srcset=\"https:\/\/cest-pharma.com\/wp-content\/uploads\/2023\/06\/IMG_8673.jpg 1920w, https:\/\/cest-pharma.com\/wp-content\/uploads\/2023\/06\/IMG_8673-300x300.jpg 300w, https:\/\/cest-pharma.com\/wp-content\/uploads\/2023\/06\/IMG_8673-1024x1024.jpg 1024w, https:\/\/cest-pharma.com\/wp-content\/uploads\/2023\/06\/IMG_8673-150x150.jpg 150w, https:\/\/cest-pharma.com\/wp-content\/uploads\/2023\/06\/IMG_8673-768x768.jpg 768w, https:\/\/cest-pharma.com\/wp-content\/uploads\/2023\/06\/IMG_8673-1536x1536.jpg 1536w, https:\/\/cest-pharma.com\/wp-content\/uploads\/2023\/06\/IMG_8673-12x12.jpg 12w, https:\/\/cest-pharma.com\/wp-content\/uploads\/2023\/06\/IMG_8673-1200x1200.jpg 1200w\" sizes=\"(max-width: 1920px) 100vw, 1920px\" \/>\t\t\t\t\t\t\t\t\t<img width=\"1920\" height=\"1920\" src=\"https:\/\/cest-pharma.com\/wp-content\/uploads\/2022\/12\/06.07.2021-Columbovet-34.png\" class=\"attachment- size-\" alt=\"\" decoding=\"async\" loading=\"lazy\" srcset=\"https:\/\/cest-pharma.com\/wp-content\/uploads\/2022\/12\/06.07.2021-Columbovet-34.png 1920w, https:\/\/cest-pharma.com\/wp-content\/uploads\/2022\/12\/06.07.2021-Columbovet-34-300x300.png 300w, https:\/\/cest-pharma.com\/wp-content\/uploads\/2022\/12\/06.07.2021-Columbovet-34-1024x1024.png 1024w, https:\/\/cest-pharma.com\/wp-content\/uploads\/2022\/12\/06.07.2021-Columbovet-34-150x150.png 150w, https:\/\/cest-pharma.com\/wp-content\/uploads\/2022\/12\/06.07.2021-Columbovet-34-768x768.png 768w, https:\/\/cest-pharma.com\/wp-content\/uploads\/2022\/12\/06.07.2021-Columbovet-34-1536x1536.png 1536w, https:\/\/cest-pharma.com\/wp-content\/uploads\/2022\/12\/06.07.2021-Columbovet-34-12x12.png 12w, https:\/\/cest-pharma.com\/wp-content\/uploads\/2022\/12\/06.07.2021-Columbovet-34-1200x1200.png 1200w\" sizes=\"(max-width: 1920px) 100vw, 1920px\" \/>\t\t\t\t\t\t\t\t<\/div>\n\t\t\t\t\t\t\t\t<div class=\"name_related\">\n\t\t\t\t\t\t\t\t\tYELLOW DROPS 100ml\t\t\t\t\t\t\t\t<\/div>\n\t\t\t\t\t\t\t<\/a>\n\t\t\t\t\t\t<\/div>\n\t\t\t\t\t\t\t\t\t\t\t<div class=\"swiper-slide gallerys\">\n\t\t\t\t\t\t\t<a href=\"\/ro\/vit-amino-250ml\/\" target=\"_self\" class=\"fw-btn fw-btn-1\">\n\t\t\t\t\t\t\t\t<div class=\"image_related\">\n\t\t\t\t\t\t\t\t\t<img width=\"1920\" height=\"1920\" src=\"https:\/\/cest-pharma.com\/wp-content\/uploads\/2023\/06\/IMG_8673.jpg\" class=\"attachment-full size-full wp-post-image\" alt=\"\" decoding=\"async\" loading=\"lazy\" srcset=\"https:\/\/cest-pharma.com\/wp-content\/uploads\/2023\/06\/IMG_8673.jpg 1920w, https:\/\/cest-pharma.com\/wp-content\/uploads\/2023\/06\/IMG_8673-300x300.jpg 300w, https:\/\/cest-pharma.com\/wp-content\/uploads\/2023\/06\/IMG_8673-1024x1024.jpg 1024w, https:\/\/cest-pharma.com\/wp-content\/uploads\/2023\/06\/IMG_8673-150x150.jpg 150w, https:\/\/cest-pharma.com\/wp-content\/uploads\/2023\/06\/IMG_8673-768x768.jpg 768w, https:\/\/cest-pharma.com\/wp-content\/uploads\/2023\/06\/IMG_8673-1536x1536.jpg 1536w, https:\/\/cest-pharma.com\/wp-content\/uploads\/2023\/06\/IMG_8673-12x12.jpg 12w, https:\/\/cest-pharma.com\/wp-content\/uploads\/2023\/06\/IMG_8673-1200x1200.jpg 1200w\" sizes=\"(max-width: 1920px) 100vw, 1920px\" \/>\t\t\t\t\t\t\t\t\t<img width=\"1920\" height=\"1920\" src=\"https:\/\/cest-pharma.com\/wp-content\/uploads\/2022\/12\/vit_amino_web2-4-2.png\" class=\"attachment- size-\" alt=\"\" decoding=\"async\" loading=\"lazy\" srcset=\"https:\/\/cest-pharma.com\/wp-content\/uploads\/2022\/12\/vit_amino_web2-4-2.png 1920w, https:\/\/cest-pharma.com\/wp-content\/uploads\/2022\/12\/vit_amino_web2-4-2-300x300.png 300w, https:\/\/cest-pharma.com\/wp-content\/uploads\/2022\/12\/vit_amino_web2-4-2-1024x1024.png 1024w, https:\/\/cest-pharma.com\/wp-content\/uploads\/2022\/12\/vit_amino_web2-4-2-150x150.png 150w, https:\/\/cest-pharma.com\/wp-content\/uploads\/2022\/12\/vit_amino_web2-4-2-768x768.png 768w, https:\/\/cest-pharma.com\/wp-content\/uploads\/2022\/12\/vit_amino_web2-4-2-1536x1536.png 1536w, https:\/\/cest-pharma.com\/wp-content\/uploads\/2022\/12\/vit_amino_web2-4-2-12x12.png 12w, https:\/\/cest-pharma.com\/wp-content\/uploads\/2022\/12\/vit_amino_web2-4-2-1200x1200.png 1200w\" sizes=\"(max-width: 1920px) 100vw, 1920px\" \/>\t\t\t\t\t\t\t\t<\/div>\n\t\t\t\t\t\t\t\t<div class=\"name_related\">\n\t\t\t\t\t\t\t\t\tVIT AMINO 250ml\t\t\t\t\t\t\t\t<\/div>\n\t\t\t\t\t\t\t<\/a>\n\t\t\t\t\t\t<\/div>\n\t\t\t\t\t\t\t\t\t\t\t<div class=\"swiper-slide gallerys\">\n\t\t\t\t\t\t\t<a href=\"https:\/\/cest-pharma.com\/ro\/tricogo-500ml-1000ml\/\" target=\"_self\" class=\"fw-btn fw-btn-1\">\n\t\t\t\t\t\t\t\t<div class=\"image_related\">\n\t\t\t\t\t\t\t\t\t<img width=\"1920\" height=\"1920\" src=\"https:\/\/cest-pharma.com\/wp-content\/uploads\/2023\/06\/IMG_8673.jpg\" class=\"attachment-full size-full wp-post-image\" alt=\"\" decoding=\"async\" loading=\"lazy\" srcset=\"https:\/\/cest-pharma.com\/wp-content\/uploads\/2023\/06\/IMG_8673.jpg 1920w, https:\/\/cest-pharma.com\/wp-content\/uploads\/2023\/06\/IMG_8673-300x300.jpg 300w, https:\/\/cest-pharma.com\/wp-content\/uploads\/2023\/06\/IMG_8673-1024x1024.jpg 1024w, https:\/\/cest-pharma.com\/wp-content\/uploads\/2023\/06\/IMG_8673-150x150.jpg 150w, https:\/\/cest-pharma.com\/wp-content\/uploads\/2023\/06\/IMG_8673-768x768.jpg 768w, https:\/\/cest-pharma.com\/wp-content\/uploads\/2023\/06\/IMG_8673-1536x1536.jpg 1536w, https:\/\/cest-pharma.com\/wp-content\/uploads\/2023\/06\/IMG_8673-12x12.jpg 12w, https:\/\/cest-pharma.com\/wp-content\/uploads\/2023\/06\/IMG_8673-1200x1200.jpg 1200w\" sizes=\"(max-width: 1920px) 100vw, 1920px\" \/>\t\t\t\t\t\t\t\t\t<img width=\"1920\" height=\"1920\" src=\"https:\/\/cest-pharma.com\/wp-content\/uploads\/2022\/12\/EW1A2891-1.png\" class=\"attachment- size-\" alt=\"\" decoding=\"async\" loading=\"lazy\" srcset=\"https:\/\/cest-pharma.com\/wp-content\/uploads\/2022\/12\/EW1A2891-1.png 1920w, https:\/\/cest-pharma.com\/wp-content\/uploads\/2022\/12\/EW1A2891-1-300x300.png 300w, https:\/\/cest-pharma.com\/wp-content\/uploads\/2022\/12\/EW1A2891-1-1024x1024.png 1024w, https:\/\/cest-pharma.com\/wp-content\/uploads\/2022\/12\/EW1A2891-1-150x150.png 150w, https:\/\/cest-pharma.com\/wp-content\/uploads\/2022\/12\/EW1A2891-1-768x768.png 768w, https:\/\/cest-pharma.com\/wp-content\/uploads\/2022\/12\/EW1A2891-1-1536x1536.png 1536w, https:\/\/cest-pharma.com\/wp-content\/uploads\/2022\/12\/EW1A2891-1-12x12.png 12w, https:\/\/cest-pharma.com\/wp-content\/uploads\/2022\/12\/EW1A2891-1-1200x1200.png 1200w\" sizes=\"(max-width: 1920px) 100vw, 1920px\" \/>\t\t\t\t\t\t\t\t<\/div>\n\t\t\t\t\t\t\t\t<div class=\"name_related\">\n\t\t\t\t\t\t\t\t\tTRICOGO 500ml\/1000ml\t\t\t\t\t\t\t\t<\/div>\n\t\t\t\t\t\t\t<\/a>\n\t\t\t\t\t\t<\/div>\n\t\t\t\t\t\t\t\t\t\t<\/div>\n\t\t\t\t\t<div class=\"swiper-button-next\"><\/div>\n\t\t\t\t\t<div class=\"swiper-button-prev\"><\/div>\n\t\t\t\t<\/div>\n\t\t\t<\/div>\n\t\t<\/div>\n\t<\/div>\n<\/section>\n\n<!-- Swiper JS -->\n<script src=\"https:\/\/cdn.jsdelivr.net\/npm\/swiper\/swiper-bundle.min.js\"><\/script>\n\n<!-- Initialize Swiper -->\n<script>\n\tvar swiper = new Swiper(\".mySwiper\", {\n\tslidesPerView: 1,\n\tspaceBetween: 30,\n\tloop: true,\n    autoplay: {\n      delay: 2500,\n      disableOnInteraction: false,\n    },\n\tnavigation: {\n\t\tnextEl: \".swiper-button-next\",\n\t\tprevEl: \".swiper-button-prev\",\n\t},\n\tbreakpoints: {\n          640: {\n            slidesPerView: 2,\n            spaceBetween: 10,\n          },\n          768: {\n            slidesPerView: 3,\n            spaceBetween: 30,\n          },\n          1024: {\n            slidesPerView: 4,\n            spaceBetween: 30,\n          },\n        },\n\t});\n<\/script>\n<\/div>\n<\/div>\n\n\t<\/div>\n<\/section>","protected":false},"excerpt":{"rendered":"<p>AMINO FORTE 5L INDICATIONS: Complementary feed for pigeons Amino Forte contains an optimal mix of amino acids, carbohydrates, electrolytes and B vitamins at a high enough dose to meet a pigeon\u2019s requirements.The flavorings stimulate the intestinal flora and support the immune system. L-Methionine 5000 mg and L-Lysine 3000 mg are high quality protein sources and [&hellip;]<\/p>","protected":false},"author":1,"featured_media":1205,"parent":0,"menu_order":0,"comment_status":"closed","ping_status":"closed","template":"","meta":[],"yoast_head":"<!-- This site is optimized with the Yoast SEO plugin v19.11 - https:\/\/yoast.com\/wordpress\/plugins\/seo\/ -->\n<title>AMINO FORTE - Optimal nutritional mix for racing pigeons<\/title>\n<meta name=\"description\" content=\"Maximize your racing pigeon&#039;s performance with Amino Forte, a high-dose blend of amino acids, electrolytes, B vitamins, and carbs.\" \/>\n<meta name=\"robots\" content=\"index, follow, max-snippet:-1, max-image-preview:large, max-video-preview:-1\" \/>\n<link rel=\"canonical\" href=\"https:\/\/cest-pharma.com\/ro\/amino-forte-5l\/\" \/>\n<meta property=\"og:locale\" content=\"ro_RO\" \/>\n<meta property=\"og:type\" content=\"article\" \/>\n<meta property=\"og:title\" content=\"AMINO FORTE - Optimal nutritional mix for racing pigeons\" \/>\n<meta property=\"og:description\" content=\"Maximize your racing pigeon&#039;s performance with Amino Forte, a high-dose blend of amino acids, electrolytes, B vitamins, and carbs.\" \/>\n<meta property=\"og:url\" content=\"https:\/\/cest-pharma.com\/ro\/amino-forte-5l\/\" \/>\n<meta property=\"og:site_name\" content=\"Cest Pharma\" \/>\n<meta property=\"article:modified_time\" content=\"2025-02-06T09:02:47+00:00\" \/>\n<meta property=\"og:image\" content=\"https:\/\/cest-pharma.com\/wp-content\/uploads\/2023\/06\/IMG_8673.jpg\" \/>\n\t<meta property=\"og:image:width\" content=\"1920\" \/>\n\t<meta property=\"og:image:height\" content=\"1920\" \/>\n\t<meta property=\"og:image:type\" content=\"image\/jpeg\" \/>\n<meta name=\"twitter:card\" content=\"summary_large_image\" \/>\n<meta name=\"twitter:label1\" content=\"Timp estimat pentru citire\" \/>\n\t<meta name=\"twitter:data1\" content=\"5 minute\" \/>\n<script type=\"application\/ld+json\" class=\"yoast-schema-graph\">{\"@context\":\"https:\/\/schema.org\",\"@graph\":[{\"@type\":\"WebPage\",\"@id\":\"https:\/\/cest-pharma.com\/amino-forte-5l\/\",\"url\":\"https:\/\/cest-pharma.com\/amino-forte-5l\/\",\"name\":\"AMINO FORTE - Optimal nutritional mix for racing pigeons\",\"isPartOf\":{\"@id\":\"https:\/\/cest-pharma.com\/#website\"},\"datePublished\":\"2023-06-19T13:23:24+00:00\",\"dateModified\":\"2025-02-06T09:02:47+00:00\",\"description\":\"Maximize your racing pigeon's performance with Amino Forte, a high-dose blend of amino acids, electrolytes, B vitamins, and carbs.\",\"breadcrumb\":{\"@id\":\"https:\/\/cest-pharma.com\/amino-forte-5l\/#breadcrumb\"},\"inLanguage\":\"ro-RO\",\"potentialAction\":[{\"@type\":\"ReadAction\",\"target\":[\"https:\/\/cest-pharma.com\/amino-forte-5l\/\"]}]},{\"@type\":\"BreadcrumbList\",\"@id\":\"https:\/\/cest-pharma.com\/amino-forte-5l\/#breadcrumb\",\"itemListElement\":[{\"@type\":\"ListItem\",\"position\":1,\"name\":\"Home\",\"item\":\"https:\/\/cest-pharma.com\/\"},{\"@type\":\"ListItem\",\"position\":2,\"name\":\"AMINO FORTE ONE LOFT RACE 5L\"}]},{\"@type\":\"WebSite\",\"@id\":\"https:\/\/cest-pharma.com\/#website\",\"url\":\"https:\/\/cest-pharma.com\/\",\"name\":\"Cest Pharma\",\"description\":\"\",\"publisher\":{\"@id\":\"https:\/\/cest-pharma.com\/#organization\"},\"potentialAction\":[{\"@type\":\"SearchAction\",\"target\":{\"@type\":\"EntryPoint\",\"urlTemplate\":\"https:\/\/cest-pharma.com\/?s={search_term_string}\"},\"query-input\":\"required name=search_term_string\"}],\"inLanguage\":\"ro-RO\"},{\"@type\":\"Organization\",\"@id\":\"https:\/\/cest-pharma.com\/#organization\",\"name\":\"Cest Pharma\",\"url\":\"https:\/\/cest-pharma.com\/\",\"logo\":{\"@type\":\"ImageObject\",\"inLanguage\":\"ro-RO\",\"@id\":\"https:\/\/cest-pharma.com\/#\/schema\/logo\/image\/\",\"url\":\"https:\/\/cest-pharma.com\/wp-content\/uploads\/2023\/01\/cropped-Cest-Pharma-logo-font-corectat.png\",\"contentUrl\":\"https:\/\/cest-pharma.com\/wp-content\/uploads\/2023\/01\/cropped-Cest-Pharma-logo-font-corectat.png\",\"width\":1003,\"height\":777,\"caption\":\"Cest Pharma\"},\"image\":{\"@id\":\"https:\/\/cest-pharma.com\/#\/schema\/logo\/image\/\"}}]}<\/script>\n<!-- \/ Yoast SEO plugin. -->","yoast_head_json":{"title":"AMINO FORTE - Optimal nutritional mix for racing pigeons","description":"Maximize your racing pigeon's performance with Amino Forte, a high-dose blend of amino acids, electrolytes, B vitamins, and carbs.","robots":{"index":"index","follow":"follow","max-snippet":"max-snippet:-1","max-image-preview":"max-image-preview:large","max-video-preview":"max-video-preview:-1"},"canonical":"https:\/\/cest-pharma.com\/ro\/amino-forte-5l\/","og_locale":"ro_RO","og_type":"article","og_title":"AMINO FORTE - Optimal nutritional mix for racing pigeons","og_description":"Maximize your racing pigeon's performance with Amino Forte, a high-dose blend of amino acids, electrolytes, B vitamins, and carbs.","og_url":"https:\/\/cest-pharma.com\/ro\/amino-forte-5l\/","og_site_name":"Cest Pharma","article_modified_time":"2025-02-06T09:02:47+00:00","og_image":[{"width":1920,"height":1920,"url":"https:\/\/cest-pharma.com\/wp-content\/uploads\/2023\/06\/IMG_8673.jpg","type":"image\/jpeg"}],"twitter_card":"summary_large_image","twitter_misc":{"Timp estimat pentru citire":"5 minute"},"schema":{"@context":"https:\/\/schema.org","@graph":[{"@type":"WebPage","@id":"https:\/\/cest-pharma.com\/amino-forte-5l\/","url":"https:\/\/cest-pharma.com\/amino-forte-5l\/","name":"AMINO FORTE - Optimal nutritional mix for racing pigeons","isPartOf":{"@id":"https:\/\/cest-pharma.com\/#website"},"datePublished":"2023-06-19T13:23:24+00:00","dateModified":"2025-02-06T09:02:47+00:00","description":"Maximize your racing pigeon's performance with Amino Forte, a high-dose blend of amino acids, electrolytes, B vitamins, and carbs.","breadcrumb":{"@id":"https:\/\/cest-pharma.com\/amino-forte-5l\/#breadcrumb"},"inLanguage":"ro-RO","potentialAction":[{"@type":"ReadAction","target":["https:\/\/cest-pharma.com\/amino-forte-5l\/"]}]},{"@type":"BreadcrumbList","@id":"https:\/\/cest-pharma.com\/amino-forte-5l\/#breadcrumb","itemListElement":[{"@type":"ListItem","position":1,"name":"Home","item":"https:\/\/cest-pharma.com\/"},{"@type":"ListItem","position":2,"name":"AMINO FORTE ONE LOFT RACE 5L"}]},{"@type":"WebSite","@id":"https:\/\/cest-pharma.com\/#website","url":"https:\/\/cest-pharma.com\/","name":"Cest Pharma","description":"","publisher":{"@id":"https:\/\/cest-pharma.com\/#organization"},"potentialAction":[{"@type":"SearchAction","target":{"@type":"EntryPoint","urlTemplate":"https:\/\/cest-pharma.com\/?s={search_term_string}"},"query-input":"required name=search_term_string"}],"inLanguage":"ro-RO"},{"@type":"Organization","@id":"https:\/\/cest-pharma.com\/#organization","name":"Cest Pharma","url":"https:\/\/cest-pharma.com\/","logo":{"@type":"ImageObject","inLanguage":"ro-RO","@id":"https:\/\/cest-pharma.com\/#\/schema\/logo\/image\/","url":"https:\/\/cest-pharma.com\/wp-content\/uploads\/2023\/01\/cropped-Cest-Pharma-logo-font-corectat.png","contentUrl":"https:\/\/cest-pharma.com\/wp-content\/uploads\/2023\/01\/cropped-Cest-Pharma-logo-font-corectat.png","width":1003,"height":777,"caption":"Cest Pharma"},"image":{"@id":"https:\/\/cest-pharma.com\/#\/schema\/logo\/image\/"}}]}},"_links":{"self":[{"href":"https:\/\/cest-pharma.com\/ro\/wp-json\/wp\/v2\/pages\/1204"}],"collection":[{"href":"https:\/\/cest-pharma.com\/ro\/wp-json\/wp\/v2\/pages"}],"about":[{"href":"https:\/\/cest-pharma.com\/ro\/wp-json\/wp\/v2\/types\/page"}],"author":[{"embeddable":true,"href":"https:\/\/cest-pharma.com\/ro\/wp-json\/wp\/v2\/users\/1"}],"replies":[{"embeddable":true,"href":"https:\/\/cest-pharma.com\/ro\/wp-json\/wp\/v2\/comments?post=1204"}],"version-history":[{"count":3,"href":"https:\/\/cest-pharma.com\/ro\/wp-json\/wp\/v2\/pages\/1204\/revisions"}],"predecessor-version":[{"id":1254,"href":"https:\/\/cest-pharma.com\/ro\/wp-json\/wp\/v2\/pages\/1204\/revisions\/1254"}],"wp:featuredmedia":[{"embeddable":true,"href":"https:\/\/cest-pharma.com\/ro\/wp-json\/wp\/v2\/media\/1205"}],"wp:attachment":[{"href":"https:\/\/cest-pharma.com\/ro\/wp-json\/wp\/v2\/media?parent=1204"}],"curies":[{"name":"wp","href":"https:\/\/api.w.org\/{rel}","templated":true}]}}