{"id":1585,"date":"2024-10-26T07:21:56","date_gmt":"2024-10-26T07:21:56","guid":{"rendered":"https:\/\/cest-pharma.com\/?page_id=1585"},"modified":"2026-01-16T07:12:47","modified_gmt":"2026-01-16T07:12:47","slug":"turbo-grit-mix-10kg-cest-pharma","status":"publish","type":"page","link":"https:\/\/cest-pharma.com\/ro\/turbo-grit-mix-10kg-cest-pharma\/","title":{"rendered":"Turbogrit Mix 10kg &#8211; Cest Pharma"},"content":{"rendered":"<section class=\"fw-main-row\"  >\n\t<div class=\"fw-container-fluid\">\n\t\t<div class=\"fw-row\">\n\t<div class=\"fw-col-xs-12\">\n\t\n<section id=\"product\" class=\"p-0\">\n\t<div class=\"section-inner\">\n\t\t<div class=\"row\">\n\t\t\t<div class=\"col-md-6 d-flex justify-content-center align-items-center\">\n\t\t\t\t<div class=\"product-image gallerys\">\n\t\t\t\t\t<img width=\"1920\" height=\"1920\" src=\"https:\/\/cest-pharma.com\/wp-content\/uploads\/2026\/01\/turbogrit-mix-fata.jpg\" class=\"attachment-full size-full wp-post-image\" alt=\"\" decoding=\"async\" loading=\"lazy\" srcset=\"https:\/\/cest-pharma.com\/wp-content\/uploads\/2026\/01\/turbogrit-mix-fata.jpg 1920w, https:\/\/cest-pharma.com\/wp-content\/uploads\/2026\/01\/turbogrit-mix-fata-300x300.jpg 300w, https:\/\/cest-pharma.com\/wp-content\/uploads\/2026\/01\/turbogrit-mix-fata-1024x1024.jpg 1024w, https:\/\/cest-pharma.com\/wp-content\/uploads\/2026\/01\/turbogrit-mix-fata-150x150.jpg 150w, https:\/\/cest-pharma.com\/wp-content\/uploads\/2026\/01\/turbogrit-mix-fata-768x768.jpg 768w, https:\/\/cest-pharma.com\/wp-content\/uploads\/2026\/01\/turbogrit-mix-fata-1536x1536.jpg 1536w, https:\/\/cest-pharma.com\/wp-content\/uploads\/2026\/01\/turbogrit-mix-fata-12x12.jpg 12w, https:\/\/cest-pharma.com\/wp-content\/uploads\/2026\/01\/turbogrit-mix-fata-1200x1200.jpg 1200w\" sizes=\"(max-width: 1920px) 100vw, 1920px\" \/>\t\t\t\t\t<img width=\"1920\" height=\"1920\" src=\"https:\/\/cest-pharma.com\/wp-content\/uploads\/2026\/01\/turbogrit-mix-fata.jpg\" class=\"attachment- size-\" alt=\"\" decoding=\"async\" loading=\"lazy\" srcset=\"https:\/\/cest-pharma.com\/wp-content\/uploads\/2026\/01\/turbogrit-mix-fata.jpg 1920w, https:\/\/cest-pharma.com\/wp-content\/uploads\/2026\/01\/turbogrit-mix-fata-300x300.jpg 300w, https:\/\/cest-pharma.com\/wp-content\/uploads\/2026\/01\/turbogrit-mix-fata-1024x1024.jpg 1024w, https:\/\/cest-pharma.com\/wp-content\/uploads\/2026\/01\/turbogrit-mix-fata-150x150.jpg 150w, https:\/\/cest-pharma.com\/wp-content\/uploads\/2026\/01\/turbogrit-mix-fata-768x768.jpg 768w, https:\/\/cest-pharma.com\/wp-content\/uploads\/2026\/01\/turbogrit-mix-fata-1536x1536.jpg 1536w, https:\/\/cest-pharma.com\/wp-content\/uploads\/2026\/01\/turbogrit-mix-fata-12x12.jpg 12w, https:\/\/cest-pharma.com\/wp-content\/uploads\/2026\/01\/turbogrit-mix-fata-1200x1200.jpg 1200w\" sizes=\"(max-width: 1920px) 100vw, 1920px\" \/>\t\t\t\t<\/div>\n \t\t\t    <div class=\"socials\">\n\t\t\t      <div class=\"sticky\">\n\t\t\t\t  <ul>\n\t\t\t\t\t<li>\n\t\t\t\t\t\t<a href=\"\/\/www.facebook.com\/sharer.php?u=https:\/\/cest-pharma.com\/ro\/turbo-grit-mix-10kg-cest-pharma\/\" class=\"social-sharing-item-block facebook\" title=\"Facebook\" onclick=\"event.preventDefault(); javascript:window.open(this.href, '', 'menubar=no,toolbar=no,resizable=yes,scrollbars=yes,height=220,width=600');return false;\">\n\t\t\t\t\t\t    <!-- <i class=\"fa fa-facebook social-sharing-icon\"><\/i> -->\n\t\t\t\t\t\t    <img src=\"\/wp-content\/uploads\/2022\/12\/facebook-1.png\">\n\t\t\t\t\t\t<\/a>\n\t\t\t\t\t<\/li>\n\t\t\t\t\t<li>\n\t\t\t\t\t\t<a href=\"\/\/linkedin.com\/share?url=https:\/\/cest-pharma.com\/ro\/turbo-grit-mix-10kg-cest-pharma\/&amp;text=Turbogrit+Mix+10kg+%26%238211%3B+Cest+Pharma\" class=\"social-sharing-item-block twitter\" title=\"linkedin\" onclick=\"javascript:window.open(this.href, '', 'menubar=no,toolbar=no,resizable=yes,scrollbars=yes,height=260,width=600');return false;\">\n\t\t\t\t\t\t    <!-- <i class=\"fa fa-twitter social-sharing-icon\"><\/i> -->\n\t\t\t\t\t\t\t<img src=\"\/wp-content\/uploads\/2022\/12\/linkedin.png\">\n\t\t\t\t\t\t<\/a>\n\t\t\t\t\t<\/li>\n\t\t\t\t\t<li>\n\t\t\t\t\t\t<a href=\"\/\/twitter.com\/share?url=https:\/\/cest-pharma.com\/ro\/turbo-grit-mix-10kg-cest-pharma\/&amp;text=Turbogrit+Mix+10kg+%26%238211%3B+Cest+Pharma\" class=\"social-sharing-item-block twitter\" title=\"linkedin\" onclick=\"javascript:window.open(this.href, '', 'menubar=no,toolbar=no,resizable=yes,scrollbars=yes,height=260,width=600');return false;\">\n\t\t\t\t\t\t    <!-- <i class=\"fa fa-twitter social-sharing-icon\"><\/i> -->\n\t\t\t\t\t\t\t<img src=\"\/wp-content\/uploads\/2022\/12\/twitter.png\">\n\t\t\t\t\t\t<\/a>\n\t\t\t\t\t<\/li>\n\t\t\t\t<\/ul>\n\t\t\t<\/div>\n\t\t<\/div>\n\t\t\t<\/div>\n\t\t\t<div class=\"col-md-6\">\n\t\t\t\t<div class=\"title-product\">\n\t\t\t\t\tTurbogrit Mix 10kg - Cest Pharma\t\t\t\t<\/div>\n\t\t\t\t\t\t\t\t\t<div class=\"box-desc-title\">\n\t\t\t\t\t\tINDICA\u021aII:\t\t\t\t\t<\/div>\n\t\t\t\t\t<div class=\"box-desc\">\n\t\t\t\t\t\t<p>TURBO GRIT MIX is a perfectly balanced mineral mixture adapted to the needs of pigeons. This mixture helps pigeons by providing them with the following benefits:<\/p><p>\u2022 OASE PUTERNICE\u00a0<br \/>\u2022 SILKY PLUMBING<br \/>\u2022 VITALITY AND MAXIMUM ENERGY<br \/>\u2022 S\u0102N\u0102TATE INTESTINAL\u0102\u00a0<\/p>\t\t\t\t\t<\/div>\n\t\t\t\t\t\t\t\t\t<div class=\"box-desc-title\">\n\t\t\t\t\t\tCOMPOZI\u021aIE:\t\t\t\t\t<\/div>\n\t\t\t\t\t<div class=\"box-desc\">\n\t\t\t\t\t\t<p>Pico Grit, Small Seeds, Hemp, Mung Beans, Safflower, Vitamin Granules, Vitamineral, Red Stone, Zeolite, Calcium, Fine Salt.<br \/>ANALYTICAL WARRANTIES<br \/>Crude ash \u2026\u2026\u2026\u2026&nbsp; 74.4%<br \/>Crude protein \u2026\u2026\u2026\u2026\u2026\u20263%<br \/>Crude fat \u2026\u2026\u2026\u2026\u20264.1%<br \/>Crude fiber \u2026\u2026\u2026\u2026\u2026\u2026 2.4%<br \/>Fosfor \u2026\u2026\u2026\u2026\u2026\u2026\u2026.. 0.25%<br \/>Sodium \u2026\u2026\u2026\u2026\u2026\u2026\u2026\u20260.25%<br \/>Claciu \u2026\u2026\u2026\u2026\u2026\u2026\u2026\u2026 15%<br \/>Lysine \u2026\u2026\u2026\u2026\u2026\u2026\u2026\u20260.10%<br \/>Methionine \u2026\u2026\u2026\u2026\u2026\u2026 0.11%<br \/>Potassium \u2026\u2026\u2026\u2026\u2026\u2026\u2026&nbsp; &nbsp;0.3%<br \/>ADDITIVES PER KG (VITAMINS)<br \/>Vitamin A&nbsp;\u2026\u2026\u2026\u2026\u2026\u2026\u2026..&lt;3000IU\/kg<br \/>Vitamina D3 \u2026\u2026\u2026\u2026\u2026\u2026\u2026.. 280 IU\/kg<br \/>Vitamin E \u2026\u2026\u2026\u2026\u2026\u2026\u2026\u2026 11.1 mg\/kg<\/p><p>trace elements<br \/>Fier \u2026\u2026\u2026\u2026\u2026\u2026\u2026. 5200 mg\/kg<br \/>Zinc \u2026\u2026\u2026\u2026\u2026\u2026\u2026\u2026. 20.2 mg\/kg<br \/>Copper \u2026\u2026\u2026\u2026\u2026\u2026. 16.1 mg\/kg<br \/>Selenit de sodiu (E8) \u2026\u2026\u2026\u2026\u2026\u2026&lt;0.15 mg\/kg<br \/>USE:<br \/>Oferi\u021bi porumbeilor dumneavoastr\u0103 2 gr.\/porumbel\/zi.<br \/>STORAGE: Store in a dry place at temperatures not exceeding 25\u00b0C. Store in the original packaging, away from moisture and direct sunlight.Keep bucket closed.Do not use after the expiration date.<\/p>\t\t\t\t\t<\/div>\n\t\t\t\t\t\t\t\t\t<div class=\"box-desc-title\">\n\t\t\t\t\t\tUSE:\t\t\t\t\t<\/div>\n\t\t\t\t\t<div class=\"box-desc\">\n\t\t\t\t\t\t<p>Oferi\u021bi porumbeilor dumneavoastr\u0103 2 gr.\/porumbel\/zi.<\/p>\t\t\t\t\t<\/div>\n\t\t\t\t\t\t\t\t\t<div class=\"box-desc-title\">\n\t\t\t\t\t\tDEPOZITARE:\t\t\t\t\t<\/div>\n\t\t\t\t\t<div class=\"box-desc\">\n\t\t\t\t\t\t<p>Store in a dry place at temperatures not exceeding 25\u00b0C. Store in the original packaging, away from moisture and direct sunlight.Keep bucket closed.Do not use after the expiration date.<\/p>\t\t\t\t\t<\/div>\n\t\t\t\t\t\t\t<\/div>\n\t\t\t<div class=\"button-resellers d-flex justify-content-center align-items-center\">\n\t\t\t\t<a href=\"https:\/\/cest-pharma.com\/ro\/parteneri\/\" target=\"_self\" class=\"fw-btn fw-btn-1\">\n\t\t\t\t\t<span><img src=\"\/wp-content\/uploads\/2022\/11\/Cart.png\" class=\"d-inline\"> Adaug\u0103 \u00een co\u0219<\/span>\n\t\t\t\t<\/a>\n\t\t\t<\/div>\n\t\t<\/div>\n\t\t<div class=\"row related\">\n\t\t\t<div class=\"category-related\">\n\t\t\t\tProduse conexe\t\t\t<\/div>\n\t\t\t<div class=\"swiper-related\">\n\t\t\t\t<!-- Swiper -->\n\t\t\t\t<div class=\"swiper mySwiper\">\n\t\t\t\t\t<div class=\"swiper-wrapper\">\n\t\t\t\t\t\t\t\t\t\t\t<div class=\"swiper-slide gallerys\">\n\t\t\t\t\t\t\t<a href=\"\/ro\/energy-plus-300g\/\" target=\"_self\" class=\"fw-btn fw-btn-1\">\n\t\t\t\t\t\t\t\t<div class=\"image_related\">\n\t\t\t\t\t\t\t\t\t<img width=\"1920\" height=\"1920\" src=\"https:\/\/cest-pharma.com\/wp-content\/uploads\/2026\/01\/turbogrit-mix-fata.jpg\" class=\"attachment-full size-full wp-post-image\" alt=\"\" decoding=\"async\" loading=\"lazy\" srcset=\"https:\/\/cest-pharma.com\/wp-content\/uploads\/2026\/01\/turbogrit-mix-fata.jpg 1920w, https:\/\/cest-pharma.com\/wp-content\/uploads\/2026\/01\/turbogrit-mix-fata-300x300.jpg 300w, https:\/\/cest-pharma.com\/wp-content\/uploads\/2026\/01\/turbogrit-mix-fata-1024x1024.jpg 1024w, https:\/\/cest-pharma.com\/wp-content\/uploads\/2026\/01\/turbogrit-mix-fata-150x150.jpg 150w, https:\/\/cest-pharma.com\/wp-content\/uploads\/2026\/01\/turbogrit-mix-fata-768x768.jpg 768w, https:\/\/cest-pharma.com\/wp-content\/uploads\/2026\/01\/turbogrit-mix-fata-1536x1536.jpg 1536w, https:\/\/cest-pharma.com\/wp-content\/uploads\/2026\/01\/turbogrit-mix-fata-12x12.jpg 12w, https:\/\/cest-pharma.com\/wp-content\/uploads\/2026\/01\/turbogrit-mix-fata-1200x1200.jpg 1200w\" sizes=\"(max-width: 1920px) 100vw, 1920px\" \/>\t\t\t\t\t\t\t\t\t<img width=\"1920\" height=\"1920\" src=\"https:\/\/cest-pharma.com\/wp-content\/uploads\/2022\/12\/06.07.2021-Columbovet-15.png\" class=\"attachment- size-\" alt=\"\" decoding=\"async\" loading=\"lazy\" srcset=\"https:\/\/cest-pharma.com\/wp-content\/uploads\/2022\/12\/06.07.2021-Columbovet-15.png 1920w, https:\/\/cest-pharma.com\/wp-content\/uploads\/2022\/12\/06.07.2021-Columbovet-15-300x300.png 300w, https:\/\/cest-pharma.com\/wp-content\/uploads\/2022\/12\/06.07.2021-Columbovet-15-1024x1024.png 1024w, https:\/\/cest-pharma.com\/wp-content\/uploads\/2022\/12\/06.07.2021-Columbovet-15-150x150.png 150w, https:\/\/cest-pharma.com\/wp-content\/uploads\/2022\/12\/06.07.2021-Columbovet-15-768x768.png 768w, https:\/\/cest-pharma.com\/wp-content\/uploads\/2022\/12\/06.07.2021-Columbovet-15-1536x1536.png 1536w, https:\/\/cest-pharma.com\/wp-content\/uploads\/2022\/12\/06.07.2021-Columbovet-15-12x12.png 12w, https:\/\/cest-pharma.com\/wp-content\/uploads\/2022\/12\/06.07.2021-Columbovet-15-1200x1200.png 1200w\" sizes=\"(max-width: 1920px) 100vw, 1920px\" \/>\t\t\t\t\t\t\t\t<\/div>\n\t\t\t\t\t\t\t\t<div class=\"name_related\">\n\t\t\t\t\t\t\t\t\tENERGY PLUS 300g\t\t\t\t\t\t\t\t<\/div>\n\t\t\t\t\t\t\t<\/a>\n\t\t\t\t\t\t<\/div>\n\t\t\t\t\t\t\t\t\t\t\t<div class=\"swiper-slide gallerys\">\n\t\t\t\t\t\t\t<a href=\"https:\/\/cest-pharma.com\/ro\/yellow-drops-100ml\/\" target=\"_self\" class=\"fw-btn fw-btn-1\">\n\t\t\t\t\t\t\t\t<div class=\"image_related\">\n\t\t\t\t\t\t\t\t\t<img width=\"1920\" height=\"1920\" src=\"https:\/\/cest-pharma.com\/wp-content\/uploads\/2026\/01\/turbogrit-mix-fata.jpg\" class=\"attachment-full size-full wp-post-image\" alt=\"\" decoding=\"async\" loading=\"lazy\" srcset=\"https:\/\/cest-pharma.com\/wp-content\/uploads\/2026\/01\/turbogrit-mix-fata.jpg 1920w, https:\/\/cest-pharma.com\/wp-content\/uploads\/2026\/01\/turbogrit-mix-fata-300x300.jpg 300w, https:\/\/cest-pharma.com\/wp-content\/uploads\/2026\/01\/turbogrit-mix-fata-1024x1024.jpg 1024w, https:\/\/cest-pharma.com\/wp-content\/uploads\/2026\/01\/turbogrit-mix-fata-150x150.jpg 150w, https:\/\/cest-pharma.com\/wp-content\/uploads\/2026\/01\/turbogrit-mix-fata-768x768.jpg 768w, https:\/\/cest-pharma.com\/wp-content\/uploads\/2026\/01\/turbogrit-mix-fata-1536x1536.jpg 1536w, https:\/\/cest-pharma.com\/wp-content\/uploads\/2026\/01\/turbogrit-mix-fata-12x12.jpg 12w, https:\/\/cest-pharma.com\/wp-content\/uploads\/2026\/01\/turbogrit-mix-fata-1200x1200.jpg 1200w\" sizes=\"(max-width: 1920px) 100vw, 1920px\" \/>\t\t\t\t\t\t\t\t\t<img width=\"1920\" height=\"1920\" src=\"https:\/\/cest-pharma.com\/wp-content\/uploads\/2022\/12\/06.07.2021-Columbovet-34.png\" class=\"attachment- size-\" alt=\"\" decoding=\"async\" loading=\"lazy\" srcset=\"https:\/\/cest-pharma.com\/wp-content\/uploads\/2022\/12\/06.07.2021-Columbovet-34.png 1920w, https:\/\/cest-pharma.com\/wp-content\/uploads\/2022\/12\/06.07.2021-Columbovet-34-300x300.png 300w, https:\/\/cest-pharma.com\/wp-content\/uploads\/2022\/12\/06.07.2021-Columbovet-34-1024x1024.png 1024w, https:\/\/cest-pharma.com\/wp-content\/uploads\/2022\/12\/06.07.2021-Columbovet-34-150x150.png 150w, https:\/\/cest-pharma.com\/wp-content\/uploads\/2022\/12\/06.07.2021-Columbovet-34-768x768.png 768w, https:\/\/cest-pharma.com\/wp-content\/uploads\/2022\/12\/06.07.2021-Columbovet-34-1536x1536.png 1536w, https:\/\/cest-pharma.com\/wp-content\/uploads\/2022\/12\/06.07.2021-Columbovet-34-12x12.png 12w, https:\/\/cest-pharma.com\/wp-content\/uploads\/2022\/12\/06.07.2021-Columbovet-34-1200x1200.png 1200w\" sizes=\"(max-width: 1920px) 100vw, 1920px\" \/>\t\t\t\t\t\t\t\t<\/div>\n\t\t\t\t\t\t\t\t<div class=\"name_related\">\n\t\t\t\t\t\t\t\t\tYELLOW DROPS 100ml\t\t\t\t\t\t\t\t<\/div>\n\t\t\t\t\t\t\t<\/a>\n\t\t\t\t\t\t<\/div>\n\t\t\t\t\t\t\t\t\t\t\t<div class=\"swiper-slide gallerys\">\n\t\t\t\t\t\t\t<a href=\"https:\/\/cest-pharma.com\/ro\/tricogo-500ml-1000ml\/\" target=\"_self\" class=\"fw-btn fw-btn-1\">\n\t\t\t\t\t\t\t\t<div class=\"image_related\">\n\t\t\t\t\t\t\t\t\t<img width=\"1920\" height=\"1920\" src=\"https:\/\/cest-pharma.com\/wp-content\/uploads\/2026\/01\/turbogrit-mix-fata.jpg\" class=\"attachment-full size-full wp-post-image\" alt=\"\" decoding=\"async\" loading=\"lazy\" srcset=\"https:\/\/cest-pharma.com\/wp-content\/uploads\/2026\/01\/turbogrit-mix-fata.jpg 1920w, https:\/\/cest-pharma.com\/wp-content\/uploads\/2026\/01\/turbogrit-mix-fata-300x300.jpg 300w, https:\/\/cest-pharma.com\/wp-content\/uploads\/2026\/01\/turbogrit-mix-fata-1024x1024.jpg 1024w, https:\/\/cest-pharma.com\/wp-content\/uploads\/2026\/01\/turbogrit-mix-fata-150x150.jpg 150w, https:\/\/cest-pharma.com\/wp-content\/uploads\/2026\/01\/turbogrit-mix-fata-768x768.jpg 768w, https:\/\/cest-pharma.com\/wp-content\/uploads\/2026\/01\/turbogrit-mix-fata-1536x1536.jpg 1536w, https:\/\/cest-pharma.com\/wp-content\/uploads\/2026\/01\/turbogrit-mix-fata-12x12.jpg 12w, https:\/\/cest-pharma.com\/wp-content\/uploads\/2026\/01\/turbogrit-mix-fata-1200x1200.jpg 1200w\" sizes=\"(max-width: 1920px) 100vw, 1920px\" \/>\t\t\t\t\t\t\t\t\t<img width=\"1920\" height=\"1920\" src=\"https:\/\/cest-pharma.com\/wp-content\/uploads\/2022\/12\/EW1A2891-1.png\" class=\"attachment- size-\" alt=\"\" decoding=\"async\" loading=\"lazy\" srcset=\"https:\/\/cest-pharma.com\/wp-content\/uploads\/2022\/12\/EW1A2891-1.png 1920w, https:\/\/cest-pharma.com\/wp-content\/uploads\/2022\/12\/EW1A2891-1-300x300.png 300w, https:\/\/cest-pharma.com\/wp-content\/uploads\/2022\/12\/EW1A2891-1-1024x1024.png 1024w, https:\/\/cest-pharma.com\/wp-content\/uploads\/2022\/12\/EW1A2891-1-150x150.png 150w, https:\/\/cest-pharma.com\/wp-content\/uploads\/2022\/12\/EW1A2891-1-768x768.png 768w, https:\/\/cest-pharma.com\/wp-content\/uploads\/2022\/12\/EW1A2891-1-1536x1536.png 1536w, https:\/\/cest-pharma.com\/wp-content\/uploads\/2022\/12\/EW1A2891-1-12x12.png 12w, https:\/\/cest-pharma.com\/wp-content\/uploads\/2022\/12\/EW1A2891-1-1200x1200.png 1200w\" sizes=\"(max-width: 1920px) 100vw, 1920px\" \/>\t\t\t\t\t\t\t\t<\/div>\n\t\t\t\t\t\t\t\t<div class=\"name_related\">\n\t\t\t\t\t\t\t\t\tTRICOGO 500ml\/1000ml\t\t\t\t\t\t\t\t<\/div>\n\t\t\t\t\t\t\t<\/a>\n\t\t\t\t\t\t<\/div>\n\t\t\t\t\t\t\t\t\t\t<\/div>\n\t\t\t\t\t<div class=\"swiper-button-next\"><\/div>\n\t\t\t\t\t<div class=\"swiper-button-prev\"><\/div>\n\t\t\t\t<\/div>\n\t\t\t<\/div>\n\t\t<\/div>\n\t<\/div>\n<\/section>\n\n<!-- Swiper JS -->\n<script src=\"https:\/\/cdn.jsdelivr.net\/npm\/swiper\/swiper-bundle.min.js\"><\/script>\n\n<!-- Initialize Swiper -->\n<script>\n\tvar swiper = new Swiper(\".mySwiper\", {\n\tslidesPerView: 1,\n\tspaceBetween: 30,\n\tloop: true,\n    autoplay: {\n      delay: 2500,\n      disableOnInteraction: false,\n    },\n\tnavigation: {\n\t\tnextEl: \".swiper-button-next\",\n\t\tprevEl: \".swiper-button-prev\",\n\t},\n\tbreakpoints: {\n          640: {\n            slidesPerView: 2,\n            spaceBetween: 10,\n          },\n          768: {\n            slidesPerView: 3,\n            spaceBetween: 30,\n          },\n          1024: {\n            slidesPerView: 4,\n            spaceBetween: 30,\n          },\n        },\n\t});\n<\/script>\n<\/div>\n<\/div>\n\n\t<\/div>\n<\/section>","protected":false},"excerpt":{"rendered":"<p>Turbogrit Mix 10kg &#8211; Cest Pharma INDICATIONS: TURBO GRIT MIX is a perfectly balanced mineral mixture adapted to the needs of pigeons. This mixture helps pigeons by providing them with the following benefits:\u2022 STRONG BONES\u2022 SILKY PLUMBING\u2022 VITALITY AND MAXIMUM ENERGY\u2022 INTESTINAL HEALTH COMPOSITION: Pico Grit, Small Seeds, Hemp, Mung Beans, Safflower, Vitamin Granules, Vitamineral, [&hellip;]<\/p>","protected":false},"author":1,"featured_media":1991,"parent":0,"menu_order":0,"comment_status":"closed","ping_status":"closed","template":"","meta":[],"yoast_head":"<!-- This site is optimized with the Yoast SEO plugin v19.11 - https:\/\/yoast.com\/wordpress\/plugins\/seo\/ -->\n<title>Turbo Grit Mix 10kg - Cest Pharma<\/title>\n<meta name=\"description\" content=\"Turbo Grit Mix 10kg - Cest Pharma\" \/>\n<meta name=\"robots\" content=\"index, follow, max-snippet:-1, max-image-preview:large, max-video-preview:-1\" \/>\n<link rel=\"canonical\" href=\"https:\/\/cest-pharma.com\/ro\/turbo-grit-mix-10kg-cest-pharma\/\" \/>\n<meta property=\"og:locale\" content=\"ro_RO\" \/>\n<meta property=\"og:type\" content=\"article\" \/>\n<meta property=\"og:title\" content=\"Turbo Grit Mix 10kg - Cest Pharma\" \/>\n<meta property=\"og:description\" content=\"Turbo Grit Mix 10kg - Cest Pharma\" \/>\n<meta property=\"og:url\" content=\"https:\/\/cest-pharma.com\/ro\/turbo-grit-mix-10kg-cest-pharma\/\" \/>\n<meta property=\"og:site_name\" content=\"Cest Pharma\" \/>\n<meta property=\"article:modified_time\" content=\"2026-01-16T07:12:47+00:00\" \/>\n<meta property=\"og:image\" content=\"https:\/\/cest-pharma.com\/wp-content\/uploads\/2026\/01\/turbogrit-mix-fata.jpg\" \/>\n\t<meta property=\"og:image:width\" content=\"1920\" \/>\n\t<meta property=\"og:image:height\" content=\"1920\" \/>\n\t<meta property=\"og:image:type\" content=\"image\/jpeg\" \/>\n<meta name=\"twitter:card\" content=\"summary_large_image\" \/>\n<meta name=\"twitter:label1\" content=\"Timp estimat pentru citire\" \/>\n\t<meta name=\"twitter:data1\" content=\"4 minute\" \/>\n<script type=\"application\/ld+json\" class=\"yoast-schema-graph\">{\"@context\":\"https:\/\/schema.org\",\"@graph\":[{\"@type\":\"WebPage\",\"@id\":\"https:\/\/cest-pharma.com\/turbo-grit-mix-10kg-cest-pharma\/\",\"url\":\"https:\/\/cest-pharma.com\/turbo-grit-mix-10kg-cest-pharma\/\",\"name\":\"Turbo Grit Mix 10kg - Cest Pharma\",\"isPartOf\":{\"@id\":\"https:\/\/cest-pharma.com\/#website\"},\"datePublished\":\"2024-10-26T07:21:56+00:00\",\"dateModified\":\"2026-01-16T07:12:47+00:00\",\"description\":\"Turbo Grit Mix 10kg - Cest Pharma\",\"breadcrumb\":{\"@id\":\"https:\/\/cest-pharma.com\/turbo-grit-mix-10kg-cest-pharma\/#breadcrumb\"},\"inLanguage\":\"ro-RO\",\"potentialAction\":[{\"@type\":\"ReadAction\",\"target\":[\"https:\/\/cest-pharma.com\/turbo-grit-mix-10kg-cest-pharma\/\"]}]},{\"@type\":\"BreadcrumbList\",\"@id\":\"https:\/\/cest-pharma.com\/turbo-grit-mix-10kg-cest-pharma\/#breadcrumb\",\"itemListElement\":[{\"@type\":\"ListItem\",\"position\":1,\"name\":\"Home\",\"item\":\"https:\/\/cest-pharma.com\/\"},{\"@type\":\"ListItem\",\"position\":2,\"name\":\"Turbogrit Mix 10kg &#8211; Cest Pharma\"}]},{\"@type\":\"WebSite\",\"@id\":\"https:\/\/cest-pharma.com\/#website\",\"url\":\"https:\/\/cest-pharma.com\/\",\"name\":\"Cest Pharma\",\"description\":\"\",\"publisher\":{\"@id\":\"https:\/\/cest-pharma.com\/#organization\"},\"potentialAction\":[{\"@type\":\"SearchAction\",\"target\":{\"@type\":\"EntryPoint\",\"urlTemplate\":\"https:\/\/cest-pharma.com\/?s={search_term_string}\"},\"query-input\":\"required name=search_term_string\"}],\"inLanguage\":\"ro-RO\"},{\"@type\":\"Organization\",\"@id\":\"https:\/\/cest-pharma.com\/#organization\",\"name\":\"Cest Pharma\",\"url\":\"https:\/\/cest-pharma.com\/\",\"logo\":{\"@type\":\"ImageObject\",\"inLanguage\":\"ro-RO\",\"@id\":\"https:\/\/cest-pharma.com\/#\/schema\/logo\/image\/\",\"url\":\"https:\/\/cest-pharma.com\/wp-content\/uploads\/2023\/01\/cropped-Cest-Pharma-logo-font-corectat.png\",\"contentUrl\":\"https:\/\/cest-pharma.com\/wp-content\/uploads\/2023\/01\/cropped-Cest-Pharma-logo-font-corectat.png\",\"width\":1003,\"height\":777,\"caption\":\"Cest Pharma\"},\"image\":{\"@id\":\"https:\/\/cest-pharma.com\/#\/schema\/logo\/image\/\"}}]}<\/script>\n<!-- \/ Yoast SEO plugin. -->","yoast_head_json":{"title":"Turbo Grit Mix 10kg - Cest Pharma","description":"Turbo Grit Mix 10kg - Cest Pharma","robots":{"index":"index","follow":"follow","max-snippet":"max-snippet:-1","max-image-preview":"max-image-preview:large","max-video-preview":"max-video-preview:-1"},"canonical":"https:\/\/cest-pharma.com\/ro\/turbo-grit-mix-10kg-cest-pharma\/","og_locale":"ro_RO","og_type":"article","og_title":"Turbo Grit Mix 10kg - Cest Pharma","og_description":"Turbo Grit Mix 10kg - Cest Pharma","og_url":"https:\/\/cest-pharma.com\/ro\/turbo-grit-mix-10kg-cest-pharma\/","og_site_name":"Cest Pharma","article_modified_time":"2026-01-16T07:12:47+00:00","og_image":[{"width":1920,"height":1920,"url":"https:\/\/cest-pharma.com\/wp-content\/uploads\/2026\/01\/turbogrit-mix-fata.jpg","type":"image\/jpeg"}],"twitter_card":"summary_large_image","twitter_misc":{"Timp estimat pentru citire":"4 minute"},"schema":{"@context":"https:\/\/schema.org","@graph":[{"@type":"WebPage","@id":"https:\/\/cest-pharma.com\/turbo-grit-mix-10kg-cest-pharma\/","url":"https:\/\/cest-pharma.com\/turbo-grit-mix-10kg-cest-pharma\/","name":"Turbo Grit Mix 10kg - Cest Pharma","isPartOf":{"@id":"https:\/\/cest-pharma.com\/#website"},"datePublished":"2024-10-26T07:21:56+00:00","dateModified":"2026-01-16T07:12:47+00:00","description":"Turbo Grit Mix 10kg - Cest Pharma","breadcrumb":{"@id":"https:\/\/cest-pharma.com\/turbo-grit-mix-10kg-cest-pharma\/#breadcrumb"},"inLanguage":"ro-RO","potentialAction":[{"@type":"ReadAction","target":["https:\/\/cest-pharma.com\/turbo-grit-mix-10kg-cest-pharma\/"]}]},{"@type":"BreadcrumbList","@id":"https:\/\/cest-pharma.com\/turbo-grit-mix-10kg-cest-pharma\/#breadcrumb","itemListElement":[{"@type":"ListItem","position":1,"name":"Home","item":"https:\/\/cest-pharma.com\/"},{"@type":"ListItem","position":2,"name":"Turbogrit Mix 10kg &#8211; Cest Pharma"}]},{"@type":"WebSite","@id":"https:\/\/cest-pharma.com\/#website","url":"https:\/\/cest-pharma.com\/","name":"Cest Pharma","description":"","publisher":{"@id":"https:\/\/cest-pharma.com\/#organization"},"potentialAction":[{"@type":"SearchAction","target":{"@type":"EntryPoint","urlTemplate":"https:\/\/cest-pharma.com\/?s={search_term_string}"},"query-input":"required name=search_term_string"}],"inLanguage":"ro-RO"},{"@type":"Organization","@id":"https:\/\/cest-pharma.com\/#organization","name":"Cest Pharma","url":"https:\/\/cest-pharma.com\/","logo":{"@type":"ImageObject","inLanguage":"ro-RO","@id":"https:\/\/cest-pharma.com\/#\/schema\/logo\/image\/","url":"https:\/\/cest-pharma.com\/wp-content\/uploads\/2023\/01\/cropped-Cest-Pharma-logo-font-corectat.png","contentUrl":"https:\/\/cest-pharma.com\/wp-content\/uploads\/2023\/01\/cropped-Cest-Pharma-logo-font-corectat.png","width":1003,"height":777,"caption":"Cest Pharma"},"image":{"@id":"https:\/\/cest-pharma.com\/#\/schema\/logo\/image\/"}}]}},"_links":{"self":[{"href":"https:\/\/cest-pharma.com\/ro\/wp-json\/wp\/v2\/pages\/1585"}],"collection":[{"href":"https:\/\/cest-pharma.com\/ro\/wp-json\/wp\/v2\/pages"}],"about":[{"href":"https:\/\/cest-pharma.com\/ro\/wp-json\/wp\/v2\/types\/page"}],"author":[{"embeddable":true,"href":"https:\/\/cest-pharma.com\/ro\/wp-json\/wp\/v2\/users\/1"}],"replies":[{"embeddable":true,"href":"https:\/\/cest-pharma.com\/ro\/wp-json\/wp\/v2\/comments?post=1585"}],"version-history":[{"count":6,"href":"https:\/\/cest-pharma.com\/ro\/wp-json\/wp\/v2\/pages\/1585\/revisions"}],"predecessor-version":[{"id":2005,"href":"https:\/\/cest-pharma.com\/ro\/wp-json\/wp\/v2\/pages\/1585\/revisions\/2005"}],"wp:featuredmedia":[{"embeddable":true,"href":"https:\/\/cest-pharma.com\/ro\/wp-json\/wp\/v2\/media\/1991"}],"wp:attachment":[{"href":"https:\/\/cest-pharma.com\/ro\/wp-json\/wp\/v2\/media?parent=1585"}],"curies":[{"name":"wp","href":"https:\/\/api.w.org\/{rel}","templated":true}]}}