{"id":1835,"date":"2025-06-02T07:49:58","date_gmt":"2025-06-02T07:49:58","guid":{"rendered":"https:\/\/cest-pharma.com\/?page_id=1835"},"modified":"2025-06-02T07:49:59","modified_gmt":"2025-06-02T07:49:59","slug":"pigeons-tea","status":"publish","type":"page","link":"https:\/\/cest-pharma.com\/ro\/pigeons-tea\/","title":{"rendered":"PIGEONS TEA"},"content":{"rendered":"<section class=\"fw-main-row\"  >\n\t<div class=\"fw-container-fluid\">\n\t\t<div class=\"fw-row\">\n\t<div class=\"fw-col-xs-12\">\n\t\n<section id=\"product\" class=\"p-0\">\n\t<div class=\"section-inner\">\n\t\t<div class=\"row\">\n\t\t\t<div class=\"col-md-6 d-flex justify-content-center align-items-center\">\n\t\t\t\t<div class=\"product-image gallerys\">\n\t\t\t\t\t<img width=\"1920\" height=\"1920\" src=\"https:\/\/cest-pharma.com\/wp-content\/uploads\/2025\/06\/4.-Poza-Pigeons-Tea-300gr-fata.jpg\" class=\"attachment-full size-full wp-post-image\" alt=\"\" decoding=\"async\" loading=\"lazy\" srcset=\"https:\/\/cest-pharma.com\/wp-content\/uploads\/2025\/06\/4.-Poza-Pigeons-Tea-300gr-fata.jpg 1920w, https:\/\/cest-pharma.com\/wp-content\/uploads\/2025\/06\/4.-Poza-Pigeons-Tea-300gr-fata-300x300.jpg 300w, https:\/\/cest-pharma.com\/wp-content\/uploads\/2025\/06\/4.-Poza-Pigeons-Tea-300gr-fata-1024x1024.jpg 1024w, https:\/\/cest-pharma.com\/wp-content\/uploads\/2025\/06\/4.-Poza-Pigeons-Tea-300gr-fata-150x150.jpg 150w, https:\/\/cest-pharma.com\/wp-content\/uploads\/2025\/06\/4.-Poza-Pigeons-Tea-300gr-fata-768x768.jpg 768w, https:\/\/cest-pharma.com\/wp-content\/uploads\/2025\/06\/4.-Poza-Pigeons-Tea-300gr-fata-1536x1536.jpg 1536w, https:\/\/cest-pharma.com\/wp-content\/uploads\/2025\/06\/4.-Poza-Pigeons-Tea-300gr-fata-12x12.jpg 12w, https:\/\/cest-pharma.com\/wp-content\/uploads\/2025\/06\/4.-Poza-Pigeons-Tea-300gr-fata-1200x1200.jpg 1200w\" sizes=\"(max-width: 1920px) 100vw, 1920px\" \/>\t\t\t\t\t<img width=\"1920\" height=\"1920\" src=\"https:\/\/cest-pharma.com\/wp-content\/uploads\/2025\/06\/4.-Poza-Pigeons-Tea-300gr-fata.jpg\" class=\"attachment- size-\" alt=\"\" decoding=\"async\" loading=\"lazy\" srcset=\"https:\/\/cest-pharma.com\/wp-content\/uploads\/2025\/06\/4.-Poza-Pigeons-Tea-300gr-fata.jpg 1920w, https:\/\/cest-pharma.com\/wp-content\/uploads\/2025\/06\/4.-Poza-Pigeons-Tea-300gr-fata-300x300.jpg 300w, https:\/\/cest-pharma.com\/wp-content\/uploads\/2025\/06\/4.-Poza-Pigeons-Tea-300gr-fata-1024x1024.jpg 1024w, https:\/\/cest-pharma.com\/wp-content\/uploads\/2025\/06\/4.-Poza-Pigeons-Tea-300gr-fata-150x150.jpg 150w, https:\/\/cest-pharma.com\/wp-content\/uploads\/2025\/06\/4.-Poza-Pigeons-Tea-300gr-fata-768x768.jpg 768w, https:\/\/cest-pharma.com\/wp-content\/uploads\/2025\/06\/4.-Poza-Pigeons-Tea-300gr-fata-1536x1536.jpg 1536w, https:\/\/cest-pharma.com\/wp-content\/uploads\/2025\/06\/4.-Poza-Pigeons-Tea-300gr-fata-12x12.jpg 12w, https:\/\/cest-pharma.com\/wp-content\/uploads\/2025\/06\/4.-Poza-Pigeons-Tea-300gr-fata-1200x1200.jpg 1200w\" sizes=\"(max-width: 1920px) 100vw, 1920px\" \/>\t\t\t\t<\/div>\n \t\t\t    <div class=\"socials\">\n\t\t\t      <div class=\"sticky\">\n\t\t\t\t  <ul>\n\t\t\t\t\t<li>\n\t\t\t\t\t\t<a href=\"\/\/www.facebook.com\/sharer.php?u=https:\/\/cest-pharma.com\/ro\/pigeons-tea\/\" class=\"social-sharing-item-block facebook\" title=\"Facebook\" onclick=\"event.preventDefault(); javascript:window.open(this.href, '', 'menubar=no,toolbar=no,resizable=yes,scrollbars=yes,height=220,width=600');return false;\">\n\t\t\t\t\t\t    <!-- <i class=\"fa fa-facebook social-sharing-icon\"><\/i> -->\n\t\t\t\t\t\t    <img src=\"\/wp-content\/uploads\/2022\/12\/facebook-1.png\">\n\t\t\t\t\t\t<\/a>\n\t\t\t\t\t<\/li>\n\t\t\t\t\t<li>\n\t\t\t\t\t\t<a href=\"\/\/linkedin.com\/share?url=https:\/\/cest-pharma.com\/ro\/pigeons-tea\/&amp;text=PIGEONS+TEA\" class=\"social-sharing-item-block twitter\" title=\"linkedin\" onclick=\"javascript:window.open(this.href, '', 'menubar=no,toolbar=no,resizable=yes,scrollbars=yes,height=260,width=600');return false;\">\n\t\t\t\t\t\t    <!-- <i class=\"fa fa-twitter social-sharing-icon\"><\/i> -->\n\t\t\t\t\t\t\t<img src=\"\/wp-content\/uploads\/2022\/12\/linkedin.png\">\n\t\t\t\t\t\t<\/a>\n\t\t\t\t\t<\/li>\n\t\t\t\t\t<li>\n\t\t\t\t\t\t<a href=\"\/\/twitter.com\/share?url=https:\/\/cest-pharma.com\/ro\/pigeons-tea\/&amp;text=PIGEONS+TEA\" class=\"social-sharing-item-block twitter\" title=\"linkedin\" onclick=\"javascript:window.open(this.href, '', 'menubar=no,toolbar=no,resizable=yes,scrollbars=yes,height=260,width=600');return false;\">\n\t\t\t\t\t\t    <!-- <i class=\"fa fa-twitter social-sharing-icon\"><\/i> -->\n\t\t\t\t\t\t\t<img src=\"\/wp-content\/uploads\/2022\/12\/twitter.png\">\n\t\t\t\t\t\t<\/a>\n\t\t\t\t\t<\/li>\n\t\t\t\t<\/ul>\n\t\t\t<\/div>\n\t\t<\/div>\n\t\t\t<\/div>\n\t\t\t<div class=\"col-md-6\">\n\t\t\t\t<div class=\"title-product\">\n\t\t\t\t\tPIGEONS TEA\t\t\t\t<\/div>\n\t\t\t\t\t\t\t\t\t<div class=\"box-desc-title\">\n\t\t\t\t\t\tINDICA\u021aII:\t\t\t\t\t<\/div>\n\t\t\t\t\t<div class=\"box-desc\">\n\t\t\t\t\t\t<p>PIGEONS TEA, hran\u0103 suplimentar\u0103 pentru porumbei. Oferi\u021bi acest CEAI porumbeilor pentru a-i men\u021bine s\u0103n\u0103to\u0219i \u0219i \u00een stare optim\u0103 de s\u0103n\u0103tate. Ajut\u0103 digestia, \u00eembun\u0103t\u0103\u021be\u0219te condi\u021bia fizic\u0103 \u0219i men\u021bine un metabolism optim. Infuza\u021bi o lingur\u0103 de ceai \u00een 1000 ml ap\u0103 clocotit\u0103 \u0219i l\u0103sa\u021bi-l s\u0103 se odihneasc\u0103 timp de aproximativ 10minute cu capacul pe recipient. Se filtreaz\u0103, se las\u0103 s\u0103 se r\u0103ceasc\u0103 \u0219i se ofer\u0103 porumbeilor ca b\u0103utur\u0103. Nu oferi\u021bi ceaiul porumbeilor \u00een ziua \u00eembarc\u0103rii!<\/p>\t\t\t\t\t<\/div>\n\t\t\t\t\t\t\t\t\t<div class=\"box-desc-title\">\n\t\t\t\t\t\tCOMPOZI\u021aIE:\t\t\t\t\t<\/div>\n\t\t\t\t\t<div class=\"box-desc\">\n\t\t\t\t\t\t<p>Thymus vulgaris, Urtica dioica, Salvia rosmarinus, Eucalipt globulus, Origanum majoranam, Althaeae officinalis, Quercus cortex, Solidago virgaurea, Matracaria chamomilla, Glycyrrhiza glabra, Syzygium aromaticum<\/p>\t\t\t\t\t<\/div>\n\t\t\t\t\t\t\t\t\t<div class=\"box-desc-title\">\n\t\t\t\t\t\tADMINISTRARE:\t\t\t\t\t<\/div>\n\t\t\t\t\t<div class=\"box-desc\">\n\t\t\t\t\t\t<p>Infuza\u021bi o lingur\u0103 de ceai \u00een 1000 ml ap\u0103 clocotit\u0103 \u0219i l\u0103sa\u021bi-l s\u0103 se odihneasc\u0103 timp de aproximativ 10minute cu capacul pe recipient. Se filtreaz\u0103, se las\u0103 s\u0103 se r\u0103ceasc\u0103 \u0219i se ofer\u0103 porumbeilor ca b\u0103utur\u0103. Nu oferi\u021bi ceaiul porumbeilor \u00een ziua \u00eembarc\u0103rii!<\/p>\t\t\t\t\t<\/div>\n\t\t\t\t\t\t\t\t\t<div class=\"box-desc-title\">\n\t\t\t\t\t\tDEPOZITARE:\t\t\t\t\t<\/div>\n\t\t\t\t\t<div class=\"box-desc\">\n\t\t\t\t\t\t<p>A se depozita \u00eentr-un loc uscat, la temperaturi care nu dep\u0103\u0219esc 25\u00b0C. P\u0103stra\u021bi \u00een ambalajul original, departe de umiditate \u0219i de lumina direct a soarelui. Nu utiliza\u021bi dup\u0103 data de expirare. A nu se l\u0103sa la \u00eendem\u00e2na copiilor.<\/p>\t\t\t\t\t<\/div>\n\t\t\t\t\t\t\t\t\t<div class=\"box-desc-title\">\n\t\t\t\t\t\tMAS\u0102 NET\u0102:\t\t\t\t\t<\/div>\n\t\t\t\t\t<div class=\"box-desc\">\n\t\t\t\t\t\t<p>300 gr.<\/p>\t\t\t\t\t<\/div>\n\t\t\t\t\t\t\t<\/div>\n\t\t\t<div class=\"button-resellers d-flex justify-content-center align-items-center\">\n\t\t\t\t<a href=\"https:\/\/cest-pharma.com\/ro\/parteneri\/\" target=\"_self\" class=\"fw-btn fw-btn-1\">\n\t\t\t\t\t<span><img src=\"\/wp-content\/uploads\/2022\/11\/Cart.png\" class=\"d-inline\"> Adaug\u0103 \u00een co\u0219<\/span>\n\t\t\t\t<\/a>\n\t\t\t<\/div>\n\t\t<\/div>\n\t\t<div class=\"row related\">\n\t\t\t<div class=\"category-related\">\n\t\t\t\tProduse conexe\t\t\t<\/div>\n\t\t\t<div class=\"swiper-related\">\n\t\t\t\t<!-- Swiper -->\n\t\t\t\t<div class=\"swiper mySwiper\">\n\t\t\t\t\t<div class=\"swiper-wrapper\">\n\t\t\t\t\t\t\t\t\t\t\t<div class=\"swiper-slide gallerys\">\n\t\t\t\t\t\t\t<a href=\"\/ro\/energy-plus-300g\/\" target=\"_self\" class=\"fw-btn fw-btn-1\">\n\t\t\t\t\t\t\t\t<div class=\"image_related\">\n\t\t\t\t\t\t\t\t\t<img width=\"1920\" height=\"1920\" src=\"https:\/\/cest-pharma.com\/wp-content\/uploads\/2025\/06\/4.-Poza-Pigeons-Tea-300gr-fata.jpg\" class=\"attachment-full size-full wp-post-image\" alt=\"\" decoding=\"async\" loading=\"lazy\" srcset=\"https:\/\/cest-pharma.com\/wp-content\/uploads\/2025\/06\/4.-Poza-Pigeons-Tea-300gr-fata.jpg 1920w, https:\/\/cest-pharma.com\/wp-content\/uploads\/2025\/06\/4.-Poza-Pigeons-Tea-300gr-fata-300x300.jpg 300w, https:\/\/cest-pharma.com\/wp-content\/uploads\/2025\/06\/4.-Poza-Pigeons-Tea-300gr-fata-1024x1024.jpg 1024w, https:\/\/cest-pharma.com\/wp-content\/uploads\/2025\/06\/4.-Poza-Pigeons-Tea-300gr-fata-150x150.jpg 150w, https:\/\/cest-pharma.com\/wp-content\/uploads\/2025\/06\/4.-Poza-Pigeons-Tea-300gr-fata-768x768.jpg 768w, https:\/\/cest-pharma.com\/wp-content\/uploads\/2025\/06\/4.-Poza-Pigeons-Tea-300gr-fata-1536x1536.jpg 1536w, https:\/\/cest-pharma.com\/wp-content\/uploads\/2025\/06\/4.-Poza-Pigeons-Tea-300gr-fata-12x12.jpg 12w, https:\/\/cest-pharma.com\/wp-content\/uploads\/2025\/06\/4.-Poza-Pigeons-Tea-300gr-fata-1200x1200.jpg 1200w\" sizes=\"(max-width: 1920px) 100vw, 1920px\" \/>\t\t\t\t\t\t\t\t\t<img width=\"1920\" height=\"1920\" src=\"https:\/\/cest-pharma.com\/wp-content\/uploads\/2022\/12\/06.07.2021-Columbovet-15.png\" class=\"attachment- size-\" alt=\"\" decoding=\"async\" loading=\"lazy\" srcset=\"https:\/\/cest-pharma.com\/wp-content\/uploads\/2022\/12\/06.07.2021-Columbovet-15.png 1920w, https:\/\/cest-pharma.com\/wp-content\/uploads\/2022\/12\/06.07.2021-Columbovet-15-300x300.png 300w, https:\/\/cest-pharma.com\/wp-content\/uploads\/2022\/12\/06.07.2021-Columbovet-15-1024x1024.png 1024w, https:\/\/cest-pharma.com\/wp-content\/uploads\/2022\/12\/06.07.2021-Columbovet-15-150x150.png 150w, https:\/\/cest-pharma.com\/wp-content\/uploads\/2022\/12\/06.07.2021-Columbovet-15-768x768.png 768w, https:\/\/cest-pharma.com\/wp-content\/uploads\/2022\/12\/06.07.2021-Columbovet-15-1536x1536.png 1536w, https:\/\/cest-pharma.com\/wp-content\/uploads\/2022\/12\/06.07.2021-Columbovet-15-12x12.png 12w, https:\/\/cest-pharma.com\/wp-content\/uploads\/2022\/12\/06.07.2021-Columbovet-15-1200x1200.png 1200w\" sizes=\"(max-width: 1920px) 100vw, 1920px\" \/>\t\t\t\t\t\t\t\t<\/div>\n\t\t\t\t\t\t\t\t<div class=\"name_related\">\n\t\t\t\t\t\t\t\t\tENERGY PLUS 300g\t\t\t\t\t\t\t\t<\/div>\n\t\t\t\t\t\t\t<\/a>\n\t\t\t\t\t\t<\/div>\n\t\t\t\t\t\t\t\t\t\t\t<div class=\"swiper-slide gallerys\">\n\t\t\t\t\t\t\t<a href=\"https:\/\/cest-pharma.com\/ro\/yellow-drops-100ml\/\" target=\"_self\" class=\"fw-btn fw-btn-1\">\n\t\t\t\t\t\t\t\t<div class=\"image_related\">\n\t\t\t\t\t\t\t\t\t<img width=\"1920\" height=\"1920\" src=\"https:\/\/cest-pharma.com\/wp-content\/uploads\/2025\/06\/4.-Poza-Pigeons-Tea-300gr-fata.jpg\" class=\"attachment-full size-full wp-post-image\" alt=\"\" decoding=\"async\" loading=\"lazy\" srcset=\"https:\/\/cest-pharma.com\/wp-content\/uploads\/2025\/06\/4.-Poza-Pigeons-Tea-300gr-fata.jpg 1920w, https:\/\/cest-pharma.com\/wp-content\/uploads\/2025\/06\/4.-Poza-Pigeons-Tea-300gr-fata-300x300.jpg 300w, https:\/\/cest-pharma.com\/wp-content\/uploads\/2025\/06\/4.-Poza-Pigeons-Tea-300gr-fata-1024x1024.jpg 1024w, https:\/\/cest-pharma.com\/wp-content\/uploads\/2025\/06\/4.-Poza-Pigeons-Tea-300gr-fata-150x150.jpg 150w, https:\/\/cest-pharma.com\/wp-content\/uploads\/2025\/06\/4.-Poza-Pigeons-Tea-300gr-fata-768x768.jpg 768w, https:\/\/cest-pharma.com\/wp-content\/uploads\/2025\/06\/4.-Poza-Pigeons-Tea-300gr-fata-1536x1536.jpg 1536w, https:\/\/cest-pharma.com\/wp-content\/uploads\/2025\/06\/4.-Poza-Pigeons-Tea-300gr-fata-12x12.jpg 12w, https:\/\/cest-pharma.com\/wp-content\/uploads\/2025\/06\/4.-Poza-Pigeons-Tea-300gr-fata-1200x1200.jpg 1200w\" sizes=\"(max-width: 1920px) 100vw, 1920px\" \/>\t\t\t\t\t\t\t\t\t<img width=\"1920\" height=\"1920\" src=\"https:\/\/cest-pharma.com\/wp-content\/uploads\/2022\/12\/06.07.2021-Columbovet-34.png\" class=\"attachment- size-\" alt=\"\" decoding=\"async\" loading=\"lazy\" srcset=\"https:\/\/cest-pharma.com\/wp-content\/uploads\/2022\/12\/06.07.2021-Columbovet-34.png 1920w, https:\/\/cest-pharma.com\/wp-content\/uploads\/2022\/12\/06.07.2021-Columbovet-34-300x300.png 300w, https:\/\/cest-pharma.com\/wp-content\/uploads\/2022\/12\/06.07.2021-Columbovet-34-1024x1024.png 1024w, https:\/\/cest-pharma.com\/wp-content\/uploads\/2022\/12\/06.07.2021-Columbovet-34-150x150.png 150w, https:\/\/cest-pharma.com\/wp-content\/uploads\/2022\/12\/06.07.2021-Columbovet-34-768x768.png 768w, https:\/\/cest-pharma.com\/wp-content\/uploads\/2022\/12\/06.07.2021-Columbovet-34-1536x1536.png 1536w, https:\/\/cest-pharma.com\/wp-content\/uploads\/2022\/12\/06.07.2021-Columbovet-34-12x12.png 12w, https:\/\/cest-pharma.com\/wp-content\/uploads\/2022\/12\/06.07.2021-Columbovet-34-1200x1200.png 1200w\" sizes=\"(max-width: 1920px) 100vw, 1920px\" \/>\t\t\t\t\t\t\t\t<\/div>\n\t\t\t\t\t\t\t\t<div class=\"name_related\">\n\t\t\t\t\t\t\t\t\tYELLOW DROPS 100ml\t\t\t\t\t\t\t\t<\/div>\n\t\t\t\t\t\t\t<\/a>\n\t\t\t\t\t\t<\/div>\n\t\t\t\t\t\t\t\t\t\t\t<div class=\"swiper-slide gallerys\">\n\t\t\t\t\t\t\t<a href=\"\/ro\/vit-amino-250ml\/\" target=\"_self\" class=\"fw-btn fw-btn-1\">\n\t\t\t\t\t\t\t\t<div class=\"image_related\">\n\t\t\t\t\t\t\t\t\t<img width=\"1920\" height=\"1920\" src=\"https:\/\/cest-pharma.com\/wp-content\/uploads\/2025\/06\/4.-Poza-Pigeons-Tea-300gr-fata.jpg\" class=\"attachment-full size-full wp-post-image\" alt=\"\" decoding=\"async\" loading=\"lazy\" srcset=\"https:\/\/cest-pharma.com\/wp-content\/uploads\/2025\/06\/4.-Poza-Pigeons-Tea-300gr-fata.jpg 1920w, https:\/\/cest-pharma.com\/wp-content\/uploads\/2025\/06\/4.-Poza-Pigeons-Tea-300gr-fata-300x300.jpg 300w, https:\/\/cest-pharma.com\/wp-content\/uploads\/2025\/06\/4.-Poza-Pigeons-Tea-300gr-fata-1024x1024.jpg 1024w, https:\/\/cest-pharma.com\/wp-content\/uploads\/2025\/06\/4.-Poza-Pigeons-Tea-300gr-fata-150x150.jpg 150w, https:\/\/cest-pharma.com\/wp-content\/uploads\/2025\/06\/4.-Poza-Pigeons-Tea-300gr-fata-768x768.jpg 768w, https:\/\/cest-pharma.com\/wp-content\/uploads\/2025\/06\/4.-Poza-Pigeons-Tea-300gr-fata-1536x1536.jpg 1536w, https:\/\/cest-pharma.com\/wp-content\/uploads\/2025\/06\/4.-Poza-Pigeons-Tea-300gr-fata-12x12.jpg 12w, https:\/\/cest-pharma.com\/wp-content\/uploads\/2025\/06\/4.-Poza-Pigeons-Tea-300gr-fata-1200x1200.jpg 1200w\" sizes=\"(max-width: 1920px) 100vw, 1920px\" \/>\t\t\t\t\t\t\t\t\t<img width=\"1920\" height=\"1920\" src=\"https:\/\/cest-pharma.com\/wp-content\/uploads\/2022\/12\/vit_amino_web2-4-2.png\" class=\"attachment- size-\" alt=\"\" decoding=\"async\" loading=\"lazy\" srcset=\"https:\/\/cest-pharma.com\/wp-content\/uploads\/2022\/12\/vit_amino_web2-4-2.png 1920w, https:\/\/cest-pharma.com\/wp-content\/uploads\/2022\/12\/vit_amino_web2-4-2-300x300.png 300w, https:\/\/cest-pharma.com\/wp-content\/uploads\/2022\/12\/vit_amino_web2-4-2-1024x1024.png 1024w, https:\/\/cest-pharma.com\/wp-content\/uploads\/2022\/12\/vit_amino_web2-4-2-150x150.png 150w, https:\/\/cest-pharma.com\/wp-content\/uploads\/2022\/12\/vit_amino_web2-4-2-768x768.png 768w, https:\/\/cest-pharma.com\/wp-content\/uploads\/2022\/12\/vit_amino_web2-4-2-1536x1536.png 1536w, https:\/\/cest-pharma.com\/wp-content\/uploads\/2022\/12\/vit_amino_web2-4-2-12x12.png 12w, https:\/\/cest-pharma.com\/wp-content\/uploads\/2022\/12\/vit_amino_web2-4-2-1200x1200.png 1200w\" sizes=\"(max-width: 1920px) 100vw, 1920px\" \/>\t\t\t\t\t\t\t\t<\/div>\n\t\t\t\t\t\t\t\t<div class=\"name_related\">\n\t\t\t\t\t\t\t\t\tVIT AMINO 250ml\t\t\t\t\t\t\t\t<\/div>\n\t\t\t\t\t\t\t<\/a>\n\t\t\t\t\t\t<\/div>\n\t\t\t\t\t\t\t\t\t\t\t<div class=\"swiper-slide gallerys\">\n\t\t\t\t\t\t\t<a href=\"https:\/\/cest-pharma.com\/ro\/tricogo-500ml-1000ml\/\" target=\"_self\" class=\"fw-btn fw-btn-1\">\n\t\t\t\t\t\t\t\t<div class=\"image_related\">\n\t\t\t\t\t\t\t\t\t<img width=\"1920\" height=\"1920\" src=\"https:\/\/cest-pharma.com\/wp-content\/uploads\/2025\/06\/4.-Poza-Pigeons-Tea-300gr-fata.jpg\" class=\"attachment-full size-full wp-post-image\" alt=\"\" decoding=\"async\" loading=\"lazy\" srcset=\"https:\/\/cest-pharma.com\/wp-content\/uploads\/2025\/06\/4.-Poza-Pigeons-Tea-300gr-fata.jpg 1920w, https:\/\/cest-pharma.com\/wp-content\/uploads\/2025\/06\/4.-Poza-Pigeons-Tea-300gr-fata-300x300.jpg 300w, https:\/\/cest-pharma.com\/wp-content\/uploads\/2025\/06\/4.-Poza-Pigeons-Tea-300gr-fata-1024x1024.jpg 1024w, https:\/\/cest-pharma.com\/wp-content\/uploads\/2025\/06\/4.-Poza-Pigeons-Tea-300gr-fata-150x150.jpg 150w, https:\/\/cest-pharma.com\/wp-content\/uploads\/2025\/06\/4.-Poza-Pigeons-Tea-300gr-fata-768x768.jpg 768w, https:\/\/cest-pharma.com\/wp-content\/uploads\/2025\/06\/4.-Poza-Pigeons-Tea-300gr-fata-1536x1536.jpg 1536w, https:\/\/cest-pharma.com\/wp-content\/uploads\/2025\/06\/4.-Poza-Pigeons-Tea-300gr-fata-12x12.jpg 12w, https:\/\/cest-pharma.com\/wp-content\/uploads\/2025\/06\/4.-Poza-Pigeons-Tea-300gr-fata-1200x1200.jpg 1200w\" sizes=\"(max-width: 1920px) 100vw, 1920px\" \/>\t\t\t\t\t\t\t\t\t<img width=\"1920\" height=\"1920\" src=\"https:\/\/cest-pharma.com\/wp-content\/uploads\/2022\/12\/EW1A2891-1.png\" class=\"attachment- size-\" alt=\"\" decoding=\"async\" loading=\"lazy\" srcset=\"https:\/\/cest-pharma.com\/wp-content\/uploads\/2022\/12\/EW1A2891-1.png 1920w, https:\/\/cest-pharma.com\/wp-content\/uploads\/2022\/12\/EW1A2891-1-300x300.png 300w, https:\/\/cest-pharma.com\/wp-content\/uploads\/2022\/12\/EW1A2891-1-1024x1024.png 1024w, https:\/\/cest-pharma.com\/wp-content\/uploads\/2022\/12\/EW1A2891-1-150x150.png 150w, https:\/\/cest-pharma.com\/wp-content\/uploads\/2022\/12\/EW1A2891-1-768x768.png 768w, https:\/\/cest-pharma.com\/wp-content\/uploads\/2022\/12\/EW1A2891-1-1536x1536.png 1536w, https:\/\/cest-pharma.com\/wp-content\/uploads\/2022\/12\/EW1A2891-1-12x12.png 12w, https:\/\/cest-pharma.com\/wp-content\/uploads\/2022\/12\/EW1A2891-1-1200x1200.png 1200w\" sizes=\"(max-width: 1920px) 100vw, 1920px\" \/>\t\t\t\t\t\t\t\t<\/div>\n\t\t\t\t\t\t\t\t<div class=\"name_related\">\n\t\t\t\t\t\t\t\t\tTRICOGO 500ml\/1000ml\t\t\t\t\t\t\t\t<\/div>\n\t\t\t\t\t\t\t<\/a>\n\t\t\t\t\t\t<\/div>\n\t\t\t\t\t\t\t\t\t\t<\/div>\n\t\t\t\t\t<div class=\"swiper-button-next\"><\/div>\n\t\t\t\t\t<div class=\"swiper-button-prev\"><\/div>\n\t\t\t\t<\/div>\n\t\t\t<\/div>\n\t\t<\/div>\n\t<\/div>\n<\/section>\n\n<!-- Swiper JS -->\n<script src=\"https:\/\/cdn.jsdelivr.net\/npm\/swiper\/swiper-bundle.min.js\"><\/script>\n\n<!-- Initialize Swiper -->\n<script>\n\tvar swiper = new Swiper(\".mySwiper\", {\n\tslidesPerView: 1,\n\tspaceBetween: 30,\n\tloop: true,\n    autoplay: {\n      delay: 2500,\n      disableOnInteraction: false,\n    },\n\tnavigation: {\n\t\tnextEl: \".swiper-button-next\",\n\t\tprevEl: \".swiper-button-prev\",\n\t},\n\tbreakpoints: {\n          640: {\n            slidesPerView: 2,\n            spaceBetween: 10,\n          },\n          768: {\n            slidesPerView: 3,\n            spaceBetween: 30,\n          },\n          1024: {\n            slidesPerView: 4,\n            spaceBetween: 30,\n          },\n        },\n\t});\n<\/script>\n<\/div>\n<\/div>\n\n\t<\/div>\n<\/section>","protected":false},"excerpt":{"rendered":"<p>PIGEONS TEA INDICATIONS: PIGEON&#8217;S TEA, supplementary feed for pigeons. Offer this TEA to the pigeons to keep them healthy and in optimal condition. Helps digestion, improves condition, and promotes optimal metabolism. Infuse one tablespoon of tea in 1000 ml of boiling water and let it rest for about 10 minutes with the lid on. Filter, [&hellip;]<\/p>","protected":false},"author":1,"featured_media":1836,"parent":0,"menu_order":0,"comment_status":"closed","ping_status":"closed","template":"","meta":[],"yoast_head":"<!-- This site is optimized with the Yoast SEO plugin v19.11 - https:\/\/yoast.com\/wordpress\/plugins\/seo\/ -->\n<title>PIGEON&#039;S TEA, supplementary feed for pigeons<\/title>\n<meta name=\"description\" content=\"Helps digestion, improves condition, and promotes optimal metabolism\" \/>\n<meta name=\"robots\" content=\"index, follow, max-snippet:-1, max-image-preview:large, max-video-preview:-1\" \/>\n<link rel=\"canonical\" href=\"https:\/\/cest-pharma.com\/ro\/pigeons-tea\/\" \/>\n<meta property=\"og:locale\" content=\"ro_RO\" \/>\n<meta property=\"og:type\" content=\"article\" \/>\n<meta property=\"og:title\" content=\"PIGEON&#039;S TEA, supplementary feed for pigeons\" \/>\n<meta property=\"og:description\" content=\"Helps digestion, improves condition, and promotes optimal metabolism\" \/>\n<meta property=\"og:url\" content=\"https:\/\/cest-pharma.com\/ro\/pigeons-tea\/\" \/>\n<meta property=\"og:site_name\" content=\"Cest Pharma\" \/>\n<meta property=\"article:modified_time\" content=\"2025-06-02T07:49:59+00:00\" \/>\n<meta property=\"og:image\" content=\"https:\/\/cest-pharma.com\/wp-content\/uploads\/2025\/06\/4.-Poza-Pigeons-Tea-300gr-fata.jpg\" \/>\n\t<meta property=\"og:image:width\" content=\"1920\" \/>\n\t<meta property=\"og:image:height\" content=\"1920\" \/>\n\t<meta property=\"og:image:type\" content=\"image\/jpeg\" \/>\n<meta name=\"twitter:card\" content=\"summary_large_image\" \/>\n<meta name=\"twitter:label1\" content=\"Timp estimat pentru citire\" \/>\n\t<meta name=\"twitter:data1\" content=\"4 minute\" \/>\n<script type=\"application\/ld+json\" class=\"yoast-schema-graph\">{\"@context\":\"https:\/\/schema.org\",\"@graph\":[{\"@type\":\"WebPage\",\"@id\":\"https:\/\/cest-pharma.com\/pigeons-tea\/\",\"url\":\"https:\/\/cest-pharma.com\/pigeons-tea\/\",\"name\":\"PIGEON'S TEA, supplementary feed for pigeons\",\"isPartOf\":{\"@id\":\"https:\/\/cest-pharma.com\/#website\"},\"datePublished\":\"2025-06-02T07:49:58+00:00\",\"dateModified\":\"2025-06-02T07:49:59+00:00\",\"description\":\"Helps digestion, improves condition, and promotes optimal metabolism\",\"breadcrumb\":{\"@id\":\"https:\/\/cest-pharma.com\/pigeons-tea\/#breadcrumb\"},\"inLanguage\":\"ro-RO\",\"potentialAction\":[{\"@type\":\"ReadAction\",\"target\":[\"https:\/\/cest-pharma.com\/pigeons-tea\/\"]}]},{\"@type\":\"BreadcrumbList\",\"@id\":\"https:\/\/cest-pharma.com\/pigeons-tea\/#breadcrumb\",\"itemListElement\":[{\"@type\":\"ListItem\",\"position\":1,\"name\":\"Home\",\"item\":\"https:\/\/cest-pharma.com\/\"},{\"@type\":\"ListItem\",\"position\":2,\"name\":\"PIGEONS TEA\"}]},{\"@type\":\"WebSite\",\"@id\":\"https:\/\/cest-pharma.com\/#website\",\"url\":\"https:\/\/cest-pharma.com\/\",\"name\":\"Cest Pharma\",\"description\":\"\",\"publisher\":{\"@id\":\"https:\/\/cest-pharma.com\/#organization\"},\"potentialAction\":[{\"@type\":\"SearchAction\",\"target\":{\"@type\":\"EntryPoint\",\"urlTemplate\":\"https:\/\/cest-pharma.com\/?s={search_term_string}\"},\"query-input\":\"required name=search_term_string\"}],\"inLanguage\":\"ro-RO\"},{\"@type\":\"Organization\",\"@id\":\"https:\/\/cest-pharma.com\/#organization\",\"name\":\"Cest Pharma\",\"url\":\"https:\/\/cest-pharma.com\/\",\"logo\":{\"@type\":\"ImageObject\",\"inLanguage\":\"ro-RO\",\"@id\":\"https:\/\/cest-pharma.com\/#\/schema\/logo\/image\/\",\"url\":\"https:\/\/cest-pharma.com\/wp-content\/uploads\/2023\/01\/cropped-Cest-Pharma-logo-font-corectat.png\",\"contentUrl\":\"https:\/\/cest-pharma.com\/wp-content\/uploads\/2023\/01\/cropped-Cest-Pharma-logo-font-corectat.png\",\"width\":1003,\"height\":777,\"caption\":\"Cest Pharma\"},\"image\":{\"@id\":\"https:\/\/cest-pharma.com\/#\/schema\/logo\/image\/\"}}]}<\/script>\n<!-- \/ Yoast SEO plugin. -->","yoast_head_json":{"title":"PIGEON'S TEA, supplementary feed for pigeons","description":"Helps digestion, improves condition, and promotes optimal metabolism","robots":{"index":"index","follow":"follow","max-snippet":"max-snippet:-1","max-image-preview":"max-image-preview:large","max-video-preview":"max-video-preview:-1"},"canonical":"https:\/\/cest-pharma.com\/ro\/pigeons-tea\/","og_locale":"ro_RO","og_type":"article","og_title":"PIGEON'S TEA, supplementary feed for pigeons","og_description":"Helps digestion, improves condition, and promotes optimal metabolism","og_url":"https:\/\/cest-pharma.com\/ro\/pigeons-tea\/","og_site_name":"Cest Pharma","article_modified_time":"2025-06-02T07:49:59+00:00","og_image":[{"width":1920,"height":1920,"url":"https:\/\/cest-pharma.com\/wp-content\/uploads\/2025\/06\/4.-Poza-Pigeons-Tea-300gr-fata.jpg","type":"image\/jpeg"}],"twitter_card":"summary_large_image","twitter_misc":{"Timp estimat pentru citire":"4 minute"},"schema":{"@context":"https:\/\/schema.org","@graph":[{"@type":"WebPage","@id":"https:\/\/cest-pharma.com\/pigeons-tea\/","url":"https:\/\/cest-pharma.com\/pigeons-tea\/","name":"PIGEON'S TEA, supplementary feed for pigeons","isPartOf":{"@id":"https:\/\/cest-pharma.com\/#website"},"datePublished":"2025-06-02T07:49:58+00:00","dateModified":"2025-06-02T07:49:59+00:00","description":"Helps digestion, improves condition, and promotes optimal metabolism","breadcrumb":{"@id":"https:\/\/cest-pharma.com\/pigeons-tea\/#breadcrumb"},"inLanguage":"ro-RO","potentialAction":[{"@type":"ReadAction","target":["https:\/\/cest-pharma.com\/pigeons-tea\/"]}]},{"@type":"BreadcrumbList","@id":"https:\/\/cest-pharma.com\/pigeons-tea\/#breadcrumb","itemListElement":[{"@type":"ListItem","position":1,"name":"Home","item":"https:\/\/cest-pharma.com\/"},{"@type":"ListItem","position":2,"name":"PIGEONS TEA"}]},{"@type":"WebSite","@id":"https:\/\/cest-pharma.com\/#website","url":"https:\/\/cest-pharma.com\/","name":"Cest Pharma","description":"","publisher":{"@id":"https:\/\/cest-pharma.com\/#organization"},"potentialAction":[{"@type":"SearchAction","target":{"@type":"EntryPoint","urlTemplate":"https:\/\/cest-pharma.com\/?s={search_term_string}"},"query-input":"required name=search_term_string"}],"inLanguage":"ro-RO"},{"@type":"Organization","@id":"https:\/\/cest-pharma.com\/#organization","name":"Cest Pharma","url":"https:\/\/cest-pharma.com\/","logo":{"@type":"ImageObject","inLanguage":"ro-RO","@id":"https:\/\/cest-pharma.com\/#\/schema\/logo\/image\/","url":"https:\/\/cest-pharma.com\/wp-content\/uploads\/2023\/01\/cropped-Cest-Pharma-logo-font-corectat.png","contentUrl":"https:\/\/cest-pharma.com\/wp-content\/uploads\/2023\/01\/cropped-Cest-Pharma-logo-font-corectat.png","width":1003,"height":777,"caption":"Cest Pharma"},"image":{"@id":"https:\/\/cest-pharma.com\/#\/schema\/logo\/image\/"}}]}},"_links":{"self":[{"href":"https:\/\/cest-pharma.com\/ro\/wp-json\/wp\/v2\/pages\/1835"}],"collection":[{"href":"https:\/\/cest-pharma.com\/ro\/wp-json\/wp\/v2\/pages"}],"about":[{"href":"https:\/\/cest-pharma.com\/ro\/wp-json\/wp\/v2\/types\/page"}],"author":[{"embeddable":true,"href":"https:\/\/cest-pharma.com\/ro\/wp-json\/wp\/v2\/users\/1"}],"replies":[{"embeddable":true,"href":"https:\/\/cest-pharma.com\/ro\/wp-json\/wp\/v2\/comments?post=1835"}],"version-history":[{"count":2,"href":"https:\/\/cest-pharma.com\/ro\/wp-json\/wp\/v2\/pages\/1835\/revisions"}],"predecessor-version":[{"id":1838,"href":"https:\/\/cest-pharma.com\/ro\/wp-json\/wp\/v2\/pages\/1835\/revisions\/1838"}],"wp:featuredmedia":[{"embeddable":true,"href":"https:\/\/cest-pharma.com\/ro\/wp-json\/wp\/v2\/media\/1836"}],"wp:attachment":[{"href":"https:\/\/cest-pharma.com\/ro\/wp-json\/wp\/v2\/media?parent=1835"}],"curies":[{"name":"wp","href":"https:\/\/api.w.org\/{rel}","templated":true}]}}