{"id":2010,"date":"2026-01-27T13:11:25","date_gmt":"2026-01-27T13:11:25","guid":{"rendered":"https:\/\/cest-pharma.com\/?page_id=2010"},"modified":"2026-02-03T07:31:47","modified_gmt":"2026-02-03T07:31:47","slug":"breeding-booster-600g-2","status":"publish","type":"page","link":"https:\/\/cest-pharma.com\/ro\/breeding-booster-600g-2\/","title":{"rendered":"BREEDING BOOSTER  600g"},"content":{"rendered":"<section class=\"fw-main-row\"  >\n\t<div class=\"fw-container-fluid\">\n\t\t<div class=\"fw-row\">\n\t<div class=\"fw-col-xs-12\">\n\t\n<section id=\"product\" class=\"p-0\">\n\t<div class=\"section-inner\">\n\t\t<div class=\"row\">\n\t\t\t<div class=\"col-md-6 d-flex justify-content-center align-items-center\">\n\t\t\t\t<div class=\"product-image gallerys\">\n\t\t\t\t\t<img width=\"1920\" height=\"1920\" src=\"https:\/\/cest-pharma.com\/wp-content\/uploads\/2026\/01\/4.-Poza-Breeding-Booster-600gr.jpg\" class=\"attachment-full size-full wp-post-image\" alt=\"\" decoding=\"async\" loading=\"lazy\" srcset=\"https:\/\/cest-pharma.com\/wp-content\/uploads\/2026\/01\/4.-Poza-Breeding-Booster-600gr.jpg 1920w, https:\/\/cest-pharma.com\/wp-content\/uploads\/2026\/01\/4.-Poza-Breeding-Booster-600gr-300x300.jpg 300w, https:\/\/cest-pharma.com\/wp-content\/uploads\/2026\/01\/4.-Poza-Breeding-Booster-600gr-1024x1024.jpg 1024w, https:\/\/cest-pharma.com\/wp-content\/uploads\/2026\/01\/4.-Poza-Breeding-Booster-600gr-150x150.jpg 150w, https:\/\/cest-pharma.com\/wp-content\/uploads\/2026\/01\/4.-Poza-Breeding-Booster-600gr-768x768.jpg 768w, https:\/\/cest-pharma.com\/wp-content\/uploads\/2026\/01\/4.-Poza-Breeding-Booster-600gr-1536x1536.jpg 1536w, https:\/\/cest-pharma.com\/wp-content\/uploads\/2026\/01\/4.-Poza-Breeding-Booster-600gr-12x12.jpg 12w, https:\/\/cest-pharma.com\/wp-content\/uploads\/2026\/01\/4.-Poza-Breeding-Booster-600gr-1200x1200.jpg 1200w\" sizes=\"(max-width: 1920px) 100vw, 1920px\" \/>\t\t\t\t\t<img width=\"1920\" height=\"1920\" src=\"https:\/\/cest-pharma.com\/wp-content\/uploads\/2026\/01\/4.-Poza-Breeding-Booster-600gr.jpg\" class=\"attachment- size-\" alt=\"\" decoding=\"async\" loading=\"lazy\" srcset=\"https:\/\/cest-pharma.com\/wp-content\/uploads\/2026\/01\/4.-Poza-Breeding-Booster-600gr.jpg 1920w, https:\/\/cest-pharma.com\/wp-content\/uploads\/2026\/01\/4.-Poza-Breeding-Booster-600gr-300x300.jpg 300w, https:\/\/cest-pharma.com\/wp-content\/uploads\/2026\/01\/4.-Poza-Breeding-Booster-600gr-1024x1024.jpg 1024w, https:\/\/cest-pharma.com\/wp-content\/uploads\/2026\/01\/4.-Poza-Breeding-Booster-600gr-150x150.jpg 150w, https:\/\/cest-pharma.com\/wp-content\/uploads\/2026\/01\/4.-Poza-Breeding-Booster-600gr-768x768.jpg 768w, https:\/\/cest-pharma.com\/wp-content\/uploads\/2026\/01\/4.-Poza-Breeding-Booster-600gr-1536x1536.jpg 1536w, https:\/\/cest-pharma.com\/wp-content\/uploads\/2026\/01\/4.-Poza-Breeding-Booster-600gr-12x12.jpg 12w, https:\/\/cest-pharma.com\/wp-content\/uploads\/2026\/01\/4.-Poza-Breeding-Booster-600gr-1200x1200.jpg 1200w\" sizes=\"(max-width: 1920px) 100vw, 1920px\" \/>\t\t\t\t<\/div>\n \t\t\t    <div class=\"socials\">\n\t\t\t      <div class=\"sticky\">\n\t\t\t\t  <ul>\n\t\t\t\t\t<li>\n\t\t\t\t\t\t<a href=\"\/\/www.facebook.com\/sharer.php?u=https:\/\/cest-pharma.com\/ro\/breeding-booster-600g-2\/\" class=\"social-sharing-item-block facebook\" title=\"Facebook\" onclick=\"event.preventDefault(); javascript:window.open(this.href, '', 'menubar=no,toolbar=no,resizable=yes,scrollbars=yes,height=220,width=600');return false;\">\n\t\t\t\t\t\t    <!-- <i class=\"fa fa-facebook social-sharing-icon\"><\/i> -->\n\t\t\t\t\t\t    <img src=\"\/wp-content\/uploads\/2022\/12\/facebook-1.png\">\n\t\t\t\t\t\t<\/a>\n\t\t\t\t\t<\/li>\n\t\t\t\t\t<li>\n\t\t\t\t\t\t<a href=\"\/\/linkedin.com\/share?url=https:\/\/cest-pharma.com\/ro\/breeding-booster-600g-2\/&amp;text=BREEDING+BOOSTER++600g\" class=\"social-sharing-item-block twitter\" title=\"linkedin\" onclick=\"javascript:window.open(this.href, '', 'menubar=no,toolbar=no,resizable=yes,scrollbars=yes,height=260,width=600');return false;\">\n\t\t\t\t\t\t    <!-- <i class=\"fa fa-twitter social-sharing-icon\"><\/i> -->\n\t\t\t\t\t\t\t<img src=\"\/wp-content\/uploads\/2022\/12\/linkedin.png\">\n\t\t\t\t\t\t<\/a>\n\t\t\t\t\t<\/li>\n\t\t\t\t\t<li>\n\t\t\t\t\t\t<a href=\"\/\/twitter.com\/share?url=https:\/\/cest-pharma.com\/ro\/breeding-booster-600g-2\/&amp;text=BREEDING+BOOSTER++600g\" class=\"social-sharing-item-block twitter\" title=\"linkedin\" onclick=\"javascript:window.open(this.href, '', 'menubar=no,toolbar=no,resizable=yes,scrollbars=yes,height=260,width=600');return false;\">\n\t\t\t\t\t\t    <!-- <i class=\"fa fa-twitter social-sharing-icon\"><\/i> -->\n\t\t\t\t\t\t\t<img src=\"\/wp-content\/uploads\/2022\/12\/twitter.png\">\n\t\t\t\t\t\t<\/a>\n\t\t\t\t\t<\/li>\n\t\t\t\t<\/ul>\n\t\t\t<\/div>\n\t\t<\/div>\n\t\t\t<\/div>\n\t\t\t<div class=\"col-md-6\">\n\t\t\t\t<div class=\"title-product\">\n\t\t\t\t\tBREEDING BOOSTER 600g\t\t\t\t<\/div>\n\t\t\t\t\t\t\t\t\t<div class=\"box-desc-title\">\n\t\t\t\t\t\tINDICA\u021aII:\t\t\t\t\t<\/div>\n\t\t\t\t\t<div class=\"box-desc\">\n\t\t\t\t\t\t<p><strong>BREEDING BOOSTER<\/strong> sta la baza  cre\u015fterii  performan\u0163ei reproductive \u00een r\u00e2ndul  porumbeilor. Componentele sale au rolul de a proteja \u015fi de a completa  rezervele de nutrien\u0163i ale  organismului, ceea este esen\u0163ial \u00een perioadele cu maxim\u0103 activitate fiziologic\u0103 (perioada de reproduc\u0163ie, de ouat, n\u0103p\u00e2rlire, etc), dar \u015fi \u00een situa\u0163iile de recuperare dup\u0103 concursuri, \u00eemboln\u0103viri, convalescen\u0163\u0103, stres termic, transport.<br \/>\u00cen aceea\u015fi m\u0103sur\u0103,  va reduce semnificativ starea de  epuizare a  organismului care este \u00eenso\u0163it\u0103 \u00eentotdeauna de  pierderi masive de energie \u0219i substan\u021be nutritive. <strong>Se recomand\u0103 utilizarea:<\/strong> \u00een perioadele de  \u00eemperechere \u0219i  n\u0103p\u00e2lire, pentru o imunitate puternic\u0103, prevenirea caren\u021belor de vitamine \u0219i aminoacizi, dezvoltarea florei intestinale benefice, men\u0163ine s\u0103n\u0103tatea pielii,  mucoaselor \u015fi a penajului, reduce senza\u021bia de oboseal\u0103 \u0219i de epuizare, stimuleaz\u0103 produc\u0163ia de energie, efect antioxidant,  protejeaz\u0103 \u00eempotriva degrad\u0103rii celulare, \u00een perioadele de preg\u0103tire pentru concursuri \u0219i cu riscuri mari de \u00eemboln\u0103viri, recuperarea rapid\u0103 dup\u0103 eforturi intense.<\/p>\t\t\t\t\t<\/div>\n\t\t\t\t\t\t\t\t\t<div class=\"box-desc-title\">\n\t\t\t\t\t\tCOMPOZI\u021aIE:\t\t\t\t\t<\/div>\n\t\t\t\t\t<div class=\"box-desc\">\n\t\t\t\t\t\t<p>Drojdie de bere, Maltodextrin\u0103, Metil-sulfonil-metan, Glucozamin\u0103 sulfat, Condroitin\u0103 sulfat, Produse din drojdie, Sulfat de sodiu, Clorur\u0103 de sodiu, Clorur\u0103 de potasiu, Sulfat de magneziu, Carbonat de calciu.<\/p><p><strong>ADITIVI NUTRI\u021aIONALI\/KG:<\/strong> Aditivi la 1L: Aditivi nutri\u021bionali: Vitamina A (3a672b) 1.000.000 UI, Vitamina D3 (3a671) 170.000 UI, Vitamina E (3a700) 2.000 mg, Clorur\u0103 de colin\u0103 (3a890) 20.000 mg, D-Pantenol (3a842) 636 mg, L-Carnitin\u0103 (3a910) 42 mg, Vitamina K3 (3a710) 130 mg, Niacinamid\u0103 (3a315) 1.500 mg, Vitamina B1 (3a820) 220 mg, Vitamina B2 (3a826) 820 mg, Vitamina B6 (3a831) 200 mg, Vitamina B12 (3a836) 150 mcg, Biotin\u0103 (3a880) 1.000 mcg, acid folic (3a316) 5,4 mg, clorhidrat de betain\u0103 (3a925) 4.000 mg.<\/p><p><u>COMPU\u0218I CU OLIGOELEMENTE: <\/u>Sulfat de fier (III) monohidrat (3b103) 120 mg, Sulfat de zinc monohidrat (3b605) 120 mg, Sulfat de mangan monohidrat (3b503) 120 mg.<\/p><p>A<strong>INGREDIENTE ANALITICE<\/strong>:Umiditate 79,36, Protein\u0103 brut\u0103 23,50%, Gr\u0103sime brut\u0103 0,14%, Cenu\u0219\u0103 brut\u0103 2,51%, Fibr\u0103 brut\u0103 0,05%, Sodiu 0,02%, Lizin\u0103 0,17%, Metionin\u0103 0,04%<\/p>\t\t\t\t\t<\/div>\n\t\t\t\t\t\t\t\t\t<div class=\"box-desc-title\">\n\t\t\t\t\t\tADMINISTRARE:\t\t\t\t\t<\/div>\n\t\t\t\t\t<div class=\"box-desc\">\n\t\t\t\t\t\t<p>5gr. (1 m\u0103sur\u0103)\/1 kg de m\u00e2ncare<\/p>\t\t\t\t\t<\/div>\n\t\t\t\t\t\t\t\t\t<div class=\"box-desc-title\">\n\t\t\t\t\t\tDEPOZITARE:\t\t\t\t\t<\/div>\n\t\t\t\t\t<div class=\"box-desc\">\n\t\t\t\t\t\t<p>A se depozita \u00eentr-un loc uscat, la temperaturi care nu dep\u0103\u0219esc 25\u00b0C. P\u0103stra\u021bi \u00een ambalajul original, departe de umiditate \u0219i de lumina direct\u0103 a soarelui. A nu se l\u0103sa la \u00eendem\u00e2na copiilor. Nu utiliza\u021bi dup\u0103 data de expirare.<\/p>\t\t\t\t\t<\/div>\n\t\t\t\t\t\t\t<\/div>\n\t\t\t<div class=\"button-resellers d-flex justify-content-center align-items-center\">\n\t\t\t\t<a href=\"https:\/\/cest-pharma.com\/ro\/parteneri\/\" target=\"_self\" class=\"fw-btn fw-btn-1\">\n\t\t\t\t\t<span><img src=\"\/wp-content\/uploads\/2022\/11\/Cart.png\" class=\"d-inline\"> Adaug\u0103 \u00een co\u0219<\/span>\n\t\t\t\t<\/a>\n\t\t\t<\/div>\n\t\t<\/div>\n\t\t<div class=\"row related\">\n\t\t\t<div class=\"category-related\">\n\t\t\t\tProduse conexe\t\t\t<\/div>\n\t\t\t<div class=\"swiper-related\">\n\t\t\t\t<!-- Swiper -->\n\t\t\t\t<div class=\"swiper mySwiper\">\n\t\t\t\t\t<div class=\"swiper-wrapper\">\n\t\t\t\t\t\t\t\t\t\t\t<div class=\"swiper-slide gallerys\">\n\t\t\t\t\t\t\t<a href=\"\/ro\/energy-plus-300g\/\" target=\"_self\" class=\"fw-btn fw-btn-1\">\n\t\t\t\t\t\t\t\t<div class=\"image_related\">\n\t\t\t\t\t\t\t\t\t<img width=\"1920\" height=\"1920\" src=\"https:\/\/cest-pharma.com\/wp-content\/uploads\/2026\/01\/4.-Poza-Breeding-Booster-600gr.jpg\" class=\"attachment-full size-full wp-post-image\" alt=\"\" decoding=\"async\" loading=\"lazy\" srcset=\"https:\/\/cest-pharma.com\/wp-content\/uploads\/2026\/01\/4.-Poza-Breeding-Booster-600gr.jpg 1920w, https:\/\/cest-pharma.com\/wp-content\/uploads\/2026\/01\/4.-Poza-Breeding-Booster-600gr-300x300.jpg 300w, https:\/\/cest-pharma.com\/wp-content\/uploads\/2026\/01\/4.-Poza-Breeding-Booster-600gr-1024x1024.jpg 1024w, https:\/\/cest-pharma.com\/wp-content\/uploads\/2026\/01\/4.-Poza-Breeding-Booster-600gr-150x150.jpg 150w, https:\/\/cest-pharma.com\/wp-content\/uploads\/2026\/01\/4.-Poza-Breeding-Booster-600gr-768x768.jpg 768w, https:\/\/cest-pharma.com\/wp-content\/uploads\/2026\/01\/4.-Poza-Breeding-Booster-600gr-1536x1536.jpg 1536w, https:\/\/cest-pharma.com\/wp-content\/uploads\/2026\/01\/4.-Poza-Breeding-Booster-600gr-12x12.jpg 12w, https:\/\/cest-pharma.com\/wp-content\/uploads\/2026\/01\/4.-Poza-Breeding-Booster-600gr-1200x1200.jpg 1200w\" sizes=\"(max-width: 1920px) 100vw, 1920px\" \/>\t\t\t\t\t\t\t\t\t<img width=\"1920\" height=\"1920\" src=\"https:\/\/cest-pharma.com\/wp-content\/uploads\/2022\/12\/06.07.2021-Columbovet-15.png\" class=\"attachment- size-\" alt=\"\" decoding=\"async\" loading=\"lazy\" srcset=\"https:\/\/cest-pharma.com\/wp-content\/uploads\/2022\/12\/06.07.2021-Columbovet-15.png 1920w, https:\/\/cest-pharma.com\/wp-content\/uploads\/2022\/12\/06.07.2021-Columbovet-15-300x300.png 300w, https:\/\/cest-pharma.com\/wp-content\/uploads\/2022\/12\/06.07.2021-Columbovet-15-1024x1024.png 1024w, https:\/\/cest-pharma.com\/wp-content\/uploads\/2022\/12\/06.07.2021-Columbovet-15-150x150.png 150w, https:\/\/cest-pharma.com\/wp-content\/uploads\/2022\/12\/06.07.2021-Columbovet-15-768x768.png 768w, https:\/\/cest-pharma.com\/wp-content\/uploads\/2022\/12\/06.07.2021-Columbovet-15-1536x1536.png 1536w, https:\/\/cest-pharma.com\/wp-content\/uploads\/2022\/12\/06.07.2021-Columbovet-15-12x12.png 12w, https:\/\/cest-pharma.com\/wp-content\/uploads\/2022\/12\/06.07.2021-Columbovet-15-1200x1200.png 1200w\" sizes=\"(max-width: 1920px) 100vw, 1920px\" \/>\t\t\t\t\t\t\t\t<\/div>\n\t\t\t\t\t\t\t\t<div class=\"name_related\">\n\t\t\t\t\t\t\t\t\tENERGY PLUS 300g\t\t\t\t\t\t\t\t<\/div>\n\t\t\t\t\t\t\t<\/a>\n\t\t\t\t\t\t<\/div>\n\t\t\t\t\t\t\t\t\t\t\t<div class=\"swiper-slide gallerys\">\n\t\t\t\t\t\t\t<a href=\"https:\/\/cest-pharma.com\/ro\/yellow-drops-100ml\/\" target=\"_self\" class=\"fw-btn fw-btn-1\">\n\t\t\t\t\t\t\t\t<div class=\"image_related\">\n\t\t\t\t\t\t\t\t\t<img width=\"1920\" height=\"1920\" src=\"https:\/\/cest-pharma.com\/wp-content\/uploads\/2026\/01\/4.-Poza-Breeding-Booster-600gr.jpg\" class=\"attachment-full size-full wp-post-image\" alt=\"\" decoding=\"async\" loading=\"lazy\" srcset=\"https:\/\/cest-pharma.com\/wp-content\/uploads\/2026\/01\/4.-Poza-Breeding-Booster-600gr.jpg 1920w, https:\/\/cest-pharma.com\/wp-content\/uploads\/2026\/01\/4.-Poza-Breeding-Booster-600gr-300x300.jpg 300w, https:\/\/cest-pharma.com\/wp-content\/uploads\/2026\/01\/4.-Poza-Breeding-Booster-600gr-1024x1024.jpg 1024w, https:\/\/cest-pharma.com\/wp-content\/uploads\/2026\/01\/4.-Poza-Breeding-Booster-600gr-150x150.jpg 150w, https:\/\/cest-pharma.com\/wp-content\/uploads\/2026\/01\/4.-Poza-Breeding-Booster-600gr-768x768.jpg 768w, https:\/\/cest-pharma.com\/wp-content\/uploads\/2026\/01\/4.-Poza-Breeding-Booster-600gr-1536x1536.jpg 1536w, https:\/\/cest-pharma.com\/wp-content\/uploads\/2026\/01\/4.-Poza-Breeding-Booster-600gr-12x12.jpg 12w, https:\/\/cest-pharma.com\/wp-content\/uploads\/2026\/01\/4.-Poza-Breeding-Booster-600gr-1200x1200.jpg 1200w\" sizes=\"(max-width: 1920px) 100vw, 1920px\" \/>\t\t\t\t\t\t\t\t\t<img width=\"1920\" height=\"1920\" src=\"https:\/\/cest-pharma.com\/wp-content\/uploads\/2022\/12\/06.07.2021-Columbovet-34.png\" class=\"attachment- size-\" alt=\"\" decoding=\"async\" loading=\"lazy\" srcset=\"https:\/\/cest-pharma.com\/wp-content\/uploads\/2022\/12\/06.07.2021-Columbovet-34.png 1920w, https:\/\/cest-pharma.com\/wp-content\/uploads\/2022\/12\/06.07.2021-Columbovet-34-300x300.png 300w, https:\/\/cest-pharma.com\/wp-content\/uploads\/2022\/12\/06.07.2021-Columbovet-34-1024x1024.png 1024w, https:\/\/cest-pharma.com\/wp-content\/uploads\/2022\/12\/06.07.2021-Columbovet-34-150x150.png 150w, https:\/\/cest-pharma.com\/wp-content\/uploads\/2022\/12\/06.07.2021-Columbovet-34-768x768.png 768w, https:\/\/cest-pharma.com\/wp-content\/uploads\/2022\/12\/06.07.2021-Columbovet-34-1536x1536.png 1536w, https:\/\/cest-pharma.com\/wp-content\/uploads\/2022\/12\/06.07.2021-Columbovet-34-12x12.png 12w, https:\/\/cest-pharma.com\/wp-content\/uploads\/2022\/12\/06.07.2021-Columbovet-34-1200x1200.png 1200w\" sizes=\"(max-width: 1920px) 100vw, 1920px\" \/>\t\t\t\t\t\t\t\t<\/div>\n\t\t\t\t\t\t\t\t<div class=\"name_related\">\n\t\t\t\t\t\t\t\t\tYELLOW DROPS 100ml\t\t\t\t\t\t\t\t<\/div>\n\t\t\t\t\t\t\t<\/a>\n\t\t\t\t\t\t<\/div>\n\t\t\t\t\t\t\t\t\t\t\t<div class=\"swiper-slide gallerys\">\n\t\t\t\t\t\t\t<a href=\"https:\/\/cest-pharma.com\/ro\/tricogo-500ml-1000ml\/\" target=\"_self\" class=\"fw-btn fw-btn-1\">\n\t\t\t\t\t\t\t\t<div class=\"image_related\">\n\t\t\t\t\t\t\t\t\t<img width=\"1920\" height=\"1920\" src=\"https:\/\/cest-pharma.com\/wp-content\/uploads\/2026\/01\/4.-Poza-Breeding-Booster-600gr.jpg\" class=\"attachment-full size-full wp-post-image\" alt=\"\" decoding=\"async\" loading=\"lazy\" srcset=\"https:\/\/cest-pharma.com\/wp-content\/uploads\/2026\/01\/4.-Poza-Breeding-Booster-600gr.jpg 1920w, https:\/\/cest-pharma.com\/wp-content\/uploads\/2026\/01\/4.-Poza-Breeding-Booster-600gr-300x300.jpg 300w, https:\/\/cest-pharma.com\/wp-content\/uploads\/2026\/01\/4.-Poza-Breeding-Booster-600gr-1024x1024.jpg 1024w, https:\/\/cest-pharma.com\/wp-content\/uploads\/2026\/01\/4.-Poza-Breeding-Booster-600gr-150x150.jpg 150w, https:\/\/cest-pharma.com\/wp-content\/uploads\/2026\/01\/4.-Poza-Breeding-Booster-600gr-768x768.jpg 768w, https:\/\/cest-pharma.com\/wp-content\/uploads\/2026\/01\/4.-Poza-Breeding-Booster-600gr-1536x1536.jpg 1536w, https:\/\/cest-pharma.com\/wp-content\/uploads\/2026\/01\/4.-Poza-Breeding-Booster-600gr-12x12.jpg 12w, https:\/\/cest-pharma.com\/wp-content\/uploads\/2026\/01\/4.-Poza-Breeding-Booster-600gr-1200x1200.jpg 1200w\" sizes=\"(max-width: 1920px) 100vw, 1920px\" \/>\t\t\t\t\t\t\t\t\t<img width=\"1920\" height=\"1920\" src=\"https:\/\/cest-pharma.com\/wp-content\/uploads\/2022\/12\/EW1A2891-1.png\" class=\"attachment- size-\" alt=\"\" decoding=\"async\" loading=\"lazy\" srcset=\"https:\/\/cest-pharma.com\/wp-content\/uploads\/2022\/12\/EW1A2891-1.png 1920w, https:\/\/cest-pharma.com\/wp-content\/uploads\/2022\/12\/EW1A2891-1-300x300.png 300w, https:\/\/cest-pharma.com\/wp-content\/uploads\/2022\/12\/EW1A2891-1-1024x1024.png 1024w, https:\/\/cest-pharma.com\/wp-content\/uploads\/2022\/12\/EW1A2891-1-150x150.png 150w, https:\/\/cest-pharma.com\/wp-content\/uploads\/2022\/12\/EW1A2891-1-768x768.png 768w, https:\/\/cest-pharma.com\/wp-content\/uploads\/2022\/12\/EW1A2891-1-1536x1536.png 1536w, https:\/\/cest-pharma.com\/wp-content\/uploads\/2022\/12\/EW1A2891-1-12x12.png 12w, https:\/\/cest-pharma.com\/wp-content\/uploads\/2022\/12\/EW1A2891-1-1200x1200.png 1200w\" sizes=\"(max-width: 1920px) 100vw, 1920px\" \/>\t\t\t\t\t\t\t\t<\/div>\n\t\t\t\t\t\t\t\t<div class=\"name_related\">\n\t\t\t\t\t\t\t\t\tTRICOGO 500ml\/1000ml\t\t\t\t\t\t\t\t<\/div>\n\t\t\t\t\t\t\t<\/a>\n\t\t\t\t\t\t<\/div>\n\t\t\t\t\t\t\t\t\t\t<\/div>\n\t\t\t\t\t<div class=\"swiper-button-next\"><\/div>\n\t\t\t\t\t<div class=\"swiper-button-prev\"><\/div>\n\t\t\t\t<\/div>\n\t\t\t<\/div>\n\t\t<\/div>\n\t<\/div>\n<\/section>\n\n<!-- Swiper JS -->\n<script src=\"https:\/\/cdn.jsdelivr.net\/npm\/swiper\/swiper-bundle.min.js\"><\/script>\n\n<!-- Initialize Swiper -->\n<script>\n\tvar swiper = new Swiper(\".mySwiper\", {\n\tslidesPerView: 1,\n\tspaceBetween: 30,\n\tloop: true,\n    autoplay: {\n      delay: 2500,\n      disableOnInteraction: false,\n    },\n\tnavigation: {\n\t\tnextEl: \".swiper-button-next\",\n\t\tprevEl: \".swiper-button-prev\",\n\t},\n\tbreakpoints: {\n          640: {\n            slidesPerView: 2,\n            spaceBetween: 10,\n          },\n          768: {\n            slidesPerView: 3,\n            spaceBetween: 30,\n          },\n          1024: {\n            slidesPerView: 4,\n            spaceBetween: 30,\n          },\n        },\n\t});\n<\/script>\n<\/div>\n<\/div>\n\n\t<\/div>\n<\/section>","protected":false},"excerpt":{"rendered":"<p>BREEDING BOOSTER 600g INDICATIONS: BREEDING BOOSTER is designed to enhance reproductive performance in pigeons. Its components help protect and replenish the body&#8217;s nutrient reserves, which is essential during periods of high physiological activity (breeding, egg-laying, moulting, etc.), as well as during recovery from races, illnesses, convalescence, heat stress, or transportation.At the same time, it significantly [&hellip;]<\/p>","protected":false},"author":1,"featured_media":2011,"parent":0,"menu_order":0,"comment_status":"closed","ping_status":"closed","template":"","meta":[],"yoast_head":"<!-- This site is optimized with the Yoast SEO plugin v19.11 - https:\/\/yoast.com\/wordpress\/plugins\/seo\/ -->\n<title>BREEDING BOOSTER 600g - enhance reproductive performance in pigeons<\/title>\n<meta name=\"description\" content=\"BREEDING BOOSTER is designed to enhance reproductive performance in pigeons. Its components help protect and replenish the body&#039;s nutrient reserves, which is essential during periods of high physiological activity (breeding, egg-laying, moulting, etc.)\" \/>\n<meta name=\"robots\" content=\"index, follow, max-snippet:-1, max-image-preview:large, max-video-preview:-1\" \/>\n<link rel=\"canonical\" href=\"https:\/\/cest-pharma.com\/ro\/breeding-booster-600g-2\/\" \/>\n<meta property=\"og:locale\" content=\"ro_RO\" \/>\n<meta property=\"og:type\" content=\"article\" \/>\n<meta property=\"og:title\" content=\"BREEDING BOOSTER 600g - enhance reproductive performance in pigeons\" \/>\n<meta property=\"og:description\" content=\"BREEDING BOOSTER is designed to enhance reproductive performance in pigeons. Its components help protect and replenish the body&#039;s nutrient reserves, which is essential during periods of high physiological activity (breeding, egg-laying, moulting, etc.)\" \/>\n<meta property=\"og:url\" content=\"https:\/\/cest-pharma.com\/ro\/breeding-booster-600g-2\/\" \/>\n<meta property=\"og:site_name\" content=\"Cest Pharma\" \/>\n<meta property=\"article:modified_time\" content=\"2026-02-03T07:31:47+00:00\" \/>\n<meta property=\"og:image\" content=\"https:\/\/cest-pharma.com\/wp-content\/uploads\/2026\/01\/4.-Poza-Breeding-Booster-600gr.jpg\" \/>\n\t<meta property=\"og:image:width\" content=\"1920\" \/>\n\t<meta property=\"og:image:height\" content=\"1920\" \/>\n\t<meta property=\"og:image:type\" content=\"image\/jpeg\" \/>\n<meta name=\"twitter:card\" content=\"summary_large_image\" \/>\n<meta name=\"twitter:label1\" content=\"Timp estimat pentru citire\" \/>\n\t<meta name=\"twitter:data1\" content=\"4 minute\" \/>\n<script type=\"application\/ld+json\" class=\"yoast-schema-graph\">{\"@context\":\"https:\/\/schema.org\",\"@graph\":[{\"@type\":\"WebPage\",\"@id\":\"https:\/\/cest-pharma.com\/breeding-booster-600g-2\/\",\"url\":\"https:\/\/cest-pharma.com\/breeding-booster-600g-2\/\",\"name\":\"BREEDING BOOSTER 600g - enhance reproductive performance in pigeons\",\"isPartOf\":{\"@id\":\"https:\/\/cest-pharma.com\/#website\"},\"datePublished\":\"2026-01-27T13:11:25+00:00\",\"dateModified\":\"2026-02-03T07:31:47+00:00\",\"description\":\"BREEDING BOOSTER is designed to enhance reproductive performance in pigeons. Its components help protect and replenish the body's nutrient reserves, which is essential during periods of high physiological activity (breeding, egg-laying, moulting, etc.)\",\"breadcrumb\":{\"@id\":\"https:\/\/cest-pharma.com\/breeding-booster-600g-2\/#breadcrumb\"},\"inLanguage\":\"ro-RO\",\"potentialAction\":[{\"@type\":\"ReadAction\",\"target\":[\"https:\/\/cest-pharma.com\/breeding-booster-600g-2\/\"]}]},{\"@type\":\"BreadcrumbList\",\"@id\":\"https:\/\/cest-pharma.com\/breeding-booster-600g-2\/#breadcrumb\",\"itemListElement\":[{\"@type\":\"ListItem\",\"position\":1,\"name\":\"Home\",\"item\":\"https:\/\/cest-pharma.com\/\"},{\"@type\":\"ListItem\",\"position\":2,\"name\":\"BREEDING BOOSTER 600g\"}]},{\"@type\":\"WebSite\",\"@id\":\"https:\/\/cest-pharma.com\/#website\",\"url\":\"https:\/\/cest-pharma.com\/\",\"name\":\"Cest Pharma\",\"description\":\"\",\"publisher\":{\"@id\":\"https:\/\/cest-pharma.com\/#organization\"},\"potentialAction\":[{\"@type\":\"SearchAction\",\"target\":{\"@type\":\"EntryPoint\",\"urlTemplate\":\"https:\/\/cest-pharma.com\/?s={search_term_string}\"},\"query-input\":\"required name=search_term_string\"}],\"inLanguage\":\"ro-RO\"},{\"@type\":\"Organization\",\"@id\":\"https:\/\/cest-pharma.com\/#organization\",\"name\":\"Cest Pharma\",\"url\":\"https:\/\/cest-pharma.com\/\",\"logo\":{\"@type\":\"ImageObject\",\"inLanguage\":\"ro-RO\",\"@id\":\"https:\/\/cest-pharma.com\/#\/schema\/logo\/image\/\",\"url\":\"https:\/\/cest-pharma.com\/wp-content\/uploads\/2023\/01\/cropped-Cest-Pharma-logo-font-corectat.png\",\"contentUrl\":\"https:\/\/cest-pharma.com\/wp-content\/uploads\/2023\/01\/cropped-Cest-Pharma-logo-font-corectat.png\",\"width\":1003,\"height\":777,\"caption\":\"Cest Pharma\"},\"image\":{\"@id\":\"https:\/\/cest-pharma.com\/#\/schema\/logo\/image\/\"}}]}<\/script>\n<!-- \/ Yoast SEO plugin. -->","yoast_head_json":{"title":"BREEDING BOOSTER 600g - enhance reproductive performance in pigeons","description":"BREEDING BOOSTER is designed to enhance reproductive performance in pigeons. Its components help protect and replenish the body's nutrient reserves, which is essential during periods of high physiological activity (breeding, egg-laying, moulting, etc.)","robots":{"index":"index","follow":"follow","max-snippet":"max-snippet:-1","max-image-preview":"max-image-preview:large","max-video-preview":"max-video-preview:-1"},"canonical":"https:\/\/cest-pharma.com\/ro\/breeding-booster-600g-2\/","og_locale":"ro_RO","og_type":"article","og_title":"BREEDING BOOSTER 600g - enhance reproductive performance in pigeons","og_description":"BREEDING BOOSTER is designed to enhance reproductive performance in pigeons. Its components help protect and replenish the body's nutrient reserves, which is essential during periods of high physiological activity (breeding, egg-laying, moulting, etc.)","og_url":"https:\/\/cest-pharma.com\/ro\/breeding-booster-600g-2\/","og_site_name":"Cest Pharma","article_modified_time":"2026-02-03T07:31:47+00:00","og_image":[{"width":1920,"height":1920,"url":"https:\/\/cest-pharma.com\/wp-content\/uploads\/2026\/01\/4.-Poza-Breeding-Booster-600gr.jpg","type":"image\/jpeg"}],"twitter_card":"summary_large_image","twitter_misc":{"Timp estimat pentru citire":"4 minute"},"schema":{"@context":"https:\/\/schema.org","@graph":[{"@type":"WebPage","@id":"https:\/\/cest-pharma.com\/breeding-booster-600g-2\/","url":"https:\/\/cest-pharma.com\/breeding-booster-600g-2\/","name":"BREEDING BOOSTER 600g - enhance reproductive performance in pigeons","isPartOf":{"@id":"https:\/\/cest-pharma.com\/#website"},"datePublished":"2026-01-27T13:11:25+00:00","dateModified":"2026-02-03T07:31:47+00:00","description":"BREEDING BOOSTER is designed to enhance reproductive performance in pigeons. Its components help protect and replenish the body's nutrient reserves, which is essential during periods of high physiological activity (breeding, egg-laying, moulting, etc.)","breadcrumb":{"@id":"https:\/\/cest-pharma.com\/breeding-booster-600g-2\/#breadcrumb"},"inLanguage":"ro-RO","potentialAction":[{"@type":"ReadAction","target":["https:\/\/cest-pharma.com\/breeding-booster-600g-2\/"]}]},{"@type":"BreadcrumbList","@id":"https:\/\/cest-pharma.com\/breeding-booster-600g-2\/#breadcrumb","itemListElement":[{"@type":"ListItem","position":1,"name":"Home","item":"https:\/\/cest-pharma.com\/"},{"@type":"ListItem","position":2,"name":"BREEDING BOOSTER 600g"}]},{"@type":"WebSite","@id":"https:\/\/cest-pharma.com\/#website","url":"https:\/\/cest-pharma.com\/","name":"Cest Pharma","description":"","publisher":{"@id":"https:\/\/cest-pharma.com\/#organization"},"potentialAction":[{"@type":"SearchAction","target":{"@type":"EntryPoint","urlTemplate":"https:\/\/cest-pharma.com\/?s={search_term_string}"},"query-input":"required name=search_term_string"}],"inLanguage":"ro-RO"},{"@type":"Organization","@id":"https:\/\/cest-pharma.com\/#organization","name":"Cest Pharma","url":"https:\/\/cest-pharma.com\/","logo":{"@type":"ImageObject","inLanguage":"ro-RO","@id":"https:\/\/cest-pharma.com\/#\/schema\/logo\/image\/","url":"https:\/\/cest-pharma.com\/wp-content\/uploads\/2023\/01\/cropped-Cest-Pharma-logo-font-corectat.png","contentUrl":"https:\/\/cest-pharma.com\/wp-content\/uploads\/2023\/01\/cropped-Cest-Pharma-logo-font-corectat.png","width":1003,"height":777,"caption":"Cest Pharma"},"image":{"@id":"https:\/\/cest-pharma.com\/#\/schema\/logo\/image\/"}}]}},"_links":{"self":[{"href":"https:\/\/cest-pharma.com\/ro\/wp-json\/wp\/v2\/pages\/2010"}],"collection":[{"href":"https:\/\/cest-pharma.com\/ro\/wp-json\/wp\/v2\/pages"}],"about":[{"href":"https:\/\/cest-pharma.com\/ro\/wp-json\/wp\/v2\/types\/page"}],"author":[{"embeddable":true,"href":"https:\/\/cest-pharma.com\/ro\/wp-json\/wp\/v2\/users\/1"}],"replies":[{"embeddable":true,"href":"https:\/\/cest-pharma.com\/ro\/wp-json\/wp\/v2\/comments?post=2010"}],"version-history":[{"count":4,"href":"https:\/\/cest-pharma.com\/ro\/wp-json\/wp\/v2\/pages\/2010\/revisions"}],"predecessor-version":[{"id":2017,"href":"https:\/\/cest-pharma.com\/ro\/wp-json\/wp\/v2\/pages\/2010\/revisions\/2017"}],"wp:featuredmedia":[{"embeddable":true,"href":"https:\/\/cest-pharma.com\/ro\/wp-json\/wp\/v2\/media\/2011"}],"wp:attachment":[{"href":"https:\/\/cest-pharma.com\/ro\/wp-json\/wp\/v2\/media?parent=2010"}],"curies":[{"name":"wp","href":"https:\/\/api.w.org\/{rel}","templated":true}]}}