{"id":2057,"date":"2026-03-09T13:12:32","date_gmt":"2026-03-09T13:12:32","guid":{"rendered":"https:\/\/cest-pharma.com\/?page_id=2057"},"modified":"2026-03-17T12:23:55","modified_gmt":"2026-03-17T12:23:55","slug":"imunoferm-600g","status":"publish","type":"page","link":"https:\/\/cest-pharma.com\/ro\/imunoferm-600g\/","title":{"rendered":"IMUNOFERM 600G"},"content":{"rendered":"<section class=\"fw-main-row\"  >\n\t<div class=\"fw-container-fluid\">\n\t\t<div class=\"fw-row\">\n\t<div class=\"fw-col-xs-12\">\n\t\n<section id=\"product\" class=\"p-0\">\n\t<div class=\"section-inner\">\n\t\t<div class=\"row\">\n\t\t\t<div class=\"col-md-6 d-flex justify-content-center align-items-center\">\n\t\t\t\t<div class=\"product-image gallerys\">\n\t\t\t\t\t<img width=\"1920\" height=\"1920\" src=\"https:\/\/cest-pharma.com\/wp-content\/uploads\/2026\/03\/4.-Poza-Imunoferm-600gr1.jpg\" class=\"attachment-full size-full wp-post-image\" alt=\"\" decoding=\"async\" loading=\"lazy\" srcset=\"https:\/\/cest-pharma.com\/wp-content\/uploads\/2026\/03\/4.-Poza-Imunoferm-600gr1.jpg 1920w, https:\/\/cest-pharma.com\/wp-content\/uploads\/2026\/03\/4.-Poza-Imunoferm-600gr1-300x300.jpg 300w, https:\/\/cest-pharma.com\/wp-content\/uploads\/2026\/03\/4.-Poza-Imunoferm-600gr1-1024x1024.jpg 1024w, https:\/\/cest-pharma.com\/wp-content\/uploads\/2026\/03\/4.-Poza-Imunoferm-600gr1-150x150.jpg 150w, https:\/\/cest-pharma.com\/wp-content\/uploads\/2026\/03\/4.-Poza-Imunoferm-600gr1-768x768.jpg 768w, https:\/\/cest-pharma.com\/wp-content\/uploads\/2026\/03\/4.-Poza-Imunoferm-600gr1-1536x1536.jpg 1536w, https:\/\/cest-pharma.com\/wp-content\/uploads\/2026\/03\/4.-Poza-Imunoferm-600gr1-12x12.jpg 12w, https:\/\/cest-pharma.com\/wp-content\/uploads\/2026\/03\/4.-Poza-Imunoferm-600gr1-1200x1200.jpg 1200w\" sizes=\"(max-width: 1920px) 100vw, 1920px\" \/>\t\t\t\t\t<img width=\"1920\" height=\"1920\" src=\"https:\/\/cest-pharma.com\/wp-content\/uploads\/2026\/03\/4.-Poza-Imunoferm-600gr1.jpg\" class=\"attachment- size-\" alt=\"\" decoding=\"async\" loading=\"lazy\" srcset=\"https:\/\/cest-pharma.com\/wp-content\/uploads\/2026\/03\/4.-Poza-Imunoferm-600gr1.jpg 1920w, https:\/\/cest-pharma.com\/wp-content\/uploads\/2026\/03\/4.-Poza-Imunoferm-600gr1-300x300.jpg 300w, https:\/\/cest-pharma.com\/wp-content\/uploads\/2026\/03\/4.-Poza-Imunoferm-600gr1-1024x1024.jpg 1024w, https:\/\/cest-pharma.com\/wp-content\/uploads\/2026\/03\/4.-Poza-Imunoferm-600gr1-150x150.jpg 150w, https:\/\/cest-pharma.com\/wp-content\/uploads\/2026\/03\/4.-Poza-Imunoferm-600gr1-768x768.jpg 768w, https:\/\/cest-pharma.com\/wp-content\/uploads\/2026\/03\/4.-Poza-Imunoferm-600gr1-1536x1536.jpg 1536w, https:\/\/cest-pharma.com\/wp-content\/uploads\/2026\/03\/4.-Poza-Imunoferm-600gr1-12x12.jpg 12w, https:\/\/cest-pharma.com\/wp-content\/uploads\/2026\/03\/4.-Poza-Imunoferm-600gr1-1200x1200.jpg 1200w\" sizes=\"(max-width: 1920px) 100vw, 1920px\" \/>\t\t\t\t<\/div>\n \t\t\t    <div class=\"socials\">\n\t\t\t      <div class=\"sticky\">\n\t\t\t\t  <ul>\n\t\t\t\t\t<li>\n\t\t\t\t\t\t<a href=\"\/\/www.facebook.com\/sharer.php?u=https:\/\/cest-pharma.com\/ro\/imunoferm-600g\/\" class=\"social-sharing-item-block facebook\" title=\"Facebook\" onclick=\"event.preventDefault(); javascript:window.open(this.href, '', 'menubar=no,toolbar=no,resizable=yes,scrollbars=yes,height=220,width=600');return false;\">\n\t\t\t\t\t\t    <!-- <i class=\"fa fa-facebook social-sharing-icon\"><\/i> -->\n\t\t\t\t\t\t    <img src=\"\/wp-content\/uploads\/2022\/12\/facebook-1.png\">\n\t\t\t\t\t\t<\/a>\n\t\t\t\t\t<\/li>\n\t\t\t\t\t<li>\n\t\t\t\t\t\t<a href=\"\/\/linkedin.com\/share?url=https:\/\/cest-pharma.com\/ro\/imunoferm-600g\/&amp;text=IMUNOFERM+600G\" class=\"social-sharing-item-block twitter\" title=\"linkedin\" onclick=\"javascript:window.open(this.href, '', 'menubar=no,toolbar=no,resizable=yes,scrollbars=yes,height=260,width=600');return false;\">\n\t\t\t\t\t\t    <!-- <i class=\"fa fa-twitter social-sharing-icon\"><\/i> -->\n\t\t\t\t\t\t\t<img src=\"\/wp-content\/uploads\/2022\/12\/linkedin.png\">\n\t\t\t\t\t\t<\/a>\n\t\t\t\t\t<\/li>\n\t\t\t\t\t<li>\n\t\t\t\t\t\t<a href=\"\/\/twitter.com\/share?url=https:\/\/cest-pharma.com\/ro\/imunoferm-600g\/&amp;text=IMUNOFERM+600G\" class=\"social-sharing-item-block twitter\" title=\"linkedin\" onclick=\"javascript:window.open(this.href, '', 'menubar=no,toolbar=no,resizable=yes,scrollbars=yes,height=260,width=600');return false;\">\n\t\t\t\t\t\t    <!-- <i class=\"fa fa-twitter social-sharing-icon\"><\/i> -->\n\t\t\t\t\t\t\t<img src=\"\/wp-content\/uploads\/2022\/12\/twitter.png\">\n\t\t\t\t\t\t<\/a>\n\t\t\t\t\t<\/li>\n\t\t\t\t<\/ul>\n\t\t\t<\/div>\n\t\t<\/div>\n\t\t\t<\/div>\n\t\t\t<div class=\"col-md-6\">\n\t\t\t\t<div class=\"title-product\">\n\t\t\t\t\tIMUNOFERM 600gr\t\t\t\t<\/div>\n\t\t\t\t\t\t\t\t\t<div class=\"box-desc-title\">\n\t\t\t\t\t\tINDICA\u021aII:\t\t\t\t\t<\/div>\n\t\t\t\t\t<div class=\"box-desc\">\n\t\t\t\t\t\t<p>IMUNOFERM 600gr contribuie la \u00eent\u0103rirea sistemului imunitar al porumbeilor printr-o formul\u0103 complex\u0103, bogat\u0103 \u00een vitamina C, probiotice (Saccharomyces cerevisiae, Bacillus subtilis), minerale u\u0219or absorbabile (zinc, fier, cupru) \u0219i extract natural de Cinnamomum zeylanicum (ulei de scor\u021bi\u0219oar\u0103).<\/p><p>Produsul sus\u021bine s\u0103n\u0103tatea general\u0103, \u00eembun\u0103t\u0103\u021be\u0219te r\u0103spunsul imunitar, contribuie la prevenirea infec\u021biilor bacteriene \u0219i fungice \u0219i sus\u021bine recuperarea organismului \u00een perioadele de stres, convalescen\u021b\u0103, vaccin\u0103ri sau competi\u021bii.<\/p><p>Prin con\u021binutul s\u0103u de probiotice, IMUNOFERM men\u021bine echilibrul florei intestinale, \u00eembun\u0103t\u0103\u021be\u0219te digestia \u0219i cre\u0219te rezisten\u021ba natural\u0103 a organismului.<\/p>\t\t\t\t\t<\/div>\n\t\t\t\t\t\t\t\t\t<div class=\"box-desc-title\">\n\t\t\t\t\t\tCOMPOZI\u021aIE:\t\t\t\t\t<\/div>\n\t\t\t\t\t<div class=\"box-desc\">\n\t\t\t\t\t\t<p>Vitamina C, Saccharomyces cerevisiae, Bacillus subtilis, Zinc, Fier, Cupru, Ulei de Cinnamomum zeylanicum (scor\u021bi\u0219oar\u0103), C\u0103rbune.<\/p>\t\t\t\t\t<\/div>\n\t\t\t\t\t\t\t\t\t<div class=\"box-desc-title\">\n\t\t\t\t\t\tADMINISTRARE:\t\t\t\t\t<\/div>\n\t\t\t\t\t<div class=\"box-desc\">\n\t\t\t\t\t\t<p>5\u201310 g (1\u20132 linguri\u021be) \/ 1 kg de furaj.<\/p>\t\t\t\t\t<\/div>\n\t\t\t\t\t\t\t\t\t<div class=\"box-desc-title\">\n\t\t\t\t\t\tDEPOZITARE:\t\t\t\t\t<\/div>\n\t\t\t\t\t<div class=\"box-desc\">\n\t\t\t\t\t\t<p>A se depozita \u00eentr-un loc uscat, la temperaturi care nu dep\u0103\u0219esc 25\u00b0C. P\u0103stra\u021bi \u00een ambalajul original, departe de umiditate \u0219i de lumina direct\u0103 a soarelui. A se agita inainte de utilizare. A nu se l\u0103sa la \u00eendem\u00e2na copiilor. Nu utiliza\u021bi dup\u0103 data de expirare.<\/p>\t\t\t\t\t<\/div>\n\t\t\t\t\t\t\t<\/div>\n\t\t\t<div class=\"button-resellers d-flex justify-content-center align-items-center\">\n\t\t\t\t<a href=\"https:\/\/cest-pharma.com\/ro\/parteneri\/\" target=\"_self\" class=\"fw-btn fw-btn-1\">\n\t\t\t\t\t<span><img src=\"\/wp-content\/uploads\/2022\/11\/Cart.png\" class=\"d-inline\"> Adaug\u0103 \u00een co\u0219<\/span>\n\t\t\t\t<\/a>\n\t\t\t<\/div>\n\t\t<\/div>\n\t\t<div class=\"row related\">\n\t\t\t<div class=\"category-related\">\n\t\t\t\tProduse conexe\t\t\t<\/div>\n\t\t\t<div class=\"swiper-related\">\n\t\t\t\t<!-- Swiper -->\n\t\t\t\t<div class=\"swiper mySwiper\">\n\t\t\t\t\t<div class=\"swiper-wrapper\">\n\t\t\t\t\t\t\t\t\t\t\t<div class=\"swiper-slide gallerys\">\n\t\t\t\t\t\t\t<a href=\"https:\/\/cest-pharma.com\/ro\/yellow-drops-100ml\/\" target=\"_self\" class=\"fw-btn fw-btn-1\">\n\t\t\t\t\t\t\t\t<div class=\"image_related\">\n\t\t\t\t\t\t\t\t\t<img width=\"1920\" height=\"1920\" src=\"https:\/\/cest-pharma.com\/wp-content\/uploads\/2026\/03\/4.-Poza-Imunoferm-600gr1.jpg\" class=\"attachment-full size-full wp-post-image\" alt=\"\" decoding=\"async\" loading=\"lazy\" srcset=\"https:\/\/cest-pharma.com\/wp-content\/uploads\/2026\/03\/4.-Poza-Imunoferm-600gr1.jpg 1920w, https:\/\/cest-pharma.com\/wp-content\/uploads\/2026\/03\/4.-Poza-Imunoferm-600gr1-300x300.jpg 300w, https:\/\/cest-pharma.com\/wp-content\/uploads\/2026\/03\/4.-Poza-Imunoferm-600gr1-1024x1024.jpg 1024w, https:\/\/cest-pharma.com\/wp-content\/uploads\/2026\/03\/4.-Poza-Imunoferm-600gr1-150x150.jpg 150w, https:\/\/cest-pharma.com\/wp-content\/uploads\/2026\/03\/4.-Poza-Imunoferm-600gr1-768x768.jpg 768w, https:\/\/cest-pharma.com\/wp-content\/uploads\/2026\/03\/4.-Poza-Imunoferm-600gr1-1536x1536.jpg 1536w, https:\/\/cest-pharma.com\/wp-content\/uploads\/2026\/03\/4.-Poza-Imunoferm-600gr1-12x12.jpg 12w, https:\/\/cest-pharma.com\/wp-content\/uploads\/2026\/03\/4.-Poza-Imunoferm-600gr1-1200x1200.jpg 1200w\" sizes=\"(max-width: 1920px) 100vw, 1920px\" \/>\t\t\t\t\t\t\t\t\t<img width=\"1920\" height=\"1920\" src=\"https:\/\/cest-pharma.com\/wp-content\/uploads\/2022\/12\/06.07.2021-Columbovet-34.png\" class=\"attachment- size-\" alt=\"\" decoding=\"async\" loading=\"lazy\" srcset=\"https:\/\/cest-pharma.com\/wp-content\/uploads\/2022\/12\/06.07.2021-Columbovet-34.png 1920w, https:\/\/cest-pharma.com\/wp-content\/uploads\/2022\/12\/06.07.2021-Columbovet-34-300x300.png 300w, https:\/\/cest-pharma.com\/wp-content\/uploads\/2022\/12\/06.07.2021-Columbovet-34-1024x1024.png 1024w, https:\/\/cest-pharma.com\/wp-content\/uploads\/2022\/12\/06.07.2021-Columbovet-34-150x150.png 150w, https:\/\/cest-pharma.com\/wp-content\/uploads\/2022\/12\/06.07.2021-Columbovet-34-768x768.png 768w, https:\/\/cest-pharma.com\/wp-content\/uploads\/2022\/12\/06.07.2021-Columbovet-34-1536x1536.png 1536w, https:\/\/cest-pharma.com\/wp-content\/uploads\/2022\/12\/06.07.2021-Columbovet-34-12x12.png 12w, https:\/\/cest-pharma.com\/wp-content\/uploads\/2022\/12\/06.07.2021-Columbovet-34-1200x1200.png 1200w\" sizes=\"(max-width: 1920px) 100vw, 1920px\" \/>\t\t\t\t\t\t\t\t<\/div>\n\t\t\t\t\t\t\t\t<div class=\"name_related\">\n\t\t\t\t\t\t\t\t\tYELLOW DROPS 100ml\t\t\t\t\t\t\t\t<\/div>\n\t\t\t\t\t\t\t<\/a>\n\t\t\t\t\t\t<\/div>\n\t\t\t\t\t\t\t\t\t\t\t<div class=\"swiper-slide gallerys\">\n\t\t\t\t\t\t\t<a href=\"https:\/\/cest-pharma.com\/ro\/tricogo-500ml-1000ml\/\" target=\"_self\" class=\"fw-btn fw-btn-1\">\n\t\t\t\t\t\t\t\t<div class=\"image_related\">\n\t\t\t\t\t\t\t\t\t<img width=\"1920\" height=\"1920\" src=\"https:\/\/cest-pharma.com\/wp-content\/uploads\/2026\/03\/4.-Poza-Imunoferm-600gr1.jpg\" class=\"attachment-full size-full wp-post-image\" alt=\"\" decoding=\"async\" loading=\"lazy\" srcset=\"https:\/\/cest-pharma.com\/wp-content\/uploads\/2026\/03\/4.-Poza-Imunoferm-600gr1.jpg 1920w, https:\/\/cest-pharma.com\/wp-content\/uploads\/2026\/03\/4.-Poza-Imunoferm-600gr1-300x300.jpg 300w, https:\/\/cest-pharma.com\/wp-content\/uploads\/2026\/03\/4.-Poza-Imunoferm-600gr1-1024x1024.jpg 1024w, https:\/\/cest-pharma.com\/wp-content\/uploads\/2026\/03\/4.-Poza-Imunoferm-600gr1-150x150.jpg 150w, https:\/\/cest-pharma.com\/wp-content\/uploads\/2026\/03\/4.-Poza-Imunoferm-600gr1-768x768.jpg 768w, https:\/\/cest-pharma.com\/wp-content\/uploads\/2026\/03\/4.-Poza-Imunoferm-600gr1-1536x1536.jpg 1536w, https:\/\/cest-pharma.com\/wp-content\/uploads\/2026\/03\/4.-Poza-Imunoferm-600gr1-12x12.jpg 12w, https:\/\/cest-pharma.com\/wp-content\/uploads\/2026\/03\/4.-Poza-Imunoferm-600gr1-1200x1200.jpg 1200w\" sizes=\"(max-width: 1920px) 100vw, 1920px\" \/>\t\t\t\t\t\t\t\t\t<img width=\"1920\" height=\"1920\" src=\"https:\/\/cest-pharma.com\/wp-content\/uploads\/2022\/12\/EW1A2891-1.png\" class=\"attachment- size-\" alt=\"\" decoding=\"async\" loading=\"lazy\" srcset=\"https:\/\/cest-pharma.com\/wp-content\/uploads\/2022\/12\/EW1A2891-1.png 1920w, https:\/\/cest-pharma.com\/wp-content\/uploads\/2022\/12\/EW1A2891-1-300x300.png 300w, https:\/\/cest-pharma.com\/wp-content\/uploads\/2022\/12\/EW1A2891-1-1024x1024.png 1024w, https:\/\/cest-pharma.com\/wp-content\/uploads\/2022\/12\/EW1A2891-1-150x150.png 150w, https:\/\/cest-pharma.com\/wp-content\/uploads\/2022\/12\/EW1A2891-1-768x768.png 768w, https:\/\/cest-pharma.com\/wp-content\/uploads\/2022\/12\/EW1A2891-1-1536x1536.png 1536w, https:\/\/cest-pharma.com\/wp-content\/uploads\/2022\/12\/EW1A2891-1-12x12.png 12w, https:\/\/cest-pharma.com\/wp-content\/uploads\/2022\/12\/EW1A2891-1-1200x1200.png 1200w\" sizes=\"(max-width: 1920px) 100vw, 1920px\" \/>\t\t\t\t\t\t\t\t<\/div>\n\t\t\t\t\t\t\t\t<div class=\"name_related\">\n\t\t\t\t\t\t\t\t\tTRICOGO 500ml\/1000ml\t\t\t\t\t\t\t\t<\/div>\n\t\t\t\t\t\t\t<\/a>\n\t\t\t\t\t\t<\/div>\n\t\t\t\t\t\t\t\t\t\t\t<div class=\"swiper-slide gallerys\">\n\t\t\t\t\t\t\t<a href=\"https:\/\/cest-pharma.com\/ro\/healthy-oil-500ml\/\" target=\"_self\" class=\"fw-btn fw-btn-1\">\n\t\t\t\t\t\t\t\t<div class=\"image_related\">\n\t\t\t\t\t\t\t\t\t<img width=\"1920\" height=\"1920\" src=\"https:\/\/cest-pharma.com\/wp-content\/uploads\/2026\/03\/4.-Poza-Imunoferm-600gr1.jpg\" class=\"attachment-full size-full wp-post-image\" alt=\"\" decoding=\"async\" loading=\"lazy\" srcset=\"https:\/\/cest-pharma.com\/wp-content\/uploads\/2026\/03\/4.-Poza-Imunoferm-600gr1.jpg 1920w, https:\/\/cest-pharma.com\/wp-content\/uploads\/2026\/03\/4.-Poza-Imunoferm-600gr1-300x300.jpg 300w, https:\/\/cest-pharma.com\/wp-content\/uploads\/2026\/03\/4.-Poza-Imunoferm-600gr1-1024x1024.jpg 1024w, https:\/\/cest-pharma.com\/wp-content\/uploads\/2026\/03\/4.-Poza-Imunoferm-600gr1-150x150.jpg 150w, https:\/\/cest-pharma.com\/wp-content\/uploads\/2026\/03\/4.-Poza-Imunoferm-600gr1-768x768.jpg 768w, https:\/\/cest-pharma.com\/wp-content\/uploads\/2026\/03\/4.-Poza-Imunoferm-600gr1-1536x1536.jpg 1536w, https:\/\/cest-pharma.com\/wp-content\/uploads\/2026\/03\/4.-Poza-Imunoferm-600gr1-12x12.jpg 12w, https:\/\/cest-pharma.com\/wp-content\/uploads\/2026\/03\/4.-Poza-Imunoferm-600gr1-1200x1200.jpg 1200w\" sizes=\"(max-width: 1920px) 100vw, 1920px\" \/>\t\t\t\t\t\t\t\t\t<img width=\"1920\" height=\"1920\" src=\"https:\/\/cest-pharma.com\/wp-content\/uploads\/2026\/03\/06.07.2021-Columbovet-17.png\" class=\"attachment- size-\" alt=\"\" decoding=\"async\" loading=\"lazy\" srcset=\"https:\/\/cest-pharma.com\/wp-content\/uploads\/2026\/03\/06.07.2021-Columbovet-17.png 1920w, https:\/\/cest-pharma.com\/wp-content\/uploads\/2026\/03\/06.07.2021-Columbovet-17-300x300.png 300w, https:\/\/cest-pharma.com\/wp-content\/uploads\/2026\/03\/06.07.2021-Columbovet-17-1024x1024.png 1024w, https:\/\/cest-pharma.com\/wp-content\/uploads\/2026\/03\/06.07.2021-Columbovet-17-150x150.png 150w, https:\/\/cest-pharma.com\/wp-content\/uploads\/2026\/03\/06.07.2021-Columbovet-17-768x768.png 768w, https:\/\/cest-pharma.com\/wp-content\/uploads\/2026\/03\/06.07.2021-Columbovet-17-1536x1536.png 1536w, https:\/\/cest-pharma.com\/wp-content\/uploads\/2026\/03\/06.07.2021-Columbovet-17-12x12.png 12w, https:\/\/cest-pharma.com\/wp-content\/uploads\/2026\/03\/06.07.2021-Columbovet-17-1200x1200.png 1200w\" sizes=\"(max-width: 1920px) 100vw, 1920px\" \/>\t\t\t\t\t\t\t\t<\/div>\n\t\t\t\t\t\t\t\t<div class=\"name_related\">\n\t\t\t\t\t\t\t\t\tHealthy Oil 500ml\t\t\t\t\t\t\t\t<\/div>\n\t\t\t\t\t\t\t<\/a>\n\t\t\t\t\t\t<\/div>\n\t\t\t\t\t\t\t\t\t\t\t<div class=\"swiper-slide gallerys\">\n\t\t\t\t\t\t\t<a href=\"https:\/\/cest-pharma.com\/ro\/moor-active-1000ml\/\" target=\"_self\" class=\"fw-btn fw-btn-1\">\n\t\t\t\t\t\t\t\t<div class=\"image_related\">\n\t\t\t\t\t\t\t\t\t<img width=\"1920\" height=\"1920\" src=\"https:\/\/cest-pharma.com\/wp-content\/uploads\/2026\/03\/4.-Poza-Imunoferm-600gr1.jpg\" class=\"attachment-full size-full wp-post-image\" alt=\"\" decoding=\"async\" loading=\"lazy\" srcset=\"https:\/\/cest-pharma.com\/wp-content\/uploads\/2026\/03\/4.-Poza-Imunoferm-600gr1.jpg 1920w, https:\/\/cest-pharma.com\/wp-content\/uploads\/2026\/03\/4.-Poza-Imunoferm-600gr1-300x300.jpg 300w, https:\/\/cest-pharma.com\/wp-content\/uploads\/2026\/03\/4.-Poza-Imunoferm-600gr1-1024x1024.jpg 1024w, https:\/\/cest-pharma.com\/wp-content\/uploads\/2026\/03\/4.-Poza-Imunoferm-600gr1-150x150.jpg 150w, https:\/\/cest-pharma.com\/wp-content\/uploads\/2026\/03\/4.-Poza-Imunoferm-600gr1-768x768.jpg 768w, https:\/\/cest-pharma.com\/wp-content\/uploads\/2026\/03\/4.-Poza-Imunoferm-600gr1-1536x1536.jpg 1536w, https:\/\/cest-pharma.com\/wp-content\/uploads\/2026\/03\/4.-Poza-Imunoferm-600gr1-12x12.jpg 12w, https:\/\/cest-pharma.com\/wp-content\/uploads\/2026\/03\/4.-Poza-Imunoferm-600gr1-1200x1200.jpg 1200w\" sizes=\"(max-width: 1920px) 100vw, 1920px\" \/>\t\t\t\t\t\t\t\t\t<img width=\"1920\" height=\"1920\" src=\"https:\/\/cest-pharma.com\/wp-content\/uploads\/2026\/03\/06.07.2021-Columbovet-5.png\" class=\"attachment- size-\" alt=\"\" decoding=\"async\" loading=\"lazy\" srcset=\"https:\/\/cest-pharma.com\/wp-content\/uploads\/2026\/03\/06.07.2021-Columbovet-5.png 1920w, https:\/\/cest-pharma.com\/wp-content\/uploads\/2026\/03\/06.07.2021-Columbovet-5-300x300.png 300w, https:\/\/cest-pharma.com\/wp-content\/uploads\/2026\/03\/06.07.2021-Columbovet-5-1024x1024.png 1024w, https:\/\/cest-pharma.com\/wp-content\/uploads\/2026\/03\/06.07.2021-Columbovet-5-150x150.png 150w, https:\/\/cest-pharma.com\/wp-content\/uploads\/2026\/03\/06.07.2021-Columbovet-5-768x768.png 768w, https:\/\/cest-pharma.com\/wp-content\/uploads\/2026\/03\/06.07.2021-Columbovet-5-1536x1536.png 1536w, https:\/\/cest-pharma.com\/wp-content\/uploads\/2026\/03\/06.07.2021-Columbovet-5-12x12.png 12w, https:\/\/cest-pharma.com\/wp-content\/uploads\/2026\/03\/06.07.2021-Columbovet-5-1200x1200.png 1200w\" sizes=\"(max-width: 1920px) 100vw, 1920px\" \/>\t\t\t\t\t\t\t\t<\/div>\n\t\t\t\t\t\t\t\t<div class=\"name_related\">\n\t\t\t\t\t\t\t\t\tMoor Active 1000ml\t\t\t\t\t\t\t\t<\/div>\n\t\t\t\t\t\t\t<\/a>\n\t\t\t\t\t\t<\/div>\n\t\t\t\t\t\t\t\t\t\t<\/div>\n\t\t\t\t\t<div class=\"swiper-button-next\"><\/div>\n\t\t\t\t\t<div class=\"swiper-button-prev\"><\/div>\n\t\t\t\t<\/div>\n\t\t\t<\/div>\n\t\t<\/div>\n\t<\/div>\n<\/section>\n\n<!-- Swiper JS -->\n<script src=\"https:\/\/cdn.jsdelivr.net\/npm\/swiper\/swiper-bundle.min.js\"><\/script>\n\n<!-- Initialize Swiper -->\n<script>\n\tvar swiper = new Swiper(\".mySwiper\", {\n\tslidesPerView: 1,\n\tspaceBetween: 30,\n\tloop: true,\n    autoplay: {\n      delay: 2500,\n      disableOnInteraction: false,\n    },\n\tnavigation: {\n\t\tnextEl: \".swiper-button-next\",\n\t\tprevEl: \".swiper-button-prev\",\n\t},\n\tbreakpoints: {\n          640: {\n            slidesPerView: 2,\n            spaceBetween: 10,\n          },\n          768: {\n            slidesPerView: 3,\n            spaceBetween: 30,\n          },\n          1024: {\n            slidesPerView: 4,\n            spaceBetween: 30,\n          },\n        },\n\t});\n<\/script>\n<\/div>\n<\/div>\n\n\t<\/div>\n<\/section>","protected":false},"excerpt":{"rendered":"<p>IMUNOFERM 600gr INDICATIONS: IMUNOFERM 600gr contributes to strengthening the immune system of pigeons through a complex formula, rich in vitamin C, probiotics (Saccharomyces cerevisiae, Bacillus subtilis), highly absorbable minerals (zinc, iron, copper) and natural extract of Cinnamomum zeylanicum (cinnamon oil).The product supports general health, improves the immune response, contributes to the prevention of bacterial and [&hellip;]<\/p>","protected":false},"author":1,"featured_media":2058,"parent":0,"menu_order":0,"comment_status":"closed","ping_status":"closed","template":"","meta":[],"yoast_head":"<!-- This site is optimized with the Yoast SEO plugin v19.11 - https:\/\/yoast.com\/wordpress\/plugins\/seo\/ -->\n<title>IMUNOFERM 600gr - Strengthening the immune system<\/title>\n<meta name=\"description\" content=\"IMUNOFERM 600gr contributes to strengthening the immune system of pigeons through a complex formula\" \/>\n<meta name=\"robots\" content=\"index, follow, max-snippet:-1, max-image-preview:large, max-video-preview:-1\" \/>\n<link rel=\"canonical\" href=\"https:\/\/cest-pharma.com\/ro\/imunoferm-600g\/\" \/>\n<meta property=\"og:locale\" content=\"ro_RO\" \/>\n<meta property=\"og:type\" content=\"article\" \/>\n<meta property=\"og:title\" content=\"IMUNOFERM 600gr - Strengthening the immune system\" \/>\n<meta property=\"og:description\" content=\"IMUNOFERM 600gr contributes to strengthening the immune system of pigeons through a complex formula\" \/>\n<meta property=\"og:url\" content=\"https:\/\/cest-pharma.com\/ro\/imunoferm-600g\/\" \/>\n<meta property=\"og:site_name\" content=\"Cest Pharma\" \/>\n<meta property=\"article:modified_time\" content=\"2026-03-17T12:23:55+00:00\" \/>\n<meta property=\"og:image\" content=\"https:\/\/cest-pharma.com\/wp-content\/uploads\/2026\/03\/4.-Poza-Imunoferm-600gr1.jpg\" \/>\n\t<meta property=\"og:image:width\" content=\"1920\" \/>\n\t<meta property=\"og:image:height\" content=\"1920\" \/>\n\t<meta property=\"og:image:type\" content=\"image\/jpeg\" \/>\n<meta name=\"twitter:card\" content=\"summary_large_image\" \/>\n<meta name=\"twitter:label1\" content=\"Timp estimat pentru citire\" \/>\n\t<meta name=\"twitter:data1\" content=\"4 minute\" \/>\n<script type=\"application\/ld+json\" class=\"yoast-schema-graph\">{\"@context\":\"https:\/\/schema.org\",\"@graph\":[{\"@type\":\"WebPage\",\"@id\":\"https:\/\/cest-pharma.com\/imunoferm-600g\/\",\"url\":\"https:\/\/cest-pharma.com\/imunoferm-600g\/\",\"name\":\"IMUNOFERM 600gr - Strengthening the immune system\",\"isPartOf\":{\"@id\":\"https:\/\/cest-pharma.com\/#website\"},\"datePublished\":\"2026-03-09T13:12:32+00:00\",\"dateModified\":\"2026-03-17T12:23:55+00:00\",\"description\":\"IMUNOFERM 600gr contributes to strengthening the immune system of pigeons through a complex formula\",\"breadcrumb\":{\"@id\":\"https:\/\/cest-pharma.com\/imunoferm-600g\/#breadcrumb\"},\"inLanguage\":\"ro-RO\",\"potentialAction\":[{\"@type\":\"ReadAction\",\"target\":[\"https:\/\/cest-pharma.com\/imunoferm-600g\/\"]}]},{\"@type\":\"BreadcrumbList\",\"@id\":\"https:\/\/cest-pharma.com\/imunoferm-600g\/#breadcrumb\",\"itemListElement\":[{\"@type\":\"ListItem\",\"position\":1,\"name\":\"Home\",\"item\":\"https:\/\/cest-pharma.com\/\"},{\"@type\":\"ListItem\",\"position\":2,\"name\":\"IMUNOFERM 600G\"}]},{\"@type\":\"WebSite\",\"@id\":\"https:\/\/cest-pharma.com\/#website\",\"url\":\"https:\/\/cest-pharma.com\/\",\"name\":\"Cest Pharma\",\"description\":\"\",\"publisher\":{\"@id\":\"https:\/\/cest-pharma.com\/#organization\"},\"potentialAction\":[{\"@type\":\"SearchAction\",\"target\":{\"@type\":\"EntryPoint\",\"urlTemplate\":\"https:\/\/cest-pharma.com\/?s={search_term_string}\"},\"query-input\":\"required name=search_term_string\"}],\"inLanguage\":\"ro-RO\"},{\"@type\":\"Organization\",\"@id\":\"https:\/\/cest-pharma.com\/#organization\",\"name\":\"Cest Pharma\",\"url\":\"https:\/\/cest-pharma.com\/\",\"logo\":{\"@type\":\"ImageObject\",\"inLanguage\":\"ro-RO\",\"@id\":\"https:\/\/cest-pharma.com\/#\/schema\/logo\/image\/\",\"url\":\"https:\/\/cest-pharma.com\/wp-content\/uploads\/2023\/01\/cropped-Cest-Pharma-logo-font-corectat.png\",\"contentUrl\":\"https:\/\/cest-pharma.com\/wp-content\/uploads\/2023\/01\/cropped-Cest-Pharma-logo-font-corectat.png\",\"width\":1003,\"height\":777,\"caption\":\"Cest Pharma\"},\"image\":{\"@id\":\"https:\/\/cest-pharma.com\/#\/schema\/logo\/image\/\"}}]}<\/script>\n<!-- \/ Yoast SEO plugin. -->","yoast_head_json":{"title":"IMUNOFERM 600gr - Strengthening the immune system","description":"IMUNOFERM 600gr contributes to strengthening the immune system of pigeons through a complex formula","robots":{"index":"index","follow":"follow","max-snippet":"max-snippet:-1","max-image-preview":"max-image-preview:large","max-video-preview":"max-video-preview:-1"},"canonical":"https:\/\/cest-pharma.com\/ro\/imunoferm-600g\/","og_locale":"ro_RO","og_type":"article","og_title":"IMUNOFERM 600gr - Strengthening the immune system","og_description":"IMUNOFERM 600gr contributes to strengthening the immune system of pigeons through a complex formula","og_url":"https:\/\/cest-pharma.com\/ro\/imunoferm-600g\/","og_site_name":"Cest Pharma","article_modified_time":"2026-03-17T12:23:55+00:00","og_image":[{"width":1920,"height":1920,"url":"https:\/\/cest-pharma.com\/wp-content\/uploads\/2026\/03\/4.-Poza-Imunoferm-600gr1.jpg","type":"image\/jpeg"}],"twitter_card":"summary_large_image","twitter_misc":{"Timp estimat pentru citire":"4 minute"},"schema":{"@context":"https:\/\/schema.org","@graph":[{"@type":"WebPage","@id":"https:\/\/cest-pharma.com\/imunoferm-600g\/","url":"https:\/\/cest-pharma.com\/imunoferm-600g\/","name":"IMUNOFERM 600gr - Strengthening the immune system","isPartOf":{"@id":"https:\/\/cest-pharma.com\/#website"},"datePublished":"2026-03-09T13:12:32+00:00","dateModified":"2026-03-17T12:23:55+00:00","description":"IMUNOFERM 600gr contributes to strengthening the immune system of pigeons through a complex formula","breadcrumb":{"@id":"https:\/\/cest-pharma.com\/imunoferm-600g\/#breadcrumb"},"inLanguage":"ro-RO","potentialAction":[{"@type":"ReadAction","target":["https:\/\/cest-pharma.com\/imunoferm-600g\/"]}]},{"@type":"BreadcrumbList","@id":"https:\/\/cest-pharma.com\/imunoferm-600g\/#breadcrumb","itemListElement":[{"@type":"ListItem","position":1,"name":"Home","item":"https:\/\/cest-pharma.com\/"},{"@type":"ListItem","position":2,"name":"IMUNOFERM 600G"}]},{"@type":"WebSite","@id":"https:\/\/cest-pharma.com\/#website","url":"https:\/\/cest-pharma.com\/","name":"Cest Pharma","description":"","publisher":{"@id":"https:\/\/cest-pharma.com\/#organization"},"potentialAction":[{"@type":"SearchAction","target":{"@type":"EntryPoint","urlTemplate":"https:\/\/cest-pharma.com\/?s={search_term_string}"},"query-input":"required name=search_term_string"}],"inLanguage":"ro-RO"},{"@type":"Organization","@id":"https:\/\/cest-pharma.com\/#organization","name":"Cest Pharma","url":"https:\/\/cest-pharma.com\/","logo":{"@type":"ImageObject","inLanguage":"ro-RO","@id":"https:\/\/cest-pharma.com\/#\/schema\/logo\/image\/","url":"https:\/\/cest-pharma.com\/wp-content\/uploads\/2023\/01\/cropped-Cest-Pharma-logo-font-corectat.png","contentUrl":"https:\/\/cest-pharma.com\/wp-content\/uploads\/2023\/01\/cropped-Cest-Pharma-logo-font-corectat.png","width":1003,"height":777,"caption":"Cest Pharma"},"image":{"@id":"https:\/\/cest-pharma.com\/#\/schema\/logo\/image\/"}}]}},"_links":{"self":[{"href":"https:\/\/cest-pharma.com\/ro\/wp-json\/wp\/v2\/pages\/2057"}],"collection":[{"href":"https:\/\/cest-pharma.com\/ro\/wp-json\/wp\/v2\/pages"}],"about":[{"href":"https:\/\/cest-pharma.com\/ro\/wp-json\/wp\/v2\/types\/page"}],"author":[{"embeddable":true,"href":"https:\/\/cest-pharma.com\/ro\/wp-json\/wp\/v2\/users\/1"}],"replies":[{"embeddable":true,"href":"https:\/\/cest-pharma.com\/ro\/wp-json\/wp\/v2\/comments?post=2057"}],"version-history":[{"count":5,"href":"https:\/\/cest-pharma.com\/ro\/wp-json\/wp\/v2\/pages\/2057\/revisions"}],"predecessor-version":[{"id":2074,"href":"https:\/\/cest-pharma.com\/ro\/wp-json\/wp\/v2\/pages\/2057\/revisions\/2074"}],"wp:featuredmedia":[{"embeddable":true,"href":"https:\/\/cest-pharma.com\/ro\/wp-json\/wp\/v2\/media\/2058"}],"wp:attachment":[{"href":"https:\/\/cest-pharma.com\/ro\/wp-json\/wp\/v2\/media?parent=2057"}],"curies":[{"name":"wp","href":"https:\/\/api.w.org\/{rel}","templated":true}]}}