{"id":2085,"date":"2026-03-30T06:40:43","date_gmt":"2026-03-30T06:40:43","guid":{"rendered":"https:\/\/cest-pharma.com\/?page_id=2085"},"modified":"2026-03-30T06:45:53","modified_gmt":"2026-03-30T06:45:53","slug":"candi-stop-natura-1000ml","status":"publish","type":"page","link":"https:\/\/cest-pharma.com\/ro\/candi-stop-natura-1000ml\/","title":{"rendered":"<a><strong>CANDI STOP NATURA 1000ML<\/strong><\/a>"},"content":{"rendered":"<section class=\"fw-main-row\"  >\n\t<div class=\"fw-container-fluid\">\n\t\t<div class=\"fw-row\">\n\t<div class=\"fw-col-xs-12\">\n\t\n<section id=\"product\" class=\"p-0\">\n\t<div class=\"section-inner\">\n\t\t<div class=\"row\">\n\t\t\t<div class=\"col-md-6 d-flex justify-content-center align-items-center\">\n\t\t\t\t<div class=\"product-image gallerys\">\n\t\t\t\t\t<img width=\"1920\" height=\"1920\" src=\"https:\/\/cest-pharma.com\/wp-content\/uploads\/2026\/03\/4.-Poza-Candi-Stop-Natura-1000ml.jpg\" class=\"attachment-full size-full wp-post-image\" alt=\"\" decoding=\"async\" loading=\"lazy\" srcset=\"https:\/\/cest-pharma.com\/wp-content\/uploads\/2026\/03\/4.-Poza-Candi-Stop-Natura-1000ml.jpg 1920w, https:\/\/cest-pharma.com\/wp-content\/uploads\/2026\/03\/4.-Poza-Candi-Stop-Natura-1000ml-300x300.jpg 300w, https:\/\/cest-pharma.com\/wp-content\/uploads\/2026\/03\/4.-Poza-Candi-Stop-Natura-1000ml-1024x1024.jpg 1024w, https:\/\/cest-pharma.com\/wp-content\/uploads\/2026\/03\/4.-Poza-Candi-Stop-Natura-1000ml-150x150.jpg 150w, https:\/\/cest-pharma.com\/wp-content\/uploads\/2026\/03\/4.-Poza-Candi-Stop-Natura-1000ml-768x768.jpg 768w, https:\/\/cest-pharma.com\/wp-content\/uploads\/2026\/03\/4.-Poza-Candi-Stop-Natura-1000ml-1536x1536.jpg 1536w, https:\/\/cest-pharma.com\/wp-content\/uploads\/2026\/03\/4.-Poza-Candi-Stop-Natura-1000ml-12x12.jpg 12w, https:\/\/cest-pharma.com\/wp-content\/uploads\/2026\/03\/4.-Poza-Candi-Stop-Natura-1000ml-1200x1200.jpg 1200w\" sizes=\"(max-width: 1920px) 100vw, 1920px\" \/>\t\t\t\t\t<img width=\"1920\" height=\"1920\" src=\"https:\/\/cest-pharma.com\/wp-content\/uploads\/2026\/03\/4.-Poza-Candi-Stop-Natura-1000ml.jpg\" class=\"attachment- size-\" alt=\"\" decoding=\"async\" loading=\"lazy\" srcset=\"https:\/\/cest-pharma.com\/wp-content\/uploads\/2026\/03\/4.-Poza-Candi-Stop-Natura-1000ml.jpg 1920w, https:\/\/cest-pharma.com\/wp-content\/uploads\/2026\/03\/4.-Poza-Candi-Stop-Natura-1000ml-300x300.jpg 300w, https:\/\/cest-pharma.com\/wp-content\/uploads\/2026\/03\/4.-Poza-Candi-Stop-Natura-1000ml-1024x1024.jpg 1024w, https:\/\/cest-pharma.com\/wp-content\/uploads\/2026\/03\/4.-Poza-Candi-Stop-Natura-1000ml-150x150.jpg 150w, https:\/\/cest-pharma.com\/wp-content\/uploads\/2026\/03\/4.-Poza-Candi-Stop-Natura-1000ml-768x768.jpg 768w, https:\/\/cest-pharma.com\/wp-content\/uploads\/2026\/03\/4.-Poza-Candi-Stop-Natura-1000ml-1536x1536.jpg 1536w, https:\/\/cest-pharma.com\/wp-content\/uploads\/2026\/03\/4.-Poza-Candi-Stop-Natura-1000ml-12x12.jpg 12w, https:\/\/cest-pharma.com\/wp-content\/uploads\/2026\/03\/4.-Poza-Candi-Stop-Natura-1000ml-1200x1200.jpg 1200w\" sizes=\"(max-width: 1920px) 100vw, 1920px\" \/>\t\t\t\t<\/div>\n \t\t\t    <div class=\"socials\">\n\t\t\t      <div class=\"sticky\">\n\t\t\t\t  <ul>\n\t\t\t\t\t<li>\n\t\t\t\t\t\t<a href=\"\/\/www.facebook.com\/sharer.php?u=https:\/\/cest-pharma.com\/ro\/candi-stop-natura-1000ml\/\" class=\"social-sharing-item-block facebook\" title=\"Facebook\" onclick=\"event.preventDefault(); javascript:window.open(this.href, '', 'menubar=no,toolbar=no,resizable=yes,scrollbars=yes,height=220,width=600');return false;\">\n\t\t\t\t\t\t    <!-- <i class=\"fa fa-facebook social-sharing-icon\"><\/i> -->\n\t\t\t\t\t\t    <img src=\"\/wp-content\/uploads\/2022\/12\/facebook-1.png\">\n\t\t\t\t\t\t<\/a>\n\t\t\t\t\t<\/li>\n\t\t\t\t\t<li>\n\t\t\t\t\t\t<a href=\"\/\/linkedin.com\/share?url=https:\/\/cest-pharma.com\/ro\/candi-stop-natura-1000ml\/&amp;text=%3Ca%3E%3Cstrong%3ECANDI+STOP+NATURA+1000ML%3C%2Fstrong%3E%3C%2Fa%3E\" class=\"social-sharing-item-block twitter\" title=\"linkedin\" onclick=\"javascript:window.open(this.href, '', 'menubar=no,toolbar=no,resizable=yes,scrollbars=yes,height=260,width=600');return false;\">\n\t\t\t\t\t\t    <!-- <i class=\"fa fa-twitter social-sharing-icon\"><\/i> -->\n\t\t\t\t\t\t\t<img src=\"\/wp-content\/uploads\/2022\/12\/linkedin.png\">\n\t\t\t\t\t\t<\/a>\n\t\t\t\t\t<\/li>\n\t\t\t\t\t<li>\n\t\t\t\t\t\t<a href=\"\/\/twitter.com\/share?url=https:\/\/cest-pharma.com\/ro\/candi-stop-natura-1000ml\/&amp;text=%3Ca%3E%3Cstrong%3ECANDI+STOP+NATURA+1000ML%3C%2Fstrong%3E%3C%2Fa%3E\" class=\"social-sharing-item-block twitter\" title=\"linkedin\" onclick=\"javascript:window.open(this.href, '', 'menubar=no,toolbar=no,resizable=yes,scrollbars=yes,height=260,width=600');return false;\">\n\t\t\t\t\t\t    <!-- <i class=\"fa fa-twitter social-sharing-icon\"><\/i> -->\n\t\t\t\t\t\t\t<img src=\"\/wp-content\/uploads\/2022\/12\/twitter.png\">\n\t\t\t\t\t\t<\/a>\n\t\t\t\t\t<\/li>\n\t\t\t\t<\/ul>\n\t\t\t<\/div>\n\t\t<\/div>\n\t\t\t<\/div>\n\t\t\t<div class=\"col-md-6\">\n\t\t\t\t<div class=\"title-product\">\n\t\t\t\t\tCANDI STOP NATURA 1000ML\t\t\t\t<\/div>\n\t\t\t\t\t\t\t\t\t<div class=\"box-desc-title\">\n\t\t\t\t\t\tINDICA\u021aII:\t\t\t\t\t<\/div>\n\t\t\t\t\t<div class=\"box-desc\">\n\t\t\t\t\t\t<p>CANDI STOP NATURA contribuie la men\u021binerea echilibrului microbiomului intestinal \u0219i la \u00eent\u0103rirea sistemului imunitar al porumbeilor. Datorit\u0103 con\u021binutului de extracte naturale din Pinus sylvestris, Populi gemma, Salvia officinalis, Calendula officinalis, Artemisia absinthium \u0219i Mentha piperita, produsul are efecte antifungice, antiinflamatorii \u0219i antioxidante, contribuind la prevenirea dezvolt\u0103rii excesive a ciupercii Candida albicans \u0219i a altor infec\u021bii fungice.<\/p><p>Produsul sus\u021bine s\u0103n\u0103tatea digestiv\u0103, func\u021bia hepatic\u0103, respira\u021bia \u0219i performan\u021ba general\u0103 a organismului, fiind util \u00een special \u00een perioadele de stres, convalescen\u021b\u0103 sau dup\u0103 tratamente cu antibiotice. Produsul poate fi utilizat pe tot parcursul anului, \u00een special \u00een perioadele de stres: prim\u0103vara, toamna, \u00een perioada de n\u0103p\u00e2rlire, dup\u0103 vaccinare, temperaturi extreme, concursuri.<\/p>\t\t\t\t\t<\/div>\n\t\t\t\t\t\t\t\t\t<div class=\"box-desc-title\">\n\t\t\t\t\t\tCOMPOZI\u021aIE:\t\t\t\t\t<\/div>\n\t\t\t\t\t<div class=\"box-desc\">\n\t\t\t\t\t\t<p>Extracte naturale de Pinus sylvestris, Populi gemma, Salvia officinalis, Calendula officinalis, Artemisia absinthium, Mentha piperita, complex de nutrienti (Lizina, Fier, Biotina, Vitamina C, Taurina, Zinc, Vitamina D3, Seleniu).<\/p>\t\t\t\t\t<\/div>\n\t\t\t\t\t\t\t\t\t<div class=\"box-desc-title\">\n\t\t\t\t\t\tADMINISTRARE:\t\t\t\t\t<\/div>\n\t\t\t\t\t<div class=\"box-desc\">\n\t\t\t\t\t\t<p>10 ml la 1 litru de ap\u0103 potabil\u0103. Ca m\u0103sur\u0103 preventiv\u0103, se recomand\u0103 un tratament de 10 zile \u00een fiecare lun\u0103. \u00cen timpul tratamentelor cu antibiotice, se recomand\u0103 administrarea produsului pe \u00eentreaga durat\u0103 a tratamentului medicamentos.<\/p>\t\t\t\t\t<\/div>\n\t\t\t\t\t\t\t\t\t<div class=\"box-desc-title\">\n\t\t\t\t\t\tDEPOZITARE:\t\t\t\t\t<\/div>\n\t\t\t\t\t<div class=\"box-desc\">\n\t\t\t\t\t\t<p>A se depozita \u00eentr-un loc uscat, la temperaturi care nu dep\u0103\u0219esc 25\u00b0C. P\u0103stra\u021bi \u00een ambalajul original, departe de umiditate \u0219i de lumina direct a soarelui. Nu utiliza\u021bi dup\u0103 data de expirare. A nu se l\u0103sa la \u00eendem\u00e2na copiilor.<\/p>\t\t\t\t\t<\/div>\n\t\t\t\t\t\t\t<\/div>\n\t\t\t<div class=\"button-resellers d-flex justify-content-center align-items-center\">\n\t\t\t\t<a href=\"https:\/\/cest-pharma.com\/ro\/parteneri\/\" target=\"_self\" class=\"fw-btn fw-btn-1\">\n\t\t\t\t\t<span><img src=\"\/wp-content\/uploads\/2022\/11\/Cart.png\" class=\"d-inline\"> Adaug\u0103 \u00een co\u0219<\/span>\n\t\t\t\t<\/a>\n\t\t\t<\/div>\n\t\t<\/div>\n\t\t<div class=\"row related\">\n\t\t\t<div class=\"category-related\">\n\t\t\t\tProduse conexe\t\t\t<\/div>\n\t\t\t<div class=\"swiper-related\">\n\t\t\t\t<!-- Swiper -->\n\t\t\t\t<div class=\"swiper mySwiper\">\n\t\t\t\t\t<div class=\"swiper-wrapper\">\n\t\t\t\t\t\t\t\t\t\t\t<div class=\"swiper-slide gallerys\">\n\t\t\t\t\t\t\t<a href=\"https:\/\/cest-pharma.com\/ro\/yellow-drops-100ml\/\" target=\"_self\" class=\"fw-btn fw-btn-1\">\n\t\t\t\t\t\t\t\t<div class=\"image_related\">\n\t\t\t\t\t\t\t\t\t<img width=\"1920\" height=\"1920\" src=\"https:\/\/cest-pharma.com\/wp-content\/uploads\/2026\/03\/4.-Poza-Candi-Stop-Natura-1000ml.jpg\" class=\"attachment-full size-full wp-post-image\" alt=\"\" decoding=\"async\" loading=\"lazy\" srcset=\"https:\/\/cest-pharma.com\/wp-content\/uploads\/2026\/03\/4.-Poza-Candi-Stop-Natura-1000ml.jpg 1920w, https:\/\/cest-pharma.com\/wp-content\/uploads\/2026\/03\/4.-Poza-Candi-Stop-Natura-1000ml-300x300.jpg 300w, https:\/\/cest-pharma.com\/wp-content\/uploads\/2026\/03\/4.-Poza-Candi-Stop-Natura-1000ml-1024x1024.jpg 1024w, https:\/\/cest-pharma.com\/wp-content\/uploads\/2026\/03\/4.-Poza-Candi-Stop-Natura-1000ml-150x150.jpg 150w, https:\/\/cest-pharma.com\/wp-content\/uploads\/2026\/03\/4.-Poza-Candi-Stop-Natura-1000ml-768x768.jpg 768w, https:\/\/cest-pharma.com\/wp-content\/uploads\/2026\/03\/4.-Poza-Candi-Stop-Natura-1000ml-1536x1536.jpg 1536w, https:\/\/cest-pharma.com\/wp-content\/uploads\/2026\/03\/4.-Poza-Candi-Stop-Natura-1000ml-12x12.jpg 12w, https:\/\/cest-pharma.com\/wp-content\/uploads\/2026\/03\/4.-Poza-Candi-Stop-Natura-1000ml-1200x1200.jpg 1200w\" sizes=\"(max-width: 1920px) 100vw, 1920px\" \/>\t\t\t\t\t\t\t\t\t<img width=\"1920\" height=\"1920\" src=\"https:\/\/cest-pharma.com\/wp-content\/uploads\/2022\/12\/06.07.2021-Columbovet-34.png\" class=\"attachment- size-\" alt=\"\" decoding=\"async\" loading=\"lazy\" srcset=\"https:\/\/cest-pharma.com\/wp-content\/uploads\/2022\/12\/06.07.2021-Columbovet-34.png 1920w, https:\/\/cest-pharma.com\/wp-content\/uploads\/2022\/12\/06.07.2021-Columbovet-34-300x300.png 300w, https:\/\/cest-pharma.com\/wp-content\/uploads\/2022\/12\/06.07.2021-Columbovet-34-1024x1024.png 1024w, https:\/\/cest-pharma.com\/wp-content\/uploads\/2022\/12\/06.07.2021-Columbovet-34-150x150.png 150w, https:\/\/cest-pharma.com\/wp-content\/uploads\/2022\/12\/06.07.2021-Columbovet-34-768x768.png 768w, https:\/\/cest-pharma.com\/wp-content\/uploads\/2022\/12\/06.07.2021-Columbovet-34-1536x1536.png 1536w, https:\/\/cest-pharma.com\/wp-content\/uploads\/2022\/12\/06.07.2021-Columbovet-34-12x12.png 12w, https:\/\/cest-pharma.com\/wp-content\/uploads\/2022\/12\/06.07.2021-Columbovet-34-1200x1200.png 1200w\" sizes=\"(max-width: 1920px) 100vw, 1920px\" \/>\t\t\t\t\t\t\t\t<\/div>\n\t\t\t\t\t\t\t\t<div class=\"name_related\">\n\t\t\t\t\t\t\t\t\tYELLOW DROPS 100ml\t\t\t\t\t\t\t\t<\/div>\n\t\t\t\t\t\t\t<\/a>\n\t\t\t\t\t\t<\/div>\n\t\t\t\t\t\t\t\t\t\t\t<div class=\"swiper-slide gallerys\">\n\t\t\t\t\t\t\t<a href=\"https:\/\/cest-pharma.com\/ro\/tricogo-500ml-1000ml\/\" target=\"_self\" class=\"fw-btn fw-btn-1\">\n\t\t\t\t\t\t\t\t<div class=\"image_related\">\n\t\t\t\t\t\t\t\t\t<img width=\"1920\" height=\"1920\" src=\"https:\/\/cest-pharma.com\/wp-content\/uploads\/2026\/03\/4.-Poza-Candi-Stop-Natura-1000ml.jpg\" class=\"attachment-full size-full wp-post-image\" alt=\"\" decoding=\"async\" loading=\"lazy\" srcset=\"https:\/\/cest-pharma.com\/wp-content\/uploads\/2026\/03\/4.-Poza-Candi-Stop-Natura-1000ml.jpg 1920w, https:\/\/cest-pharma.com\/wp-content\/uploads\/2026\/03\/4.-Poza-Candi-Stop-Natura-1000ml-300x300.jpg 300w, https:\/\/cest-pharma.com\/wp-content\/uploads\/2026\/03\/4.-Poza-Candi-Stop-Natura-1000ml-1024x1024.jpg 1024w, https:\/\/cest-pharma.com\/wp-content\/uploads\/2026\/03\/4.-Poza-Candi-Stop-Natura-1000ml-150x150.jpg 150w, https:\/\/cest-pharma.com\/wp-content\/uploads\/2026\/03\/4.-Poza-Candi-Stop-Natura-1000ml-768x768.jpg 768w, https:\/\/cest-pharma.com\/wp-content\/uploads\/2026\/03\/4.-Poza-Candi-Stop-Natura-1000ml-1536x1536.jpg 1536w, https:\/\/cest-pharma.com\/wp-content\/uploads\/2026\/03\/4.-Poza-Candi-Stop-Natura-1000ml-12x12.jpg 12w, https:\/\/cest-pharma.com\/wp-content\/uploads\/2026\/03\/4.-Poza-Candi-Stop-Natura-1000ml-1200x1200.jpg 1200w\" sizes=\"(max-width: 1920px) 100vw, 1920px\" \/>\t\t\t\t\t\t\t\t\t<img width=\"1920\" height=\"1920\" src=\"https:\/\/cest-pharma.com\/wp-content\/uploads\/2022\/12\/EW1A2891-1.png\" class=\"attachment- size-\" alt=\"\" decoding=\"async\" loading=\"lazy\" srcset=\"https:\/\/cest-pharma.com\/wp-content\/uploads\/2022\/12\/EW1A2891-1.png 1920w, https:\/\/cest-pharma.com\/wp-content\/uploads\/2022\/12\/EW1A2891-1-300x300.png 300w, https:\/\/cest-pharma.com\/wp-content\/uploads\/2022\/12\/EW1A2891-1-1024x1024.png 1024w, https:\/\/cest-pharma.com\/wp-content\/uploads\/2022\/12\/EW1A2891-1-150x150.png 150w, https:\/\/cest-pharma.com\/wp-content\/uploads\/2022\/12\/EW1A2891-1-768x768.png 768w, https:\/\/cest-pharma.com\/wp-content\/uploads\/2022\/12\/EW1A2891-1-1536x1536.png 1536w, https:\/\/cest-pharma.com\/wp-content\/uploads\/2022\/12\/EW1A2891-1-12x12.png 12w, https:\/\/cest-pharma.com\/wp-content\/uploads\/2022\/12\/EW1A2891-1-1200x1200.png 1200w\" sizes=\"(max-width: 1920px) 100vw, 1920px\" \/>\t\t\t\t\t\t\t\t<\/div>\n\t\t\t\t\t\t\t\t<div class=\"name_related\">\n\t\t\t\t\t\t\t\t\tTRICOGO 500ml\/1000ml\t\t\t\t\t\t\t\t<\/div>\n\t\t\t\t\t\t\t<\/a>\n\t\t\t\t\t\t<\/div>\n\t\t\t\t\t\t\t\t\t\t<\/div>\n\t\t\t\t\t<div class=\"swiper-button-next\"><\/div>\n\t\t\t\t\t<div class=\"swiper-button-prev\"><\/div>\n\t\t\t\t<\/div>\n\t\t\t<\/div>\n\t\t<\/div>\n\t<\/div>\n<\/section>\n\n<!-- Swiper JS -->\n<script src=\"https:\/\/cdn.jsdelivr.net\/npm\/swiper\/swiper-bundle.min.js\"><\/script>\n\n<!-- Initialize Swiper -->\n<script>\n\tvar swiper = new Swiper(\".mySwiper\", {\n\tslidesPerView: 1,\n\tspaceBetween: 30,\n\tloop: true,\n    autoplay: {\n      delay: 2500,\n      disableOnInteraction: false,\n    },\n\tnavigation: {\n\t\tnextEl: \".swiper-button-next\",\n\t\tprevEl: \".swiper-button-prev\",\n\t},\n\tbreakpoints: {\n          640: {\n            slidesPerView: 2,\n            spaceBetween: 10,\n          },\n          768: {\n            slidesPerView: 3,\n            spaceBetween: 30,\n          },\n          1024: {\n            slidesPerView: 4,\n            spaceBetween: 30,\n          },\n        },\n\t});\n<\/script>\n<\/div>\n<\/div>\n\n\t<\/div>\n<\/section>","protected":false},"excerpt":{"rendered":"<p>CANDI STOP NATURA 1000ML INDICATIONS: CANDI STOP NATURA contributes to maintaining the balance of the intestinal microbiome and strengthening the immune system of pigeons. Due to the content of natural extracts from Pinus sylvestris, Populi gemma, Salvia officinalis, Calendula officinalis, Artemisia absinthium and Mentha piperita, the product has antifungal, anti-inflammatory and antioxidant effects, contributing to [&hellip;]<\/p>","protected":false},"author":1,"featured_media":2086,"parent":0,"menu_order":0,"comment_status":"closed","ping_status":"closed","template":"","meta":[],"yoast_head":"<!-- This site is optimized with the Yoast SEO plugin v19.11 - https:\/\/yoast.com\/wordpress\/plugins\/seo\/ -->\n<title>CANDI STOP NATURA has antifungal, anti-inflammatory and antioxidant effects,<\/title>\n<meta name=\"description\" content=\"CANDI STOP NATURA has antifungal, anti-inflammatory and antioxidant effects, contributing to the prevention of excessive development of the fungus Candida albicans and other fungal infections\" \/>\n<meta name=\"robots\" content=\"index, follow, max-snippet:-1, max-image-preview:large, max-video-preview:-1\" \/>\n<link rel=\"canonical\" href=\"https:\/\/cest-pharma.com\/ro\/candi-stop-natura-1000ml\/\" \/>\n<meta property=\"og:locale\" content=\"ro_RO\" \/>\n<meta property=\"og:type\" content=\"article\" \/>\n<meta property=\"og:title\" content=\"CANDI STOP NATURA has antifungal, anti-inflammatory and antioxidant effects,\" \/>\n<meta property=\"og:description\" content=\"CANDI STOP NATURA has antifungal, anti-inflammatory and antioxidant effects, contributing to the prevention of excessive development of the fungus Candida albicans and other fungal infections\" \/>\n<meta property=\"og:url\" content=\"https:\/\/cest-pharma.com\/ro\/candi-stop-natura-1000ml\/\" \/>\n<meta property=\"og:site_name\" content=\"Cest Pharma\" \/>\n<meta property=\"article:modified_time\" content=\"2026-03-30T06:45:53+00:00\" \/>\n<meta property=\"og:image\" content=\"https:\/\/cest-pharma.com\/wp-content\/uploads\/2026\/03\/4.-Poza-Candi-Stop-Natura-1000ml.jpg\" \/>\n\t<meta property=\"og:image:width\" content=\"1920\" \/>\n\t<meta property=\"og:image:height\" content=\"1920\" \/>\n\t<meta property=\"og:image:type\" content=\"image\/jpeg\" \/>\n<meta name=\"twitter:card\" content=\"summary_large_image\" \/>\n<meta name=\"twitter:label1\" content=\"Timp estimat pentru citire\" \/>\n\t<meta name=\"twitter:data1\" content=\"4 minute\" \/>\n<script type=\"application\/ld+json\" class=\"yoast-schema-graph\">{\"@context\":\"https:\/\/schema.org\",\"@graph\":[{\"@type\":\"WebPage\",\"@id\":\"https:\/\/cest-pharma.com\/candi-stop-natura-1000ml\/\",\"url\":\"https:\/\/cest-pharma.com\/candi-stop-natura-1000ml\/\",\"name\":\"CANDI STOP NATURA has antifungal, anti-inflammatory and antioxidant effects,\",\"isPartOf\":{\"@id\":\"https:\/\/cest-pharma.com\/#website\"},\"datePublished\":\"2026-03-30T06:40:43+00:00\",\"dateModified\":\"2026-03-30T06:45:53+00:00\",\"description\":\"CANDI STOP NATURA has antifungal, anti-inflammatory and antioxidant effects, contributing to the prevention of excessive development of the fungus Candida albicans and other fungal infections\",\"breadcrumb\":{\"@id\":\"https:\/\/cest-pharma.com\/candi-stop-natura-1000ml\/#breadcrumb\"},\"inLanguage\":\"ro-RO\",\"potentialAction\":[{\"@type\":\"ReadAction\",\"target\":[\"https:\/\/cest-pharma.com\/candi-stop-natura-1000ml\/\"]}]},{\"@type\":\"BreadcrumbList\",\"@id\":\"https:\/\/cest-pharma.com\/candi-stop-natura-1000ml\/#breadcrumb\",\"itemListElement\":[{\"@type\":\"ListItem\",\"position\":1,\"name\":\"Home\",\"item\":\"https:\/\/cest-pharma.com\/\"},{\"@type\":\"ListItem\",\"position\":2,\"name\":\"CANDI STOP NATURA 1000ML\"}]},{\"@type\":\"WebSite\",\"@id\":\"https:\/\/cest-pharma.com\/#website\",\"url\":\"https:\/\/cest-pharma.com\/\",\"name\":\"Cest Pharma\",\"description\":\"\",\"publisher\":{\"@id\":\"https:\/\/cest-pharma.com\/#organization\"},\"potentialAction\":[{\"@type\":\"SearchAction\",\"target\":{\"@type\":\"EntryPoint\",\"urlTemplate\":\"https:\/\/cest-pharma.com\/?s={search_term_string}\"},\"query-input\":\"required name=search_term_string\"}],\"inLanguage\":\"ro-RO\"},{\"@type\":\"Organization\",\"@id\":\"https:\/\/cest-pharma.com\/#organization\",\"name\":\"Cest Pharma\",\"url\":\"https:\/\/cest-pharma.com\/\",\"logo\":{\"@type\":\"ImageObject\",\"inLanguage\":\"ro-RO\",\"@id\":\"https:\/\/cest-pharma.com\/#\/schema\/logo\/image\/\",\"url\":\"https:\/\/cest-pharma.com\/wp-content\/uploads\/2023\/01\/cropped-Cest-Pharma-logo-font-corectat.png\",\"contentUrl\":\"https:\/\/cest-pharma.com\/wp-content\/uploads\/2023\/01\/cropped-Cest-Pharma-logo-font-corectat.png\",\"width\":1003,\"height\":777,\"caption\":\"Cest Pharma\"},\"image\":{\"@id\":\"https:\/\/cest-pharma.com\/#\/schema\/logo\/image\/\"}}]}<\/script>\n<!-- \/ Yoast SEO plugin. -->","yoast_head_json":{"title":"CANDI STOP NATURA has antifungal, anti-inflammatory and antioxidant effects,","description":"CANDI STOP NATURA has antifungal, anti-inflammatory and antioxidant effects, contributing to the prevention of excessive development of the fungus Candida albicans and other fungal infections","robots":{"index":"index","follow":"follow","max-snippet":"max-snippet:-1","max-image-preview":"max-image-preview:large","max-video-preview":"max-video-preview:-1"},"canonical":"https:\/\/cest-pharma.com\/ro\/candi-stop-natura-1000ml\/","og_locale":"ro_RO","og_type":"article","og_title":"CANDI STOP NATURA has antifungal, anti-inflammatory and antioxidant effects,","og_description":"CANDI STOP NATURA has antifungal, anti-inflammatory and antioxidant effects, contributing to the prevention of excessive development of the fungus Candida albicans and other fungal infections","og_url":"https:\/\/cest-pharma.com\/ro\/candi-stop-natura-1000ml\/","og_site_name":"Cest Pharma","article_modified_time":"2026-03-30T06:45:53+00:00","og_image":[{"width":1920,"height":1920,"url":"https:\/\/cest-pharma.com\/wp-content\/uploads\/2026\/03\/4.-Poza-Candi-Stop-Natura-1000ml.jpg","type":"image\/jpeg"}],"twitter_card":"summary_large_image","twitter_misc":{"Timp estimat pentru citire":"4 minute"},"schema":{"@context":"https:\/\/schema.org","@graph":[{"@type":"WebPage","@id":"https:\/\/cest-pharma.com\/candi-stop-natura-1000ml\/","url":"https:\/\/cest-pharma.com\/candi-stop-natura-1000ml\/","name":"CANDI STOP NATURA has antifungal, anti-inflammatory and antioxidant effects,","isPartOf":{"@id":"https:\/\/cest-pharma.com\/#website"},"datePublished":"2026-03-30T06:40:43+00:00","dateModified":"2026-03-30T06:45:53+00:00","description":"CANDI STOP NATURA has antifungal, anti-inflammatory and antioxidant effects, contributing to the prevention of excessive development of the fungus Candida albicans and other fungal infections","breadcrumb":{"@id":"https:\/\/cest-pharma.com\/candi-stop-natura-1000ml\/#breadcrumb"},"inLanguage":"ro-RO","potentialAction":[{"@type":"ReadAction","target":["https:\/\/cest-pharma.com\/candi-stop-natura-1000ml\/"]}]},{"@type":"BreadcrumbList","@id":"https:\/\/cest-pharma.com\/candi-stop-natura-1000ml\/#breadcrumb","itemListElement":[{"@type":"ListItem","position":1,"name":"Home","item":"https:\/\/cest-pharma.com\/"},{"@type":"ListItem","position":2,"name":"CANDI STOP NATURA 1000ML"}]},{"@type":"WebSite","@id":"https:\/\/cest-pharma.com\/#website","url":"https:\/\/cest-pharma.com\/","name":"Cest Pharma","description":"","publisher":{"@id":"https:\/\/cest-pharma.com\/#organization"},"potentialAction":[{"@type":"SearchAction","target":{"@type":"EntryPoint","urlTemplate":"https:\/\/cest-pharma.com\/?s={search_term_string}"},"query-input":"required name=search_term_string"}],"inLanguage":"ro-RO"},{"@type":"Organization","@id":"https:\/\/cest-pharma.com\/#organization","name":"Cest Pharma","url":"https:\/\/cest-pharma.com\/","logo":{"@type":"ImageObject","inLanguage":"ro-RO","@id":"https:\/\/cest-pharma.com\/#\/schema\/logo\/image\/","url":"https:\/\/cest-pharma.com\/wp-content\/uploads\/2023\/01\/cropped-Cest-Pharma-logo-font-corectat.png","contentUrl":"https:\/\/cest-pharma.com\/wp-content\/uploads\/2023\/01\/cropped-Cest-Pharma-logo-font-corectat.png","width":1003,"height":777,"caption":"Cest Pharma"},"image":{"@id":"https:\/\/cest-pharma.com\/#\/schema\/logo\/image\/"}}]}},"_links":{"self":[{"href":"https:\/\/cest-pharma.com\/ro\/wp-json\/wp\/v2\/pages\/2085"}],"collection":[{"href":"https:\/\/cest-pharma.com\/ro\/wp-json\/wp\/v2\/pages"}],"about":[{"href":"https:\/\/cest-pharma.com\/ro\/wp-json\/wp\/v2\/types\/page"}],"author":[{"embeddable":true,"href":"https:\/\/cest-pharma.com\/ro\/wp-json\/wp\/v2\/users\/1"}],"replies":[{"embeddable":true,"href":"https:\/\/cest-pharma.com\/ro\/wp-json\/wp\/v2\/comments?post=2085"}],"version-history":[{"count":2,"href":"https:\/\/cest-pharma.com\/ro\/wp-json\/wp\/v2\/pages\/2085\/revisions"}],"predecessor-version":[{"id":2088,"href":"https:\/\/cest-pharma.com\/ro\/wp-json\/wp\/v2\/pages\/2085\/revisions\/2088"}],"wp:featuredmedia":[{"embeddable":true,"href":"https:\/\/cest-pharma.com\/ro\/wp-json\/wp\/v2\/media\/2086"}],"wp:attachment":[{"href":"https:\/\/cest-pharma.com\/ro\/wp-json\/wp\/v2\/media?parent=2085"}],"curies":[{"name":"wp","href":"https:\/\/api.w.org\/{rel}","templated":true}]}}