{"id":2126,"date":"2026-05-07T09:58:05","date_gmt":"2026-05-07T09:58:05","guid":{"rendered":"https:\/\/cest-pharma.com\/?page_id=2126"},"modified":"2026-05-07T09:58:41","modified_gmt":"2026-05-07T09:58:41","slug":"protein-tab-2","status":"publish","type":"page","link":"https:\/\/cest-pharma.com\/ro\/protein-tab-2\/","title":{"rendered":"PROTEIN TAB"},"content":{"rendered":"<p><section class=\"fw-main-row\"  >\n\t<div class=\"fw-container-fluid\">\n\t\t<div class=\"fw-row\">\n\t<div class=\"fw-col-xs-12\">\n\t\n<section id=\"product\" class=\"p-0\">\n\t<div class=\"section-inner\">\n\t\t<div class=\"row\">\n\t\t\t<div class=\"col-md-6 d-flex justify-content-center align-items-center\">\n\t\t\t\t<div class=\"product-image gallerys\">\n\t\t\t\t\t<img width=\"1920\" height=\"1920\" src=\"https:\/\/cest-pharma.com\/wp-content\/uploads\/2026\/05\/protein-tab-cu-cutie.jpg\" class=\"attachment-full size-full wp-post-image\" alt=\"\" decoding=\"async\" loading=\"lazy\" srcset=\"https:\/\/cest-pharma.com\/wp-content\/uploads\/2026\/05\/protein-tab-cu-cutie.jpg 1920w, https:\/\/cest-pharma.com\/wp-content\/uploads\/2026\/05\/protein-tab-cu-cutie-300x300.jpg 300w, https:\/\/cest-pharma.com\/wp-content\/uploads\/2026\/05\/protein-tab-cu-cutie-1024x1024.jpg 1024w, https:\/\/cest-pharma.com\/wp-content\/uploads\/2026\/05\/protein-tab-cu-cutie-150x150.jpg 150w, https:\/\/cest-pharma.com\/wp-content\/uploads\/2026\/05\/protein-tab-cu-cutie-768x768.jpg 768w, https:\/\/cest-pharma.com\/wp-content\/uploads\/2026\/05\/protein-tab-cu-cutie-1536x1536.jpg 1536w, https:\/\/cest-pharma.com\/wp-content\/uploads\/2026\/05\/protein-tab-cu-cutie-12x12.jpg 12w, https:\/\/cest-pharma.com\/wp-content\/uploads\/2026\/05\/protein-tab-cu-cutie-1200x1200.jpg 1200w\" sizes=\"(max-width: 1920px) 100vw, 1920px\" \/>\t\t\t\t\t<img width=\"1920\" height=\"1920\" src=\"https:\/\/cest-pharma.com\/wp-content\/uploads\/2026\/05\/protein-tab-cu-cutie.jpg\" class=\"attachment- size-\" alt=\"\" decoding=\"async\" loading=\"lazy\" srcset=\"https:\/\/cest-pharma.com\/wp-content\/uploads\/2026\/05\/protein-tab-cu-cutie.jpg 1920w, https:\/\/cest-pharma.com\/wp-content\/uploads\/2026\/05\/protein-tab-cu-cutie-300x300.jpg 300w, https:\/\/cest-pharma.com\/wp-content\/uploads\/2026\/05\/protein-tab-cu-cutie-1024x1024.jpg 1024w, https:\/\/cest-pharma.com\/wp-content\/uploads\/2026\/05\/protein-tab-cu-cutie-150x150.jpg 150w, https:\/\/cest-pharma.com\/wp-content\/uploads\/2026\/05\/protein-tab-cu-cutie-768x768.jpg 768w, https:\/\/cest-pharma.com\/wp-content\/uploads\/2026\/05\/protein-tab-cu-cutie-1536x1536.jpg 1536w, https:\/\/cest-pharma.com\/wp-content\/uploads\/2026\/05\/protein-tab-cu-cutie-12x12.jpg 12w, https:\/\/cest-pharma.com\/wp-content\/uploads\/2026\/05\/protein-tab-cu-cutie-1200x1200.jpg 1200w\" sizes=\"(max-width: 1920px) 100vw, 1920px\" \/>\t\t\t\t<\/div>\n \t\t\t    <div class=\"socials\">\n\t\t\t      <div class=\"sticky\">\n\t\t\t\t  <ul>\n\t\t\t\t\t<li>\n\t\t\t\t\t\t<a href=\"\/\/www.facebook.com\/sharer.php?u=https:\/\/cest-pharma.com\/ro\/protein-tab-2\/\" class=\"social-sharing-item-block facebook\" title=\"Facebook\" onclick=\"event.preventDefault(); javascript:window.open(this.href, '', 'menubar=no,toolbar=no,resizable=yes,scrollbars=yes,height=220,width=600');return false;\">\n\t\t\t\t\t\t    <!-- <i class=\"fa fa-facebook social-sharing-icon\"><\/i> -->\n\t\t\t\t\t\t    <img src=\"\/wp-content\/uploads\/2022\/12\/facebook-1.png\">\n\t\t\t\t\t\t<\/a>\n\t\t\t\t\t<\/li>\n\t\t\t\t\t<li>\n\t\t\t\t\t\t<a href=\"\/\/linkedin.com\/share?url=https:\/\/cest-pharma.com\/ro\/protein-tab-2\/&amp;text=PROTEIN+TAB\" class=\"social-sharing-item-block twitter\" title=\"linkedin\" onclick=\"javascript:window.open(this.href, '', 'menubar=no,toolbar=no,resizable=yes,scrollbars=yes,height=260,width=600');return false;\">\n\t\t\t\t\t\t    <!-- <i class=\"fa fa-twitter social-sharing-icon\"><\/i> -->\n\t\t\t\t\t\t\t<img src=\"\/wp-content\/uploads\/2022\/12\/linkedin.png\">\n\t\t\t\t\t\t<\/a>\n\t\t\t\t\t<\/li>\n\t\t\t\t\t<li>\n\t\t\t\t\t\t<a href=\"\/\/twitter.com\/share?url=https:\/\/cest-pharma.com\/ro\/protein-tab-2\/&amp;text=PROTEIN+TAB\" class=\"social-sharing-item-block twitter\" title=\"linkedin\" onclick=\"javascript:window.open(this.href, '', 'menubar=no,toolbar=no,resizable=yes,scrollbars=yes,height=260,width=600');return false;\">\n\t\t\t\t\t\t    <!-- <i class=\"fa fa-twitter social-sharing-icon\"><\/i> -->\n\t\t\t\t\t\t\t<img src=\"\/wp-content\/uploads\/2022\/12\/twitter.png\">\n\t\t\t\t\t\t<\/a>\n\t\t\t\t\t<\/li>\n\t\t\t\t<\/ul>\n\t\t\t<\/div>\n\t\t<\/div>\n\t\t\t<\/div>\n\t\t\t<div class=\"col-md-6\">\n\t\t\t\t<div class=\"title-product\">\n\t\t\t\t\tPROTEIN TAB - 125 TABS\t\t\t\t<\/div>\n\t\t\t\t\t\t\t\t\t<div class=\"box-desc-title\">\n\t\t\t\t\t\tINDICA\u021aII:\t\t\t\t\t<\/div>\n\t\t\t\t\t<div class=\"box-desc\">\n\t\t\t\t\t\t<p>Pentru reintegrarea imediat\u0103  a porumbeilor \u00een competi\u0163iile sportive. Asigur\u0103 o refacere rapid\u0103 a masei musculare, opre\u0219te producerea de acid lactic, reduce oboseala, reduce inflama\u021biile \u0219i durerea, cre\u0219te imunitatea \u0219i scade riscul \u00eemboln\u0103virilor \u0219i \u00eembun\u0103t\u0103\u021be\u0219te digestia, cre\u0219te fluxul sangvin \u0219i astfel capacitatea organismului de efort.<\/p>\t\t\t\t\t<\/div>\n\t\t\t\t\t\t\t\t\t<div class=\"box-desc-title\">\n\t\t\t\t\t\tCOMPOZI\u0162IE \/1 tablet\u0103 con\u0163ine:\t\t\t\t\t<\/div>\n\t\t\t\t\t<div class=\"box-desc\">\n\t\t\t\t\t\t<p><strong>Concentrat proteic:<\/strong> Protein\u0103 din soia, protein\u0103 din zer, Colostru (surs\u0103 bovin\u0103), pulbere de lucern\u0103;<br \/><strong>Microorganisme probiotice:<\/strong> drojie de bere;<br \/><strong>Adititivi nutri\u0163ionali:<\/strong> D-glucozamin\u0103 sulfat 2KCL, metil sulfonil metan, condroitin\u0103 bovin\u0103, complex DHA<br \/><strong>Minerale:<\/strong> Chelat de  fier, Chelat Glicinat de Zinc,  Citrat de magneziu<br \/><strong>Vitamine:<\/strong> Vitamina C (Acid Ascorbic) (E300),  Vitamina E  (DL alpha tocopheryl acetate) (3a700), Vitamina B6 (Pyridoxin HCl),  Vitamin B1 (Thiamin HCl), Vitamina B12 (Cyanocobalamine)<br \/><strong>Aminoacizi:<\/strong> Dl-metionin\u0103, L-cistein\u0103 HCL, L-lizin\u0103 monoclorhidrat, L-leucin\u0103, L-izoleucin\u0103, L-Valin\u0103, L-Arginin\u0103<\/p>\t\t\t\t\t<\/div>\n\t\t\t\t\t\t\t\t\t<div class=\"box-desc-title\">\n\t\t\t\t\t\tRECOMAND\u0102RI DE UTILIZARE:\t\t\t\t\t<\/div>\n\t\t\t\t\t<div class=\"box-desc\">\n\t\t\t\t\t\t<p>1-2 tablete\/porumbel dup\u0103 curs\u0103.<br \/><strong>La pui \u0219i tineret:<\/strong> \u00een perioadele de  cre\u015ftere \u015fi dezvoltare muscular\u0103 se va administra zilnic c\u00e2te 1 comprimat\/zi.<br \/><strong>Preg\u0103tire pentru concurs:<\/strong> zilnic 1 comprimat \u00eenainte \u015fi dup\u0103 antrenament.<br \/><strong>\u00cen perioadele de \u00eemperechere \u0219i n\u0103p\u00e2lire:<\/strong> 1 tablet\u0103 de 2-3 ori pe s\u0103pt\u0103m\u00e2n\u0103<\/p>\t\t\t\t\t<\/div>\n\t\t\t\t\t\t\t<\/div>\n\t\t\t<div class=\"button-resellers d-flex justify-content-center align-items-center\">\n\t\t\t\t<a href=\"https:\/\/cest-pharma.com\/ro\/parteneri\/\" target=\"_self\" class=\"fw-btn fw-btn-1\">\n\t\t\t\t\t<span><img src=\"\/wp-content\/uploads\/2022\/11\/Cart.png\" class=\"d-inline\"> Adaug\u0103 \u00een co\u0219<\/span>\n\t\t\t\t<\/a>\n\t\t\t<\/div>\n\t\t<\/div>\n\t\t<div class=\"row related\">\n\t\t\t<div class=\"category-related\">\n\t\t\t\tProduse conexe\t\t\t<\/div>\n\t\t\t<div class=\"swiper-related\">\n\t\t\t\t<!-- Swiper -->\n\t\t\t\t<div class=\"swiper mySwiper\">\n\t\t\t\t\t<div class=\"swiper-wrapper\">\n\t\t\t\t\t\t\t\t\t\t\t<div class=\"swiper-slide gallerys\">\n\t\t\t\t\t\t\t<a href=\"https:\/\/cest-pharma.com\/ro\/yellow-drops-100ml\/\" target=\"_self\" class=\"fw-btn fw-btn-1\">\n\t\t\t\t\t\t\t\t<div class=\"image_related\">\n\t\t\t\t\t\t\t\t\t<img width=\"1920\" height=\"1920\" src=\"https:\/\/cest-pharma.com\/wp-content\/uploads\/2026\/05\/protein-tab-cu-cutie.jpg\" class=\"attachment-full size-full wp-post-image\" alt=\"\" decoding=\"async\" loading=\"lazy\" srcset=\"https:\/\/cest-pharma.com\/wp-content\/uploads\/2026\/05\/protein-tab-cu-cutie.jpg 1920w, https:\/\/cest-pharma.com\/wp-content\/uploads\/2026\/05\/protein-tab-cu-cutie-300x300.jpg 300w, https:\/\/cest-pharma.com\/wp-content\/uploads\/2026\/05\/protein-tab-cu-cutie-1024x1024.jpg 1024w, https:\/\/cest-pharma.com\/wp-content\/uploads\/2026\/05\/protein-tab-cu-cutie-150x150.jpg 150w, https:\/\/cest-pharma.com\/wp-content\/uploads\/2026\/05\/protein-tab-cu-cutie-768x768.jpg 768w, https:\/\/cest-pharma.com\/wp-content\/uploads\/2026\/05\/protein-tab-cu-cutie-1536x1536.jpg 1536w, https:\/\/cest-pharma.com\/wp-content\/uploads\/2026\/05\/protein-tab-cu-cutie-12x12.jpg 12w, https:\/\/cest-pharma.com\/wp-content\/uploads\/2026\/05\/protein-tab-cu-cutie-1200x1200.jpg 1200w\" sizes=\"(max-width: 1920px) 100vw, 1920px\" \/>\t\t\t\t\t\t\t\t\t<img width=\"1920\" height=\"1920\" src=\"https:\/\/cest-pharma.com\/wp-content\/uploads\/2022\/12\/06.07.2021-Columbovet-34.png\" class=\"attachment- size-\" alt=\"\" decoding=\"async\" loading=\"lazy\" srcset=\"https:\/\/cest-pharma.com\/wp-content\/uploads\/2022\/12\/06.07.2021-Columbovet-34.png 1920w, https:\/\/cest-pharma.com\/wp-content\/uploads\/2022\/12\/06.07.2021-Columbovet-34-300x300.png 300w, https:\/\/cest-pharma.com\/wp-content\/uploads\/2022\/12\/06.07.2021-Columbovet-34-1024x1024.png 1024w, https:\/\/cest-pharma.com\/wp-content\/uploads\/2022\/12\/06.07.2021-Columbovet-34-150x150.png 150w, https:\/\/cest-pharma.com\/wp-content\/uploads\/2022\/12\/06.07.2021-Columbovet-34-768x768.png 768w, https:\/\/cest-pharma.com\/wp-content\/uploads\/2022\/12\/06.07.2021-Columbovet-34-1536x1536.png 1536w, https:\/\/cest-pharma.com\/wp-content\/uploads\/2022\/12\/06.07.2021-Columbovet-34-12x12.png 12w, https:\/\/cest-pharma.com\/wp-content\/uploads\/2022\/12\/06.07.2021-Columbovet-34-1200x1200.png 1200w\" sizes=\"(max-width: 1920px) 100vw, 1920px\" \/>\t\t\t\t\t\t\t\t<\/div>\n\t\t\t\t\t\t\t\t<div class=\"name_related\">\n\t\t\t\t\t\t\t\t\tYELLOW DROPS 100ml\t\t\t\t\t\t\t\t<\/div>\n\t\t\t\t\t\t\t<\/a>\n\t\t\t\t\t\t<\/div>\n\t\t\t\t\t\t\t\t\t\t\t<div class=\"swiper-slide gallerys\">\n\t\t\t\t\t\t\t<a href=\"https:\/\/cest-pharma.com\/ro\/tricogo-500ml-1000ml\/\" target=\"_self\" class=\"fw-btn fw-btn-1\">\n\t\t\t\t\t\t\t\t<div class=\"image_related\">\n\t\t\t\t\t\t\t\t\t<img width=\"1920\" height=\"1920\" src=\"https:\/\/cest-pharma.com\/wp-content\/uploads\/2026\/05\/protein-tab-cu-cutie.jpg\" class=\"attachment-full size-full wp-post-image\" alt=\"\" decoding=\"async\" loading=\"lazy\" srcset=\"https:\/\/cest-pharma.com\/wp-content\/uploads\/2026\/05\/protein-tab-cu-cutie.jpg 1920w, https:\/\/cest-pharma.com\/wp-content\/uploads\/2026\/05\/protein-tab-cu-cutie-300x300.jpg 300w, https:\/\/cest-pharma.com\/wp-content\/uploads\/2026\/05\/protein-tab-cu-cutie-1024x1024.jpg 1024w, https:\/\/cest-pharma.com\/wp-content\/uploads\/2026\/05\/protein-tab-cu-cutie-150x150.jpg 150w, https:\/\/cest-pharma.com\/wp-content\/uploads\/2026\/05\/protein-tab-cu-cutie-768x768.jpg 768w, https:\/\/cest-pharma.com\/wp-content\/uploads\/2026\/05\/protein-tab-cu-cutie-1536x1536.jpg 1536w, https:\/\/cest-pharma.com\/wp-content\/uploads\/2026\/05\/protein-tab-cu-cutie-12x12.jpg 12w, https:\/\/cest-pharma.com\/wp-content\/uploads\/2026\/05\/protein-tab-cu-cutie-1200x1200.jpg 1200w\" sizes=\"(max-width: 1920px) 100vw, 1920px\" \/>\t\t\t\t\t\t\t\t\t<img width=\"1920\" height=\"1920\" src=\"https:\/\/cest-pharma.com\/wp-content\/uploads\/2022\/12\/EW1A2891-1.png\" class=\"attachment- size-\" alt=\"\" decoding=\"async\" loading=\"lazy\" srcset=\"https:\/\/cest-pharma.com\/wp-content\/uploads\/2022\/12\/EW1A2891-1.png 1920w, https:\/\/cest-pharma.com\/wp-content\/uploads\/2022\/12\/EW1A2891-1-300x300.png 300w, https:\/\/cest-pharma.com\/wp-content\/uploads\/2022\/12\/EW1A2891-1-1024x1024.png 1024w, https:\/\/cest-pharma.com\/wp-content\/uploads\/2022\/12\/EW1A2891-1-150x150.png 150w, https:\/\/cest-pharma.com\/wp-content\/uploads\/2022\/12\/EW1A2891-1-768x768.png 768w, https:\/\/cest-pharma.com\/wp-content\/uploads\/2022\/12\/EW1A2891-1-1536x1536.png 1536w, https:\/\/cest-pharma.com\/wp-content\/uploads\/2022\/12\/EW1A2891-1-12x12.png 12w, https:\/\/cest-pharma.com\/wp-content\/uploads\/2022\/12\/EW1A2891-1-1200x1200.png 1200w\" sizes=\"(max-width: 1920px) 100vw, 1920px\" \/>\t\t\t\t\t\t\t\t<\/div>\n\t\t\t\t\t\t\t\t<div class=\"name_related\">\n\t\t\t\t\t\t\t\t\tTRICOGO 500ml\/1000ml\t\t\t\t\t\t\t\t<\/div>\n\t\t\t\t\t\t\t<\/a>\n\t\t\t\t\t\t<\/div>\n\t\t\t\t\t\t\t\t\t\t<\/div>\n\t\t\t\t\t<div class=\"swiper-button-next\"><\/div>\n\t\t\t\t\t<div class=\"swiper-button-prev\"><\/div>\n\t\t\t\t<\/div>\n\t\t\t<\/div>\n\t\t<\/div>\n\t<\/div>\n<\/section>\n\n<!-- Swiper JS -->\n<script src=\"https:\/\/cdn.jsdelivr.net\/npm\/swiper\/swiper-bundle.min.js\"><\/script>\n\n<!-- Initialize Swiper -->\n<script>\n\tvar swiper = new Swiper(\".mySwiper\", {\n\tslidesPerView: 1,\n\tspaceBetween: 30,\n\tloop: true,\n    autoplay: {\n      delay: 2500,\n      disableOnInteraction: false,\n    },\n\tnavigation: {\n\t\tnextEl: \".swiper-button-next\",\n\t\tprevEl: \".swiper-button-prev\",\n\t},\n\tbreakpoints: {\n          640: {\n            slidesPerView: 2,\n            spaceBetween: 10,\n          },\n          768: {\n            slidesPerView: 3,\n            spaceBetween: 30,\n          },\n          1024: {\n            slidesPerView: 4,\n            spaceBetween: 30,\n          },\n        },\n\t});\n<\/script>\n<\/div>\n<\/div>\n\n\t<\/div>\n<\/section>\n<section class=\"fw-main-row\"  >\n\t<div class=\"fw-container\">\n\t\t\t<\/div>\n<\/section>\n<\/p>","protected":false},"excerpt":{"rendered":"<p>PROTEIN TAB &#8211; 125 TABS INDICATIONS: For the immediate reintegration of pigeons in sports competitions. It ensures rapid recovery of muscle mass, stops the production of lactic acid, reduces fatigue, reduces inflammation and pain, increases immunity and decreases the risk of disease and improves digestion, increases blood flow, and thus the capacity of the body [&hellip;]<\/p>","protected":false},"author":1,"featured_media":2127,"parent":0,"menu_order":0,"comment_status":"closed","ping_status":"closed","template":"","meta":[],"yoast_head":"<!-- This site is optimized with the Yoast SEO plugin v19.11 - https:\/\/yoast.com\/wordpress\/plugins\/seo\/ -->\n<title>PROTEIN TAB - Protein tablets for racing pigeons<\/title>\n<meta name=\"description\" content=\"Optimize pigeon performance with Protein Tab. Boost recovery, reduce fatigue, enhance immunity, and improve competition readiness\" \/>\n<meta name=\"robots\" content=\"index, follow, max-snippet:-1, max-image-preview:large, max-video-preview:-1\" \/>\n<link rel=\"canonical\" href=\"https:\/\/cest-pharma.com\/ro\/protein-tab-2\/\" \/>\n<meta property=\"og:locale\" content=\"ro_RO\" \/>\n<meta property=\"og:type\" content=\"article\" \/>\n<meta property=\"og:title\" content=\"PROTEIN TAB - Protein tablets for racing pigeons\" \/>\n<meta property=\"og:description\" content=\"Optimize pigeon performance with Protein Tab. Boost recovery, reduce fatigue, enhance immunity, and improve competition readiness\" \/>\n<meta property=\"og:url\" content=\"https:\/\/cest-pharma.com\/ro\/protein-tab-2\/\" \/>\n<meta property=\"og:site_name\" content=\"Cest Pharma\" \/>\n<meta property=\"article:modified_time\" content=\"2026-05-07T09:58:41+00:00\" \/>\n<meta property=\"og:image\" content=\"https:\/\/cest-pharma.com\/wp-content\/uploads\/2026\/05\/protein-tab-cu-cutie.jpg\" \/>\n\t<meta property=\"og:image:width\" content=\"1920\" \/>\n\t<meta property=\"og:image:height\" content=\"1920\" \/>\n\t<meta property=\"og:image:type\" content=\"image\/jpeg\" \/>\n<meta name=\"twitter:card\" content=\"summary_large_image\" \/>\n<meta name=\"twitter:label1\" content=\"Timp estimat pentru citire\" \/>\n\t<meta name=\"twitter:data1\" content=\"4 minute\" \/>\n<script type=\"application\/ld+json\" class=\"yoast-schema-graph\">{\"@context\":\"https:\/\/schema.org\",\"@graph\":[{\"@type\":\"WebPage\",\"@id\":\"https:\/\/cest-pharma.com\/protein-tab-2\/\",\"url\":\"https:\/\/cest-pharma.com\/protein-tab-2\/\",\"name\":\"PROTEIN TAB - Protein tablets for racing pigeons\",\"isPartOf\":{\"@id\":\"https:\/\/cest-pharma.com\/#website\"},\"datePublished\":\"2026-05-07T09:58:05+00:00\",\"dateModified\":\"2026-05-07T09:58:41+00:00\",\"description\":\"Optimize pigeon performance with Protein Tab. Boost recovery, reduce fatigue, enhance immunity, and improve competition readiness\",\"breadcrumb\":{\"@id\":\"https:\/\/cest-pharma.com\/protein-tab-2\/#breadcrumb\"},\"inLanguage\":\"ro-RO\",\"potentialAction\":[{\"@type\":\"ReadAction\",\"target\":[\"https:\/\/cest-pharma.com\/protein-tab-2\/\"]}]},{\"@type\":\"BreadcrumbList\",\"@id\":\"https:\/\/cest-pharma.com\/protein-tab-2\/#breadcrumb\",\"itemListElement\":[{\"@type\":\"ListItem\",\"position\":1,\"name\":\"Home\",\"item\":\"https:\/\/cest-pharma.com\/\"},{\"@type\":\"ListItem\",\"position\":2,\"name\":\"PROTEIN TAB\"}]},{\"@type\":\"WebSite\",\"@id\":\"https:\/\/cest-pharma.com\/#website\",\"url\":\"https:\/\/cest-pharma.com\/\",\"name\":\"Cest Pharma\",\"description\":\"\",\"publisher\":{\"@id\":\"https:\/\/cest-pharma.com\/#organization\"},\"potentialAction\":[{\"@type\":\"SearchAction\",\"target\":{\"@type\":\"EntryPoint\",\"urlTemplate\":\"https:\/\/cest-pharma.com\/?s={search_term_string}\"},\"query-input\":\"required name=search_term_string\"}],\"inLanguage\":\"ro-RO\"},{\"@type\":\"Organization\",\"@id\":\"https:\/\/cest-pharma.com\/#organization\",\"name\":\"Cest Pharma\",\"url\":\"https:\/\/cest-pharma.com\/\",\"logo\":{\"@type\":\"ImageObject\",\"inLanguage\":\"ro-RO\",\"@id\":\"https:\/\/cest-pharma.com\/#\/schema\/logo\/image\/\",\"url\":\"https:\/\/cest-pharma.com\/wp-content\/uploads\/2023\/01\/cropped-Cest-Pharma-logo-font-corectat.png\",\"contentUrl\":\"https:\/\/cest-pharma.com\/wp-content\/uploads\/2023\/01\/cropped-Cest-Pharma-logo-font-corectat.png\",\"width\":1003,\"height\":777,\"caption\":\"Cest Pharma\"},\"image\":{\"@id\":\"https:\/\/cest-pharma.com\/#\/schema\/logo\/image\/\"}}]}<\/script>\n<!-- \/ Yoast SEO plugin. -->","yoast_head_json":{"title":"PROTEIN TAB - Protein tablets for racing pigeons","description":"Optimize pigeon performance with Protein Tab. Boost recovery, reduce fatigue, enhance immunity, and improve competition readiness","robots":{"index":"index","follow":"follow","max-snippet":"max-snippet:-1","max-image-preview":"max-image-preview:large","max-video-preview":"max-video-preview:-1"},"canonical":"https:\/\/cest-pharma.com\/ro\/protein-tab-2\/","og_locale":"ro_RO","og_type":"article","og_title":"PROTEIN TAB - Protein tablets for racing pigeons","og_description":"Optimize pigeon performance with Protein Tab. Boost recovery, reduce fatigue, enhance immunity, and improve competition readiness","og_url":"https:\/\/cest-pharma.com\/ro\/protein-tab-2\/","og_site_name":"Cest Pharma","article_modified_time":"2026-05-07T09:58:41+00:00","og_image":[{"width":1920,"height":1920,"url":"https:\/\/cest-pharma.com\/wp-content\/uploads\/2026\/05\/protein-tab-cu-cutie.jpg","type":"image\/jpeg"}],"twitter_card":"summary_large_image","twitter_misc":{"Timp estimat pentru citire":"4 minute"},"schema":{"@context":"https:\/\/schema.org","@graph":[{"@type":"WebPage","@id":"https:\/\/cest-pharma.com\/protein-tab-2\/","url":"https:\/\/cest-pharma.com\/protein-tab-2\/","name":"PROTEIN TAB - Protein tablets for racing pigeons","isPartOf":{"@id":"https:\/\/cest-pharma.com\/#website"},"datePublished":"2026-05-07T09:58:05+00:00","dateModified":"2026-05-07T09:58:41+00:00","description":"Optimize pigeon performance with Protein Tab. Boost recovery, reduce fatigue, enhance immunity, and improve competition readiness","breadcrumb":{"@id":"https:\/\/cest-pharma.com\/protein-tab-2\/#breadcrumb"},"inLanguage":"ro-RO","potentialAction":[{"@type":"ReadAction","target":["https:\/\/cest-pharma.com\/protein-tab-2\/"]}]},{"@type":"BreadcrumbList","@id":"https:\/\/cest-pharma.com\/protein-tab-2\/#breadcrumb","itemListElement":[{"@type":"ListItem","position":1,"name":"Home","item":"https:\/\/cest-pharma.com\/"},{"@type":"ListItem","position":2,"name":"PROTEIN TAB"}]},{"@type":"WebSite","@id":"https:\/\/cest-pharma.com\/#website","url":"https:\/\/cest-pharma.com\/","name":"Cest Pharma","description":"","publisher":{"@id":"https:\/\/cest-pharma.com\/#organization"},"potentialAction":[{"@type":"SearchAction","target":{"@type":"EntryPoint","urlTemplate":"https:\/\/cest-pharma.com\/?s={search_term_string}"},"query-input":"required name=search_term_string"}],"inLanguage":"ro-RO"},{"@type":"Organization","@id":"https:\/\/cest-pharma.com\/#organization","name":"Cest Pharma","url":"https:\/\/cest-pharma.com\/","logo":{"@type":"ImageObject","inLanguage":"ro-RO","@id":"https:\/\/cest-pharma.com\/#\/schema\/logo\/image\/","url":"https:\/\/cest-pharma.com\/wp-content\/uploads\/2023\/01\/cropped-Cest-Pharma-logo-font-corectat.png","contentUrl":"https:\/\/cest-pharma.com\/wp-content\/uploads\/2023\/01\/cropped-Cest-Pharma-logo-font-corectat.png","width":1003,"height":777,"caption":"Cest Pharma"},"image":{"@id":"https:\/\/cest-pharma.com\/#\/schema\/logo\/image\/"}}]}},"_links":{"self":[{"href":"https:\/\/cest-pharma.com\/ro\/wp-json\/wp\/v2\/pages\/2126"}],"collection":[{"href":"https:\/\/cest-pharma.com\/ro\/wp-json\/wp\/v2\/pages"}],"about":[{"href":"https:\/\/cest-pharma.com\/ro\/wp-json\/wp\/v2\/types\/page"}],"author":[{"embeddable":true,"href":"https:\/\/cest-pharma.com\/ro\/wp-json\/wp\/v2\/users\/1"}],"replies":[{"embeddable":true,"href":"https:\/\/cest-pharma.com\/ro\/wp-json\/wp\/v2\/comments?post=2126"}],"version-history":[{"count":3,"href":"https:\/\/cest-pharma.com\/ro\/wp-json\/wp\/v2\/pages\/2126\/revisions"}],"predecessor-version":[{"id":2131,"href":"https:\/\/cest-pharma.com\/ro\/wp-json\/wp\/v2\/pages\/2126\/revisions\/2131"}],"wp:featuredmedia":[{"embeddable":true,"href":"https:\/\/cest-pharma.com\/ro\/wp-json\/wp\/v2\/media\/2127"}],"wp:attachment":[{"href":"https:\/\/cest-pharma.com\/ro\/wp-json\/wp\/v2\/media?parent=2126"}],"curies":[{"name":"wp","href":"https:\/\/api.w.org\/{rel}","templated":true}]}}