{"id":389,"date":"2022-12-12T12:11:46","date_gmt":"2022-12-12T12:11:46","guid":{"rendered":"https:\/\/cest-pharma.com\/?page_id=389"},"modified":"2024-10-02T10:26:21","modified_gmt":"2024-10-02T10:26:21","slug":"para-protect-20ml","status":"publish","type":"page","link":"https:\/\/cest-pharma.com\/ro\/para-protect-20ml\/","title":{"rendered":"PARA PROTECT 20ml"},"content":{"rendered":"<section class=\"fw-main-row\">\n<div class=\"fw-container-fluid\">\n<div class=\"fw-row\">\n<div class=\"fw-col-xs-12\">\n<section id=\"product\" class=\"p-0\">\n<div class=\"section-inner\">\n<div class=\"row\">\n<div class=\"col-md-6 d-flex justify-content-center align-items-center\">\n<div class=\"product-image gallerys\"><img decoding=\"async\" loading=\"lazy\" class=\"attachment-full size-full wp-post-image\" src=\"https:\/\/cest-pharma.com\/wp-content\/uploads\/2022\/12\/06.07.2021-Columbovet-36.png\" alt=\"\" width=\"1920\" height=\"1920\" \/> <img decoding=\"async\" loading=\"lazy\" class=\"attachment- size-\" src=\"https:\/\/cest-pharma.com\/wp-content\/uploads\/2022\/12\/06.07.2021-Columbovet-36.png\" alt=\"\" width=\"1920\" height=\"1920\" \/><\/div>\n<div class=\"socials\">\n<div class=\"sticky\">\n<ul>\n<li><a class=\"social-sharing-item-block facebook\" title=\"Facebook\" href=\"https:\/\/cest-pharma.com\/ro\/para-protect-20ml\/\"><br \/>\n&lt;!&#8211; <i class=\"fa fa-facebook social-sharing-icon\"><\/i> &#8211;&gt;<br \/>\n<img decoding=\"async\" src=\"\/wp-content\/uploads\/2022\/12\/facebook-1.png\" \/><br \/>\n<\/a><\/li>\n<li><a class=\"social-sharing-item-block twitter\" title=\"linkedin\" href=\"\/\/cest-pharma.com\/ro\/para-protect-20ml\/&amp;text=PARA+PROTECT+20ml\/\"><br \/>\n&lt;!&#8211; <i class=\"fa fa-twitter social-sharing-icon\"><\/i> &#8211;&gt;<br \/>\n<img decoding=\"async\" src=\"\/wp-content\/uploads\/2022\/12\/linkedin.png\" \/><br \/>\n<\/a><\/li>\n<li><a class=\"social-sharing-item-block twitter\" title=\"linkedin\" href=\"\/\/cest-pharma.com\/ro\/para-protect-20ml\/&amp;text=PARA+PROTECT+20ml\/\"><br \/>\n&lt;!&#8211; <i class=\"fa fa-twitter social-sharing-icon\"><\/i> &#8211;&gt;<br \/>\n<img decoding=\"async\" src=\"\/wp-content\/uploads\/2022\/12\/twitter.png\" \/><br \/>\n<\/a><\/li>\n<\/ul>\n<\/div>\n<\/div>\n<\/div>\n<div class=\"col-md-6\">\n<div class=\"title-product\">PARA PROTECT 20ml<\/div>\n<div class=\"box-desc-title\">INDICA\u021aII:<\/div>\n<div class=\"box-desc\">\n<p>\u00cempotriva parazi\u021bilor interni \u0219i externi<\/p>\n<\/div>\n<div class=\"box-desc-title\">ADMINISTRARE:<\/div>\n<div class=\"box-desc\">\n<p>Once a month: 1 drop per pigeon on the neck on the skin. During racing season, use the treatment at the beginning of week.<br \/>\nNot to be used for human consumption.<\/p>\n<\/div>\n<div class=\"box-desc-title\">DEPOZITARE:<\/div>\n<div class=\"box-desc\">\n<p>A se depozita \u00eentr-un loc uscat, la temperaturi care nu dep\u0103\u0219esc 25\u00b0C. P\u0103stra\u021bi \u00een ambalajul original, departe de umiditate \u0219i de lumina direct a soarelui. Nu utiliza\u021bi dup\u0103 data de expirare. A nu se l\u0103sa la \u00eendem\u00e2na copiilor.<\/p>\n<\/div>\n<\/div>\n<div class=\"button-resellers d-flex justify-content-center align-items-center\"><a class=\"fw-btn fw-btn-1\" href=\"https:\/\/cest-pharma.com\/ro\/parteneri\/\" target=\"_self\" rel=\"noopener\"><br \/>\n<img decoding=\"async\" class=\"d-inline\" src=\"\/wp-content\/uploads\/2022\/11\/Cart.png\" \/> Adaug\u0103 \u00een co\u0219<br \/>\n<\/a><\/div>\n<\/div>\n<div class=\"row related\">\n<div class=\"category-related\">Produse conexe<\/div>\n<div class=\"swiper-related\"><!-- Swiper --><\/p>\n<div class=\"swiper mySwiper\">\n<div class=\"swiper-wrapper\">\n<div class=\"swiper-slide gallerys\">\n<div class=\"image_related\"><img decoding=\"async\" loading=\"lazy\" class=\"attachment-full size-full wp-post-image\" src=\"https:\/\/cest-pharma.com\/wp-content\/uploads\/2022\/12\/06.07.2021-Columbovet-36.png\" alt=\"\" width=\"1920\" height=\"1920\" \/> <img decoding=\"async\" loading=\"lazy\" class=\"attachment- size-\" src=\"https:\/\/cest-pharma.com\/wp-content\/uploads\/2022\/12\/06.07.2021-Columbovet-15.png\" alt=\"\" width=\"1920\" height=\"1920\" \/><\/div>\n<div class=\"name_related\">ENERGY PLUS 300g<\/div>\n<\/div>\n<div class=\"swiper-slide gallerys\">\n<div class=\"image_related\"><img decoding=\"async\" loading=\"lazy\" class=\"attachment-full size-full wp-post-image\" src=\"https:\/\/cest-pharma.com\/wp-content\/uploads\/2022\/12\/06.07.2021-Columbovet-36.png\" alt=\"\" width=\"1920\" height=\"1920\" \/> <img decoding=\"async\" loading=\"lazy\" class=\"attachment- size-\" src=\"https:\/\/cest-pharma.com\/wp-content\/uploads\/2022\/12\/06.07.2021-Columbovet-34.png\" alt=\"\" width=\"1920\" height=\"1920\" \/><\/div>\n<div class=\"name_related\">YELLOW DROPS 100ml<\/div>\n<\/div>\n<div class=\"swiper-slide gallerys\">\n<div class=\"image_related\"><img decoding=\"async\" loading=\"lazy\" class=\"attachment-full size-full wp-post-image\" src=\"https:\/\/cest-pharma.com\/wp-content\/uploads\/2022\/12\/06.07.2021-Columbovet-36.png\" alt=\"\" width=\"1920\" height=\"1920\" \/> <img decoding=\"async\" loading=\"lazy\" class=\"attachment- size-\" src=\"https:\/\/cest-pharma.com\/wp-content\/uploads\/2022\/12\/vit_amino_web2-4-2.png\" alt=\"\" width=\"1920\" height=\"1920\" \/><\/div>\n<div class=\"name_related\">VIT AMINO 250ml<\/div>\n<\/div>\n<div class=\"swiper-slide gallerys\">\n<div class=\"image_related\"><img decoding=\"async\" loading=\"lazy\" class=\"attachment-full size-full wp-post-image\" src=\"https:\/\/cest-pharma.com\/wp-content\/uploads\/2022\/12\/06.07.2021-Columbovet-36.png\" alt=\"\" width=\"1920\" height=\"1920\" \/> <img decoding=\"async\" loading=\"lazy\" class=\"attachment- size-\" src=\"https:\/\/cest-pharma.com\/wp-content\/uploads\/2022\/12\/EW1A2891-1.png\" alt=\"\" width=\"1920\" height=\"1920\" \/><\/div>\n<div class=\"name_related\">TRICOGO 500ml\/1000ml<\/div>\n<\/div>\n<\/div>\n<div class=\"swiper-button-next\"><\/div>\n<div class=\"swiper-button-prev\"><\/div>\n<\/div>\n<\/div>\n<\/div>\n<\/div>\n<\/section>\n<p><!-- Swiper JS --><\/p>\n<p><!-- Initialize Swiper --><\/p>\n<\/div>\n<\/div>\n<\/div>\n<\/section>\n<p><!-- 78bbbd742d0a4034ae1410e5c5ad1d32 --><\/p>","protected":false},"excerpt":{"rendered":"<p>&lt;!&#8211; &#8211;&gt; &lt;!&#8211; &#8211;&gt; &lt;!&#8211; &#8211;&gt; PARA PROTECT 20ml INDICATIONS: Against internal and external parasites. ADMINISTRATION: Once a month: 1 drop per pigeon on the neck on the skin. During racing season, use the treatment at the beginning of week. Not to be used for human consumption. STORAGE: Store in a dry place at temperatures [&hellip;]<\/p>","protected":false},"author":1,"featured_media":206,"parent":0,"menu_order":0,"comment_status":"closed","ping_status":"closed","template":"","meta":[],"yoast_head":"<!-- This site is optimized with the Yoast SEO plugin v19.11 - https:\/\/yoast.com\/wordpress\/plugins\/seo\/ -->\n<title>PARA PROTECT - Parasites treatment for racing pigeons<\/title>\n<meta name=\"description\" content=\"Effective solution against internal and external parasites. Safeguard your pigeons&#039; health. Trusted parasite control.\" \/>\n<meta name=\"robots\" content=\"index, follow, max-snippet:-1, max-image-preview:large, max-video-preview:-1\" \/>\n<link rel=\"canonical\" href=\"https:\/\/cest-pharma.com\/ro\/para-protect-20ml\/\" \/>\n<meta property=\"og:locale\" content=\"ro_RO\" \/>\n<meta property=\"og:type\" content=\"article\" \/>\n<meta property=\"og:title\" content=\"PARA PROTECT - Parasites treatment for racing pigeons\" \/>\n<meta property=\"og:description\" content=\"Effective solution against internal and external parasites. Safeguard your pigeons&#039; health. Trusted parasite control.\" \/>\n<meta property=\"og:url\" content=\"https:\/\/cest-pharma.com\/ro\/para-protect-20ml\/\" \/>\n<meta property=\"og:site_name\" content=\"Cest Pharma\" \/>\n<meta property=\"article:modified_time\" content=\"2024-10-02T10:26:21+00:00\" \/>\n<meta property=\"og:image\" content=\"https:\/\/cest-pharma.com\/wp-content\/uploads\/2022\/12\/06.07.2021-Columbovet-36.png\" \/>\n\t<meta property=\"og:image:width\" content=\"1920\" \/>\n\t<meta property=\"og:image:height\" content=\"1920\" \/>\n\t<meta property=\"og:image:type\" content=\"image\/png\" \/>\n<meta name=\"twitter:card\" content=\"summary_large_image\" \/>\n<meta name=\"twitter:label1\" content=\"Timp estimat pentru citire\" \/>\n\t<meta name=\"twitter:data1\" content=\"4 minute\" \/>\n<script type=\"application\/ld+json\" class=\"yoast-schema-graph\">{\"@context\":\"https:\/\/schema.org\",\"@graph\":[{\"@type\":\"WebPage\",\"@id\":\"https:\/\/cest-pharma.com\/para-protect-20ml\/\",\"url\":\"https:\/\/cest-pharma.com\/para-protect-20ml\/\",\"name\":\"PARA PROTECT - Parasites treatment for racing pigeons\",\"isPartOf\":{\"@id\":\"https:\/\/cest-pharma.com\/#website\"},\"datePublished\":\"2022-12-12T12:11:46+00:00\",\"dateModified\":\"2024-10-02T10:26:21+00:00\",\"description\":\"Effective solution against internal and external parasites. Safeguard your pigeons' health. Trusted parasite control.\",\"breadcrumb\":{\"@id\":\"https:\/\/cest-pharma.com\/para-protect-20ml\/#breadcrumb\"},\"inLanguage\":\"ro-RO\",\"potentialAction\":[{\"@type\":\"ReadAction\",\"target\":[\"https:\/\/cest-pharma.com\/para-protect-20ml\/\"]}]},{\"@type\":\"BreadcrumbList\",\"@id\":\"https:\/\/cest-pharma.com\/para-protect-20ml\/#breadcrumb\",\"itemListElement\":[{\"@type\":\"ListItem\",\"position\":1,\"name\":\"Home\",\"item\":\"https:\/\/cest-pharma.com\/\"},{\"@type\":\"ListItem\",\"position\":2,\"name\":\"PARA PROTECT 20ml\"}]},{\"@type\":\"WebSite\",\"@id\":\"https:\/\/cest-pharma.com\/#website\",\"url\":\"https:\/\/cest-pharma.com\/\",\"name\":\"Cest Pharma\",\"description\":\"\",\"publisher\":{\"@id\":\"https:\/\/cest-pharma.com\/#organization\"},\"potentialAction\":[{\"@type\":\"SearchAction\",\"target\":{\"@type\":\"EntryPoint\",\"urlTemplate\":\"https:\/\/cest-pharma.com\/?s={search_term_string}\"},\"query-input\":\"required name=search_term_string\"}],\"inLanguage\":\"ro-RO\"},{\"@type\":\"Organization\",\"@id\":\"https:\/\/cest-pharma.com\/#organization\",\"name\":\"Cest Pharma\",\"url\":\"https:\/\/cest-pharma.com\/\",\"logo\":{\"@type\":\"ImageObject\",\"inLanguage\":\"ro-RO\",\"@id\":\"https:\/\/cest-pharma.com\/#\/schema\/logo\/image\/\",\"url\":\"https:\/\/cest-pharma.com\/wp-content\/uploads\/2023\/01\/cropped-Cest-Pharma-logo-font-corectat.png\",\"contentUrl\":\"https:\/\/cest-pharma.com\/wp-content\/uploads\/2023\/01\/cropped-Cest-Pharma-logo-font-corectat.png\",\"width\":1003,\"height\":777,\"caption\":\"Cest Pharma\"},\"image\":{\"@id\":\"https:\/\/cest-pharma.com\/#\/schema\/logo\/image\/\"}}]}<\/script>\n<!-- \/ Yoast SEO plugin. -->","yoast_head_json":{"title":"PARA PROTECT - Parasites treatment for racing pigeons","description":"Effective solution against internal and external parasites. Safeguard your pigeons' health. Trusted parasite control.","robots":{"index":"index","follow":"follow","max-snippet":"max-snippet:-1","max-image-preview":"max-image-preview:large","max-video-preview":"max-video-preview:-1"},"canonical":"https:\/\/cest-pharma.com\/ro\/para-protect-20ml\/","og_locale":"ro_RO","og_type":"article","og_title":"PARA PROTECT - Parasites treatment for racing pigeons","og_description":"Effective solution against internal and external parasites. Safeguard your pigeons' health. Trusted parasite control.","og_url":"https:\/\/cest-pharma.com\/ro\/para-protect-20ml\/","og_site_name":"Cest Pharma","article_modified_time":"2024-10-02T10:26:21+00:00","og_image":[{"width":1920,"height":1920,"url":"https:\/\/cest-pharma.com\/wp-content\/uploads\/2022\/12\/06.07.2021-Columbovet-36.png","type":"image\/png"}],"twitter_card":"summary_large_image","twitter_misc":{"Timp estimat pentru citire":"4 minute"},"schema":{"@context":"https:\/\/schema.org","@graph":[{"@type":"WebPage","@id":"https:\/\/cest-pharma.com\/para-protect-20ml\/","url":"https:\/\/cest-pharma.com\/para-protect-20ml\/","name":"PARA PROTECT - Parasites treatment for racing pigeons","isPartOf":{"@id":"https:\/\/cest-pharma.com\/#website"},"datePublished":"2022-12-12T12:11:46+00:00","dateModified":"2024-10-02T10:26:21+00:00","description":"Effective solution against internal and external parasites. Safeguard your pigeons' health. Trusted parasite control.","breadcrumb":{"@id":"https:\/\/cest-pharma.com\/para-protect-20ml\/#breadcrumb"},"inLanguage":"ro-RO","potentialAction":[{"@type":"ReadAction","target":["https:\/\/cest-pharma.com\/para-protect-20ml\/"]}]},{"@type":"BreadcrumbList","@id":"https:\/\/cest-pharma.com\/para-protect-20ml\/#breadcrumb","itemListElement":[{"@type":"ListItem","position":1,"name":"Home","item":"https:\/\/cest-pharma.com\/"},{"@type":"ListItem","position":2,"name":"PARA PROTECT 20ml"}]},{"@type":"WebSite","@id":"https:\/\/cest-pharma.com\/#website","url":"https:\/\/cest-pharma.com\/","name":"Cest Pharma","description":"","publisher":{"@id":"https:\/\/cest-pharma.com\/#organization"},"potentialAction":[{"@type":"SearchAction","target":{"@type":"EntryPoint","urlTemplate":"https:\/\/cest-pharma.com\/?s={search_term_string}"},"query-input":"required name=search_term_string"}],"inLanguage":"ro-RO"},{"@type":"Organization","@id":"https:\/\/cest-pharma.com\/#organization","name":"Cest Pharma","url":"https:\/\/cest-pharma.com\/","logo":{"@type":"ImageObject","inLanguage":"ro-RO","@id":"https:\/\/cest-pharma.com\/#\/schema\/logo\/image\/","url":"https:\/\/cest-pharma.com\/wp-content\/uploads\/2023\/01\/cropped-Cest-Pharma-logo-font-corectat.png","contentUrl":"https:\/\/cest-pharma.com\/wp-content\/uploads\/2023\/01\/cropped-Cest-Pharma-logo-font-corectat.png","width":1003,"height":777,"caption":"Cest Pharma"},"image":{"@id":"https:\/\/cest-pharma.com\/#\/schema\/logo\/image\/"}}]}},"_links":{"self":[{"href":"https:\/\/cest-pharma.com\/ro\/wp-json\/wp\/v2\/pages\/389"}],"collection":[{"href":"https:\/\/cest-pharma.com\/ro\/wp-json\/wp\/v2\/pages"}],"about":[{"href":"https:\/\/cest-pharma.com\/ro\/wp-json\/wp\/v2\/types\/page"}],"author":[{"embeddable":true,"href":"https:\/\/cest-pharma.com\/ro\/wp-json\/wp\/v2\/users\/1"}],"replies":[{"embeddable":true,"href":"https:\/\/cest-pharma.com\/ro\/wp-json\/wp\/v2\/comments?post=389"}],"version-history":[{"count":4,"href":"https:\/\/cest-pharma.com\/ro\/wp-json\/wp\/v2\/pages\/389\/revisions"}],"predecessor-version":[{"id":757,"href":"https:\/\/cest-pharma.com\/ro\/wp-json\/wp\/v2\/pages\/389\/revisions\/757"}],"wp:featuredmedia":[{"embeddable":true,"href":"https:\/\/cest-pharma.com\/ro\/wp-json\/wp\/v2\/media\/206"}],"wp:attachment":[{"href":"https:\/\/cest-pharma.com\/ro\/wp-json\/wp\/v2\/media?parent=389"}],"curies":[{"name":"wp","href":"https:\/\/api.w.org\/{rel}","templated":true}]}}