{"id":547,"date":"2022-12-12T14:42:08","date_gmt":"2022-12-12T14:42:08","guid":{"rendered":"https:\/\/cest-pharma.com\/?page_id=547"},"modified":"2023-05-16T11:48:49","modified_gmt":"2023-05-16T11:48:49","slug":"carnix-tab-50-tablets","status":"publish","type":"page","link":"https:\/\/cest-pharma.com\/ro\/carnix-tab-50-tablete\/","title":{"rendered":"CARNIX TAB 50 tablete"},"content":{"rendered":"<section class=\"fw-main-row\"  >\n\t<div class=\"fw-container-fluid\">\n\t\t<div class=\"fw-row\">\n\t<div class=\"fw-col-xs-12\">\n\t\n<section id=\"product\" class=\"p-0\">\n\t<div class=\"section-inner\">\n\t\t<div class=\"row\">\n\t\t\t<div class=\"col-md-6 d-flex justify-content-center align-items-center\">\n\t\t\t\t<div class=\"product-image gallerys\">\n\t\t\t\t\t<img width=\"1200\" height=\"1200\" src=\"https:\/\/cest-pharma.com\/wp-content\/uploads\/2022\/12\/cest-pharma-arnix.jpg\" class=\"attachment-full size-full wp-post-image\" alt=\"\" decoding=\"async\" loading=\"lazy\" srcset=\"https:\/\/cest-pharma.com\/wp-content\/uploads\/2022\/12\/cest-pharma-arnix.jpg 1200w, https:\/\/cest-pharma.com\/wp-content\/uploads\/2022\/12\/cest-pharma-arnix-300x300.jpg 300w, https:\/\/cest-pharma.com\/wp-content\/uploads\/2022\/12\/cest-pharma-arnix-1024x1024.jpg 1024w, https:\/\/cest-pharma.com\/wp-content\/uploads\/2022\/12\/cest-pharma-arnix-150x150.jpg 150w, https:\/\/cest-pharma.com\/wp-content\/uploads\/2022\/12\/cest-pharma-arnix-768x768.jpg 768w, https:\/\/cest-pharma.com\/wp-content\/uploads\/2022\/12\/cest-pharma-arnix-12x12.jpg 12w\" sizes=\"(max-width: 1200px) 100vw, 1200px\" \/>\t\t\t\t\t<img width=\"1200\" height=\"1200\" src=\"https:\/\/cest-pharma.com\/wp-content\/uploads\/2022\/12\/cest-pharma-arnix.jpg\" class=\"attachment- size-\" alt=\"\" decoding=\"async\" loading=\"lazy\" srcset=\"https:\/\/cest-pharma.com\/wp-content\/uploads\/2022\/12\/cest-pharma-arnix.jpg 1200w, https:\/\/cest-pharma.com\/wp-content\/uploads\/2022\/12\/cest-pharma-arnix-300x300.jpg 300w, https:\/\/cest-pharma.com\/wp-content\/uploads\/2022\/12\/cest-pharma-arnix-1024x1024.jpg 1024w, https:\/\/cest-pharma.com\/wp-content\/uploads\/2022\/12\/cest-pharma-arnix-150x150.jpg 150w, https:\/\/cest-pharma.com\/wp-content\/uploads\/2022\/12\/cest-pharma-arnix-768x768.jpg 768w, https:\/\/cest-pharma.com\/wp-content\/uploads\/2022\/12\/cest-pharma-arnix-12x12.jpg 12w\" sizes=\"(max-width: 1200px) 100vw, 1200px\" \/>\t\t\t\t<\/div>\n \t\t\t    <div class=\"socials\">\n\t\t\t      <div class=\"sticky\">\n\t\t\t\t  <ul>\n\t\t\t\t\t<li>\n\t\t\t\t\t\t<a href=\"\/\/www.facebook.com\/sharer.php?u=https:\/\/cest-pharma.com\/ro\/carnix-tab-50-tablete\/\" class=\"social-sharing-item-block facebook\" title=\"Facebook\" onclick=\"event.preventDefault(); javascript:window.open(this.href, '', 'menubar=no,toolbar=no,resizable=yes,scrollbars=yes,height=220,width=600');return false;\">\n\t\t\t\t\t\t    <!-- <i class=\"fa fa-facebook social-sharing-icon\"><\/i> -->\n\t\t\t\t\t\t    <img src=\"\/wp-content\/uploads\/2022\/12\/facebook-1.png\">\n\t\t\t\t\t\t<\/a>\n\t\t\t\t\t<\/li>\n\t\t\t\t\t<li>\n\t\t\t\t\t\t<a href=\"\/\/linkedin.com\/share?url=https:\/\/cest-pharma.com\/ro\/carnix-tab-50-tablete\/&amp;text=CARNIX+TAB+50+tablets\" class=\"social-sharing-item-block twitter\" title=\"linkedin\" onclick=\"javascript:window.open(this.href, '', 'menubar=no,toolbar=no,resizable=yes,scrollbars=yes,height=260,width=600');return false;\">\n\t\t\t\t\t\t    <!-- <i class=\"fa fa-twitter social-sharing-icon\"><\/i> -->\n\t\t\t\t\t\t\t<img src=\"\/wp-content\/uploads\/2022\/12\/linkedin.png\">\n\t\t\t\t\t\t<\/a>\n\t\t\t\t\t<\/li>\n\t\t\t\t\t<li>\n\t\t\t\t\t\t<a href=\"\/\/twitter.com\/share?url=https:\/\/cest-pharma.com\/ro\/carnix-tab-50-tablete\/&amp;text=CARNIX+TAB+50+tablets\" class=\"social-sharing-item-block twitter\" title=\"linkedin\" onclick=\"javascript:window.open(this.href, '', 'menubar=no,toolbar=no,resizable=yes,scrollbars=yes,height=260,width=600');return false;\">\n\t\t\t\t\t\t    <!-- <i class=\"fa fa-twitter social-sharing-icon\"><\/i> -->\n\t\t\t\t\t\t\t<img src=\"\/wp-content\/uploads\/2022\/12\/twitter.png\">\n\t\t\t\t\t\t<\/a>\n\t\t\t\t\t<\/li>\n\t\t\t\t<\/ul>\n\t\t\t<\/div>\n\t\t<\/div>\n\t\t\t<\/div>\n\t\t\t<div class=\"col-md-6\">\n\t\t\t\t<div class=\"title-product\">\n\t\t\t\t\tCARNIX TAB 50 tablete\t\t\t\t<\/div>\n\t\t\t\t\t\t\t\t\t<div class=\"box-desc-title\">\n\t\t\t\t\t\t\t\t\t\t\t<\/div>\n\t\t\t\t\t<div class=\"box-desc\">\n\t\t\t\t\t\t<p>Tratamentul \u0219i preven\u021bia tricomonozei \u0219i hexamitiazei<\/p>\t\t\t\t\t<\/div>\n\t\t\t\t\t\t\t\t\t<div class=\"box-desc-title\">\n\t\t\t\t\t\tINDICA\u021aII:\t\t\t\t\t<\/div>\n\t\t\t\t\t<div class=\"box-desc\">\n\t\t\t\t\t\t<p>CARNIX  TAB Este folosit \u00een tratarea \u0219i preven\u021bia tricomonozei \u0219i hexamitiazei, cauzate de protozoare sensibile la carnidazol, la porumbeii de curse \u0219i de spectacol<\/p>\t\t\t\t\t<\/div>\n\t\t\t\t\t\t\t\t\t<div class=\"box-desc-title\">\n\t\t\t\t\t\tCOMPOZI\u021aIE:\t\t\t\t\t<\/div>\n\t\t\t\t\t<div class=\"box-desc\">\n\t\t\t\t\t\t<p>Substan\u021b\u0103 activ\u0103 per tablet\u0103: Carnidazol<\/p>\t\t\t\t\t<\/div>\n\t\t\t\t\t\t\t\t\t<div class=\"box-desc-title\">\n\t\t\t\t\t\tADMINISTRARE:\t\t\t\t\t<\/div>\n\t\t\t\t\t<div class=\"box-desc\">\n\t\t\t\t\t\t<p>1 tablet\u0103 per porumbel. \u00bd tablet\u0103 per pui la \u00een\u021b\u0103rcare.<\/p>\t\t\t\t\t<\/div>\n\t\t\t\t\t\t\t\t\t<div class=\"box-desc-title\">\n\t\t\t\t\t\tCONTRAINDICA\u021aII, EFECTE ADVERSE, INTERAC\u021aIUNI:\t\t\t\t\t<\/div>\n\t\t\t\t\t<div class=\"box-desc\">\n\t\t\t\t\t\t<p>A nu se utiliza \u00een caz de sensibilitate cunoscut\u0103 la substan\u021b\u0103. A nu se utiliza \u00een timpul sezonului de n\u0103p\u00e2rlire. Nu utiliza\u021bi pentru porumbeii crescu\u021bi pentru consum uman. Nu se cunosc efecte secundare. Dac\u0103 observa\u021bi orice reac\u021bie advers\u0103, v\u0103 rug\u0103m s\u0103 informa\u021bi medicul veterinar sau farmacistul. Nu exist\u0103 interac\u021biuni cunoscute cu alte medicamente.<\/p>\t\t\t\t\t<\/div>\n\t\t\t\t\t\t\t\t\t<div class=\"box-desc-title\">\n\t\t\t\t\t\tDEPOZITARE:\t\t\t\t\t<\/div>\n\t\t\t\t\t<div class=\"box-desc\">\n\t\t\t\t\t\t<p>A se depozita \u00eentr-un loc uscat, la temperaturi care nu dep\u0103\u0219esc 25\u00b0C. P\u0103stra\u021bi \u00een ambalajul original, departe de umiditate \u0219i de lumina direct a soarelui. Nu utiliza\u021bi dup\u0103 data de expirare. A nu se l\u0103sa la \u00eendem\u00e2na copiilor.<\/p>\t\t\t\t\t<\/div>\n\t\t\t\t\t\t\t<\/div>\n\t\t\t<div class=\"button-resellers d-flex justify-content-center align-items-center\">\n\t\t\t\t<a href=\"https:\/\/cest-pharma.com\/ro\/parteneri\/\" target=\"_self\" class=\"fw-btn fw-btn-1\">\n\t\t\t\t\t<span><img src=\"\/wp-content\/uploads\/2022\/11\/Cart.png\" class=\"d-inline\"> Adaug\u0103 \u00een co\u0219<\/span>\n\t\t\t\t<\/a>\n\t\t\t<\/div>\n\t\t<\/div>\n\t\t<div class=\"row related\">\n\t\t\t<div class=\"category-related\">\n\t\t\t\tProduse conexe\t\t\t<\/div>\n\t\t\t<div class=\"swiper-related\">\n\t\t\t\t<!-- Swiper -->\n\t\t\t\t<div class=\"swiper mySwiper\">\n\t\t\t\t\t<div class=\"swiper-wrapper\">\n\t\t\t\t\t\t\t\t\t\t\t<div class=\"swiper-slide gallerys\">\n\t\t\t\t\t\t\t<a href=\"\/ro\/energy-plus-300g\/\" target=\"_self\" class=\"fw-btn fw-btn-1\">\n\t\t\t\t\t\t\t\t<div class=\"image_related\">\n\t\t\t\t\t\t\t\t\t<img width=\"1200\" height=\"1200\" src=\"https:\/\/cest-pharma.com\/wp-content\/uploads\/2022\/12\/cest-pharma-arnix.jpg\" class=\"attachment-full size-full wp-post-image\" alt=\"\" decoding=\"async\" loading=\"lazy\" srcset=\"https:\/\/cest-pharma.com\/wp-content\/uploads\/2022\/12\/cest-pharma-arnix.jpg 1200w, https:\/\/cest-pharma.com\/wp-content\/uploads\/2022\/12\/cest-pharma-arnix-300x300.jpg 300w, https:\/\/cest-pharma.com\/wp-content\/uploads\/2022\/12\/cest-pharma-arnix-1024x1024.jpg 1024w, https:\/\/cest-pharma.com\/wp-content\/uploads\/2022\/12\/cest-pharma-arnix-150x150.jpg 150w, https:\/\/cest-pharma.com\/wp-content\/uploads\/2022\/12\/cest-pharma-arnix-768x768.jpg 768w, https:\/\/cest-pharma.com\/wp-content\/uploads\/2022\/12\/cest-pharma-arnix-12x12.jpg 12w\" sizes=\"(max-width: 1200px) 100vw, 1200px\" \/>\t\t\t\t\t\t\t\t\t<img width=\"1920\" height=\"1920\" src=\"https:\/\/cest-pharma.com\/wp-content\/uploads\/2022\/12\/06.07.2021-Columbovet-15.png\" class=\"attachment- size-\" alt=\"\" decoding=\"async\" loading=\"lazy\" srcset=\"https:\/\/cest-pharma.com\/wp-content\/uploads\/2022\/12\/06.07.2021-Columbovet-15.png 1920w, https:\/\/cest-pharma.com\/wp-content\/uploads\/2022\/12\/06.07.2021-Columbovet-15-300x300.png 300w, https:\/\/cest-pharma.com\/wp-content\/uploads\/2022\/12\/06.07.2021-Columbovet-15-1024x1024.png 1024w, https:\/\/cest-pharma.com\/wp-content\/uploads\/2022\/12\/06.07.2021-Columbovet-15-150x150.png 150w, https:\/\/cest-pharma.com\/wp-content\/uploads\/2022\/12\/06.07.2021-Columbovet-15-768x768.png 768w, https:\/\/cest-pharma.com\/wp-content\/uploads\/2022\/12\/06.07.2021-Columbovet-15-1536x1536.png 1536w, https:\/\/cest-pharma.com\/wp-content\/uploads\/2022\/12\/06.07.2021-Columbovet-15-12x12.png 12w, https:\/\/cest-pharma.com\/wp-content\/uploads\/2022\/12\/06.07.2021-Columbovet-15-1200x1200.png 1200w\" sizes=\"(max-width: 1920px) 100vw, 1920px\" \/>\t\t\t\t\t\t\t\t<\/div>\n\t\t\t\t\t\t\t\t<div class=\"name_related\">\n\t\t\t\t\t\t\t\t\tENERGY PLUS 300g\t\t\t\t\t\t\t\t<\/div>\n\t\t\t\t\t\t\t<\/a>\n\t\t\t\t\t\t<\/div>\n\t\t\t\t\t\t\t\t\t\t\t<div class=\"swiper-slide gallerys\">\n\t\t\t\t\t\t\t<a href=\"https:\/\/cest-pharma.com\/ro\/yellow-drops-100ml\/\" target=\"_self\" class=\"fw-btn fw-btn-1\">\n\t\t\t\t\t\t\t\t<div class=\"image_related\">\n\t\t\t\t\t\t\t\t\t<img width=\"1200\" height=\"1200\" src=\"https:\/\/cest-pharma.com\/wp-content\/uploads\/2022\/12\/cest-pharma-arnix.jpg\" class=\"attachment-full size-full wp-post-image\" alt=\"\" decoding=\"async\" loading=\"lazy\" srcset=\"https:\/\/cest-pharma.com\/wp-content\/uploads\/2022\/12\/cest-pharma-arnix.jpg 1200w, https:\/\/cest-pharma.com\/wp-content\/uploads\/2022\/12\/cest-pharma-arnix-300x300.jpg 300w, https:\/\/cest-pharma.com\/wp-content\/uploads\/2022\/12\/cest-pharma-arnix-1024x1024.jpg 1024w, https:\/\/cest-pharma.com\/wp-content\/uploads\/2022\/12\/cest-pharma-arnix-150x150.jpg 150w, https:\/\/cest-pharma.com\/wp-content\/uploads\/2022\/12\/cest-pharma-arnix-768x768.jpg 768w, https:\/\/cest-pharma.com\/wp-content\/uploads\/2022\/12\/cest-pharma-arnix-12x12.jpg 12w\" sizes=\"(max-width: 1200px) 100vw, 1200px\" \/>\t\t\t\t\t\t\t\t\t<img width=\"1920\" height=\"1920\" src=\"https:\/\/cest-pharma.com\/wp-content\/uploads\/2022\/12\/06.07.2021-Columbovet-34.png\" class=\"attachment- size-\" alt=\"\" decoding=\"async\" loading=\"lazy\" srcset=\"https:\/\/cest-pharma.com\/wp-content\/uploads\/2022\/12\/06.07.2021-Columbovet-34.png 1920w, https:\/\/cest-pharma.com\/wp-content\/uploads\/2022\/12\/06.07.2021-Columbovet-34-300x300.png 300w, https:\/\/cest-pharma.com\/wp-content\/uploads\/2022\/12\/06.07.2021-Columbovet-34-1024x1024.png 1024w, https:\/\/cest-pharma.com\/wp-content\/uploads\/2022\/12\/06.07.2021-Columbovet-34-150x150.png 150w, https:\/\/cest-pharma.com\/wp-content\/uploads\/2022\/12\/06.07.2021-Columbovet-34-768x768.png 768w, https:\/\/cest-pharma.com\/wp-content\/uploads\/2022\/12\/06.07.2021-Columbovet-34-1536x1536.png 1536w, https:\/\/cest-pharma.com\/wp-content\/uploads\/2022\/12\/06.07.2021-Columbovet-34-12x12.png 12w, https:\/\/cest-pharma.com\/wp-content\/uploads\/2022\/12\/06.07.2021-Columbovet-34-1200x1200.png 1200w\" sizes=\"(max-width: 1920px) 100vw, 1920px\" \/>\t\t\t\t\t\t\t\t<\/div>\n\t\t\t\t\t\t\t\t<div class=\"name_related\">\n\t\t\t\t\t\t\t\t\tYELLOW DROPS 100ml\t\t\t\t\t\t\t\t<\/div>\n\t\t\t\t\t\t\t<\/a>\n\t\t\t\t\t\t<\/div>\n\t\t\t\t\t\t\t\t\t\t\t<div class=\"swiper-slide gallerys\">\n\t\t\t\t\t\t\t<a href=\"\/ro\/vit-amino-250ml\/\" target=\"_self\" class=\"fw-btn fw-btn-1\">\n\t\t\t\t\t\t\t\t<div class=\"image_related\">\n\t\t\t\t\t\t\t\t\t<img width=\"1200\" height=\"1200\" src=\"https:\/\/cest-pharma.com\/wp-content\/uploads\/2022\/12\/cest-pharma-arnix.jpg\" class=\"attachment-full size-full wp-post-image\" alt=\"\" decoding=\"async\" loading=\"lazy\" srcset=\"https:\/\/cest-pharma.com\/wp-content\/uploads\/2022\/12\/cest-pharma-arnix.jpg 1200w, https:\/\/cest-pharma.com\/wp-content\/uploads\/2022\/12\/cest-pharma-arnix-300x300.jpg 300w, https:\/\/cest-pharma.com\/wp-content\/uploads\/2022\/12\/cest-pharma-arnix-1024x1024.jpg 1024w, https:\/\/cest-pharma.com\/wp-content\/uploads\/2022\/12\/cest-pharma-arnix-150x150.jpg 150w, https:\/\/cest-pharma.com\/wp-content\/uploads\/2022\/12\/cest-pharma-arnix-768x768.jpg 768w, https:\/\/cest-pharma.com\/wp-content\/uploads\/2022\/12\/cest-pharma-arnix-12x12.jpg 12w\" sizes=\"(max-width: 1200px) 100vw, 1200px\" \/>\t\t\t\t\t\t\t\t\t<img width=\"1920\" height=\"1920\" src=\"https:\/\/cest-pharma.com\/wp-content\/uploads\/2022\/12\/vit_amino_web2-4-2.png\" class=\"attachment- size-\" alt=\"\" decoding=\"async\" loading=\"lazy\" srcset=\"https:\/\/cest-pharma.com\/wp-content\/uploads\/2022\/12\/vit_amino_web2-4-2.png 1920w, https:\/\/cest-pharma.com\/wp-content\/uploads\/2022\/12\/vit_amino_web2-4-2-300x300.png 300w, https:\/\/cest-pharma.com\/wp-content\/uploads\/2022\/12\/vit_amino_web2-4-2-1024x1024.png 1024w, https:\/\/cest-pharma.com\/wp-content\/uploads\/2022\/12\/vit_amino_web2-4-2-150x150.png 150w, https:\/\/cest-pharma.com\/wp-content\/uploads\/2022\/12\/vit_amino_web2-4-2-768x768.png 768w, https:\/\/cest-pharma.com\/wp-content\/uploads\/2022\/12\/vit_amino_web2-4-2-1536x1536.png 1536w, https:\/\/cest-pharma.com\/wp-content\/uploads\/2022\/12\/vit_amino_web2-4-2-12x12.png 12w, https:\/\/cest-pharma.com\/wp-content\/uploads\/2022\/12\/vit_amino_web2-4-2-1200x1200.png 1200w\" sizes=\"(max-width: 1920px) 100vw, 1920px\" \/>\t\t\t\t\t\t\t\t<\/div>\n\t\t\t\t\t\t\t\t<div class=\"name_related\">\n\t\t\t\t\t\t\t\t\tVIT AMINO 250ml\t\t\t\t\t\t\t\t<\/div>\n\t\t\t\t\t\t\t<\/a>\n\t\t\t\t\t\t<\/div>\n\t\t\t\t\t\t\t\t\t\t\t<div class=\"swiper-slide gallerys\">\n\t\t\t\t\t\t\t<a href=\"https:\/\/cest-pharma.com\/ro\/tricogo-500ml-1000ml\/\" target=\"_self\" class=\"fw-btn fw-btn-1\">\n\t\t\t\t\t\t\t\t<div class=\"image_related\">\n\t\t\t\t\t\t\t\t\t<img width=\"1200\" height=\"1200\" src=\"https:\/\/cest-pharma.com\/wp-content\/uploads\/2022\/12\/cest-pharma-arnix.jpg\" class=\"attachment-full size-full wp-post-image\" alt=\"\" decoding=\"async\" loading=\"lazy\" srcset=\"https:\/\/cest-pharma.com\/wp-content\/uploads\/2022\/12\/cest-pharma-arnix.jpg 1200w, https:\/\/cest-pharma.com\/wp-content\/uploads\/2022\/12\/cest-pharma-arnix-300x300.jpg 300w, https:\/\/cest-pharma.com\/wp-content\/uploads\/2022\/12\/cest-pharma-arnix-1024x1024.jpg 1024w, https:\/\/cest-pharma.com\/wp-content\/uploads\/2022\/12\/cest-pharma-arnix-150x150.jpg 150w, https:\/\/cest-pharma.com\/wp-content\/uploads\/2022\/12\/cest-pharma-arnix-768x768.jpg 768w, https:\/\/cest-pharma.com\/wp-content\/uploads\/2022\/12\/cest-pharma-arnix-12x12.jpg 12w\" sizes=\"(max-width: 1200px) 100vw, 1200px\" \/>\t\t\t\t\t\t\t\t\t<img width=\"1920\" height=\"1920\" src=\"https:\/\/cest-pharma.com\/wp-content\/uploads\/2022\/12\/EW1A2891-1.png\" class=\"attachment- size-\" alt=\"\" decoding=\"async\" loading=\"lazy\" srcset=\"https:\/\/cest-pharma.com\/wp-content\/uploads\/2022\/12\/EW1A2891-1.png 1920w, https:\/\/cest-pharma.com\/wp-content\/uploads\/2022\/12\/EW1A2891-1-300x300.png 300w, https:\/\/cest-pharma.com\/wp-content\/uploads\/2022\/12\/EW1A2891-1-1024x1024.png 1024w, https:\/\/cest-pharma.com\/wp-content\/uploads\/2022\/12\/EW1A2891-1-150x150.png 150w, https:\/\/cest-pharma.com\/wp-content\/uploads\/2022\/12\/EW1A2891-1-768x768.png 768w, https:\/\/cest-pharma.com\/wp-content\/uploads\/2022\/12\/EW1A2891-1-1536x1536.png 1536w, https:\/\/cest-pharma.com\/wp-content\/uploads\/2022\/12\/EW1A2891-1-12x12.png 12w, https:\/\/cest-pharma.com\/wp-content\/uploads\/2022\/12\/EW1A2891-1-1200x1200.png 1200w\" sizes=\"(max-width: 1920px) 100vw, 1920px\" \/>\t\t\t\t\t\t\t\t<\/div>\n\t\t\t\t\t\t\t\t<div class=\"name_related\">\n\t\t\t\t\t\t\t\t\tTRICOGO 500ml\/1000ml\t\t\t\t\t\t\t\t<\/div>\n\t\t\t\t\t\t\t<\/a>\n\t\t\t\t\t\t<\/div>\n\t\t\t\t\t\t\t\t\t\t<\/div>\n\t\t\t\t\t<div class=\"swiper-button-next\"><\/div>\n\t\t\t\t\t<div class=\"swiper-button-prev\"><\/div>\n\t\t\t\t<\/div>\n\t\t\t<\/div>\n\t\t<\/div>\n\t<\/div>\n<\/section>\n\n<!-- Swiper JS -->\n<script src=\"https:\/\/cdn.jsdelivr.net\/npm\/swiper\/swiper-bundle.min.js\"><\/script>\n\n<!-- Initialize Swiper -->\n<script>\n\tvar swiper = new Swiper(\".mySwiper\", {\n\tslidesPerView: 1,\n\tspaceBetween: 30,\n\tloop: true,\n    autoplay: {\n      delay: 2500,\n      disableOnInteraction: false,\n    },\n\tnavigation: {\n\t\tnextEl: \".swiper-button-next\",\n\t\tprevEl: \".swiper-button-prev\",\n\t},\n\tbreakpoints: {\n          640: {\n            slidesPerView: 2,\n            spaceBetween: 10,\n          },\n          768: {\n            slidesPerView: 3,\n            spaceBetween: 30,\n          },\n          1024: {\n            slidesPerView: 4,\n            spaceBetween: 30,\n          },\n        },\n\t});\n<\/script>\n<\/div>\n<\/div>\n\n\t<\/div>\n<\/section>","protected":false},"excerpt":{"rendered":"<p>CARNIX TAB 50 tablets Treatment and prevention of trichomoniasis and hexamitiasis INDICATIONS: Treatment and prevention of trichomoniasis and hexamitiasis caused by protozoans sensitive to carnidazole in racing and show pigeons COMPOSITION: Active substance per tablet: Carnidazole ADMINISTRATION: 1 tablet per pigeon. \u00bd tablet per youngster during weaning period. CONTRAINDICATIONS, SIDE EFFECTS, INTERACTIONS: Do not use [&hellip;]<\/p>","protected":false},"author":1,"featured_media":304,"parent":0,"menu_order":0,"comment_status":"closed","ping_status":"closed","template":"","meta":[],"yoast_head":"<!-- This site is optimized with the Yoast SEO plugin v19.11 - https:\/\/yoast.com\/wordpress\/plugins\/seo\/ -->\n<title>CARNIX Tab - Treatment for racing pigeons<\/title>\n<meta name=\"description\" content=\"Treat and prevent trichomoniasis and hexamitiasis in racing and show pigeons. Effective against carnidazole-sensitive protozoans\" \/>\n<meta name=\"robots\" content=\"index, follow, max-snippet:-1, max-image-preview:large, max-video-preview:-1\" \/>\n<link rel=\"canonical\" href=\"https:\/\/cest-pharma.com\/ro\/carnix-tab-50-tablete\/\" \/>\n<meta property=\"og:locale\" content=\"ro_RO\" \/>\n<meta property=\"og:type\" content=\"article\" \/>\n<meta property=\"og:title\" content=\"CARNIX Tab - Treatment for racing pigeons\" \/>\n<meta property=\"og:description\" content=\"Treat and prevent trichomoniasis and hexamitiasis in racing and show pigeons. Effective against carnidazole-sensitive protozoans\" \/>\n<meta property=\"og:url\" content=\"https:\/\/cest-pharma.com\/ro\/carnix-tab-50-tablete\/\" \/>\n<meta property=\"og:site_name\" content=\"Cest Pharma\" \/>\n<meta property=\"article:modified_time\" content=\"2023-05-16T11:48:49+00:00\" \/>\n<meta property=\"og:image\" content=\"https:\/\/cest-pharma.com\/wp-content\/uploads\/2022\/12\/cest-pharma-arnix.jpg\" \/>\n\t<meta property=\"og:image:width\" content=\"1200\" \/>\n\t<meta property=\"og:image:height\" content=\"1200\" \/>\n\t<meta property=\"og:image:type\" content=\"image\/jpeg\" \/>\n<meta name=\"twitter:card\" content=\"summary_large_image\" \/>\n<meta name=\"twitter:label1\" content=\"Timp estimat pentru citire\" \/>\n\t<meta name=\"twitter:data1\" content=\"4 minute\" \/>\n<script type=\"application\/ld+json\" class=\"yoast-schema-graph\">{\"@context\":\"https:\/\/schema.org\",\"@graph\":[{\"@type\":\"WebPage\",\"@id\":\"https:\/\/cest-pharma.com\/carnix-tab-50-tablets\/\",\"url\":\"https:\/\/cest-pharma.com\/carnix-tab-50-tablets\/\",\"name\":\"CARNIX Tab - Treatment for racing pigeons\",\"isPartOf\":{\"@id\":\"https:\/\/cest-pharma.com\/#website\"},\"datePublished\":\"2022-12-12T14:42:08+00:00\",\"dateModified\":\"2023-05-16T11:48:49+00:00\",\"description\":\"Treat and prevent trichomoniasis and hexamitiasis in racing and show pigeons. Effective against carnidazole-sensitive protozoans\",\"breadcrumb\":{\"@id\":\"https:\/\/cest-pharma.com\/carnix-tab-50-tablets\/#breadcrumb\"},\"inLanguage\":\"ro-RO\",\"potentialAction\":[{\"@type\":\"ReadAction\",\"target\":[\"https:\/\/cest-pharma.com\/carnix-tab-50-tablets\/\"]}]},{\"@type\":\"BreadcrumbList\",\"@id\":\"https:\/\/cest-pharma.com\/carnix-tab-50-tablets\/#breadcrumb\",\"itemListElement\":[{\"@type\":\"ListItem\",\"position\":1,\"name\":\"Home\",\"item\":\"https:\/\/cest-pharma.com\/\"},{\"@type\":\"ListItem\",\"position\":2,\"name\":\"CARNIX TAB 50 tablets\"}]},{\"@type\":\"WebSite\",\"@id\":\"https:\/\/cest-pharma.com\/#website\",\"url\":\"https:\/\/cest-pharma.com\/\",\"name\":\"Cest Pharma\",\"description\":\"\",\"publisher\":{\"@id\":\"https:\/\/cest-pharma.com\/#organization\"},\"potentialAction\":[{\"@type\":\"SearchAction\",\"target\":{\"@type\":\"EntryPoint\",\"urlTemplate\":\"https:\/\/cest-pharma.com\/?s={search_term_string}\"},\"query-input\":\"required name=search_term_string\"}],\"inLanguage\":\"ro-RO\"},{\"@type\":\"Organization\",\"@id\":\"https:\/\/cest-pharma.com\/#organization\",\"name\":\"Cest Pharma\",\"url\":\"https:\/\/cest-pharma.com\/\",\"logo\":{\"@type\":\"ImageObject\",\"inLanguage\":\"ro-RO\",\"@id\":\"https:\/\/cest-pharma.com\/#\/schema\/logo\/image\/\",\"url\":\"https:\/\/cest-pharma.com\/wp-content\/uploads\/2023\/01\/cropped-Cest-Pharma-logo-font-corectat.png\",\"contentUrl\":\"https:\/\/cest-pharma.com\/wp-content\/uploads\/2023\/01\/cropped-Cest-Pharma-logo-font-corectat.png\",\"width\":1003,\"height\":777,\"caption\":\"Cest Pharma\"},\"image\":{\"@id\":\"https:\/\/cest-pharma.com\/#\/schema\/logo\/image\/\"}}]}<\/script>\n<!-- \/ Yoast SEO plugin. -->","yoast_head_json":{"title":"CARNIX Tab - Treatment for racing pigeons","description":"Treat and prevent trichomoniasis and hexamitiasis in racing and show pigeons. Effective against carnidazole-sensitive protozoans","robots":{"index":"index","follow":"follow","max-snippet":"max-snippet:-1","max-image-preview":"max-image-preview:large","max-video-preview":"max-video-preview:-1"},"canonical":"https:\/\/cest-pharma.com\/ro\/carnix-tab-50-tablete\/","og_locale":"ro_RO","og_type":"article","og_title":"CARNIX Tab - Treatment for racing pigeons","og_description":"Treat and prevent trichomoniasis and hexamitiasis in racing and show pigeons. Effective against carnidazole-sensitive protozoans","og_url":"https:\/\/cest-pharma.com\/ro\/carnix-tab-50-tablete\/","og_site_name":"Cest Pharma","article_modified_time":"2023-05-16T11:48:49+00:00","og_image":[{"width":1200,"height":1200,"url":"https:\/\/cest-pharma.com\/wp-content\/uploads\/2022\/12\/cest-pharma-arnix.jpg","type":"image\/jpeg"}],"twitter_card":"summary_large_image","twitter_misc":{"Timp estimat pentru citire":"4 minute"},"schema":{"@context":"https:\/\/schema.org","@graph":[{"@type":"WebPage","@id":"https:\/\/cest-pharma.com\/carnix-tab-50-tablets\/","url":"https:\/\/cest-pharma.com\/carnix-tab-50-tablets\/","name":"CARNIX Tab - Treatment for racing pigeons","isPartOf":{"@id":"https:\/\/cest-pharma.com\/#website"},"datePublished":"2022-12-12T14:42:08+00:00","dateModified":"2023-05-16T11:48:49+00:00","description":"Treat and prevent trichomoniasis and hexamitiasis in racing and show pigeons. Effective against carnidazole-sensitive protozoans","breadcrumb":{"@id":"https:\/\/cest-pharma.com\/carnix-tab-50-tablets\/#breadcrumb"},"inLanguage":"ro-RO","potentialAction":[{"@type":"ReadAction","target":["https:\/\/cest-pharma.com\/carnix-tab-50-tablets\/"]}]},{"@type":"BreadcrumbList","@id":"https:\/\/cest-pharma.com\/carnix-tab-50-tablets\/#breadcrumb","itemListElement":[{"@type":"ListItem","position":1,"name":"Home","item":"https:\/\/cest-pharma.com\/"},{"@type":"ListItem","position":2,"name":"CARNIX TAB 50 tablets"}]},{"@type":"WebSite","@id":"https:\/\/cest-pharma.com\/#website","url":"https:\/\/cest-pharma.com\/","name":"Cest Pharma","description":"","publisher":{"@id":"https:\/\/cest-pharma.com\/#organization"},"potentialAction":[{"@type":"SearchAction","target":{"@type":"EntryPoint","urlTemplate":"https:\/\/cest-pharma.com\/?s={search_term_string}"},"query-input":"required name=search_term_string"}],"inLanguage":"ro-RO"},{"@type":"Organization","@id":"https:\/\/cest-pharma.com\/#organization","name":"Cest Pharma","url":"https:\/\/cest-pharma.com\/","logo":{"@type":"ImageObject","inLanguage":"ro-RO","@id":"https:\/\/cest-pharma.com\/#\/schema\/logo\/image\/","url":"https:\/\/cest-pharma.com\/wp-content\/uploads\/2023\/01\/cropped-Cest-Pharma-logo-font-corectat.png","contentUrl":"https:\/\/cest-pharma.com\/wp-content\/uploads\/2023\/01\/cropped-Cest-Pharma-logo-font-corectat.png","width":1003,"height":777,"caption":"Cest Pharma"},"image":{"@id":"https:\/\/cest-pharma.com\/#\/schema\/logo\/image\/"}}]}},"_links":{"self":[{"href":"https:\/\/cest-pharma.com\/ro\/wp-json\/wp\/v2\/pages\/547"}],"collection":[{"href":"https:\/\/cest-pharma.com\/ro\/wp-json\/wp\/v2\/pages"}],"about":[{"href":"https:\/\/cest-pharma.com\/ro\/wp-json\/wp\/v2\/types\/page"}],"author":[{"embeddable":true,"href":"https:\/\/cest-pharma.com\/ro\/wp-json\/wp\/v2\/users\/1"}],"replies":[{"embeddable":true,"href":"https:\/\/cest-pharma.com\/ro\/wp-json\/wp\/v2\/comments?post=547"}],"version-history":[{"count":3,"href":"https:\/\/cest-pharma.com\/ro\/wp-json\/wp\/v2\/pages\/547\/revisions"}],"predecessor-version":[{"id":775,"href":"https:\/\/cest-pharma.com\/ro\/wp-json\/wp\/v2\/pages\/547\/revisions\/775"}],"wp:featuredmedia":[{"embeddable":true,"href":"https:\/\/cest-pharma.com\/ro\/wp-json\/wp\/v2\/media\/304"}],"wp:attachment":[{"href":"https:\/\/cest-pharma.com\/ro\/wp-json\/wp\/v2\/media?parent=547"}],"curies":[{"name":"wp","href":"https:\/\/api.w.org\/{rel}","templated":true}]}}