{"id":552,"date":"2022-12-12T14:45:15","date_gmt":"2022-12-12T14:45:15","guid":{"rendered":"https:\/\/cest-pharma.com\/?page_id=552"},"modified":"2026-02-04T08:54:22","modified_gmt":"2026-02-04T08:54:22","slug":"ambronil-100g","status":"publish","type":"page","link":"https:\/\/cest-pharma.com\/ro\/ambronil-100g\/","title":{"rendered":"AMBRONIL 100g"},"content":{"rendered":"<section class=\"fw-main-row\"  >\n\t<div class=\"fw-container-fluid\">\n\t\t<div class=\"fw-row\">\n\t<div class=\"fw-col-xs-12\">\n\t\n<section id=\"product\" class=\"p-0\">\n\t<div class=\"section-inner\">\n\t\t<div class=\"row\">\n\t\t\t<div class=\"col-md-6 d-flex justify-content-center align-items-center\">\n\t\t\t\t<div class=\"product-image gallerys\">\n\t\t\t\t\t<img width=\"1600\" height=\"1600\" src=\"https:\/\/cest-pharma.com\/wp-content\/uploads\/2026\/02\/ambronil-100g.jpeg\" class=\"attachment-full size-full wp-post-image\" alt=\"\" decoding=\"async\" loading=\"lazy\" srcset=\"https:\/\/cest-pharma.com\/wp-content\/uploads\/2026\/02\/ambronil-100g.jpeg 1600w, https:\/\/cest-pharma.com\/wp-content\/uploads\/2026\/02\/ambronil-100g-300x300.jpeg 300w, https:\/\/cest-pharma.com\/wp-content\/uploads\/2026\/02\/ambronil-100g-1024x1024.jpeg 1024w, https:\/\/cest-pharma.com\/wp-content\/uploads\/2026\/02\/ambronil-100g-150x150.jpeg 150w, https:\/\/cest-pharma.com\/wp-content\/uploads\/2026\/02\/ambronil-100g-768x768.jpeg 768w, https:\/\/cest-pharma.com\/wp-content\/uploads\/2026\/02\/ambronil-100g-1536x1536.jpeg 1536w, https:\/\/cest-pharma.com\/wp-content\/uploads\/2026\/02\/ambronil-100g-12x12.jpeg 12w, https:\/\/cest-pharma.com\/wp-content\/uploads\/2026\/02\/ambronil-100g-1200x1200.jpeg 1200w\" sizes=\"(max-width: 1600px) 100vw, 1600px\" \/>\t\t\t\t\t<img width=\"1600\" height=\"1600\" src=\"https:\/\/cest-pharma.com\/wp-content\/uploads\/2026\/02\/ambronil-100g.jpeg\" class=\"attachment- size-\" alt=\"\" decoding=\"async\" loading=\"lazy\" srcset=\"https:\/\/cest-pharma.com\/wp-content\/uploads\/2026\/02\/ambronil-100g.jpeg 1600w, https:\/\/cest-pharma.com\/wp-content\/uploads\/2026\/02\/ambronil-100g-300x300.jpeg 300w, https:\/\/cest-pharma.com\/wp-content\/uploads\/2026\/02\/ambronil-100g-1024x1024.jpeg 1024w, https:\/\/cest-pharma.com\/wp-content\/uploads\/2026\/02\/ambronil-100g-150x150.jpeg 150w, https:\/\/cest-pharma.com\/wp-content\/uploads\/2026\/02\/ambronil-100g-768x768.jpeg 768w, https:\/\/cest-pharma.com\/wp-content\/uploads\/2026\/02\/ambronil-100g-1536x1536.jpeg 1536w, https:\/\/cest-pharma.com\/wp-content\/uploads\/2026\/02\/ambronil-100g-12x12.jpeg 12w, https:\/\/cest-pharma.com\/wp-content\/uploads\/2026\/02\/ambronil-100g-1200x1200.jpeg 1200w\" sizes=\"(max-width: 1600px) 100vw, 1600px\" \/>\t\t\t\t<\/div>\n \t\t\t    <div class=\"socials\">\n\t\t\t      <div class=\"sticky\">\n\t\t\t\t  <ul>\n\t\t\t\t\t<li>\n\t\t\t\t\t\t<a href=\"\/\/www.facebook.com\/sharer.php?u=https:\/\/cest-pharma.com\/ro\/ambronil-100g\/\" class=\"social-sharing-item-block facebook\" title=\"Facebook\" onclick=\"event.preventDefault(); javascript:window.open(this.href, '', 'menubar=no,toolbar=no,resizable=yes,scrollbars=yes,height=220,width=600');return false;\">\n\t\t\t\t\t\t    <!-- <i class=\"fa fa-facebook social-sharing-icon\"><\/i> -->\n\t\t\t\t\t\t    <img src=\"\/wp-content\/uploads\/2022\/12\/facebook-1.png\">\n\t\t\t\t\t\t<\/a>\n\t\t\t\t\t<\/li>\n\t\t\t\t\t<li>\n\t\t\t\t\t\t<a href=\"\/\/linkedin.com\/share?url=https:\/\/cest-pharma.com\/ro\/ambronil-100g\/&amp;text=AMBRONIL+100g\" class=\"social-sharing-item-block twitter\" title=\"linkedin\" onclick=\"javascript:window.open(this.href, '', 'menubar=no,toolbar=no,resizable=yes,scrollbars=yes,height=260,width=600');return false;\">\n\t\t\t\t\t\t    <!-- <i class=\"fa fa-twitter social-sharing-icon\"><\/i> -->\n\t\t\t\t\t\t\t<img src=\"\/wp-content\/uploads\/2022\/12\/linkedin.png\">\n\t\t\t\t\t\t<\/a>\n\t\t\t\t\t<\/li>\n\t\t\t\t\t<li>\n\t\t\t\t\t\t<a href=\"\/\/twitter.com\/share?url=https:\/\/cest-pharma.com\/ro\/ambronil-100g\/&amp;text=AMBRONIL+100g\" class=\"social-sharing-item-block twitter\" title=\"linkedin\" onclick=\"javascript:window.open(this.href, '', 'menubar=no,toolbar=no,resizable=yes,scrollbars=yes,height=260,width=600');return false;\">\n\t\t\t\t\t\t    <!-- <i class=\"fa fa-twitter social-sharing-icon\"><\/i> -->\n\t\t\t\t\t\t\t<img src=\"\/wp-content\/uploads\/2022\/12\/twitter.png\">\n\t\t\t\t\t\t<\/a>\n\t\t\t\t\t<\/li>\n\t\t\t\t<\/ul>\n\t\t\t<\/div>\n\t\t<\/div>\n\t\t\t<\/div>\n\t\t\t<div class=\"col-md-6\">\n\t\t\t\t<div class=\"title-product\">\n\t\t\t\t\tAMBRONIL 100g\t\t\t\t<\/div>\n\t\t\t\t\t\t\t\t\t<div class=\"box-desc-title\">\n\t\t\t\t\t\tINDICA\u021aII:\t\t\t\t\t<\/div>\n\t\t\t\t\t<div class=\"box-desc\">\n\t\t\t\t\t\t<p>Se recomand\u0103 la porumbei voiajori \u015fi de agrement astfel: pentru tratamentul \u015fi controlul coccidiozelor produse de Eimeria spp; tratamentul parazitozelor gastrointestinale \u0219i pulmonare produse de Ascaridia spp., Capillaria spp., Syngamus tracheae, Heterakis gallinarum.<br \/>De asemenea se recomand\u0103 \u00een tratamentul terapeutic \u015fi de rutin\u0103 al tricomonozei \u015fi al hexamitiazei, produse de Trichomonas coloumbae, respectiv, Hexamita columbae, parazitoze ce apar cel mai adesea \u00een sezonul de \u00eemperechere \u015fi cauzeaz\u0103 infec\u0163ii.<br \/>Se indic\u0103 administrarea produsului \u00eenainte de plecarea \u00een curs\u0103, datorit\u0103 faptului c\u0103 bromhexinul are rolul de a cur\u0103\u0163a c\u0103ile respiratorii, optimiz\u00e2nd func\u0163ia respiratorie. Cu ac\u0163iunea sa expectorant\u0103 \u015fi de fluidificare, faciliteaz\u0103 \u015fi accelereaz\u0103 eliminarea mucusului din alveolele pulmonare.<\/p>\t\t\t\t\t<\/div>\n\t\t\t\t\t\t\t\t\t<div class=\"box-desc-title\">\n\t\t\t\t\t\tCOMPOZI\u021aIE:\t\t\t\t\t<\/div>\n\t\t\t\t\t<div class=\"box-desc\">\n\t\t\t\t\t\t<p>Amprolium clorhidrat, Levamisol HCl \u015fi Ronidazol, Bromhexin HCl<\/p>\t\t\t\t\t<\/div>\n\t\t\t\t\t\t\t\t\t<div class=\"box-desc-title\">\n\t\t\t\t\t\tADMINISTRARE:\t\t\t\t\t<\/div>\n\t\t\t\t\t<div class=\"box-desc\">\n\t\t\t\t\t\t<p>Se administreaz\u0103 pe cale oral\u0103, \u00een apa de b\u0103ut, 5 g produs la 2 litri ap\u0103 de b\u0103ut timp de 7 zile consecutive.\nApa medicamentat\u0103 trebuie preparat\u0103 chiar \u00eenainte de administrare.<br \/>Recomandabil este ca tratamentul s\u0103 se efectueze cu 3 s\u0103pt\u0103m\u00e2ni \u00eenainte de \u00eenceperea sezonului de \u00eemperechere.<br \/>Datorit\u0103 prezen\u0163ei bromhexinului \u00een compozi\u0163ia produsului, tratamentul trebuie \u00eentrerupt cu 72 de ore \u00eenainte de concurs. Tratamentul este indicat s\u0103 se fac\u0103 \u015fi \u00eencep\u00e2nd cu prima zi de la \u00eentoarcere din curs\u0103.\n\u00cen cazul \u00een care se utilizeaz\u0103 pentru preven\u0163ie, se poate repeta la 8-10 s\u0103pt\u0103m\u00e2ni.<\/p>\t\t\t\t\t<\/div>\n\t\t\t\t\t\t\t\t\t<div class=\"box-desc-title\">\n\t\t\t\t\t\tCONTRAINDICA\u021aII:\t\t\t\t\t<\/div>\n\t\t\t\t\t<div class=\"box-desc\">\n\t\t\t\t\t\t<p>A nu se administra \u00een cazuri de hipersensibilitate la substan\u021ba activ\u0103 sau la oricare dintre excipien\u021bi. A nu se utiliza \u00een tratamentul porumbeilor cu v\u00e2rsta sub 2 luni. A nu se utiliza \u00een timpul sezonului de n\u0103p\u00e2rlire \u0219i ecloziune. Nu utiliza\u021bi pentru consumul uman porumbei destina\u021bi. A se administra in 90 de zile de la deschidere. Schimba\u021bi apa \u00een fiecare zi.<\/p>\t\t\t\t\t<\/div>\n\t\t\t\t\t\t\t<\/div>\n\t\t\t<div class=\"button-resellers d-flex justify-content-center align-items-center\">\n\t\t\t\t<a href=\"https:\/\/cest-pharma.com\/ro\/parteneri\/\" target=\"_self\" class=\"fw-btn fw-btn-1\">\n\t\t\t\t\t<span><img src=\"\/wp-content\/uploads\/2022\/11\/Cart.png\" class=\"d-inline\"> Adaug\u0103 \u00een co\u0219<\/span>\n\t\t\t\t<\/a>\n\t\t\t<\/div>\n\t\t<\/div>\n\t\t<div class=\"row related\">\n\t\t\t<div class=\"category-related\">\n\t\t\t\tProduse conexe\t\t\t<\/div>\n\t\t\t<div class=\"swiper-related\">\n\t\t\t\t<!-- Swiper -->\n\t\t\t\t<div class=\"swiper mySwiper\">\n\t\t\t\t\t<div class=\"swiper-wrapper\">\n\t\t\t\t\t\t\t\t\t\t\t<div class=\"swiper-slide gallerys\">\n\t\t\t\t\t\t\t<a href=\"\/ro\/energy-plus-300g\/\" target=\"_self\" class=\"fw-btn fw-btn-1\">\n\t\t\t\t\t\t\t\t<div class=\"image_related\">\n\t\t\t\t\t\t\t\t\t<img width=\"1600\" height=\"1600\" src=\"https:\/\/cest-pharma.com\/wp-content\/uploads\/2026\/02\/ambronil-100g.jpeg\" class=\"attachment-full size-full wp-post-image\" alt=\"\" decoding=\"async\" loading=\"lazy\" srcset=\"https:\/\/cest-pharma.com\/wp-content\/uploads\/2026\/02\/ambronil-100g.jpeg 1600w, https:\/\/cest-pharma.com\/wp-content\/uploads\/2026\/02\/ambronil-100g-300x300.jpeg 300w, https:\/\/cest-pharma.com\/wp-content\/uploads\/2026\/02\/ambronil-100g-1024x1024.jpeg 1024w, https:\/\/cest-pharma.com\/wp-content\/uploads\/2026\/02\/ambronil-100g-150x150.jpeg 150w, https:\/\/cest-pharma.com\/wp-content\/uploads\/2026\/02\/ambronil-100g-768x768.jpeg 768w, https:\/\/cest-pharma.com\/wp-content\/uploads\/2026\/02\/ambronil-100g-1536x1536.jpeg 1536w, https:\/\/cest-pharma.com\/wp-content\/uploads\/2026\/02\/ambronil-100g-12x12.jpeg 12w, https:\/\/cest-pharma.com\/wp-content\/uploads\/2026\/02\/ambronil-100g-1200x1200.jpeg 1200w\" sizes=\"(max-width: 1600px) 100vw, 1600px\" \/>\t\t\t\t\t\t\t\t\t<img width=\"1920\" height=\"1920\" src=\"https:\/\/cest-pharma.com\/wp-content\/uploads\/2022\/12\/06.07.2021-Columbovet-15.png\" class=\"attachment- size-\" alt=\"\" decoding=\"async\" loading=\"lazy\" srcset=\"https:\/\/cest-pharma.com\/wp-content\/uploads\/2022\/12\/06.07.2021-Columbovet-15.png 1920w, https:\/\/cest-pharma.com\/wp-content\/uploads\/2022\/12\/06.07.2021-Columbovet-15-300x300.png 300w, https:\/\/cest-pharma.com\/wp-content\/uploads\/2022\/12\/06.07.2021-Columbovet-15-1024x1024.png 1024w, https:\/\/cest-pharma.com\/wp-content\/uploads\/2022\/12\/06.07.2021-Columbovet-15-150x150.png 150w, https:\/\/cest-pharma.com\/wp-content\/uploads\/2022\/12\/06.07.2021-Columbovet-15-768x768.png 768w, https:\/\/cest-pharma.com\/wp-content\/uploads\/2022\/12\/06.07.2021-Columbovet-15-1536x1536.png 1536w, https:\/\/cest-pharma.com\/wp-content\/uploads\/2022\/12\/06.07.2021-Columbovet-15-12x12.png 12w, https:\/\/cest-pharma.com\/wp-content\/uploads\/2022\/12\/06.07.2021-Columbovet-15-1200x1200.png 1200w\" sizes=\"(max-width: 1920px) 100vw, 1920px\" \/>\t\t\t\t\t\t\t\t<\/div>\n\t\t\t\t\t\t\t\t<div class=\"name_related\">\n\t\t\t\t\t\t\t\t\tENERGY PLUS 300g\t\t\t\t\t\t\t\t<\/div>\n\t\t\t\t\t\t\t<\/a>\n\t\t\t\t\t\t<\/div>\n\t\t\t\t\t\t\t\t\t\t\t<div class=\"swiper-slide gallerys\">\n\t\t\t\t\t\t\t<a href=\"https:\/\/cest-pharma.com\/ro\/yellow-drops-100ml\/\" target=\"_self\" class=\"fw-btn fw-btn-1\">\n\t\t\t\t\t\t\t\t<div class=\"image_related\">\n\t\t\t\t\t\t\t\t\t<img width=\"1600\" height=\"1600\" src=\"https:\/\/cest-pharma.com\/wp-content\/uploads\/2026\/02\/ambronil-100g.jpeg\" class=\"attachment-full size-full wp-post-image\" alt=\"\" decoding=\"async\" loading=\"lazy\" srcset=\"https:\/\/cest-pharma.com\/wp-content\/uploads\/2026\/02\/ambronil-100g.jpeg 1600w, https:\/\/cest-pharma.com\/wp-content\/uploads\/2026\/02\/ambronil-100g-300x300.jpeg 300w, https:\/\/cest-pharma.com\/wp-content\/uploads\/2026\/02\/ambronil-100g-1024x1024.jpeg 1024w, https:\/\/cest-pharma.com\/wp-content\/uploads\/2026\/02\/ambronil-100g-150x150.jpeg 150w, https:\/\/cest-pharma.com\/wp-content\/uploads\/2026\/02\/ambronil-100g-768x768.jpeg 768w, https:\/\/cest-pharma.com\/wp-content\/uploads\/2026\/02\/ambronil-100g-1536x1536.jpeg 1536w, https:\/\/cest-pharma.com\/wp-content\/uploads\/2026\/02\/ambronil-100g-12x12.jpeg 12w, https:\/\/cest-pharma.com\/wp-content\/uploads\/2026\/02\/ambronil-100g-1200x1200.jpeg 1200w\" sizes=\"(max-width: 1600px) 100vw, 1600px\" \/>\t\t\t\t\t\t\t\t\t<img width=\"1920\" height=\"1920\" src=\"https:\/\/cest-pharma.com\/wp-content\/uploads\/2022\/12\/06.07.2021-Columbovet-34.png\" class=\"attachment- size-\" alt=\"\" decoding=\"async\" loading=\"lazy\" srcset=\"https:\/\/cest-pharma.com\/wp-content\/uploads\/2022\/12\/06.07.2021-Columbovet-34.png 1920w, https:\/\/cest-pharma.com\/wp-content\/uploads\/2022\/12\/06.07.2021-Columbovet-34-300x300.png 300w, https:\/\/cest-pharma.com\/wp-content\/uploads\/2022\/12\/06.07.2021-Columbovet-34-1024x1024.png 1024w, https:\/\/cest-pharma.com\/wp-content\/uploads\/2022\/12\/06.07.2021-Columbovet-34-150x150.png 150w, https:\/\/cest-pharma.com\/wp-content\/uploads\/2022\/12\/06.07.2021-Columbovet-34-768x768.png 768w, https:\/\/cest-pharma.com\/wp-content\/uploads\/2022\/12\/06.07.2021-Columbovet-34-1536x1536.png 1536w, https:\/\/cest-pharma.com\/wp-content\/uploads\/2022\/12\/06.07.2021-Columbovet-34-12x12.png 12w, https:\/\/cest-pharma.com\/wp-content\/uploads\/2022\/12\/06.07.2021-Columbovet-34-1200x1200.png 1200w\" sizes=\"(max-width: 1920px) 100vw, 1920px\" \/>\t\t\t\t\t\t\t\t<\/div>\n\t\t\t\t\t\t\t\t<div class=\"name_related\">\n\t\t\t\t\t\t\t\t\tYELLOW DROPS 100ml\t\t\t\t\t\t\t\t<\/div>\n\t\t\t\t\t\t\t<\/a>\n\t\t\t\t\t\t<\/div>\n\t\t\t\t\t\t\t\t\t\t\t<div class=\"swiper-slide gallerys\">\n\t\t\t\t\t\t\t<a href=\"\/ro\/vit-amino-250ml\/\" target=\"_self\" class=\"fw-btn fw-btn-1\">\n\t\t\t\t\t\t\t\t<div class=\"image_related\">\n\t\t\t\t\t\t\t\t\t<img width=\"1600\" height=\"1600\" src=\"https:\/\/cest-pharma.com\/wp-content\/uploads\/2026\/02\/ambronil-100g.jpeg\" class=\"attachment-full size-full wp-post-image\" alt=\"\" decoding=\"async\" loading=\"lazy\" srcset=\"https:\/\/cest-pharma.com\/wp-content\/uploads\/2026\/02\/ambronil-100g.jpeg 1600w, https:\/\/cest-pharma.com\/wp-content\/uploads\/2026\/02\/ambronil-100g-300x300.jpeg 300w, https:\/\/cest-pharma.com\/wp-content\/uploads\/2026\/02\/ambronil-100g-1024x1024.jpeg 1024w, https:\/\/cest-pharma.com\/wp-content\/uploads\/2026\/02\/ambronil-100g-150x150.jpeg 150w, https:\/\/cest-pharma.com\/wp-content\/uploads\/2026\/02\/ambronil-100g-768x768.jpeg 768w, https:\/\/cest-pharma.com\/wp-content\/uploads\/2026\/02\/ambronil-100g-1536x1536.jpeg 1536w, https:\/\/cest-pharma.com\/wp-content\/uploads\/2026\/02\/ambronil-100g-12x12.jpeg 12w, https:\/\/cest-pharma.com\/wp-content\/uploads\/2026\/02\/ambronil-100g-1200x1200.jpeg 1200w\" sizes=\"(max-width: 1600px) 100vw, 1600px\" \/>\t\t\t\t\t\t\t\t\t<img width=\"1920\" height=\"1920\" src=\"https:\/\/cest-pharma.com\/wp-content\/uploads\/2022\/12\/vit_amino_web2-4-2.png\" class=\"attachment- size-\" alt=\"\" decoding=\"async\" loading=\"lazy\" srcset=\"https:\/\/cest-pharma.com\/wp-content\/uploads\/2022\/12\/vit_amino_web2-4-2.png 1920w, https:\/\/cest-pharma.com\/wp-content\/uploads\/2022\/12\/vit_amino_web2-4-2-300x300.png 300w, https:\/\/cest-pharma.com\/wp-content\/uploads\/2022\/12\/vit_amino_web2-4-2-1024x1024.png 1024w, https:\/\/cest-pharma.com\/wp-content\/uploads\/2022\/12\/vit_amino_web2-4-2-150x150.png 150w, https:\/\/cest-pharma.com\/wp-content\/uploads\/2022\/12\/vit_amino_web2-4-2-768x768.png 768w, https:\/\/cest-pharma.com\/wp-content\/uploads\/2022\/12\/vit_amino_web2-4-2-1536x1536.png 1536w, https:\/\/cest-pharma.com\/wp-content\/uploads\/2022\/12\/vit_amino_web2-4-2-12x12.png 12w, https:\/\/cest-pharma.com\/wp-content\/uploads\/2022\/12\/vit_amino_web2-4-2-1200x1200.png 1200w\" sizes=\"(max-width: 1920px) 100vw, 1920px\" \/>\t\t\t\t\t\t\t\t<\/div>\n\t\t\t\t\t\t\t\t<div class=\"name_related\">\n\t\t\t\t\t\t\t\t\tVIT AMINO 250ml\t\t\t\t\t\t\t\t<\/div>\n\t\t\t\t\t\t\t<\/a>\n\t\t\t\t\t\t<\/div>\n\t\t\t\t\t\t\t\t\t\t\t<div class=\"swiper-slide gallerys\">\n\t\t\t\t\t\t\t<a href=\"https:\/\/cest-pharma.com\/ro\/tricogo-500ml-1000ml\/\" target=\"_self\" class=\"fw-btn fw-btn-1\">\n\t\t\t\t\t\t\t\t<div class=\"image_related\">\n\t\t\t\t\t\t\t\t\t<img width=\"1600\" height=\"1600\" src=\"https:\/\/cest-pharma.com\/wp-content\/uploads\/2026\/02\/ambronil-100g.jpeg\" class=\"attachment-full size-full wp-post-image\" alt=\"\" decoding=\"async\" loading=\"lazy\" srcset=\"https:\/\/cest-pharma.com\/wp-content\/uploads\/2026\/02\/ambronil-100g.jpeg 1600w, https:\/\/cest-pharma.com\/wp-content\/uploads\/2026\/02\/ambronil-100g-300x300.jpeg 300w, https:\/\/cest-pharma.com\/wp-content\/uploads\/2026\/02\/ambronil-100g-1024x1024.jpeg 1024w, https:\/\/cest-pharma.com\/wp-content\/uploads\/2026\/02\/ambronil-100g-150x150.jpeg 150w, https:\/\/cest-pharma.com\/wp-content\/uploads\/2026\/02\/ambronil-100g-768x768.jpeg 768w, https:\/\/cest-pharma.com\/wp-content\/uploads\/2026\/02\/ambronil-100g-1536x1536.jpeg 1536w, https:\/\/cest-pharma.com\/wp-content\/uploads\/2026\/02\/ambronil-100g-12x12.jpeg 12w, https:\/\/cest-pharma.com\/wp-content\/uploads\/2026\/02\/ambronil-100g-1200x1200.jpeg 1200w\" sizes=\"(max-width: 1600px) 100vw, 1600px\" \/>\t\t\t\t\t\t\t\t\t<img width=\"1920\" height=\"1920\" src=\"https:\/\/cest-pharma.com\/wp-content\/uploads\/2022\/12\/EW1A2891-1.png\" class=\"attachment- size-\" alt=\"\" decoding=\"async\" loading=\"lazy\" srcset=\"https:\/\/cest-pharma.com\/wp-content\/uploads\/2022\/12\/EW1A2891-1.png 1920w, https:\/\/cest-pharma.com\/wp-content\/uploads\/2022\/12\/EW1A2891-1-300x300.png 300w, https:\/\/cest-pharma.com\/wp-content\/uploads\/2022\/12\/EW1A2891-1-1024x1024.png 1024w, https:\/\/cest-pharma.com\/wp-content\/uploads\/2022\/12\/EW1A2891-1-150x150.png 150w, https:\/\/cest-pharma.com\/wp-content\/uploads\/2022\/12\/EW1A2891-1-768x768.png 768w, https:\/\/cest-pharma.com\/wp-content\/uploads\/2022\/12\/EW1A2891-1-1536x1536.png 1536w, https:\/\/cest-pharma.com\/wp-content\/uploads\/2022\/12\/EW1A2891-1-12x12.png 12w, https:\/\/cest-pharma.com\/wp-content\/uploads\/2022\/12\/EW1A2891-1-1200x1200.png 1200w\" sizes=\"(max-width: 1920px) 100vw, 1920px\" \/>\t\t\t\t\t\t\t\t<\/div>\n\t\t\t\t\t\t\t\t<div class=\"name_related\">\n\t\t\t\t\t\t\t\t\tTRICOGO 500ml\/1000ml\t\t\t\t\t\t\t\t<\/div>\n\t\t\t\t\t\t\t<\/a>\n\t\t\t\t\t\t<\/div>\n\t\t\t\t\t\t\t\t\t\t<\/div>\n\t\t\t\t\t<div class=\"swiper-button-next\"><\/div>\n\t\t\t\t\t<div class=\"swiper-button-prev\"><\/div>\n\t\t\t\t<\/div>\n\t\t\t<\/div>\n\t\t<\/div>\n\t<\/div>\n<\/section>\n\n<!-- Swiper JS -->\n<script src=\"https:\/\/cdn.jsdelivr.net\/npm\/swiper\/swiper-bundle.min.js\"><\/script>\n\n<!-- Initialize Swiper -->\n<script>\n\tvar swiper = new Swiper(\".mySwiper\", {\n\tslidesPerView: 1,\n\tspaceBetween: 30,\n\tloop: true,\n    autoplay: {\n      delay: 2500,\n      disableOnInteraction: false,\n    },\n\tnavigation: {\n\t\tnextEl: \".swiper-button-next\",\n\t\tprevEl: \".swiper-button-prev\",\n\t},\n\tbreakpoints: {\n          640: {\n            slidesPerView: 2,\n            spaceBetween: 10,\n          },\n          768: {\n            slidesPerView: 3,\n            spaceBetween: 30,\n          },\n          1024: {\n            slidesPerView: 4,\n            spaceBetween: 30,\n          },\n        },\n\t});\n<\/script>\n<\/div>\n<\/div>\n\n\t<\/div>\n<\/section>","protected":false},"excerpt":{"rendered":"<p>AMBRONIL 100g INDICATIONS: Treatment of tricomonosis, coccidiosis, gastrointestinal and pulmonaryparasites caused by adult forms and early stages of Ascaridiaspp., Capillaria spp.,Syngamus tracheae, Heterakis gallinarum, clean the airways of respiratory sistem. COMPOSITION: Active substance: Amprolium hydrochloride, Levamisol HCl, Ronidazole, Bromhexin HCl ADMINISTRATION: 5 g \/ 2 liters of drinking water \/ 5 \u2013 7 days. Medicated [&hellip;]<\/p>","protected":false},"author":1,"featured_media":2021,"parent":0,"menu_order":0,"comment_status":"closed","ping_status":"closed","template":"","meta":[],"yoast_head":"<!-- This site is optimized with the Yoast SEO plugin v19.11 - https:\/\/yoast.com\/wordpress\/plugins\/seo\/ -->\n<title>AMBRONIL - Treatment for racing pigeons<\/title>\n<meta name=\"description\" content=\"Treat trichomonosis, coccidiosis, and various gastrointestinal and pulmonary parasites. Clean and support respiratory system health.\" \/>\n<meta name=\"robots\" content=\"index, follow, max-snippet:-1, max-image-preview:large, max-video-preview:-1\" \/>\n<link rel=\"canonical\" href=\"https:\/\/cest-pharma.com\/ro\/ambronil-100g\/\" \/>\n<meta property=\"og:locale\" content=\"ro_RO\" \/>\n<meta property=\"og:type\" content=\"article\" \/>\n<meta property=\"og:title\" content=\"AMBRONIL - Treatment for racing pigeons\" \/>\n<meta property=\"og:description\" content=\"Treat trichomonosis, coccidiosis, and various gastrointestinal and pulmonary parasites. Clean and support respiratory system health.\" \/>\n<meta property=\"og:url\" content=\"https:\/\/cest-pharma.com\/ro\/ambronil-100g\/\" \/>\n<meta property=\"og:site_name\" content=\"Cest Pharma\" \/>\n<meta property=\"article:modified_time\" content=\"2026-02-04T08:54:22+00:00\" \/>\n<meta property=\"og:image\" content=\"https:\/\/cest-pharma.com\/wp-content\/uploads\/2026\/02\/ambronil-100g.jpeg\" \/>\n\t<meta property=\"og:image:width\" content=\"1600\" \/>\n\t<meta property=\"og:image:height\" content=\"1600\" \/>\n\t<meta property=\"og:image:type\" content=\"image\/jpeg\" \/>\n<meta name=\"twitter:card\" content=\"summary_large_image\" \/>\n<meta name=\"twitter:label1\" content=\"Timp estimat pentru citire\" \/>\n\t<meta name=\"twitter:data1\" content=\"4 minute\" \/>\n<script type=\"application\/ld+json\" class=\"yoast-schema-graph\">{\"@context\":\"https:\/\/schema.org\",\"@graph\":[{\"@type\":\"WebPage\",\"@id\":\"https:\/\/cest-pharma.com\/ambronil-100g\/\",\"url\":\"https:\/\/cest-pharma.com\/ambronil-100g\/\",\"name\":\"AMBRONIL - Treatment for racing pigeons\",\"isPartOf\":{\"@id\":\"https:\/\/cest-pharma.com\/#website\"},\"datePublished\":\"2022-12-12T14:45:15+00:00\",\"dateModified\":\"2026-02-04T08:54:22+00:00\",\"description\":\"Treat trichomonosis, coccidiosis, and various gastrointestinal and pulmonary parasites. Clean and support respiratory system health.\",\"breadcrumb\":{\"@id\":\"https:\/\/cest-pharma.com\/ambronil-100g\/#breadcrumb\"},\"inLanguage\":\"ro-RO\",\"potentialAction\":[{\"@type\":\"ReadAction\",\"target\":[\"https:\/\/cest-pharma.com\/ambronil-100g\/\"]}]},{\"@type\":\"BreadcrumbList\",\"@id\":\"https:\/\/cest-pharma.com\/ambronil-100g\/#breadcrumb\",\"itemListElement\":[{\"@type\":\"ListItem\",\"position\":1,\"name\":\"Home\",\"item\":\"https:\/\/cest-pharma.com\/\"},{\"@type\":\"ListItem\",\"position\":2,\"name\":\"AMBRONIL 100g\"}]},{\"@type\":\"WebSite\",\"@id\":\"https:\/\/cest-pharma.com\/#website\",\"url\":\"https:\/\/cest-pharma.com\/\",\"name\":\"Cest Pharma\",\"description\":\"\",\"publisher\":{\"@id\":\"https:\/\/cest-pharma.com\/#organization\"},\"potentialAction\":[{\"@type\":\"SearchAction\",\"target\":{\"@type\":\"EntryPoint\",\"urlTemplate\":\"https:\/\/cest-pharma.com\/?s={search_term_string}\"},\"query-input\":\"required name=search_term_string\"}],\"inLanguage\":\"ro-RO\"},{\"@type\":\"Organization\",\"@id\":\"https:\/\/cest-pharma.com\/#organization\",\"name\":\"Cest Pharma\",\"url\":\"https:\/\/cest-pharma.com\/\",\"logo\":{\"@type\":\"ImageObject\",\"inLanguage\":\"ro-RO\",\"@id\":\"https:\/\/cest-pharma.com\/#\/schema\/logo\/image\/\",\"url\":\"https:\/\/cest-pharma.com\/wp-content\/uploads\/2023\/01\/cropped-Cest-Pharma-logo-font-corectat.png\",\"contentUrl\":\"https:\/\/cest-pharma.com\/wp-content\/uploads\/2023\/01\/cropped-Cest-Pharma-logo-font-corectat.png\",\"width\":1003,\"height\":777,\"caption\":\"Cest Pharma\"},\"image\":{\"@id\":\"https:\/\/cest-pharma.com\/#\/schema\/logo\/image\/\"}}]}<\/script>\n<!-- \/ Yoast SEO plugin. -->","yoast_head_json":{"title":"AMBRONIL - Treatment for racing pigeons","description":"Treat trichomonosis, coccidiosis, and various gastrointestinal and pulmonary parasites. Clean and support respiratory system health.","robots":{"index":"index","follow":"follow","max-snippet":"max-snippet:-1","max-image-preview":"max-image-preview:large","max-video-preview":"max-video-preview:-1"},"canonical":"https:\/\/cest-pharma.com\/ro\/ambronil-100g\/","og_locale":"ro_RO","og_type":"article","og_title":"AMBRONIL - Treatment for racing pigeons","og_description":"Treat trichomonosis, coccidiosis, and various gastrointestinal and pulmonary parasites. Clean and support respiratory system health.","og_url":"https:\/\/cest-pharma.com\/ro\/ambronil-100g\/","og_site_name":"Cest Pharma","article_modified_time":"2026-02-04T08:54:22+00:00","og_image":[{"width":1600,"height":1600,"url":"https:\/\/cest-pharma.com\/wp-content\/uploads\/2026\/02\/ambronil-100g.jpeg","type":"image\/jpeg"}],"twitter_card":"summary_large_image","twitter_misc":{"Timp estimat pentru citire":"4 minute"},"schema":{"@context":"https:\/\/schema.org","@graph":[{"@type":"WebPage","@id":"https:\/\/cest-pharma.com\/ambronil-100g\/","url":"https:\/\/cest-pharma.com\/ambronil-100g\/","name":"AMBRONIL - Treatment for racing pigeons","isPartOf":{"@id":"https:\/\/cest-pharma.com\/#website"},"datePublished":"2022-12-12T14:45:15+00:00","dateModified":"2026-02-04T08:54:22+00:00","description":"Treat trichomonosis, coccidiosis, and various gastrointestinal and pulmonary parasites. Clean and support respiratory system health.","breadcrumb":{"@id":"https:\/\/cest-pharma.com\/ambronil-100g\/#breadcrumb"},"inLanguage":"ro-RO","potentialAction":[{"@type":"ReadAction","target":["https:\/\/cest-pharma.com\/ambronil-100g\/"]}]},{"@type":"BreadcrumbList","@id":"https:\/\/cest-pharma.com\/ambronil-100g\/#breadcrumb","itemListElement":[{"@type":"ListItem","position":1,"name":"Home","item":"https:\/\/cest-pharma.com\/"},{"@type":"ListItem","position":2,"name":"AMBRONIL 100g"}]},{"@type":"WebSite","@id":"https:\/\/cest-pharma.com\/#website","url":"https:\/\/cest-pharma.com\/","name":"Cest Pharma","description":"","publisher":{"@id":"https:\/\/cest-pharma.com\/#organization"},"potentialAction":[{"@type":"SearchAction","target":{"@type":"EntryPoint","urlTemplate":"https:\/\/cest-pharma.com\/?s={search_term_string}"},"query-input":"required name=search_term_string"}],"inLanguage":"ro-RO"},{"@type":"Organization","@id":"https:\/\/cest-pharma.com\/#organization","name":"Cest Pharma","url":"https:\/\/cest-pharma.com\/","logo":{"@type":"ImageObject","inLanguage":"ro-RO","@id":"https:\/\/cest-pharma.com\/#\/schema\/logo\/image\/","url":"https:\/\/cest-pharma.com\/wp-content\/uploads\/2023\/01\/cropped-Cest-Pharma-logo-font-corectat.png","contentUrl":"https:\/\/cest-pharma.com\/wp-content\/uploads\/2023\/01\/cropped-Cest-Pharma-logo-font-corectat.png","width":1003,"height":777,"caption":"Cest Pharma"},"image":{"@id":"https:\/\/cest-pharma.com\/#\/schema\/logo\/image\/"}}]}},"_links":{"self":[{"href":"https:\/\/cest-pharma.com\/ro\/wp-json\/wp\/v2\/pages\/552"}],"collection":[{"href":"https:\/\/cest-pharma.com\/ro\/wp-json\/wp\/v2\/pages"}],"about":[{"href":"https:\/\/cest-pharma.com\/ro\/wp-json\/wp\/v2\/types\/page"}],"author":[{"embeddable":true,"href":"https:\/\/cest-pharma.com\/ro\/wp-json\/wp\/v2\/users\/1"}],"replies":[{"embeddable":true,"href":"https:\/\/cest-pharma.com\/ro\/wp-json\/wp\/v2\/comments?post=552"}],"version-history":[{"count":5,"href":"https:\/\/cest-pharma.com\/ro\/wp-json\/wp\/v2\/pages\/552\/revisions"}],"predecessor-version":[{"id":2022,"href":"https:\/\/cest-pharma.com\/ro\/wp-json\/wp\/v2\/pages\/552\/revisions\/2022"}],"wp:featuredmedia":[{"embeddable":true,"href":"https:\/\/cest-pharma.com\/ro\/wp-json\/wp\/v2\/media\/2021"}],"wp:attachment":[{"href":"https:\/\/cest-pharma.com\/ro\/wp-json\/wp\/v2\/media?parent=552"}],"curies":[{"name":"wp","href":"https:\/\/api.w.org\/{rel}","templated":true}]}}