{"id":697,"date":"2022-12-19T09:48:25","date_gmt":"2022-12-19T09:48:25","guid":{"rendered":"https:\/\/cest-pharma.com\/?page_id=697"},"modified":"2024-02-15T08:11:04","modified_gmt":"2024-02-15T08:11:04","slug":"breding-program","status":"publish","type":"page","link":"https:\/\/cest-pharma.com\/ro\/program-de-reproductie\/","title":{"rendered":"Program reproduc\u021bie"},"content":{"rendered":"<section class=\"fw-main-row\"  >\n\t<div class=\"fw-container\">\n\t\t<div class=\"fw-row\">\n\t<div class=\"fw-col-xs-12\">\n\t\r\n<!-- Swiper -->\r\n<section id=\"feeding-schedules\" class=\"p-0\">\r\n\t<div class=\"section-inner\">\r\n\t\t<div class=\"box-feedingSchedules\">\r\n\t\t\t<div class=\"title\" data-aos=\"fade-up\"\r\n     data-aos-anchor-placement=\"top-bottom\">\r\n\t\t\t\tProgram reproduc\u021bie\t\t\t<\/div>\r\n\t\t\t<div class=\"description-bestProducts\">\r\n\t\t\t\t<p><img class=\"alignnone size-full wp-image-1359\" src=\"https:\/\/cest-pharma.com\/wp-content\/uploads\/2024\/02\/Screenshot-2024-02-14-at-16.26.59.png\" alt=\"\" width=\"1442\" height=\"1027\" \/><\/p>\t\t\t<\/div>\r\n\t\t<\/div>\r\n\t\t<div class=\"row d-flex justify-content-center align-items-center\">\r\n\t\t\t\t\t<div class=\"col-xl-2 col-lg-2 col-md-6\" data-aos=\"flip-left\"\r\n     data-aos-easing=\"ease-out-cubic\"\r\n     data-aos-duration=\"2000\">\r\n\t\t\t\t<a href=\"https:\/\/cest-pharma.com\/ro\/program-naparlire\/\" target=\"_self\" class=\"fw-btn fw-btn-1\">\r\n\t\t\t\t\t<div class=\"image-schedules\">\r\n\t\t\t\t\t\t\t\t\t\t\t\t<img width=\"686\" height=\"658\" src=\"https:\/\/cest-pharma.com\/wp-content\/uploads\/2023\/02\/moulting31.png\" class=\"attachment- size-\" alt=\"\" decoding=\"async\" loading=\"lazy\" srcset=\"https:\/\/cest-pharma.com\/wp-content\/uploads\/2023\/02\/moulting31.png 686w, https:\/\/cest-pharma.com\/wp-content\/uploads\/2023\/02\/moulting31-300x288.png 300w, https:\/\/cest-pharma.com\/wp-content\/uploads\/2023\/02\/moulting31-13x12.png 13w\" sizes=\"(max-width: 686px) 100vw, 686px\" \/>\t\t\t\t\t<\/div>\r\n\t\t\t\t\t<div class=\"title-schedules\">\r\n\t\t\t\t\t\tProgram n\u0103p\u00e2rlire\t\t\t\t\t<\/div>\r\n\t\t\t\t<\/a>\r\n\t\t\t<\/div>\r\n\t\t\t\t\t<div class=\"col-xl-2 col-lg-2 col-md-6\" data-aos=\"flip-left\"\r\n     data-aos-easing=\"ease-out-cubic\"\r\n     data-aos-duration=\"2000\">\r\n\t\t\t\t<a href=\"https:\/\/cest-pharma.com\/ro\/curse-plan-1-saptamana\/\" target=\"_self\" class=\"fw-btn fw-btn-1\">\r\n\t\t\t\t\t<div class=\"image-schedules\">\r\n\t\t\t\t\t\t\t\t\t\t\t\t<img width=\"866\" height=\"859\" src=\"https:\/\/cest-pharma.com\/wp-content\/uploads\/2023\/02\/racing1-1.png\" class=\"attachment- size-\" alt=\"\" decoding=\"async\" loading=\"lazy\" srcset=\"https:\/\/cest-pharma.com\/wp-content\/uploads\/2023\/02\/racing1-1.png 866w, https:\/\/cest-pharma.com\/wp-content\/uploads\/2023\/02\/racing1-1-300x298.png 300w, https:\/\/cest-pharma.com\/wp-content\/uploads\/2023\/02\/racing1-1-150x150.png 150w, https:\/\/cest-pharma.com\/wp-content\/uploads\/2023\/02\/racing1-1-768x762.png 768w, https:\/\/cest-pharma.com\/wp-content\/uploads\/2023\/02\/racing1-1-12x12.png 12w\" sizes=\"(max-width: 866px) 100vw, 866px\" \/>\t\t\t\t\t<\/div>\r\n\t\t\t\t\t<div class=\"title-schedules\">\r\n\t\t\t\t\t\tCurse - plan de 1 s\u0103pt\u0103m\u00e2n\u0103\t\t\t\t\t<\/div>\r\n\t\t\t\t<\/a>\r\n\t\t\t<\/div>\r\n\t\t\t\t\t<div class=\"col-xl-2 col-lg-2 col-md-6\" data-aos=\"flip-left\"\r\n     data-aos-easing=\"ease-out-cubic\"\r\n     data-aos-duration=\"2000\">\r\n\t\t\t\t<a href=\"https:\/\/cest-pharma.com\/ro\/curse-plan-2-saptamani\/\" target=\"_self\" class=\"fw-btn fw-btn-1\">\r\n\t\t\t\t\t<div class=\"image-schedules\">\r\n\t\t\t\t\t\t\t\t\t\t\t\t<img width=\"284\" height=\"284\" src=\"https:\/\/cest-pharma.com\/wp-content\/uploads\/2023\/01\/3.png\" class=\"attachment- size-\" alt=\"\" decoding=\"async\" loading=\"lazy\" srcset=\"https:\/\/cest-pharma.com\/wp-content\/uploads\/2023\/01\/3.png 284w, https:\/\/cest-pharma.com\/wp-content\/uploads\/2023\/01\/3-150x150.png 150w, https:\/\/cest-pharma.com\/wp-content\/uploads\/2023\/01\/3-12x12.png 12w\" sizes=\"(max-width: 284px) 100vw, 284px\" \/>\t\t\t\t\t<\/div>\r\n\t\t\t\t\t<div class=\"title-schedules\">\r\n\t\t\t\t\t\tCurse - plan de 2 s\u0103pt\u0103m\u00e2ni\t\t\t\t\t<\/div>\r\n\t\t\t\t<\/a>\r\n\t\t\t<\/div>\r\n\t\t\t\t\t<div class=\"col-xl-2 col-lg-2 col-md-6\" data-aos=\"flip-left\"\r\n     data-aos-easing=\"ease-out-cubic\"\r\n     data-aos-duration=\"2000\">\r\n\t\t\t\t<a href=\"https:\/\/cest-pharma.com\/ro\/curse-plan-3-saptamani\/\" target=\"_self\" class=\"fw-btn fw-btn-1\">\r\n\t\t\t\t\t<div class=\"image-schedules\">\r\n\t\t\t\t\t\t\t\t\t\t\t\t<img width=\"284\" height=\"284\" src=\"https:\/\/cest-pharma.com\/wp-content\/uploads\/2022\/11\/sreenivas-tsdR41oM8lg-unsplash.png\" class=\"attachment- size-\" alt=\"\" decoding=\"async\" loading=\"lazy\" srcset=\"https:\/\/cest-pharma.com\/wp-content\/uploads\/2022\/11\/sreenivas-tsdR41oM8lg-unsplash.png 284w, https:\/\/cest-pharma.com\/wp-content\/uploads\/2022\/11\/sreenivas-tsdR41oM8lg-unsplash-150x150.png 150w\" sizes=\"(max-width: 284px) 100vw, 284px\" \/>\t\t\t\t\t<\/div>\r\n\t\t\t\t\t<div class=\"title-schedules\">\r\n\t\t\t\t\t\tCurse - plan de 3 s\u0103pt\u0103m\u00e2ni\t\t\t\t\t<\/div>\r\n\t\t\t\t<\/a>\r\n\t\t\t<\/div>\r\n\t\t\t\t<\/div>\r\n\t<\/div>\r\n<\/section><\/div>\n<\/div>\n\n\t<\/div>\n<\/section>","protected":false},"excerpt":{"rendered":"<p>Breeding Program Moulting Program Racing &#8211; 1 week plan Racing &#8211; 2 week plan Racing &#8211; 3 week plan<\/p>","protected":false},"author":1,"featured_media":0,"parent":0,"menu_order":0,"comment_status":"closed","ping_status":"closed","template":"","meta":[],"yoast_head":"<!-- This site is optimized with the Yoast SEO plugin v19.11 - https:\/\/yoast.com\/wordpress\/plugins\/seo\/ -->\n<title>Breeding Program - Cest Pharma<\/title>\n<meta name=\"description\" content=\"Breding Program Racing Program Weekly Races Racing program Long Distance 700 \u2013 1200 KM Breeding Moulting program\" \/>\n<meta name=\"robots\" content=\"index, follow, max-snippet:-1, max-image-preview:large, max-video-preview:-1\" \/>\n<link rel=\"canonical\" href=\"https:\/\/cest-pharma.com\/ro\/program-de-reproductie\/\" \/>\n<meta property=\"og:locale\" content=\"ro_RO\" \/>\n<meta property=\"og:type\" content=\"article\" \/>\n<meta property=\"og:title\" content=\"Breeding Program - Cest Pharma\" \/>\n<meta property=\"og:description\" content=\"Breding Program Racing Program Weekly Races Racing program Long Distance 700 \u2013 1200 KM Breeding Moulting program\" \/>\n<meta property=\"og:url\" content=\"https:\/\/cest-pharma.com\/ro\/program-de-reproductie\/\" \/>\n<meta property=\"og:site_name\" content=\"Cest Pharma\" \/>\n<meta property=\"article:modified_time\" content=\"2024-02-15T08:11:04+00:00\" \/>\n<meta property=\"og:image\" content=\"https:\/\/cest-pharma.com\/wp-content\/uploads\/2024\/02\/Screenshot-2024-02-14-at-16.26.59.png\" \/>\n<meta name=\"twitter:card\" content=\"summary_large_image\" \/>\n<meta name=\"twitter:label1\" content=\"Timp estimat pentru citire\" \/>\n\t<meta name=\"twitter:data1\" content=\"2 minute\" \/>\n<script type=\"application\/ld+json\" class=\"yoast-schema-graph\">{\"@context\":\"https:\/\/schema.org\",\"@graph\":[{\"@type\":\"WebPage\",\"@id\":\"https:\/\/cest-pharma.com\/breding-program\/\",\"url\":\"https:\/\/cest-pharma.com\/breding-program\/\",\"name\":\"Breeding Program - Cest Pharma\",\"isPartOf\":{\"@id\":\"https:\/\/cest-pharma.com\/#website\"},\"datePublished\":\"2022-12-19T09:48:25+00:00\",\"dateModified\":\"2024-02-15T08:11:04+00:00\",\"description\":\"Breding Program Racing Program Weekly Races Racing program Long Distance 700 \u2013 1200 KM Breeding Moulting program\",\"breadcrumb\":{\"@id\":\"https:\/\/cest-pharma.com\/breding-program\/#breadcrumb\"},\"inLanguage\":\"ro-RO\",\"potentialAction\":[{\"@type\":\"ReadAction\",\"target\":[\"https:\/\/cest-pharma.com\/breding-program\/\"]}]},{\"@type\":\"BreadcrumbList\",\"@id\":\"https:\/\/cest-pharma.com\/breding-program\/#breadcrumb\",\"itemListElement\":[{\"@type\":\"ListItem\",\"position\":1,\"name\":\"Home\",\"item\":\"https:\/\/cest-pharma.com\/\"},{\"@type\":\"ListItem\",\"position\":2,\"name\":\"Breeding Program\"}]},{\"@type\":\"WebSite\",\"@id\":\"https:\/\/cest-pharma.com\/#website\",\"url\":\"https:\/\/cest-pharma.com\/\",\"name\":\"Cest Pharma\",\"description\":\"\",\"publisher\":{\"@id\":\"https:\/\/cest-pharma.com\/#organization\"},\"potentialAction\":[{\"@type\":\"SearchAction\",\"target\":{\"@type\":\"EntryPoint\",\"urlTemplate\":\"https:\/\/cest-pharma.com\/?s={search_term_string}\"},\"query-input\":\"required name=search_term_string\"}],\"inLanguage\":\"ro-RO\"},{\"@type\":\"Organization\",\"@id\":\"https:\/\/cest-pharma.com\/#organization\",\"name\":\"Cest Pharma\",\"url\":\"https:\/\/cest-pharma.com\/\",\"logo\":{\"@type\":\"ImageObject\",\"inLanguage\":\"ro-RO\",\"@id\":\"https:\/\/cest-pharma.com\/#\/schema\/logo\/image\/\",\"url\":\"https:\/\/cest-pharma.com\/wp-content\/uploads\/2023\/01\/cropped-Cest-Pharma-logo-font-corectat.png\",\"contentUrl\":\"https:\/\/cest-pharma.com\/wp-content\/uploads\/2023\/01\/cropped-Cest-Pharma-logo-font-corectat.png\",\"width\":1003,\"height\":777,\"caption\":\"Cest Pharma\"},\"image\":{\"@id\":\"https:\/\/cest-pharma.com\/#\/schema\/logo\/image\/\"}}]}<\/script>\n<!-- \/ Yoast SEO plugin. -->","yoast_head_json":{"title":"Breeding Program - Cest Pharma","description":"Breding Program Racing Program Weekly Races Racing program Long Distance 700 \u2013 1200 KM Breeding Moulting program","robots":{"index":"index","follow":"follow","max-snippet":"max-snippet:-1","max-image-preview":"max-image-preview:large","max-video-preview":"max-video-preview:-1"},"canonical":"https:\/\/cest-pharma.com\/ro\/program-de-reproductie\/","og_locale":"ro_RO","og_type":"article","og_title":"Breeding Program - Cest Pharma","og_description":"Breding Program Racing Program Weekly Races Racing program Long Distance 700 \u2013 1200 KM Breeding Moulting program","og_url":"https:\/\/cest-pharma.com\/ro\/program-de-reproductie\/","og_site_name":"Cest Pharma","article_modified_time":"2024-02-15T08:11:04+00:00","og_image":[{"url":"https:\/\/cest-pharma.com\/wp-content\/uploads\/2024\/02\/Screenshot-2024-02-14-at-16.26.59.png"}],"twitter_card":"summary_large_image","twitter_misc":{"Timp estimat pentru citire":"2 minute"},"schema":{"@context":"https:\/\/schema.org","@graph":[{"@type":"WebPage","@id":"https:\/\/cest-pharma.com\/breding-program\/","url":"https:\/\/cest-pharma.com\/breding-program\/","name":"Breeding Program - Cest Pharma","isPartOf":{"@id":"https:\/\/cest-pharma.com\/#website"},"datePublished":"2022-12-19T09:48:25+00:00","dateModified":"2024-02-15T08:11:04+00:00","description":"Breding Program Racing Program Weekly Races Racing program Long Distance 700 \u2013 1200 KM Breeding Moulting program","breadcrumb":{"@id":"https:\/\/cest-pharma.com\/breding-program\/#breadcrumb"},"inLanguage":"ro-RO","potentialAction":[{"@type":"ReadAction","target":["https:\/\/cest-pharma.com\/breding-program\/"]}]},{"@type":"BreadcrumbList","@id":"https:\/\/cest-pharma.com\/breding-program\/#breadcrumb","itemListElement":[{"@type":"ListItem","position":1,"name":"Home","item":"https:\/\/cest-pharma.com\/"},{"@type":"ListItem","position":2,"name":"Breeding Program"}]},{"@type":"WebSite","@id":"https:\/\/cest-pharma.com\/#website","url":"https:\/\/cest-pharma.com\/","name":"Cest Pharma","description":"","publisher":{"@id":"https:\/\/cest-pharma.com\/#organization"},"potentialAction":[{"@type":"SearchAction","target":{"@type":"EntryPoint","urlTemplate":"https:\/\/cest-pharma.com\/?s={search_term_string}"},"query-input":"required name=search_term_string"}],"inLanguage":"ro-RO"},{"@type":"Organization","@id":"https:\/\/cest-pharma.com\/#organization","name":"Cest Pharma","url":"https:\/\/cest-pharma.com\/","logo":{"@type":"ImageObject","inLanguage":"ro-RO","@id":"https:\/\/cest-pharma.com\/#\/schema\/logo\/image\/","url":"https:\/\/cest-pharma.com\/wp-content\/uploads\/2023\/01\/cropped-Cest-Pharma-logo-font-corectat.png","contentUrl":"https:\/\/cest-pharma.com\/wp-content\/uploads\/2023\/01\/cropped-Cest-Pharma-logo-font-corectat.png","width":1003,"height":777,"caption":"Cest Pharma"},"image":{"@id":"https:\/\/cest-pharma.com\/#\/schema\/logo\/image\/"}}]}},"_links":{"self":[{"href":"https:\/\/cest-pharma.com\/ro\/wp-json\/wp\/v2\/pages\/697"}],"collection":[{"href":"https:\/\/cest-pharma.com\/ro\/wp-json\/wp\/v2\/pages"}],"about":[{"href":"https:\/\/cest-pharma.com\/ro\/wp-json\/wp\/v2\/types\/page"}],"author":[{"embeddable":true,"href":"https:\/\/cest-pharma.com\/ro\/wp-json\/wp\/v2\/users\/1"}],"replies":[{"embeddable":true,"href":"https:\/\/cest-pharma.com\/ro\/wp-json\/wp\/v2\/comments?post=697"}],"version-history":[{"count":21,"href":"https:\/\/cest-pharma.com\/ro\/wp-json\/wp\/v2\/pages\/697\/revisions"}],"predecessor-version":[{"id":1360,"href":"https:\/\/cest-pharma.com\/ro\/wp-json\/wp\/v2\/pages\/697\/revisions\/1360"}],"wp:attachment":[{"href":"https:\/\/cest-pharma.com\/ro\/wp-json\/wp\/v2\/media?parent=697"}],"curies":[{"name":"wp","href":"https:\/\/api.w.org\/{rel}","templated":true}]}}